{"id":17343,"date":"2025-06-18T03:08:58","date_gmt":"2025-06-18T03:08:58","guid":{"rendered":"https:\/\/yousanusb.com\/?post_type=product&#038;p=17343"},"modified":"2025-10-06T00:23:43","modified_gmt":"2025-10-06T00:23:43","slug":"kingston-metal-usb-drive","status":"publish","type":"product","link":"https:\/\/www.yousanusb.com\/fr\/produit\/kingston-metal-usb-drive\/","title":{"rendered":"Cl\u00e9 USB Kingston en m\u00e9tal"},"content":{"rendered":"<h2 class=\"wp-block-heading\">Qu'est-ce que la cl\u00e9 USB Kingston Metal ? <\/h2>\n\n\n\n<div class=\"wp-block-columns is-layout-flex wp-container-core-columns-is-layout-1 wp-block-columns-is-layout-flex\">\n<div class=\"wp-block-column is-layout-flow wp-block-column-is-layout-flow\">\n<figure class=\"wp-block-image size-full is-resized\"><img fetchpriority=\"high\" decoding=\"async\" width=\"800\" height=\"800\" src=\"https:\/\/yousanusb.com\/wp-content\/uploads\/2025\/06\/Kingston-Metal-USB-Flash-Drive-from-Factory.png\" alt=\"Cl\u00e9 USB Kingston Metal d&#039;usine\" class=\"wp-image-17348\" style=\"width:450px\" srcset=\"https:\/\/www.yousanusb.com\/wp-content\/uploads\/2025\/06\/Kingston-Metal-USB-Flash-Drive-from-Factory.png 800w, https:\/\/www.yousanusb.com\/wp-content\/uploads\/2025\/06\/Kingston-Metal-USB-Flash-Drive-from-Factory-300x300.png 300w, https:\/\/www.yousanusb.com\/wp-content\/uploads\/2025\/06\/Kingston-Metal-USB-Flash-Drive-from-Factory-150x150.png 150w, https:\/\/www.yousanusb.com\/wp-content\/uploads\/2025\/06\/Kingston-Metal-USB-Flash-Drive-from-Factory-768x768.png 768w, https:\/\/www.yousanusb.com\/wp-content\/uploads\/2025\/06\/Kingston-Metal-USB-Flash-Drive-from-Factory-12x12.png 12w, https:\/\/www.yousanusb.com\/wp-content\/uploads\/2025\/06\/Kingston-Metal-USB-Flash-Drive-from-Factory-600x600.png 600w, https:\/\/www.yousanusb.com\/wp-content\/uploads\/2025\/06\/Kingston-Metal-USB-Flash-Drive-from-Factory-100x100.png 100w\" sizes=\"(max-width: 800px) 100vw, 800px\" \/><\/figure>\n<\/div>\n\n\n\n<div class=\"wp-block-column is-vertically-aligned-center is-layout-flow wp-block-column-is-layout-flow\">\n<p>Le corps principal de la cl\u00e9 USB Kingston Metal est constitu\u00e9 d'une bande de m\u00e9tal argent\u00e9, trait\u00e9e avec une finition bross\u00e9e pour pr\u00e9senter une texture m\u00e9tallique d\u00e9licate.&nbsp;<\/p>\n\n\n\n<p>La partie sup\u00e9rieure int\u00e8gre de mani\u00e8re innovante une boucle de suspension ouverte en plastique noir en forme de U, permettant d'enfiler facilement des porte-cl\u00e9s ou des lani\u00e8res sans outils.<\/p>\n\n\n\n<p>Cela r\u00e9sout le probl\u00e8me des cl\u00e9s USB traditionnelles qui se perdent facilement, tandis que le contraste de couleurs \"argent m\u00e9tallique + noir obsidienne\" incarne la philosophie de conception du \"pragmatisme commercial\".<\/p>\n<\/div>\n<\/div>\n\n\n\n<div style=\"height:50px\" aria-hidden=\"true\" class=\"wp-block-spacer\"><\/div>\n\n\n\n<h2 class=\"wp-block-heading\">Configuration de l'interface et param\u00e8tres de la cl\u00e9 USB Kingston Metal<\/h2>\n\n\n\n<figure class=\"wp-block-table\"><table class=\"has-fixed-layout\"><tbody><tr><td>Cat\u00e9gorie<\/td><td>USB 2.0<\/td><td>USB 3.0<\/td><\/tr><tr><td>Type d'interface<\/td><td>USB 2.0 (transmission standard)<\/td><td>USB 3.0 (am\u00e9lioration de la vitesse de plus de 5 fois)<\/td><\/tr><tr><td>Capacit\u00e9<\/td><td>8GB\/16GB\/32GB<\/td><td>32GB\/64GB\/128GB<\/td><\/tr><tr><td>Vitesse de lecture\/\u00e9criture<\/td><td>Lecture \u224815-25MB\/s\u00c9criture \u22488-15MB\/s<\/td><td>Lecture \u224880-150MB\/s\u00c9criture \u224820-40MB\/s<\/td><\/tr><tr><td>Caract\u00e9ristiques physiques<\/td><td>39\u00d712,6\u00d74,9mm<\/td><td>39\u00d712,6\u00d74,9mm<\/td><\/tr><tr><td>Poids<\/td><td>15g<\/td><td>15g<\/td><\/tr><tr><td>Mat\u00e9riau de la coque<\/td><td>Structure en alliage d'aluminium + composite de plastique technique ABS<\/td><td>Structure en alliage d'aluminium + composite de plastique technique ABS<\/td><\/tr><tr><td>Syst\u00e8mes compatibles<\/td><td>Windows\/macOS\/Linux\/Android<\/td><td>Windows\/macOS\/Linux\/Android<\/td><\/tr><tr><td>Sc\u00e9narios types<\/td><td>Stockage des documents quotidiens et des pi\u00e8ces jointes aux courriers \u00e9lectroniques<\/td><td>Transmission vid\u00e9o HD\/sauvegarde des fichiers de conception<\/td><\/tr><\/tbody><\/table><\/figure>\n\n\n\n<div style=\"height:50px\" aria-hidden=\"true\" class=\"wp-block-spacer\"><\/div>\n\n\n\n<h2 class=\"wp-block-heading\">Couleurs de la cl\u00e9 USB Kingston Metal <\/h2>\n\n\n\n<div class=\"wp-block-columns is-layout-flex wp-container-core-columns-is-layout-2 wp-block-columns-is-layout-flex\">\n<div class=\"wp-block-column is-vertically-aligned-center is-layout-flow wp-block-column-is-layout-flow\">\n<p>Adoptant le m\u00eame processus d'anodisation que les coques d'ordinateurs portables, la surface forme des textures micro-convexes de 0,01 mm, \u00e9vitant les r\u00e9sidus d'empreintes digitales sur la surface du miroir tout en pr\u00e9sentant un \u00e9clat fluide \"semblable \u00e0 du m\u00e9tal liquide\" sous la r\u00e9fraction de la lumi\u00e8re.&nbsp;<\/p>\n\n\n\n<p>Le ton argent\u00e9 froid est intrins\u00e8quement li\u00e9 aux affaires, s'adaptant \u00e0 des sc\u00e9narios s\u00e9rieux tels que les conf\u00e9rences financi\u00e8res et les documents de cabinets d'avocats.<\/p>\n\n\n\n<p>Associ\u00e9e \u00e0 des mallettes ou des ordinateurs portables, la texture m\u00e9tallique fait visuellement \u00e9cho aux appareils ; la couche d'oxyde m\u00e9tallique a une \u00e9paisseur de 5\u03bcm, passant 1 000 tests de frottement sans se d\u00e9colorer, conservant une qualit\u00e9 \" pr\u00eate \u00e0 l'emploi \" apr\u00e8s une utilisation de longue dur\u00e9e.<\/p>\n<\/div>\n\n\n\n<div class=\"wp-block-column is-layout-flow wp-block-column-is-layout-flow\"><div class=\"wp-block-image\">\n<figure class=\"aligncenter size-full is-resized\"><img decoding=\"async\" width=\"800\" height=\"800\" src=\"https:\/\/yousanusb.com\/wp-content\/uploads\/2025\/06\/Kingston-Silver-Metal-USB-Flash-Drive.png\" alt=\"Cl\u00e9 USB Kingston Silver Metal\" class=\"wp-image-17354\" style=\"width:450px\" srcset=\"https:\/\/www.yousanusb.com\/wp-content\/uploads\/2025\/06\/Kingston-Silver-Metal-USB-Flash-Drive.png 800w, https:\/\/www.yousanusb.com\/wp-content\/uploads\/2025\/06\/Kingston-Silver-Metal-USB-Flash-Drive-300x300.png 300w, https:\/\/www.yousanusb.com\/wp-content\/uploads\/2025\/06\/Kingston-Silver-Metal-USB-Flash-Drive-150x150.png 150w, https:\/\/www.yousanusb.com\/wp-content\/uploads\/2025\/06\/Kingston-Silver-Metal-USB-Flash-Drive-768x768.png 768w, https:\/\/www.yousanusb.com\/wp-content\/uploads\/2025\/06\/Kingston-Silver-Metal-USB-Flash-Drive-12x12.png 12w, https:\/\/www.yousanusb.com\/wp-content\/uploads\/2025\/06\/Kingston-Silver-Metal-USB-Flash-Drive-600x600.png 600w, https:\/\/www.yousanusb.com\/wp-content\/uploads\/2025\/06\/Kingston-Silver-Metal-USB-Flash-Drive-100x100.png 100w\" sizes=\"(max-width: 800px) 100vw, 800px\" \/><\/figure><\/div><\/div>\n<\/div>\n\n\n\n<div style=\"height:50px\" aria-hidden=\"true\" class=\"wp-block-spacer\"><\/div>\n\n\n\n<h2 class=\"wp-block-heading\">La coque m\u00e9tallique de la cl\u00e9 USB Kingston peut-elle \u00eatre personnalis\u00e9e avec un logo ? <\/h2>\n\n\n\n<div class=\"wp-block-columns is-layout-flex wp-container-core-columns-is-layout-3 wp-block-columns-is-layout-flex\">\n<div class=\"wp-block-column is-layout-flow wp-block-column-is-layout-flow\"><div class=\"wp-block-image\">\n<figure class=\"aligncenter size-full is-resized\"><img decoding=\"async\" width=\"800\" height=\"800\" src=\"https:\/\/yousanusb.com\/wp-content\/uploads\/2025\/06\/Kingston-Metal-USB-Memory-Stick-with-Custom-Logo.png\" alt=\"Cl\u00e9 USB Kingston en m\u00e9tal avec logo personnalis\u00e9\" class=\"wp-image-17350\" style=\"width:450px\" srcset=\"https:\/\/www.yousanusb.com\/wp-content\/uploads\/2025\/06\/Kingston-Metal-USB-Memory-Stick-with-Custom-Logo.png 800w, https:\/\/www.yousanusb.com\/wp-content\/uploads\/2025\/06\/Kingston-Metal-USB-Memory-Stick-with-Custom-Logo-300x300.png 300w, https:\/\/www.yousanusb.com\/wp-content\/uploads\/2025\/06\/Kingston-Metal-USB-Memory-Stick-with-Custom-Logo-150x150.png 150w, https:\/\/www.yousanusb.com\/wp-content\/uploads\/2025\/06\/Kingston-Metal-USB-Memory-Stick-with-Custom-Logo-768x768.png 768w, https:\/\/www.yousanusb.com\/wp-content\/uploads\/2025\/06\/Kingston-Metal-USB-Memory-Stick-with-Custom-Logo-12x12.png 12w, https:\/\/www.yousanusb.com\/wp-content\/uploads\/2025\/06\/Kingston-Metal-USB-Memory-Stick-with-Custom-Logo-600x600.png 600w, https:\/\/www.yousanusb.com\/wp-content\/uploads\/2025\/06\/Kingston-Metal-USB-Memory-Stick-with-Custom-Logo-100x100.png 100w\" sizes=\"(max-width: 800px) 100vw, 800px\" \/><\/figure><\/div><\/div>\n\n\n\n<div class=\"wp-block-column is-vertically-aligned-center is-layout-flow wp-block-column-is-layout-flow\">\n<p>La gravure au laser \u00e0 fibre de 30 W permet de former des rainures nanom\u00e9triques de 0,1 mm de profondeur sur la surface du m\u00e9tal, les bords du logo \u00e9tant exempts de bavures, ce qui cr\u00e9e un contraste naturel avec la couleur d'origine du m\u00e9tal ;<\/p>\n\n\n\n<p>Les entreprises peuvent graver des logos de marque, des motifs de th\u00e8mes d'\u00e9v\u00e9nements, tandis que les particuliers peuvent graver des abr\u00e9viations de noms ou des dates comm\u00e9moratives, conserv\u00e9es en permanence sans s'estomper ;<\/p>\n<\/div>\n<\/div>\n\n\n\n<p><\/p>\n\n\n\n<h2 class=\"wp-block-heading\">L'emballage de la cl\u00e9 USB Kingston Metal peut-il \u00eatre personnalis\u00e9 avec un logo ? <\/h2>\n\n\n\n<div class=\"wp-block-columns is-layout-flex wp-container-core-columns-is-layout-4 wp-block-columns-is-layout-flex\">\n<div class=\"wp-block-column is-vertically-aligned-center is-layout-flow wp-block-column-is-layout-flow\">\n<p>Emballage standard : Sac PP transparent, adapt\u00e9 aux sc\u00e9narios de vente au d\u00e9tail du commerce \u00e9lectronique ;<\/p>\n\n\n\n<p>Emballage am\u00e9lior\u00e9 1 : bo\u00eete en plastique rigide avec \u00e9ponge antichoc int\u00e9gr\u00e9e, permettant la personnalisation par estampage en or des logos de l'entreprise sur la surface de la bo\u00eete.<\/p>\n\n\n\n<p>Emballage am\u00e9lior\u00e9 2 : bo\u00eete-cadeau en fer-blanc, avec impression en quadrichromie des slogans de la marque, adapt\u00e9e aux sc\u00e9narios haut de gamme tels que les anniversaires et les remerciements aux partenaires.<\/p>\n<\/div>\n\n\n\n<div class=\"wp-block-column is-layout-flow wp-block-column-is-layout-flow\"><div class=\"wp-block-image\">\n<figure class=\"aligncenter size-full is-resized\"><img loading=\"lazy\" decoding=\"async\" width=\"800\" height=\"800\" src=\"https:\/\/yousanusb.com\/wp-content\/uploads\/2025\/06\/Kingston-Metallic-USB-Drive-package-box.png\" alt=\"Bo\u00eete d&#039;emballage de la cl\u00e9 USB Kingston Metallic\" class=\"wp-image-17352\" style=\"width:450px\" srcset=\"https:\/\/www.yousanusb.com\/wp-content\/uploads\/2025\/06\/Kingston-Metallic-USB-Drive-package-box.png 800w, https:\/\/www.yousanusb.com\/wp-content\/uploads\/2025\/06\/Kingston-Metallic-USB-Drive-package-box-300x300.png 300w, https:\/\/www.yousanusb.com\/wp-content\/uploads\/2025\/06\/Kingston-Metallic-USB-Drive-package-box-150x150.png 150w, https:\/\/www.yousanusb.com\/wp-content\/uploads\/2025\/06\/Kingston-Metallic-USB-Drive-package-box-768x768.png 768w, https:\/\/www.yousanusb.com\/wp-content\/uploads\/2025\/06\/Kingston-Metallic-USB-Drive-package-box-12x12.png 12w, https:\/\/www.yousanusb.com\/wp-content\/uploads\/2025\/06\/Kingston-Metallic-USB-Drive-package-box-600x600.png 600w, https:\/\/www.yousanusb.com\/wp-content\/uploads\/2025\/06\/Kingston-Metallic-USB-Drive-package-box-100x100.png 100w\" sizes=\"(max-width: 800px) 100vw, 800px\" \/><\/figure><\/div><\/div>\n<\/div>\n\n\n\n<p><\/p>\n\n\n\n<div style=\"height:50px\" aria-hidden=\"true\" class=\"wp-block-spacer\"><\/div>\n\n\n\n<h3 class=\"wp-block-heading\">Q1 : La coque m\u00e9tallique est-elle vraiment \u00e9tanche et r\u00e9sistante aux chocs ? <\/h3>\n\n\n\n<p>A1 : Oui ! La coque utilise un alliage d'aluminium 6061 + une structure composite ABS, r\u00e9pondant \u00e0 la norme d'\u00e9tanch\u00e9it\u00e9 IPX4 (r\u00e9sistant aux \u00e9claboussures\/\u00e0 l'immersion de courte dur\u00e9e), le circuit imprim\u00e9 interne \u00e9tant recouvert d'un rev\u00eatement nano \u00e9tanche.<\/p>\n\n\n\n<p>Il passe \u00e9galement le test de chute de 1,5 m et r\u00e9siste \u00e0 des temp\u00e9ratures allant de -25\u2103 \u00e0 85\u2103, il est anti-magn\u00e9tique et anti-rayons X, ce qui garantit des donn\u00e9es plus s\u00fbres lors des voyages d'affaires.<\/p>\n\n\n\n<h3 class=\"wp-block-heading\">Q2 : La boucle de suspension sup\u00e9rieure peut-elle accueillir un porte-cl\u00e9s ? Se cassera-t-elle ? <\/h3>\n\n\n\n<p>A2 : Sp\u00e9cialement con\u00e7u pour les porte-cl\u00e9s ! La boucle en forme de U est en plastique ABS renforc\u00e9. Elle a subi 5 000 tests de charge sans d\u00e9formation et peut facilement contenir 3 \u00e0 5 cl\u00e9s dans le cadre d'une utilisation quotidienne.<\/p>\n\n\n\n<p>La conception de la rainure en forme de U augmente la friction, emp\u00eachant les cordons de glisser, ce qui s'est av\u00e9r\u00e9 3 fois plus durable que les trous d'accrochage de cl\u00e9s USB ordinaires lors des tests.<\/p>\n\n\n\n<div class=\"wp-block-columns is-layout-flex wp-container-core-columns-is-layout-5 wp-block-columns-is-layout-flex\">\n<div class=\"wp-block-column is-layout-flow wp-block-column-is-layout-flow\"><div class=\"wp-block-image\">\n<figure class=\"aligncenter size-full is-resized\"><img loading=\"lazy\" decoding=\"async\" width=\"800\" height=\"800\" src=\"https:\/\/yousanusb.com\/wp-content\/uploads\/2025\/06\/Kingston-Metallic-USB-Drive-in-Bulk.png\" alt=\"Cl\u00e9 USB Kingston Metallic en vrac\" class=\"wp-image-17351\" style=\"width:450px\" srcset=\"https:\/\/www.yousanusb.com\/wp-content\/uploads\/2025\/06\/Kingston-Metallic-USB-Drive-in-Bulk.png 800w, https:\/\/www.yousanusb.com\/wp-content\/uploads\/2025\/06\/Kingston-Metallic-USB-Drive-in-Bulk-300x300.png 300w, https:\/\/www.yousanusb.com\/wp-content\/uploads\/2025\/06\/Kingston-Metallic-USB-Drive-in-Bulk-150x150.png 150w, https:\/\/www.yousanusb.com\/wp-content\/uploads\/2025\/06\/Kingston-Metallic-USB-Drive-in-Bulk-768x768.png 768w, https:\/\/www.yousanusb.com\/wp-content\/uploads\/2025\/06\/Kingston-Metallic-USB-Drive-in-Bulk-12x12.png 12w, https:\/\/www.yousanusb.com\/wp-content\/uploads\/2025\/06\/Kingston-Metallic-USB-Drive-in-Bulk-600x600.png 600w, https:\/\/www.yousanusb.com\/wp-content\/uploads\/2025\/06\/Kingston-Metallic-USB-Drive-in-Bulk-100x100.png 100w\" sizes=\"(max-width: 800px) 100vw, 800px\" \/><\/figure><\/div><\/div>\n\n\n\n<div class=\"wp-block-column is-layout-flow wp-block-column-is-layout-flow\"><div class=\"wp-block-image\">\n<figure class=\"aligncenter size-full is-resized\"><img loading=\"lazy\" decoding=\"async\" width=\"800\" height=\"800\" src=\"https:\/\/yousanusb.com\/wp-content\/uploads\/2025\/06\/Kingston-All-Metal-USB-Stick.png\" alt=\"Cl\u00e9 USB Kingston All-Metal\" class=\"wp-image-17346\" style=\"width:450px\" srcset=\"https:\/\/www.yousanusb.com\/wp-content\/uploads\/2025\/06\/Kingston-All-Metal-USB-Stick.png 800w, https:\/\/www.yousanusb.com\/wp-content\/uploads\/2025\/06\/Kingston-All-Metal-USB-Stick-300x300.png 300w, https:\/\/www.yousanusb.com\/wp-content\/uploads\/2025\/06\/Kingston-All-Metal-USB-Stick-150x150.png 150w, https:\/\/www.yousanusb.com\/wp-content\/uploads\/2025\/06\/Kingston-All-Metal-USB-Stick-768x768.png 768w, https:\/\/www.yousanusb.com\/wp-content\/uploads\/2025\/06\/Kingston-All-Metal-USB-Stick-12x12.png 12w, https:\/\/www.yousanusb.com\/wp-content\/uploads\/2025\/06\/Kingston-All-Metal-USB-Stick-600x600.png 600w, https:\/\/www.yousanusb.com\/wp-content\/uploads\/2025\/06\/Kingston-All-Metal-USB-Stick-100x100.png 100w\" sizes=\"(max-width: 800px) 100vw, 800px\" \/><\/figure><\/div><\/div>\n<\/div>\n\n\n\n<p><\/p>","protected":false},"excerpt":{"rendered":"<ul>\n<li>Design ouvert en forme de U<\/li>\n<li>Mat\u00e9riau m\u00e9tallique<\/li>\n<li>Imperm\u00e9able et durable<\/li>\n<li>Vitesse plus rapide et haute qualit\u00e9<\/li>\n<li>Fiabilit\u00e9 et s\u00e9curit\u00e9<\/li>\n<li>Id\u00e9al pour tous les usages<\/li>\n<\/ul>","protected":false},"featured_media":17349,"comment_status":"open","ping_status":"closed","template":"","meta":{"_seopress_robots_primary_cat":"","_seopress_titles_title":"Kingston Metal USB Drive","_seopress_titles_desc":"Kingston Metal USB Drive","_seopress_robots_index":""},"class_list":["post-17343","product","type-product","status-publish","has-post-thumbnail","hentry","product_cat-usb30-flash-drive","product_cat-metal-usb-flash-drive","product_tag-aluminum-flash-drive","product_tag-kingston-metal-usb-drive","product_tag-custom-metal-keychain-usb-flash-drive"],"_links":{"self":[{"href":"https:\/\/www.yousanusb.com\/fr\/wp-json\/wp\/v2\/product\/17343"}],"collection":[{"href":"https:\/\/www.yousanusb.com\/fr\/wp-json\/wp\/v2\/product"}],"about":[{"href":"https:\/\/www.yousanusb.com\/fr\/wp-json\/wp\/v2\/types\/product"}],"replies":[{"embeddable":true,"href":"https:\/\/www.yousanusb.com\/fr\/wp-json\/wp\/v2\/comments?post=17343"}],"wp:featuredmedia":[{"embeddable":true,"href":"https:\/\/www.yousanusb.com\/fr\/wp-json\/wp\/v2\/media\/17349"}],"wp:attachment":[{"href":"https:\/\/www.yousanusb.com\/fr\/wp-json\/wp\/v2\/media?parent=17343"}],"curies":[{"name":"wp","href":"https:\/\/api.w.org\/{rel}","templated":true}]}}