{"id":17367,"date":"2025-07-15T08:48:52","date_gmt":"2025-07-15T08:48:52","guid":{"rendered":"https:\/\/yousanusb.com\/?post_type=product&#038;p=17367"},"modified":"2025-10-06T00:23:32","modified_gmt":"2025-10-06T00:23:32","slug":"small-order-payment-usb-flash-drive-2","status":"publish","type":"product","link":"https:\/\/www.yousanusb.com\/fr\/produit\/small-order-payment-usb-flash-drive-2\/","title":{"rendered":"Paiement par petite commande Cl\u00e9 USB"},"content":{"rendered":"<p>Paiement par petite commande Cl\u00e9 USB<\/p>\n\n\n\n<p><\/p>","protected":false},"excerpt":{"rendered":"<p>Ce lien permet de commander et de payer en ligne. Le prix unitaire est fix\u00e9 \u00e0 $1 par pi\u00e8ce. Veuillez passer une commande pour une quantit\u00e9 \u00e9gale au montant \u00e0 payer.<\/p>\n<ul>\n<li>Ce lien est destin\u00e9 au paiement<\/li>\n<li>Principalement pour les paiements par carte de cr\u00e9dit<\/li>\n<li>Visa\uff0cPaypal n'est pas recommand\u00e9<\/li>\n<li>Le paiement doit \u00eatre confirm\u00e9 avec nous avant<\/li>\n<li>Total sous $500\u00a0<\/li>\n<\/ul>","protected":false},"featured_media":17371,"comment_status":"open","ping_status":"closed","template":"","meta":{"_seopress_robots_primary_cat":"none","_seopress_titles_title":"","_seopress_titles_desc":"","_seopress_robots_index":""},"class_list":["post-17367","product","type-product","status-publish","has-post-thumbnail","hentry","product_cat-usb30-flash-drive","product_tag-custom-metal-keychain-usb-flash-drive","product_tag-small-order-usb-drive"],"_links":{"self":[{"href":"https:\/\/www.yousanusb.com\/fr\/wp-json\/wp\/v2\/product\/17367"}],"collection":[{"href":"https:\/\/www.yousanusb.com\/fr\/wp-json\/wp\/v2\/product"}],"about":[{"href":"https:\/\/www.yousanusb.com\/fr\/wp-json\/wp\/v2\/types\/product"}],"replies":[{"embeddable":true,"href":"https:\/\/www.yousanusb.com\/fr\/wp-json\/wp\/v2\/comments?post=17367"}],"wp:featuredmedia":[{"embeddable":true,"href":"https:\/\/www.yousanusb.com\/fr\/wp-json\/wp\/v2\/media\/17371"}],"wp:attachment":[{"href":"https:\/\/www.yousanusb.com\/fr\/wp-json\/wp\/v2\/media?parent=17367"}],"curies":[{"name":"wp","href":"https:\/\/api.w.org\/{rel}","templated":true}]}}