{"id":18189,"date":"2025-09-24T07:41:57","date_gmt":"2025-09-24T07:41:57","guid":{"rendered":"https:\/\/yousanusb.com\/?post_type=product&#038;p=18189"},"modified":"2025-09-27T14:39:59","modified_gmt":"2025-09-27T14:39:59","slug":"environmental-protection-paper-card-usb-flash-drive","status":"publish","type":"product","link":"https:\/\/www.yousanusb.com\/fr\/produit\/environmental-protection-paper-card-usb-flash-drive\/","title":{"rendered":"Protection de l'environnement Carte en papier Cl\u00e9 USB"},"content":{"rendered":"<div class=\"wp-block-columns is-layout-flex wp-container-core-columns-is-layout-1 wp-block-columns-is-layout-flex\">\n<div class=\"wp-block-column is-layout-flow wp-block-column-is-layout-flow\">\n<figure class=\"wp-block-image size-full\"><img fetchpriority=\"high\" decoding=\"async\" width=\"800\" height=\"800\" src=\"https:\/\/yousanusb.com\/wp-content\/uploads\/2025\/09\/paper-thin-usb-memory-card.png\" alt=\"\" class=\"wp-image-18194\" srcset=\"https:\/\/www.yousanusb.com\/wp-content\/uploads\/2025\/09\/paper-thin-usb-memory-card.png 800w, https:\/\/www.yousanusb.com\/wp-content\/uploads\/2025\/09\/paper-thin-usb-memory-card-300x300.png 300w, https:\/\/www.yousanusb.com\/wp-content\/uploads\/2025\/09\/paper-thin-usb-memory-card-150x150.png 150w, https:\/\/www.yousanusb.com\/wp-content\/uploads\/2025\/09\/paper-thin-usb-memory-card-768x768.png 768w, https:\/\/www.yousanusb.com\/wp-content\/uploads\/2025\/09\/paper-thin-usb-memory-card-12x12.png 12w, https:\/\/www.yousanusb.com\/wp-content\/uploads\/2025\/09\/paper-thin-usb-memory-card-600x600.png 600w, https:\/\/www.yousanusb.com\/wp-content\/uploads\/2025\/09\/paper-thin-usb-memory-card-100x100.png 100w\" sizes=\"(max-width: 800px) 100vw, 800px\" \/><\/figure>\n<\/div>\n\n\n\n<div class=\"wp-block-column is-vertically-aligned-center is-layout-flow wp-block-column-is-layout-flow\">\n<p>Le pr\u00e9sent <strong>Cl\u00e9 USB en papier personnalis\u00e9e<\/strong> a un design de carte de cr\u00e9dit. Il est petit et l\u00e9ger. Il peut se glisser dans votre portefeuille ou dans un \u00e9tui \u00e0 cartes de visite. Vous pouvez facilement le mettre dans votre poche. Elle ne prend pas beaucoup de place. La cl\u00e9 USB peut se connecter rapidement \u00e0 vos appareils. La coque de la cl\u00e9 USB est fabriqu\u00e9e en papier \u00e9cologique. Sa texture est diff\u00e9rente de celle des cl\u00e9s USB traditionnelles en plastique.<\/p>\n<\/div>\n<\/div>\n\n\n\n<h2 class=\"wp-block-heading\">Caract\u00e9ristiques principales<\/h2>\n\n\n\n<figure class=\"wp-block-table\"><table class=\"has-fixed-layout\"><thead><tr><th>Cat\u00e9gorie de param\u00e8tres<\/th><th>Param\u00e8tres sp\u00e9cifiques<\/th><\/tr><\/thead><tbody><tr><td>Nom de marque <\/td><td>OEM\/ODM<\/td><\/tr><tr><td>Logo<\/td><td>Impression couleur, impression sur soie, gravure au laser<\/td><\/tr><tr><td>Mat\u00e9riau<\/td><td>Papier (corps principal) + M\u00e9tal (port)<\/td><\/tr><tr><td>Certificat<\/td><td>CE FCC ROHS<\/td><\/tr><\/tbody><\/table><\/figure>\n\n\n\n<h2 class=\"wp-block-heading\">Impression de logos personnalis\u00e9s<\/h2>\n\n\n\n<p>Nous offrons des services de personnalisation compl\u00e8te pour vos cartes USB. <br><strong>Logo<\/strong>Les produits de la gamme sont les suivants : logo s\u00e9rigraphi\u00e9\/ impression en quadrichromie.<br>Vous pouvez ajouter le logo de votre entreprise, une illustration ou un message par le biais d'une impression ou d'une gravure de haute qualit\u00e9. Ce produit est id\u00e9al pour :<\/p>\n\n\n\n<ul class=\"wp-block-list\">\n<li>Cadeaux d'entreprise<\/li>\n\n\n\n<li>Salons et \u00e9v\u00e9nements<\/li>\n\n\n\n<li>Promotions de l'\u00e9cole ou de l'universit\u00e9<\/li>\n\n\n\n<li>Campagnes commerciales respectueuses de l'environnement<\/li>\n<\/ul>\n\n\n\n<div class=\"wp-block-columns is-layout-flex wp-container-core-columns-is-layout-2 wp-block-columns-is-layout-flex\">\n<div class=\"wp-block-column is-layout-flow wp-block-column-is-layout-flow\">\n<figure class=\"wp-block-image size-full\"><img decoding=\"async\" width=\"800\" height=\"800\" src=\"https:\/\/yousanusb.com\/wp-content\/uploads\/2025\/09\/paper-usb-flash-drive-card.png\" alt=\"\" class=\"wp-image-18196\" srcset=\"https:\/\/www.yousanusb.com\/wp-content\/uploads\/2025\/09\/paper-usb-flash-drive-card.png 800w, https:\/\/www.yousanusb.com\/wp-content\/uploads\/2025\/09\/paper-usb-flash-drive-card-300x300.png 300w, https:\/\/www.yousanusb.com\/wp-content\/uploads\/2025\/09\/paper-usb-flash-drive-card-150x150.png 150w, https:\/\/www.yousanusb.com\/wp-content\/uploads\/2025\/09\/paper-usb-flash-drive-card-768x768.png 768w, https:\/\/www.yousanusb.com\/wp-content\/uploads\/2025\/09\/paper-usb-flash-drive-card-12x12.png 12w, https:\/\/www.yousanusb.com\/wp-content\/uploads\/2025\/09\/paper-usb-flash-drive-card-600x600.png 600w, https:\/\/www.yousanusb.com\/wp-content\/uploads\/2025\/09\/paper-usb-flash-drive-card-100x100.png 100w\" sizes=\"(max-width: 800px) 100vw, 800px\" \/><\/figure>\n<\/div>\n\n\n\n<div class=\"wp-block-column is-layout-flow wp-block-column-is-layout-flow\">\n<figure class=\"wp-block-image size-full\"><img decoding=\"async\" width=\"800\" height=\"800\" src=\"https:\/\/yousanusb.com\/wp-content\/uploads\/2025\/09\/paper-card.png\" alt=\"\" class=\"wp-image-18193\" srcset=\"https:\/\/www.yousanusb.com\/wp-content\/uploads\/2025\/09\/paper-card.png 800w, https:\/\/www.yousanusb.com\/wp-content\/uploads\/2025\/09\/paper-card-300x300.png 300w, https:\/\/www.yousanusb.com\/wp-content\/uploads\/2025\/09\/paper-card-150x150.png 150w, https:\/\/www.yousanusb.com\/wp-content\/uploads\/2025\/09\/paper-card-768x768.png 768w, https:\/\/www.yousanusb.com\/wp-content\/uploads\/2025\/09\/paper-card-12x12.png 12w, https:\/\/www.yousanusb.com\/wp-content\/uploads\/2025\/09\/paper-card-600x600.png 600w, https:\/\/www.yousanusb.com\/wp-content\/uploads\/2025\/09\/paper-card-100x100.png 100w\" sizes=\"(max-width: 800px) 100vw, 800px\" \/><\/figure>\n<\/div>\n<\/div>\n\n\n\n<div class=\"wp-block-columns is-layout-flex wp-container-core-columns-is-layout-3 wp-block-columns-is-layout-flex\">\n<div class=\"wp-block-column is-layout-flow wp-block-column-is-layout-flow\">\n<figure class=\"wp-block-image size-full\"><img loading=\"lazy\" decoding=\"async\" width=\"800\" height=\"800\" src=\"https:\/\/yousanusb.com\/wp-content\/uploads\/2025\/09\/paper-usb-business-card.png\" alt=\"\" class=\"wp-image-18195\" srcset=\"https:\/\/www.yousanusb.com\/wp-content\/uploads\/2025\/09\/paper-usb-business-card.png 800w, https:\/\/www.yousanusb.com\/wp-content\/uploads\/2025\/09\/paper-usb-business-card-300x300.png 300w, https:\/\/www.yousanusb.com\/wp-content\/uploads\/2025\/09\/paper-usb-business-card-150x150.png 150w, https:\/\/www.yousanusb.com\/wp-content\/uploads\/2025\/09\/paper-usb-business-card-768x768.png 768w, https:\/\/www.yousanusb.com\/wp-content\/uploads\/2025\/09\/paper-usb-business-card-12x12.png 12w, https:\/\/www.yousanusb.com\/wp-content\/uploads\/2025\/09\/paper-usb-business-card-600x600.png 600w, https:\/\/www.yousanusb.com\/wp-content\/uploads\/2025\/09\/paper-usb-business-card-100x100.png 100w\" sizes=\"(max-width: 800px) 100vw, 800px\" \/><\/figure>\n<\/div>\n\n\n\n<div class=\"wp-block-column is-layout-flow wp-block-column-is-layout-flow\">\n<figure class=\"wp-block-image size-full\"><img loading=\"lazy\" decoding=\"async\" width=\"800\" height=\"800\" src=\"https:\/\/yousanusb.com\/wp-content\/uploads\/2025\/09\/paper-card-usb-drive.png\" alt=\"\" class=\"wp-image-18192\" srcset=\"https:\/\/www.yousanusb.com\/wp-content\/uploads\/2025\/09\/paper-card-usb-drive.png 800w, https:\/\/www.yousanusb.com\/wp-content\/uploads\/2025\/09\/paper-card-usb-drive-300x300.png 300w, https:\/\/www.yousanusb.com\/wp-content\/uploads\/2025\/09\/paper-card-usb-drive-150x150.png 150w, https:\/\/www.yousanusb.com\/wp-content\/uploads\/2025\/09\/paper-card-usb-drive-768x768.png 768w, https:\/\/www.yousanusb.com\/wp-content\/uploads\/2025\/09\/paper-card-usb-drive-12x12.png 12w, https:\/\/www.yousanusb.com\/wp-content\/uploads\/2025\/09\/paper-card-usb-drive-600x600.png 600w, https:\/\/www.yousanusb.com\/wp-content\/uploads\/2025\/09\/paper-card-usb-drive-100x100.png 100w\" sizes=\"(max-width: 800px) 100vw, 800px\" \/><\/figure>\n<\/div>\n<\/div>","protected":false},"excerpt":{"rendered":"<ul>\n<li>Papier \u00e9cologique<\/li>\n<li>Smaple gratuit<\/li>\n<li>Prix d'usine<\/li>\n<li>Capacit\u00e9 OEM\/ODM<\/li>\n<li>MOQ:100pcs<\/li>\n<\/ul>","protected":false},"featured_media":18194,"comment_status":"open","ping_status":"closed","template":"","meta":{"_seopress_robots_primary_cat":"none","_seopress_titles_title":"","_seopress_titles_desc":"","_seopress_robots_index":""},"class_list":["post-18189","product","type-product","status-publish","has-post-thumbnail","hentry","product_cat-card-usb-flash-drive"],"_links":{"self":[{"href":"https:\/\/www.yousanusb.com\/fr\/wp-json\/wp\/v2\/product\/18189"}],"collection":[{"href":"https:\/\/www.yousanusb.com\/fr\/wp-json\/wp\/v2\/product"}],"about":[{"href":"https:\/\/www.yousanusb.com\/fr\/wp-json\/wp\/v2\/types\/product"}],"replies":[{"embeddable":true,"href":"https:\/\/www.yousanusb.com\/fr\/wp-json\/wp\/v2\/comments?post=18189"}],"wp:featuredmedia":[{"embeddable":true,"href":"https:\/\/www.yousanusb.com\/fr\/wp-json\/wp\/v2\/media\/18194"}],"wp:attachment":[{"href":"https:\/\/www.yousanusb.com\/fr\/wp-json\/wp\/v2\/media?parent=18189"}],"curies":[{"name":"wp","href":"https:\/\/api.w.org\/{rel}","templated":true}]}}