{"id":18205,"date":"2025-09-24T10:16:48","date_gmt":"2025-09-24T10:16:48","guid":{"rendered":"https:\/\/yousanusb.com\/?post_type=product&#038;p=18205"},"modified":"2025-12-13T13:25:16","modified_gmt":"2025-12-13T13:25:16","slug":"credit-card-type-c-usb-flash-drive","status":"publish","type":"product","link":"https:\/\/www.yousanusb.com\/fr\/produit\/credit-card-type-c-usb-flash-drive\/","title":{"rendered":"Cl\u00e9 USB de type C pour cartes de cr\u00e9dit"},"content":{"rendered":"<div class=\"wp-block-columns is-layout-flex wp-container-core-columns-is-layout-1 wp-block-columns-is-layout-flex\">\n<div class=\"wp-block-column is-layout-flow wp-block-column-is-layout-flow\">\n<figure class=\"wp-block-image size-full\"><img fetchpriority=\"high\" decoding=\"async\" width=\"800\" height=\"800\" src=\"https:\/\/yousanusb.com\/wp-content\/uploads\/2025\/09\/Credit-Card-Type-c-Flash-Drive.jpg\" alt=\"\" class=\"wp-image-18210\" srcset=\"https:\/\/www.yousanusb.com\/wp-content\/uploads\/2025\/09\/Credit-Card-Type-c-Flash-Drive.jpg 800w, https:\/\/www.yousanusb.com\/wp-content\/uploads\/2025\/09\/Credit-Card-Type-c-Flash-Drive-300x300.jpg 300w, https:\/\/www.yousanusb.com\/wp-content\/uploads\/2025\/09\/Credit-Card-Type-c-Flash-Drive-150x150.jpg 150w, https:\/\/www.yousanusb.com\/wp-content\/uploads\/2025\/09\/Credit-Card-Type-c-Flash-Drive-768x768.jpg 768w, https:\/\/www.yousanusb.com\/wp-content\/uploads\/2025\/09\/Credit-Card-Type-c-Flash-Drive-12x12.jpg 12w, https:\/\/www.yousanusb.com\/wp-content\/uploads\/2025\/09\/Credit-Card-Type-c-Flash-Drive-600x600.jpg 600w, https:\/\/www.yousanusb.com\/wp-content\/uploads\/2025\/09\/Credit-Card-Type-c-Flash-Drive-100x100.jpg 100w\" sizes=\"(max-width: 800px) 100vw, 800px\" \/><\/figure>\n<\/div>\n\n\n\n<div class=\"wp-block-column is-vertically-aligned-center is-layout-flow wp-block-column-is-layout-flow\">\n<p>Le pr\u00e9sent <strong>carte m\u00e9moire cl\u00e9 USB<\/strong> comprend un <strong>Type-C<\/strong> (certains mod\u00e8les sont compatibles avec les interfaces USB traditionnelles) et une conception r\u00e9tractable. Lorsqu'elle est utilis\u00e9e, l'interface peut \u00eatre d\u00e9ploy\u00e9e \u00e0 partir du corps de la carte d'un simple mouvement de pouss\u00e9e et de traction pour se connecter rapidement \u00e0 des smartphones, des ordinateurs et d'autres appareils. Lorsqu'elle n'est pas utilis\u00e9e, l'interface peut \u00eatre r\u00e9tract\u00e9e dans le corps de la carte pour la prot\u00e9ger de l'usure et garder la cl\u00e9 USB propre.<\/p>\n\n\n\n<p><br>Le pr\u00e9sent <strong>Carte Type-C Cl\u00e9 USB<\/strong> ressemble \u00e0 une carte de cr\u00e9dit standard par sa taille et son aspect, ce qui permet de la ranger facilement dans un portefeuille ou un porte-cartes de visite. Il est \u00e9galement possible de personnaliser les motifs et le texte.<\/p>\n<\/div>\n<\/div>\n\n\n\n<h2 class=\"wp-block-heading\">Caract\u00e9ristiques de la cl\u00e9 USB<\/h2>\n\n\n\n<figure class=\"wp-block-table\"><table class=\"has-fixed-layout\"><thead><tr><th>Cat\u00e9gorie de param\u00e8tres<\/th><th>Param\u00e8tres sp\u00e9cifiques<\/th><\/tr><\/thead><tbody><tr><td>Type d'interface<\/td><td>Type-C (certains mod\u00e8les prennent en charge la compatibilit\u00e9 USB)<\/td><\/tr><tr><td>Mat\u00e9riau principal<\/td><td>Plastique (corps de la carte) + M\u00e9tal (composants de l'interface)<\/td><\/tr><tr><td>Vitesse de transfert de donn\u00e9es typique<\/td><td>Lecture : Environ 15-30MB\/s ; <br>\u00c9criture : Environ 8-15 Mo\/s (variable selon l'appareil et la capacit\u00e9)<\/td><\/tr><tr><td>Compatibilit\u00e9 des syst\u00e8mes<\/td><td>Windows, Mac OS, Android (compatible avec les appareils de type C)<\/td><\/tr><\/tbody><\/table><\/figure>\n\n\n\n<h2 class=\"wp-block-heading\">Qu'est-ce qui peut \u00eatre personnalis\u00e9 ?<\/h2>\n\n\n\n<div class=\"wp-block-columns is-layout-flex wp-container-core-columns-is-layout-2 wp-block-columns-is-layout-flex\">\n<div class=\"wp-block-column is-vertically-aligned-center is-layout-flow wp-block-column-is-layout-flow\">\n<ul class=\"wp-block-list\">\n<li><strong>Pour les entreprises<\/strong>: Les logos de marque, les noms d'entreprise et les slogans promotionnels peuvent \u00eatre personnalis\u00e9s, ce qui en fait un produit adapt\u00e9 \u00e0 des sc\u00e9narios tels que les cadeaux d'affaires et la promotion de la marque.<\/li>\n\n\n\n<li><strong>Pour les particuliers<\/strong>: Des motifs personnalis\u00e9s (illustrations, graphiques cr\u00e9atifs, etc.), des textes exclusifs (signatures, messages de b\u00e9n\u00e9diction, etc.) et m\u00eame la couleur g\u00e9n\u00e9rale du corps de la carte peuvent \u00eatre ajust\u00e9s pour cr\u00e9er un style unique.<\/li>\n<\/ul>\n\n\n\n<p>Techniques de personnalisation : Impression couleur haute d\u00e9finition \/ Gravure laser \/ S\u00e9rigraphie<\/p>\n<\/div>\n<\/div>\n\n\n\n<div class=\"wp-block-columns is-layout-flex wp-container-core-columns-is-layout-3 wp-block-columns-is-layout-flex\">\n<div class=\"wp-block-column is-layout-flow wp-block-column-is-layout-flow\">\n<figure class=\"wp-block-image size-full\"><img decoding=\"async\" width=\"800\" height=\"800\" src=\"https:\/\/yousanusb.com\/wp-content\/uploads\/2025\/09\/flash-drive-type-c.jpg\" alt=\"\" class=\"wp-image-18212\" srcset=\"https:\/\/www.yousanusb.com\/wp-content\/uploads\/2025\/09\/flash-drive-type-c.jpg 800w, https:\/\/www.yousanusb.com\/wp-content\/uploads\/2025\/09\/flash-drive-type-c-300x300.jpg 300w, https:\/\/www.yousanusb.com\/wp-content\/uploads\/2025\/09\/flash-drive-type-c-150x150.jpg 150w, https:\/\/www.yousanusb.com\/wp-content\/uploads\/2025\/09\/flash-drive-type-c-768x768.jpg 768w, https:\/\/www.yousanusb.com\/wp-content\/uploads\/2025\/09\/flash-drive-type-c-12x12.jpg 12w, https:\/\/www.yousanusb.com\/wp-content\/uploads\/2025\/09\/flash-drive-type-c-600x600.jpg 600w, https:\/\/www.yousanusb.com\/wp-content\/uploads\/2025\/09\/flash-drive-type-c-100x100.jpg 100w\" sizes=\"(max-width: 800px) 100vw, 800px\" \/><\/figure>\n<\/div>\n\n\n\n<div class=\"wp-block-column is-layout-flow wp-block-column-is-layout-flow\">\n<figure class=\"wp-block-image size-full\"><img decoding=\"async\" width=\"800\" height=\"800\" src=\"https:\/\/yousanusb.com\/wp-content\/uploads\/2025\/09\/credit-card-flash-drive.jpg\" alt=\"\" class=\"wp-image-18209\" srcset=\"https:\/\/www.yousanusb.com\/wp-content\/uploads\/2025\/09\/credit-card-flash-drive.jpg 800w, https:\/\/www.yousanusb.com\/wp-content\/uploads\/2025\/09\/credit-card-flash-drive-300x300.jpg 300w, https:\/\/www.yousanusb.com\/wp-content\/uploads\/2025\/09\/credit-card-flash-drive-150x150.jpg 150w, https:\/\/www.yousanusb.com\/wp-content\/uploads\/2025\/09\/credit-card-flash-drive-768x768.jpg 768w, https:\/\/www.yousanusb.com\/wp-content\/uploads\/2025\/09\/credit-card-flash-drive-12x12.jpg 12w, https:\/\/www.yousanusb.com\/wp-content\/uploads\/2025\/09\/credit-card-flash-drive-600x600.jpg 600w, https:\/\/www.yousanusb.com\/wp-content\/uploads\/2025\/09\/credit-card-flash-drive-100x100.jpg 100w\" sizes=\"(max-width: 800px) 100vw, 800px\" \/><\/figure>\n<\/div>\n\n\n\n<div class=\"wp-block-column is-layout-flow wp-block-column-is-layout-flow\">\n<figure class=\"wp-block-image size-full\"><img loading=\"lazy\" decoding=\"async\" width=\"800\" height=\"800\" src=\"https:\/\/yousanusb.com\/wp-content\/uploads\/2025\/09\/card-type-flash-drives.jpg\" alt=\"\" class=\"wp-image-18208\" srcset=\"https:\/\/www.yousanusb.com\/wp-content\/uploads\/2025\/09\/card-type-flash-drives.jpg 800w, https:\/\/www.yousanusb.com\/wp-content\/uploads\/2025\/09\/card-type-flash-drives-300x300.jpg 300w, https:\/\/www.yousanusb.com\/wp-content\/uploads\/2025\/09\/card-type-flash-drives-150x150.jpg 150w, https:\/\/www.yousanusb.com\/wp-content\/uploads\/2025\/09\/card-type-flash-drives-768x768.jpg 768w, https:\/\/www.yousanusb.com\/wp-content\/uploads\/2025\/09\/card-type-flash-drives-12x12.jpg 12w, https:\/\/www.yousanusb.com\/wp-content\/uploads\/2025\/09\/card-type-flash-drives-600x600.jpg 600w, https:\/\/www.yousanusb.com\/wp-content\/uploads\/2025\/09\/card-type-flash-drives-100x100.jpg 100w\" sizes=\"(max-width: 800px) 100vw, 800px\" \/><\/figure>\n<\/div>\n<\/div>\n\n\n\n<h2 class=\"wp-block-heading\">Quels sont les avantages d'une cl\u00e9 USB Type-C ?<\/h2>\n\n\n\n<div class=\"wp-block-columns is-layout-flex wp-container-core-columns-is-layout-4 wp-block-columns-is-layout-flex\">\n<div class=\"wp-block-column is-vertically-aligned-center is-layout-flow wp-block-column-is-layout-flow\">\n<figure class=\"wp-block-image size-full\"><img loading=\"lazy\" decoding=\"async\" width=\"800\" height=\"800\" src=\"https:\/\/yousanusb.com\/wp-content\/uploads\/2025\/09\/credit-card-usb-c.jpg\" alt=\"\" class=\"wp-image-18211\" srcset=\"https:\/\/www.yousanusb.com\/wp-content\/uploads\/2025\/09\/credit-card-usb-c.jpg 800w, https:\/\/www.yousanusb.com\/wp-content\/uploads\/2025\/09\/credit-card-usb-c-300x300.jpg 300w, https:\/\/www.yousanusb.com\/wp-content\/uploads\/2025\/09\/credit-card-usb-c-150x150.jpg 150w, https:\/\/www.yousanusb.com\/wp-content\/uploads\/2025\/09\/credit-card-usb-c-768x768.jpg 768w, https:\/\/www.yousanusb.com\/wp-content\/uploads\/2025\/09\/credit-card-usb-c-12x12.jpg 12w, https:\/\/www.yousanusb.com\/wp-content\/uploads\/2025\/09\/credit-card-usb-c-600x600.jpg 600w, https:\/\/www.yousanusb.com\/wp-content\/uploads\/2025\/09\/credit-card-usb-c-100x100.jpg 100w\" sizes=\"(max-width: 800px) 100vw, 800px\" \/><\/figure>\n<\/div>\n\n\n\n<div class=\"wp-block-column is-layout-flow wp-block-column-is-layout-flow\">\n<p><strong>1. se branche commod\u00e9ment dans les deux sens<\/strong><br>L'interface Type-C a une conception sym\u00e9trique, de sorte qu'il n'est pas n\u00e9cessaire de faire la distinction entre l'avant et l'arri\u00e8re. M\u00eame en cas de faible \u00e9clairage ou d'utilisation \u00e0 l'aveugle, il est facile de la brancher.<br><strong>2. compatibilit\u00e9 \u00e9tendue et transmission transparente entre appareils<\/strong><br>La plupart des cl\u00e9s USB de type C sont dot\u00e9es d'une double interface \"Type-C + USB-A\" compatible avec les smartphones, les tablettes, les ordinateurs portables ultrafins et d'autres appareils de type C. Elles peuvent \u00e9galement \u00eatre connect\u00e9es directement \u00e0 des ordinateurs de bureau traditionnels dot\u00e9s d'un port USB-A. Elles peuvent \u00e9galement \u00eatre connect\u00e9es directement aux ordinateurs de bureau traditionnels, aux t\u00e9l\u00e9viseurs et aux consoles de jeu dot\u00e9s de ports USB-A.<br><strong>3. une grande portabilit\u00e9 pour un voyage sans souci<\/strong><br>L'interface Type-C elle-m\u00eame est de petite taille, ce qui permet de concevoir des disques U plus minces et plus l\u00e9gers, faciles \u00e0 ranger dans les poches ou les sacs \u00e0 dos. De plus, la conception \u00e0 double interface \u00e9limine la n\u00e9cessit\u00e9 de transporter des adaptateurs suppl\u00e9mentaires, ce qui permet une utilisation \"plug-and-play\" pendant les voyages d'affaires ou les d\u00e9placements et r\u00e9duit le poids des c\u00e2bles.<br><strong>4. haute durabilit\u00e9 et longue dur\u00e9e de vie<\/strong><br>La dur\u00e9e de vie m\u00e9canique de l'interface Type-C est plus de dix mille fois sup\u00e9rieure \u00e0 celle des interfaces traditionnelles. Cela r\u00e9duit efficacement l'usure de l'interface caus\u00e9e par les branchements et d\u00e9branchements fr\u00e9quents, ce qui rend la cl\u00e9 USB plus stable et plus durable.<\/p>\n<\/div>\n<\/div>","protected":false},"excerpt":{"rendered":"<ul>\n<li>Mati\u00e8re plastique<\/li>\n<li>S\u00e9rigraphie ou couleur<\/li>\n<li>Cl\u00e9 USB de type C<\/li>\n<li>CE\/FCC\/RoHS<\/li>\n<li>MOQ:100pcs<\/li>\n<\/ul>","protected":false},"featured_media":18210,"comment_status":"open","ping_status":"closed","template":"","meta":{"_seopress_robots_primary_cat":"none","_seopress_titles_title":"","_seopress_titles_desc":"","_seopress_robots_index":""},"class_list":["post-18205","product","type-product","status-publish","has-post-thumbnail","hentry","product_cat-card-usb-flash-drive","product_tag-plastic-card-usb-flash-drive"],"_links":{"self":[{"href":"https:\/\/www.yousanusb.com\/fr\/wp-json\/wp\/v2\/product\/18205"}],"collection":[{"href":"https:\/\/www.yousanusb.com\/fr\/wp-json\/wp\/v2\/product"}],"about":[{"href":"https:\/\/www.yousanusb.com\/fr\/wp-json\/wp\/v2\/types\/product"}],"replies":[{"embeddable":true,"href":"https:\/\/www.yousanusb.com\/fr\/wp-json\/wp\/v2\/comments?post=18205"}],"wp:featuredmedia":[{"embeddable":true,"href":"https:\/\/www.yousanusb.com\/fr\/wp-json\/wp\/v2\/media\/18210"}],"wp:attachment":[{"href":"https:\/\/www.yousanusb.com\/fr\/wp-json\/wp\/v2\/media?parent=18205"}],"curies":[{"name":"wp","href":"https:\/\/api.w.org\/{rel}","templated":true}]}}