{"id":18309,"date":"2025-09-25T09:14:34","date_gmt":"2025-09-25T09:14:34","guid":{"rendered":"https:\/\/yousanusb.com\/?post_type=product&#038;p=18309"},"modified":"2025-10-16T01:42:56","modified_gmt":"2025-10-16T01:42:56","slug":"custom-round-card-flip-usb-flash-drive","status":"publish","type":"product","link":"https:\/\/www.yousanusb.com\/fr\/produit\/custom-round-card-flip-usb-flash-drive\/","title":{"rendered":"Carte ronde en m\u00e9tal Cl\u00e9 USB"},"content":{"rendered":"<p>Est-ce que cette <strong>Carte ronde Cl\u00e9 USB<\/strong> attire votre attention ? Avec sa texture lisse, son design arrondi et sa finition unique en m\u00e9tal bross\u00e9, il est devenu un \"favori de la mode\" dans le monde du stockage mobile.<\/p>\n\n\n\n<div class=\"wp-block-columns is-layout-flex wp-container-core-columns-is-layout-1 wp-block-columns-is-layout-flex\">\n<div class=\"wp-block-column is-layout-flow wp-block-column-is-layout-flow\">\n<figure class=\"wp-block-image size-full\"><img fetchpriority=\"high\" decoding=\"async\" width=\"800\" height=\"800\" src=\"https:\/\/yousanusb.com\/wp-content\/uploads\/2025\/09\/odm-round-card-usb-flash-drive-china-customized\u200b.jpg\" alt=\"\" class=\"wp-image-18319\" srcset=\"https:\/\/www.yousanusb.com\/wp-content\/uploads\/2025\/09\/odm-round-card-usb-flash-drive-china-customized\u200b.jpg 800w, https:\/\/www.yousanusb.com\/wp-content\/uploads\/2025\/09\/odm-round-card-usb-flash-drive-china-customized\u200b-300x300.jpg 300w, https:\/\/www.yousanusb.com\/wp-content\/uploads\/2025\/09\/odm-round-card-usb-flash-drive-china-customized\u200b-150x150.jpg 150w, https:\/\/www.yousanusb.com\/wp-content\/uploads\/2025\/09\/odm-round-card-usb-flash-drive-china-customized\u200b-768x768.jpg 768w, https:\/\/www.yousanusb.com\/wp-content\/uploads\/2025\/09\/odm-round-card-usb-flash-drive-china-customized\u200b-12x12.jpg 12w, https:\/\/www.yousanusb.com\/wp-content\/uploads\/2025\/09\/odm-round-card-usb-flash-drive-china-customized\u200b-600x600.jpg 600w, https:\/\/www.yousanusb.com\/wp-content\/uploads\/2025\/09\/odm-round-card-usb-flash-drive-china-customized\u200b-100x100.jpg 100w\" sizes=\"(max-width: 800px) 100vw, 800px\" \/><\/figure>\n<\/div>\n\n\n\n<div class=\"wp-block-column is-layout-flow wp-block-column-is-layout-flow\">\n<figure class=\"wp-block-image size-full\"><img decoding=\"async\" width=\"800\" height=\"800\" src=\"https:\/\/yousanusb.com\/wp-content\/uploads\/2025\/09\/low-price-round-card-usb-flash-drive.jpg\" alt=\"\" class=\"wp-image-18318\" srcset=\"https:\/\/www.yousanusb.com\/wp-content\/uploads\/2025\/09\/low-price-round-card-usb-flash-drive.jpg 800w, https:\/\/www.yousanusb.com\/wp-content\/uploads\/2025\/09\/low-price-round-card-usb-flash-drive-300x300.jpg 300w, https:\/\/www.yousanusb.com\/wp-content\/uploads\/2025\/09\/low-price-round-card-usb-flash-drive-150x150.jpg 150w, https:\/\/www.yousanusb.com\/wp-content\/uploads\/2025\/09\/low-price-round-card-usb-flash-drive-768x768.jpg 768w, https:\/\/www.yousanusb.com\/wp-content\/uploads\/2025\/09\/low-price-round-card-usb-flash-drive-12x12.jpg 12w, https:\/\/www.yousanusb.com\/wp-content\/uploads\/2025\/09\/low-price-round-card-usb-flash-drive-600x600.jpg 600w, https:\/\/www.yousanusb.com\/wp-content\/uploads\/2025\/09\/low-price-round-card-usb-flash-drive-100x100.jpg 100w\" sizes=\"(max-width: 800px) 100vw, 800px\" \/><\/figure>\n<\/div>\n<\/div>\n\n\n\n<h2 class=\"wp-block-heading\">D\u00e9tails du produit<\/h2>\n\n\n\n<div class=\"wp-block-columns is-layout-flex wp-container-core-columns-is-layout-2 wp-block-columns-is-layout-flex\">\n<div class=\"wp-block-column is-layout-flow wp-block-column-is-layout-flow\">\n<figure class=\"wp-block-image size-full\"><img decoding=\"async\" width=\"800\" height=\"529\" src=\"https:\/\/yousanusb.com\/wp-content\/uploads\/2025\/09\/china-round-card-usb-flash-drive-factory.jpg\" alt=\"\" class=\"wp-image-18313\" srcset=\"https:\/\/www.yousanusb.com\/wp-content\/uploads\/2025\/09\/china-round-card-usb-flash-drive-factory.jpg 800w, https:\/\/www.yousanusb.com\/wp-content\/uploads\/2025\/09\/china-round-card-usb-flash-drive-factory-300x198.jpg 300w, https:\/\/www.yousanusb.com\/wp-content\/uploads\/2025\/09\/china-round-card-usb-flash-drive-factory-768x508.jpg 768w, https:\/\/www.yousanusb.com\/wp-content\/uploads\/2025\/09\/china-round-card-usb-flash-drive-factory-18x12.jpg 18w, https:\/\/www.yousanusb.com\/wp-content\/uploads\/2025\/09\/china-round-card-usb-flash-drive-factory-600x397.jpg 600w\" sizes=\"(max-width: 800px) 100vw, 800px\" \/><\/figure>\n<\/div>\n\n\n\n<div class=\"wp-block-column is-vertically-aligned-center is-layout-flow wp-block-column-is-layout-flow\">\n<p>Le pr\u00e9sent <strong>Cl\u00e9 USB<\/strong> comprend un <strong>alliage d'aluminium<\/strong> M\u00eame si vous le jetez avec vos cl\u00e9s, vos pi\u00e8ces de monnaie et d'autres objets, il conservera son aspect et sa long\u00e9vit\u00e9. De plus, avec un diam\u00e8tre de 42 mm et une \u00e9paisseur d'environ 2,5 mm, il est tr\u00e8s fin et tient dans la paume de la main. Lorsque vous le mettez dans votre poche ou dans votre sac, il n'est pas du tout encombrant.<\/p>\n<\/div>\n<\/div>\n\n\n\n<div class=\"wp-block-columns is-layout-flex wp-container-core-columns-is-layout-3 wp-block-columns-is-layout-flex\">\n<div class=\"wp-block-column is-vertically-aligned-center is-layout-flow wp-block-column-is-layout-flow\">\n<p>Il est \u00e9galement accompagn\u00e9 d'un <strong>porte-cl\u00e9s<\/strong> qui peut \u00eatre attach\u00e9 \u00e0 un porte-cl\u00e9s. Il est ainsi facile \u00e0 transporter et le risque de le perdre est r\u00e9duit, ce qui vous permet d'y acc\u00e9der \u00e0 tout moment.<\/p>\n\n\n\n<p>La puce de stockage de l'USB est con\u00e7ue avec une structure push-pull, ce qui \u00e9limine le besoin d'un capuchon suppl\u00e9mentaire. Cette conception emp\u00eache la perte du capuchon et prot\u00e8ge efficacement l'interface de la poussi\u00e8re et des rayures, garantissant ainsi que l'apparence de l'USB reste propre et intacte.<\/p>\n<\/div>\n\n\n\n<div class=\"wp-block-column is-layout-flow wp-block-column-is-layout-flow\">\n<figure class=\"wp-block-image size-full\"><img loading=\"lazy\" decoding=\"async\" width=\"800\" height=\"529\" src=\"https:\/\/yousanusb.com\/wp-content\/uploads\/2025\/09\/bulk-round-card-usb-flash-drive.jpg\" alt=\"\" class=\"wp-image-18312\" srcset=\"https:\/\/www.yousanusb.com\/wp-content\/uploads\/2025\/09\/bulk-round-card-usb-flash-drive.jpg 800w, https:\/\/www.yousanusb.com\/wp-content\/uploads\/2025\/09\/bulk-round-card-usb-flash-drive-300x198.jpg 300w, https:\/\/www.yousanusb.com\/wp-content\/uploads\/2025\/09\/bulk-round-card-usb-flash-drive-768x508.jpg 768w, https:\/\/www.yousanusb.com\/wp-content\/uploads\/2025\/09\/bulk-round-card-usb-flash-drive-18x12.jpg 18w, https:\/\/www.yousanusb.com\/wp-content\/uploads\/2025\/09\/bulk-round-card-usb-flash-drive-600x397.jpg 600w\" sizes=\"(max-width: 800px) 100vw, 800px\" \/><\/figure>\n<\/div>\n<\/div>\n\n\n\n<h2 class=\"wp-block-heading\">Sur mesure et emballage<\/h2>\n\n\n\n<div class=\"wp-block-columns is-layout-flex wp-container-core-columns-is-layout-4 wp-block-columns-is-layout-flex\">\n<div class=\"wp-block-column is-layout-flow wp-block-column-is-layout-flow\">\n<figure class=\"wp-block-image size-full\"><img loading=\"lazy\" decoding=\"async\" width=\"800\" height=\"800\" src=\"https:\/\/yousanusb.com\/wp-content\/uploads\/2025\/09\/china-round-card-usb-flash-drive-manufacturer.jpg\" alt=\"\" class=\"wp-image-18314\" srcset=\"https:\/\/www.yousanusb.com\/wp-content\/uploads\/2025\/09\/china-round-card-usb-flash-drive-manufacturer.jpg 800w, https:\/\/www.yousanusb.com\/wp-content\/uploads\/2025\/09\/china-round-card-usb-flash-drive-manufacturer-300x300.jpg 300w, https:\/\/www.yousanusb.com\/wp-content\/uploads\/2025\/09\/china-round-card-usb-flash-drive-manufacturer-150x150.jpg 150w, https:\/\/www.yousanusb.com\/wp-content\/uploads\/2025\/09\/china-round-card-usb-flash-drive-manufacturer-768x768.jpg 768w, https:\/\/www.yousanusb.com\/wp-content\/uploads\/2025\/09\/china-round-card-usb-flash-drive-manufacturer-12x12.jpg 12w, https:\/\/www.yousanusb.com\/wp-content\/uploads\/2025\/09\/china-round-card-usb-flash-drive-manufacturer-600x600.jpg 600w, https:\/\/www.yousanusb.com\/wp-content\/uploads\/2025\/09\/china-round-card-usb-flash-drive-manufacturer-100x100.jpg 100w\" sizes=\"(max-width: 800px) 100vw, 800px\" \/><\/figure>\n<\/div>\n\n\n\n<div class=\"wp-block-column is-layout-flow wp-block-column-is-layout-flow\">\n<p>Le pr\u00e9sent <strong>Carte ronde Cl\u00e9 USB<\/strong> prend en charge la personnalisation <strong>Logo<\/strong> les services. <\/p>\n\n\n\n<p>L'emballage de la cl\u00e9 USB circulaire est impressionnant. Il s'agit d'une bo\u00eete noire rigide et \u00e9l\u00e9gante, d'une grande classe et d'un aspect haut de gamme. \u00c0 l'int\u00e9rieur, une doublure noire floqu\u00e9e et douce maintient la cl\u00e9 USB en toute s\u00e9curit\u00e9 et la prot\u00e8ge des rayures. En tant que cadeau (pour des clients ou des amis), cette bo\u00eete \u00e9l\u00e9gante donne l'impression d'\u00eatre sp\u00e9ciale et de premi\u00e8re qualit\u00e9, ajoutant un sentiment de c\u00e9r\u00e9monie.<\/p>\n\n\n\n<p>YOUSAN est un professionnel <strong>china round card usb flash drive factory<\/strong> avec plus de 14 ans d'exp\u00e9rience en mati\u00e8re de production. L'entreprise propose des services gratuits de conception et d'\u00e9chantillonnage et vend directement depuis l'usine, ce qui offre des avantages significatifs en termes de prix. Pour plus d'informations ou pour voir d'autres mod\u00e8les, veuillez nous contacter.<\/p>\n<\/div>\n<\/div>","protected":false},"excerpt":{"rendered":"<ul>\n<li>Bulk Round Card USB Flash Drive<\/li>\n<li>Mat\u00e9riau en alliage d'aluminium<\/li>\n<li>Avec un porte-cl\u00e9s<\/li>\n<li>ODM\/OEM, LOGO personnalis\u00e9<\/li>\n<li>MOQ:100pcs<\/li>\n<\/ul>","protected":false},"featured_media":18318,"comment_status":"open","ping_status":"closed","template":"","meta":{"_seopress_robots_primary_cat":"none","_seopress_titles_title":"","_seopress_titles_desc":"","_seopress_robots_index":""},"class_list":["post-18309","product","type-product","status-publish","has-post-thumbnail","hentry","product_cat-card-usb-flash-drive","product_tag-aluminium-card-usb-flash-drive","product_tag-aluminum-flash-drive","product_tag-metal-card-usb-drive","product_tag-round-card-usb-flash-drive","product_tag-custom-metal-keychain-usb-flash-drive"],"_links":{"self":[{"href":"https:\/\/www.yousanusb.com\/fr\/wp-json\/wp\/v2\/product\/18309"}],"collection":[{"href":"https:\/\/www.yousanusb.com\/fr\/wp-json\/wp\/v2\/product"}],"about":[{"href":"https:\/\/www.yousanusb.com\/fr\/wp-json\/wp\/v2\/types\/product"}],"replies":[{"embeddable":true,"href":"https:\/\/www.yousanusb.com\/fr\/wp-json\/wp\/v2\/comments?post=18309"}],"wp:featuredmedia":[{"embeddable":true,"href":"https:\/\/www.yousanusb.com\/fr\/wp-json\/wp\/v2\/media\/18318"}],"wp:attachment":[{"href":"https:\/\/www.yousanusb.com\/fr\/wp-json\/wp\/v2\/media?parent=18309"}],"curies":[{"name":"wp","href":"https:\/\/api.w.org\/{rel}","templated":true}]}}