{"id":18999,"date":"2025-10-03T13:47:32","date_gmt":"2025-10-03T13:47:32","guid":{"rendered":"https:\/\/www.yousanusb.com\/?post_type=product&#038;p=18999"},"modified":"2025-10-06T13:27:37","modified_gmt":"2025-10-06T13:27:37","slug":"wooden-rotating-usb-flash-drive","status":"publish","type":"product","link":"https:\/\/www.yousanusb.com\/fr\/produit\/wooden-rotating-usb-flash-drive\/","title":{"rendered":"Cl\u00e9 USB rotative en bois"},"content":{"rendered":"<div class=\"wp-block-columns is-layout-flex wp-container-core-columns-is-layout-1 wp-block-columns-is-layout-flex\">\n<div class=\"wp-block-column is-layout-flow wp-block-column-is-layout-flow\">\n<figure class=\"wp-block-image size-full\"><img fetchpriority=\"high\" decoding=\"async\" width=\"800\" height=\"800\" src=\"https:\/\/www.yousanusb.com\/wp-content\/uploads\/2025\/10\/wooden-Rotating-USB-Drives.jpg\" alt=\"\" class=\"wp-image-19005\" srcset=\"https:\/\/www.yousanusb.com\/wp-content\/uploads\/2025\/10\/wooden-Rotating-USB-Drives.jpg 800w, https:\/\/www.yousanusb.com\/wp-content\/uploads\/2025\/10\/wooden-Rotating-USB-Drives-300x300.jpg 300w, https:\/\/www.yousanusb.com\/wp-content\/uploads\/2025\/10\/wooden-Rotating-USB-Drives-150x150.jpg 150w, https:\/\/www.yousanusb.com\/wp-content\/uploads\/2025\/10\/wooden-Rotating-USB-Drives-768x768.jpg 768w, https:\/\/www.yousanusb.com\/wp-content\/uploads\/2025\/10\/wooden-Rotating-USB-Drives-12x12.jpg 12w, https:\/\/www.yousanusb.com\/wp-content\/uploads\/2025\/10\/wooden-Rotating-USB-Drives-600x600.jpg 600w, https:\/\/www.yousanusb.com\/wp-content\/uploads\/2025\/10\/wooden-Rotating-USB-Drives-100x100.jpg 100w\" sizes=\"(max-width: 800px) 100vw, 800px\" \/><\/figure>\n<\/div>\n\n\n\n<div class=\"wp-block-column is-vertically-aligned-center is-layout-flow wp-block-column-is-layout-flow\">\n<p>Cette cl\u00e9 USB rotative \u00e0 double interface en bois se d\u00e9marque des cl\u00e9s USB traditionnelles. Elle est con\u00e7ue avec du bois naturel comme \u00e9l\u00e9ment central. Les couleurs claires et profondes du bois (comme le noyer brun fonc\u00e9 et l'\u00e9rable clair et chaud) et la texture naturelle du grain du bois font de chaque cl\u00e9 USB un objet unique.<\/p>\n\n\n\n<p>Cette cl\u00e9 USB pr\u00e9sente un design \"rotatif\" qui \u00e9limine le besoin d'un capuchon suppl\u00e9mentaire. Il suffit de faire pivoter la coque en bois pour passer du port USB-A au port Type-C. Cette conception r\u00e9sout non seulement le probl\u00e8me de la perte facile du capuchon, mais cache \u00e9galement les ports \u00e0 l'int\u00e9rieur de la coque en bois lorsqu'ils ne sont pas utilis\u00e9s, ce qui \u00e9vite efficacement la poussi\u00e8re et les rayures.<\/p>\n<\/div>\n<\/div>\n\n\n\n<p>Compatibilit\u00e9 double port : Il peut \u00eatre utilis\u00e9 avec les ports USB-A traditionnels des ordinateurs et des ordinateurs portables, ainsi qu'avec les ports Type-C des t\u00e9l\u00e9phones et des tablettes, ce qui vous permet de stocker et de transf\u00e9rer facilement des fichiers entre les appareils.<br>La surface de cette cl\u00e9 USB en bois peut g\u00e9n\u00e9ralement \u00eatre personnalis\u00e9e avec un logo. Le mat\u00e9riau bois est id\u00e9al pour pr\u00e9senter un texte ou des motifs personnalis\u00e9s par gravure laser ou marquage, tout en conservant la texture naturelle du bois et en incorporant un identifiant unique. C'est pourquoi elle est souvent utilis\u00e9e pour la personnalisation de cadeaux d'entreprise et la promotion de marques.<\/p>\n\n\n\n<div class=\"wp-block-columns is-layout-flex wp-container-core-columns-is-layout-2 wp-block-columns-is-layout-flex\">\n<div class=\"wp-block-column is-layout-flow wp-block-column-is-layout-flow\">\n<figure class=\"wp-block-image size-full\"><img decoding=\"async\" width=\"800\" height=\"800\" src=\"https:\/\/www.yousanusb.com\/wp-content\/uploads\/2025\/10\/Rotating-USB-Drives.jpg\" alt=\"\" class=\"wp-image-19003\" srcset=\"https:\/\/www.yousanusb.com\/wp-content\/uploads\/2025\/10\/Rotating-USB-Drives.jpg 800w, https:\/\/www.yousanusb.com\/wp-content\/uploads\/2025\/10\/Rotating-USB-Drives-300x300.jpg 300w, https:\/\/www.yousanusb.com\/wp-content\/uploads\/2025\/10\/Rotating-USB-Drives-150x150.jpg 150w, https:\/\/www.yousanusb.com\/wp-content\/uploads\/2025\/10\/Rotating-USB-Drives-768x768.jpg 768w, https:\/\/www.yousanusb.com\/wp-content\/uploads\/2025\/10\/Rotating-USB-Drives-12x12.jpg 12w, https:\/\/www.yousanusb.com\/wp-content\/uploads\/2025\/10\/Rotating-USB-Drives-600x600.jpg 600w, https:\/\/www.yousanusb.com\/wp-content\/uploads\/2025\/10\/Rotating-USB-Drives-100x100.jpg 100w\" sizes=\"(max-width: 800px) 100vw, 800px\" \/><\/figure>\n<\/div>\n\n\n\n<div class=\"wp-block-column is-layout-flow wp-block-column-is-layout-flow\">\n<figure class=\"wp-block-image size-full\"><img decoding=\"async\" width=\"800\" height=\"800\" src=\"https:\/\/www.yousanusb.com\/wp-content\/uploads\/2025\/10\/rotating-flash-drive.jpg\" alt=\"\" class=\"wp-image-19002\" srcset=\"https:\/\/www.yousanusb.com\/wp-content\/uploads\/2025\/10\/rotating-flash-drive.jpg 800w, https:\/\/www.yousanusb.com\/wp-content\/uploads\/2025\/10\/rotating-flash-drive-300x300.jpg 300w, https:\/\/www.yousanusb.com\/wp-content\/uploads\/2025\/10\/rotating-flash-drive-150x150.jpg 150w, https:\/\/www.yousanusb.com\/wp-content\/uploads\/2025\/10\/rotating-flash-drive-768x768.jpg 768w, https:\/\/www.yousanusb.com\/wp-content\/uploads\/2025\/10\/rotating-flash-drive-12x12.jpg 12w, https:\/\/www.yousanusb.com\/wp-content\/uploads\/2025\/10\/rotating-flash-drive-600x600.jpg 600w, https:\/\/www.yousanusb.com\/wp-content\/uploads\/2025\/10\/rotating-flash-drive-100x100.jpg 100w\" sizes=\"(max-width: 800px) 100vw, 800px\" \/><\/figure>\n<\/div>\n<\/div>\n\n\n\n<p><\/p>","protected":false},"excerpt":{"rendered":"<ul>\n<li>Mat\u00e9riau du bois<\/li>\n<li>Conception rotative<\/li>\n<li>Conception gratuite\uff0c\u00c9chantillon gratuit<\/li>\n<li>Cl\u00e9 USB \u00e9cologique<\/li>\n<li>MOQ:100pcs<\/li>\n<\/ul>","protected":false},"featured_media":19004,"comment_status":"open","ping_status":"closed","template":"","meta":{"_seopress_robots_primary_cat":"","_seopress_titles_title":"","_seopress_titles_desc":"","_seopress_robots_index":""},"class_list":["post-18999","product","type-product","status-publish","has-post-thumbnail","hentry","product_cat-otg-usb-flash-drive","product_cat-wooden-usb-flash-drive","product_tag-otg-usb-flash-drive"],"_links":{"self":[{"href":"https:\/\/www.yousanusb.com\/fr\/wp-json\/wp\/v2\/product\/18999"}],"collection":[{"href":"https:\/\/www.yousanusb.com\/fr\/wp-json\/wp\/v2\/product"}],"about":[{"href":"https:\/\/www.yousanusb.com\/fr\/wp-json\/wp\/v2\/types\/product"}],"replies":[{"embeddable":true,"href":"https:\/\/www.yousanusb.com\/fr\/wp-json\/wp\/v2\/comments?post=18999"}],"wp:featuredmedia":[{"embeddable":true,"href":"https:\/\/www.yousanusb.com\/fr\/wp-json\/wp\/v2\/media\/19004"}],"wp:attachment":[{"href":"https:\/\/www.yousanusb.com\/fr\/wp-json\/wp\/v2\/media?parent=18999"}],"curies":[{"name":"wp","href":"https:\/\/api.w.org\/{rel}","templated":true}]}}