{"id":19747,"date":"2025-10-08T10:31:07","date_gmt":"2025-10-08T10:31:07","guid":{"rendered":"https:\/\/www.yousanusb.com\/?post_type=product&#038;p=19747"},"modified":"2025-10-08T10:41:07","modified_gmt":"2025-10-08T10:41:07","slug":"custom-metal-cylinder-usb-flash-drive","status":"publish","type":"product","link":"https:\/\/www.yousanusb.com\/fr\/produit\/custom-metal-cylinder-usb-flash-drive\/","title":{"rendered":"cl\u00e9 usb cylindrique personnalis\u00e9e en m\u00e9tal"},"content":{"rendered":"<p>Cette cl\u00e9 USB cylindrique est l'un de nos mod\u00e8les les plus \"uniques\". Sa forme cylindrique est dot\u00e9e d'un capuchon rotatif qui peut \u00eatre facilement retir\u00e9 et reviss\u00e9. Bien qu'il ne s'agisse pas d'une cl\u00e9 USB de forme typique, ses dimensions circulaires distinctives la rendent tout \u00e0 fait attrayante. Le corps principal de la cl\u00e9 USB cylindrique est disponible dans une vari\u00e9t\u00e9 de couleurs, y compris l'argent, le noir, le bleu, le rouge, le jaune et de nombreuses autres couleurs Pantone. <\/p>\n\n\n\n<div class=\"wp-block-columns is-layout-flex wp-container-core-columns-is-layout-1 wp-block-columns-is-layout-flex\">\n<div class=\"wp-block-column is-layout-flow wp-block-column-is-layout-flow\">\n<figure class=\"wp-block-image size-full\"><img fetchpriority=\"high\" decoding=\"async\" width=\"800\" height=\"800\" src=\"https:\/\/www.yousanusb.com\/wp-content\/uploads\/2025\/10\/custom-metal-cylinder-usb-flash-drive.png\" alt=\"\" class=\"wp-image-19750\" srcset=\"https:\/\/www.yousanusb.com\/wp-content\/uploads\/2025\/10\/custom-metal-cylinder-usb-flash-drive.png 800w, https:\/\/www.yousanusb.com\/wp-content\/uploads\/2025\/10\/custom-metal-cylinder-usb-flash-drive-300x300.png 300w, https:\/\/www.yousanusb.com\/wp-content\/uploads\/2025\/10\/custom-metal-cylinder-usb-flash-drive-150x150.png 150w, https:\/\/www.yousanusb.com\/wp-content\/uploads\/2025\/10\/custom-metal-cylinder-usb-flash-drive-768x768.png 768w, https:\/\/www.yousanusb.com\/wp-content\/uploads\/2025\/10\/custom-metal-cylinder-usb-flash-drive-12x12.png 12w, https:\/\/www.yousanusb.com\/wp-content\/uploads\/2025\/10\/custom-metal-cylinder-usb-flash-drive-600x600.png 600w, https:\/\/www.yousanusb.com\/wp-content\/uploads\/2025\/10\/custom-metal-cylinder-usb-flash-drive-100x100.png 100w\" sizes=\"(max-width: 800px) 100vw, 800px\" \/><\/figure>\n<\/div>\n\n\n\n<div class=\"wp-block-column is-layout-flow wp-block-column-is-layout-flow\">\n<figure class=\"wp-block-image size-full\"><img decoding=\"async\" width=\"800\" height=\"800\" src=\"https:\/\/www.yousanusb.com\/wp-content\/uploads\/2025\/10\/Cylinder-USB.jpg\" alt=\"\" class=\"wp-image-19753\" srcset=\"https:\/\/www.yousanusb.com\/wp-content\/uploads\/2025\/10\/Cylinder-USB.jpg 800w, https:\/\/www.yousanusb.com\/wp-content\/uploads\/2025\/10\/Cylinder-USB-300x300.jpg 300w, https:\/\/www.yousanusb.com\/wp-content\/uploads\/2025\/10\/Cylinder-USB-150x150.jpg 150w, https:\/\/www.yousanusb.com\/wp-content\/uploads\/2025\/10\/Cylinder-USB-768x768.jpg 768w, https:\/\/www.yousanusb.com\/wp-content\/uploads\/2025\/10\/Cylinder-USB-12x12.jpg 12w, https:\/\/www.yousanusb.com\/wp-content\/uploads\/2025\/10\/Cylinder-USB-600x600.jpg 600w, https:\/\/www.yousanusb.com\/wp-content\/uploads\/2025\/10\/Cylinder-USB-100x100.jpg 100w\" sizes=\"(max-width: 800px) 100vw, 800px\" \/><\/figure>\n<\/div>\n<\/div>\n\n\n\n<p>La quantit\u00e9 minimale de commande pour la cl\u00e9 USB cylindrique est de 100 unit\u00e9s. Fabriqu\u00e9e en aluminium, elle est dot\u00e9e d'un petit porte-cl\u00e9s, ce qui la rend id\u00e9ale pour \u00eatre transport\u00e9e sur vos cl\u00e9s. Les capacit\u00e9s de stockage disponibles commencent \u00e0 2 Go et s'\u00e9tendent jusqu'\u00e0 128 Go. Pour plus de d\u00e9tails sur ce mod\u00e8le, veuillez nous contacter.<\/p>\n\n\n\n<p>Cette cl\u00e9 USB peut \u00eatre personnalis\u00e9e avec des logos ou des dessins, adapt\u00e9s \u00e0 la s\u00e9rigraphie ou \u00e0 la gravure au laser.<\/p>\n\n\n\n<div class=\"wp-block-columns is-layout-flex wp-container-core-columns-is-layout-2 wp-block-columns-is-layout-flex\">\n<div class=\"wp-block-column is-layout-flow wp-block-column-is-layout-flow\">\n<figure class=\"wp-block-image size-full\"><img decoding=\"async\" width=\"800\" height=\"800\" src=\"https:\/\/www.yousanusb.com\/wp-content\/uploads\/2025\/10\/metal-cylinder-usb-flash-drive.jpg\" alt=\"\" class=\"wp-image-19754\" srcset=\"https:\/\/www.yousanusb.com\/wp-content\/uploads\/2025\/10\/metal-cylinder-usb-flash-drive.jpg 800w, https:\/\/www.yousanusb.com\/wp-content\/uploads\/2025\/10\/metal-cylinder-usb-flash-drive-300x300.jpg 300w, https:\/\/www.yousanusb.com\/wp-content\/uploads\/2025\/10\/metal-cylinder-usb-flash-drive-150x150.jpg 150w, https:\/\/www.yousanusb.com\/wp-content\/uploads\/2025\/10\/metal-cylinder-usb-flash-drive-768x768.jpg 768w, https:\/\/www.yousanusb.com\/wp-content\/uploads\/2025\/10\/metal-cylinder-usb-flash-drive-12x12.jpg 12w, https:\/\/www.yousanusb.com\/wp-content\/uploads\/2025\/10\/metal-cylinder-usb-flash-drive-600x600.jpg 600w, https:\/\/www.yousanusb.com\/wp-content\/uploads\/2025\/10\/metal-cylinder-usb-flash-drive-100x100.jpg 100w\" sizes=\"(max-width: 800px) 100vw, 800px\" \/><\/figure>\n<\/div>\n\n\n\n<div class=\"wp-block-column is-layout-flow wp-block-column-is-layout-flow\">\n<figure class=\"wp-block-image size-full\"><img loading=\"lazy\" decoding=\"async\" width=\"800\" height=\"800\" src=\"https:\/\/www.yousanusb.com\/wp-content\/uploads\/2025\/10\/Custom-Metal-Pill-Shape-USB-Flash-Drive.png\" alt=\"\" class=\"wp-image-19751\" srcset=\"https:\/\/www.yousanusb.com\/wp-content\/uploads\/2025\/10\/Custom-Metal-Pill-Shape-USB-Flash-Drive.png 800w, https:\/\/www.yousanusb.com\/wp-content\/uploads\/2025\/10\/Custom-Metal-Pill-Shape-USB-Flash-Drive-300x300.png 300w, https:\/\/www.yousanusb.com\/wp-content\/uploads\/2025\/10\/Custom-Metal-Pill-Shape-USB-Flash-Drive-150x150.png 150w, https:\/\/www.yousanusb.com\/wp-content\/uploads\/2025\/10\/Custom-Metal-Pill-Shape-USB-Flash-Drive-768x768.png 768w, https:\/\/www.yousanusb.com\/wp-content\/uploads\/2025\/10\/Custom-Metal-Pill-Shape-USB-Flash-Drive-12x12.png 12w, https:\/\/www.yousanusb.com\/wp-content\/uploads\/2025\/10\/Custom-Metal-Pill-Shape-USB-Flash-Drive-600x600.png 600w, https:\/\/www.yousanusb.com\/wp-content\/uploads\/2025\/10\/Custom-Metal-Pill-Shape-USB-Flash-Drive-100x100.png 100w\" sizes=\"(max-width: 800px) 100vw, 800px\" \/><\/figure>\n<\/div>\n<\/div>","protected":false},"excerpt":{"rendered":"<ul>\n<li>Mat\u00e9riau en alliage d'aluminium<\/li>\n<li>Noir, argent, bleu ou assorti \u00e0 un pantone<\/li>\n<li>S\u00e9rigraphie ou gravure au laser<\/li>\n<li>Aucune alimentation externe n'est n\u00e9cessaire, plug &amp; play<\/li>\n<li>MOQ:100pcs<\/li>\n<\/ul>","protected":false},"featured_media":19753,"comment_status":"open","ping_status":"closed","template":"","meta":{"_seopress_robots_primary_cat":"","_seopress_titles_title":"","_seopress_titles_desc":"","_seopress_robots_index":""},"class_list":["post-19747","product","type-product","status-publish","has-post-thumbnail","hentry","product_cat-metal-usb-flash-drive","product_tag-aluminum-flash-drive"],"_links":{"self":[{"href":"https:\/\/www.yousanusb.com\/fr\/wp-json\/wp\/v2\/product\/19747"}],"collection":[{"href":"https:\/\/www.yousanusb.com\/fr\/wp-json\/wp\/v2\/product"}],"about":[{"href":"https:\/\/www.yousanusb.com\/fr\/wp-json\/wp\/v2\/types\/product"}],"replies":[{"embeddable":true,"href":"https:\/\/www.yousanusb.com\/fr\/wp-json\/wp\/v2\/comments?post=19747"}],"wp:featuredmedia":[{"embeddable":true,"href":"https:\/\/www.yousanusb.com\/fr\/wp-json\/wp\/v2\/media\/19753"}],"wp:attachment":[{"href":"https:\/\/www.yousanusb.com\/fr\/wp-json\/wp\/v2\/media?parent=19747"}],"curies":[{"name":"wp","href":"https:\/\/api.w.org\/{rel}","templated":true}]}}