{"id":19775,"date":"2025-10-08T12:05:08","date_gmt":"2025-10-08T12:05:08","guid":{"rendered":"https:\/\/www.yousanusb.com\/?post_type=product&#038;p=19775"},"modified":"2025-10-08T12:13:24","modified_gmt":"2025-10-08T12:13:24","slug":"rectangular-flip-leather-usb-flash-drive-with-keychain","status":"publish","type":"product","link":"https:\/\/www.yousanusb.com\/fr\/produit\/rectangular-flip-leather-usb-flash-drive-with-keychain\/","title":{"rendered":"Cl\u00e9 USB rectangulaire en cuir avec porte-cl\u00e9s"},"content":{"rendered":"<div class=\"wp-block-columns is-layout-flex wp-container-core-columns-is-layout-1 wp-block-columns-is-layout-flex\">\n<div class=\"wp-block-column is-layout-flow wp-block-column-is-layout-flow\">\n<figure class=\"wp-block-image size-full\"><img fetchpriority=\"high\" decoding=\"async\" width=\"800\" height=\"800\" src=\"https:\/\/www.yousanusb.com\/wp-content\/uploads\/2025\/10\/Metal-zinc-alloy-leather-USB.jpg\" alt=\"\" class=\"wp-image-19794\" srcset=\"https:\/\/www.yousanusb.com\/wp-content\/uploads\/2025\/10\/Metal-zinc-alloy-leather-USB.jpg 800w, https:\/\/www.yousanusb.com\/wp-content\/uploads\/2025\/10\/Metal-zinc-alloy-leather-USB-300x300.jpg 300w, https:\/\/www.yousanusb.com\/wp-content\/uploads\/2025\/10\/Metal-zinc-alloy-leather-USB-150x150.jpg 150w, https:\/\/www.yousanusb.com\/wp-content\/uploads\/2025\/10\/Metal-zinc-alloy-leather-USB-768x768.jpg 768w, https:\/\/www.yousanusb.com\/wp-content\/uploads\/2025\/10\/Metal-zinc-alloy-leather-USB-12x12.jpg 12w, https:\/\/www.yousanusb.com\/wp-content\/uploads\/2025\/10\/Metal-zinc-alloy-leather-USB-600x600.jpg 600w, https:\/\/www.yousanusb.com\/wp-content\/uploads\/2025\/10\/Metal-zinc-alloy-leather-USB-100x100.jpg 100w\" sizes=\"(max-width: 800px) 100vw, 800px\" \/><\/figure>\n<\/div>\n\n\n\n<div class=\"wp-block-column is-vertically-aligned-center is-layout-flow wp-block-column-is-layout-flow\">\n<p>La cl\u00e9 USB rectangulaire \u00e0 couvercle rabattable en cuir est un membre distinctif de la famille des cl\u00e9s USB en cuir. Fabriqu\u00e9e en cuir de premi\u00e8re qualit\u00e9, elle offre une dissipation exceptionnelle de la chaleur. Cela permet d'\u00e9viter que la chaleur g\u00e9n\u00e9r\u00e9e lors d'une utilisation prolong\u00e9e n'affecte les performances, garantissant ainsi la stabilit\u00e9 du transfert et du stockage des donn\u00e9es.<\/p>\n<\/div>\n<\/div>\n\n\n\n<div class=\"wp-block-columns is-layout-flex wp-container-core-columns-is-layout-2 wp-block-columns-is-layout-flex\">\n<div class=\"wp-block-column is-vertically-aligned-center is-layout-flow wp-block-column-is-layout-flow\">\n<p>En termes d'apparence, il adopte une philosophie minimaliste et pratique, avec une forme rectangulaire \u00e9pur\u00e9e. \u00c9quip\u00e9 d'un porte-cl\u00e9s m\u00e9tallique surdimensionn\u00e9, il ne se contente pas d'am\u00e9liorer la fonctionnalit\u00e9, mais rehausse \u00e9galement l'aspect g\u00e9n\u00e9ral de l'objet.<\/p>\n\n\n\n<p>Le design unique de sa couverture magn\u00e9tique \u00e0 rabat est associ\u00e9 \u00e0 un savoir-faire sophistiqu\u00e9 de verrouillage des bords, int\u00e9grant des aimants dans la pochette int\u00e9rieure en cuir de la face avant. Le couvercle se referme d'une simple pression, enfermant herm\u00e9tiquement le port USB pour une protection compl\u00e8te. Cela r\u00e9duit efficacement le risque de dommages physiques et d'intrusion de poussi\u00e8re, prolongeant ainsi la dur\u00e9e de vie de la cl\u00e9 USB.<\/p>\n<\/div>\n\n\n\n<div class=\"wp-block-column is-layout-flow wp-block-column-is-layout-flow\">\n<figure class=\"wp-block-image size-full\"><img decoding=\"async\" width=\"800\" height=\"800\" src=\"https:\/\/www.yousanusb.com\/wp-content\/uploads\/2025\/10\/keychain-leather-USB-flash-drive.jpg\" alt=\"\" class=\"wp-image-19785\" srcset=\"https:\/\/www.yousanusb.com\/wp-content\/uploads\/2025\/10\/keychain-leather-USB-flash-drive.jpg 800w, https:\/\/www.yousanusb.com\/wp-content\/uploads\/2025\/10\/keychain-leather-USB-flash-drive-300x300.jpg 300w, https:\/\/www.yousanusb.com\/wp-content\/uploads\/2025\/10\/keychain-leather-USB-flash-drive-150x150.jpg 150w, https:\/\/www.yousanusb.com\/wp-content\/uploads\/2025\/10\/keychain-leather-USB-flash-drive-768x768.jpg 768w, https:\/\/www.yousanusb.com\/wp-content\/uploads\/2025\/10\/keychain-leather-USB-flash-drive-12x12.jpg 12w, https:\/\/www.yousanusb.com\/wp-content\/uploads\/2025\/10\/keychain-leather-USB-flash-drive-600x600.jpg 600w, https:\/\/www.yousanusb.com\/wp-content\/uploads\/2025\/10\/keychain-leather-USB-flash-drive-100x100.jpg 100w\" sizes=\"(max-width: 800px) 100vw, 800px\" \/><\/figure>\n<\/div>\n<\/div>\n\n\n\n<h2 class=\"wp-block-heading\">Sessions personnalis\u00e9es<\/h2>\n\n\n\n<h3 class=\"wp-block-heading\">Couleurs personnalisables<\/h3>\n\n\n\n<p>Cette cl\u00e9 USB est disponible dans les couleurs personnalisables suivantes :<br>Les couleurs les plus vendues sont le noir, le blanc, le marron, le rouge, le vert et le bleu, ce qui permet de r\u00e9pondre aux diverses pr\u00e9f\u00e9rences esth\u00e9tiques et aux diff\u00e9rents sc\u00e9narios d'application.<\/p>\n\n\n\n<div class=\"wp-block-columns is-layout-flex wp-container-core-columns-is-layout-3 wp-block-columns-is-layout-flex\">\n<div class=\"wp-block-column is-layout-flow wp-block-column-is-layout-flow\">\n<figure class=\"wp-block-image size-full\"><img decoding=\"async\" width=\"800\" height=\"800\" src=\"https:\/\/www.yousanusb.com\/wp-content\/uploads\/2025\/10\/business-hanging-ring-leather-USB-flash-drive.jpg\" alt=\"\" class=\"wp-image-19783\" srcset=\"https:\/\/www.yousanusb.com\/wp-content\/uploads\/2025\/10\/business-hanging-ring-leather-USB-flash-drive.jpg 800w, https:\/\/www.yousanusb.com\/wp-content\/uploads\/2025\/10\/business-hanging-ring-leather-USB-flash-drive-300x300.jpg 300w, https:\/\/www.yousanusb.com\/wp-content\/uploads\/2025\/10\/business-hanging-ring-leather-USB-flash-drive-150x150.jpg 150w, https:\/\/www.yousanusb.com\/wp-content\/uploads\/2025\/10\/business-hanging-ring-leather-USB-flash-drive-768x768.jpg 768w, https:\/\/www.yousanusb.com\/wp-content\/uploads\/2025\/10\/business-hanging-ring-leather-USB-flash-drive-12x12.jpg 12w, https:\/\/www.yousanusb.com\/wp-content\/uploads\/2025\/10\/business-hanging-ring-leather-USB-flash-drive-600x600.jpg 600w, https:\/\/www.yousanusb.com\/wp-content\/uploads\/2025\/10\/business-hanging-ring-leather-USB-flash-drive-100x100.jpg 100w\" sizes=\"(max-width: 800px) 100vw, 800px\" \/><\/figure>\n<\/div>\n\n\n\n<div class=\"wp-block-column is-layout-flow wp-block-column-is-layout-flow\">\n<figure class=\"wp-block-image size-full\"><img loading=\"lazy\" decoding=\"async\" width=\"800\" height=\"800\" src=\"https:\/\/www.yousanusb.com\/wp-content\/uploads\/2025\/10\/Bold-Color-Leather-USB-Flash-Drive-32G.jpg\" alt=\"\" class=\"wp-image-19781\" srcset=\"https:\/\/www.yousanusb.com\/wp-content\/uploads\/2025\/10\/Bold-Color-Leather-USB-Flash-Drive-32G.jpg 800w, https:\/\/www.yousanusb.com\/wp-content\/uploads\/2025\/10\/Bold-Color-Leather-USB-Flash-Drive-32G-300x300.jpg 300w, https:\/\/www.yousanusb.com\/wp-content\/uploads\/2025\/10\/Bold-Color-Leather-USB-Flash-Drive-32G-150x150.jpg 150w, https:\/\/www.yousanusb.com\/wp-content\/uploads\/2025\/10\/Bold-Color-Leather-USB-Flash-Drive-32G-768x768.jpg 768w, https:\/\/www.yousanusb.com\/wp-content\/uploads\/2025\/10\/Bold-Color-Leather-USB-Flash-Drive-32G-12x12.jpg 12w, https:\/\/www.yousanusb.com\/wp-content\/uploads\/2025\/10\/Bold-Color-Leather-USB-Flash-Drive-32G-600x600.jpg 600w, https:\/\/www.yousanusb.com\/wp-content\/uploads\/2025\/10\/Bold-Color-Leather-USB-Flash-Drive-32G-100x100.jpg 100w\" sizes=\"(max-width: 800px) 100vw, 800px\" \/><\/figure>\n<\/div>\n\n\n\n<div class=\"wp-block-column is-layout-flow wp-block-column-is-layout-flow\">\n<figure class=\"wp-block-image size-full\"><img loading=\"lazy\" decoding=\"async\" width=\"800\" height=\"800\" src=\"https:\/\/www.yousanusb.com\/wp-content\/uploads\/2025\/10\/4GB-USB-Bold-Color-Leather-Flash-Drive.jpg\" alt=\"\" class=\"wp-image-19778\" srcset=\"https:\/\/www.yousanusb.com\/wp-content\/uploads\/2025\/10\/4GB-USB-Bold-Color-Leather-Flash-Drive.jpg 800w, https:\/\/www.yousanusb.com\/wp-content\/uploads\/2025\/10\/4GB-USB-Bold-Color-Leather-Flash-Drive-300x300.jpg 300w, https:\/\/www.yousanusb.com\/wp-content\/uploads\/2025\/10\/4GB-USB-Bold-Color-Leather-Flash-Drive-150x150.jpg 150w, https:\/\/www.yousanusb.com\/wp-content\/uploads\/2025\/10\/4GB-USB-Bold-Color-Leather-Flash-Drive-768x768.jpg 768w, https:\/\/www.yousanusb.com\/wp-content\/uploads\/2025\/10\/4GB-USB-Bold-Color-Leather-Flash-Drive-12x12.jpg 12w, https:\/\/www.yousanusb.com\/wp-content\/uploads\/2025\/10\/4GB-USB-Bold-Color-Leather-Flash-Drive-600x600.jpg 600w, https:\/\/www.yousanusb.com\/wp-content\/uploads\/2025\/10\/4GB-USB-Bold-Color-Leather-Flash-Drive-100x100.jpg 100w\" sizes=\"(max-width: 800px) 100vw, 800px\" \/><\/figure>\n<\/div>\n<\/div>\n\n\n\n<div class=\"wp-block-columns is-layout-flex wp-container-core-columns-is-layout-4 wp-block-columns-is-layout-flex\">\n<div class=\"wp-block-column is-layout-flow wp-block-column-is-layout-flow\">\n<figure class=\"wp-block-image size-full\"><img loading=\"lazy\" decoding=\"async\" width=\"800\" height=\"800\" src=\"https:\/\/www.yousanusb.com\/wp-content\/uploads\/2025\/10\/8GB-USB-Bold-Color-Leather-Flash-Drive.jpg\" alt=\"\" class=\"wp-image-19779\" srcset=\"https:\/\/www.yousanusb.com\/wp-content\/uploads\/2025\/10\/8GB-USB-Bold-Color-Leather-Flash-Drive.jpg 800w, https:\/\/www.yousanusb.com\/wp-content\/uploads\/2025\/10\/8GB-USB-Bold-Color-Leather-Flash-Drive-300x300.jpg 300w, https:\/\/www.yousanusb.com\/wp-content\/uploads\/2025\/10\/8GB-USB-Bold-Color-Leather-Flash-Drive-150x150.jpg 150w, https:\/\/www.yousanusb.com\/wp-content\/uploads\/2025\/10\/8GB-USB-Bold-Color-Leather-Flash-Drive-768x768.jpg 768w, https:\/\/www.yousanusb.com\/wp-content\/uploads\/2025\/10\/8GB-USB-Bold-Color-Leather-Flash-Drive-12x12.jpg 12w, https:\/\/www.yousanusb.com\/wp-content\/uploads\/2025\/10\/8GB-USB-Bold-Color-Leather-Flash-Drive-600x600.jpg 600w, https:\/\/www.yousanusb.com\/wp-content\/uploads\/2025\/10\/8GB-USB-Bold-Color-Leather-Flash-Drive-100x100.jpg 100w\" sizes=\"(max-width: 800px) 100vw, 800px\" \/><\/figure>\n<\/div>\n\n\n\n<div class=\"wp-block-column is-layout-flow wp-block-column-is-layout-flow\">\n<figure class=\"wp-block-image size-full\"><img loading=\"lazy\" decoding=\"async\" width=\"800\" height=\"800\" src=\"https:\/\/www.yousanusb.com\/wp-content\/uploads\/2025\/10\/Bold-Color-Leather-USB-Flash-Drive.jpg\" alt=\"\" class=\"wp-image-19782\" srcset=\"https:\/\/www.yousanusb.com\/wp-content\/uploads\/2025\/10\/Bold-Color-Leather-USB-Flash-Drive.jpg 800w, https:\/\/www.yousanusb.com\/wp-content\/uploads\/2025\/10\/Bold-Color-Leather-USB-Flash-Drive-300x300.jpg 300w, https:\/\/www.yousanusb.com\/wp-content\/uploads\/2025\/10\/Bold-Color-Leather-USB-Flash-Drive-150x150.jpg 150w, https:\/\/www.yousanusb.com\/wp-content\/uploads\/2025\/10\/Bold-Color-Leather-USB-Flash-Drive-768x768.jpg 768w, https:\/\/www.yousanusb.com\/wp-content\/uploads\/2025\/10\/Bold-Color-Leather-USB-Flash-Drive-12x12.jpg 12w, https:\/\/www.yousanusb.com\/wp-content\/uploads\/2025\/10\/Bold-Color-Leather-USB-Flash-Drive-600x600.jpg 600w, https:\/\/www.yousanusb.com\/wp-content\/uploads\/2025\/10\/Bold-Color-Leather-USB-Flash-Drive-100x100.jpg 100w\" sizes=\"(max-width: 800px) 100vw, 800px\" \/><\/figure>\n<\/div>\n\n\n\n<div class=\"wp-block-column is-layout-flow wp-block-column-is-layout-flow\">\n<figure class=\"wp-block-image size-full\"><img loading=\"lazy\" decoding=\"async\" width=\"800\" height=\"800\" src=\"https:\/\/www.yousanusb.com\/wp-content\/uploads\/2025\/10\/Keyholder-Leather-USB-flash-drives-1.jpg\" alt=\"\" class=\"wp-image-19786\" srcset=\"https:\/\/www.yousanusb.com\/wp-content\/uploads\/2025\/10\/Keyholder-Leather-USB-flash-drives-1.jpg 800w, https:\/\/www.yousanusb.com\/wp-content\/uploads\/2025\/10\/Keyholder-Leather-USB-flash-drives-1-300x300.jpg 300w, https:\/\/www.yousanusb.com\/wp-content\/uploads\/2025\/10\/Keyholder-Leather-USB-flash-drives-1-150x150.jpg 150w, https:\/\/www.yousanusb.com\/wp-content\/uploads\/2025\/10\/Keyholder-Leather-USB-flash-drives-1-768x768.jpg 768w, https:\/\/www.yousanusb.com\/wp-content\/uploads\/2025\/10\/Keyholder-Leather-USB-flash-drives-1-12x12.jpg 12w, https:\/\/www.yousanusb.com\/wp-content\/uploads\/2025\/10\/Keyholder-Leather-USB-flash-drives-1-600x600.jpg 600w, https:\/\/www.yousanusb.com\/wp-content\/uploads\/2025\/10\/Keyholder-Leather-USB-flash-drives-1-100x100.jpg 100w\" sizes=\"(max-width: 800px) 100vw, 800px\" \/><\/figure>\n<\/div>\n<\/div>\n\n\n\n<h3 class=\"wp-block-heading\">Autres contenus personnalisables<\/h3>\n\n\n\n<div class=\"wp-block-columns is-layout-flex wp-container-core-columns-is-layout-5 wp-block-columns-is-layout-flex\">\n<div class=\"wp-block-column is-layout-flow wp-block-column-is-layout-flow\">\n<figure class=\"wp-block-image size-full\"><img loading=\"lazy\" decoding=\"async\" width=\"800\" height=\"800\" src=\"https:\/\/www.yousanusb.com\/wp-content\/uploads\/2025\/10\/Leather-USB-Flash-Drive.jpg\" alt=\"\" class=\"wp-image-19790\" srcset=\"https:\/\/www.yousanusb.com\/wp-content\/uploads\/2025\/10\/Leather-USB-Flash-Drive.jpg 800w, https:\/\/www.yousanusb.com\/wp-content\/uploads\/2025\/10\/Leather-USB-Flash-Drive-300x300.jpg 300w, https:\/\/www.yousanusb.com\/wp-content\/uploads\/2025\/10\/Leather-USB-Flash-Drive-150x150.jpg 150w, https:\/\/www.yousanusb.com\/wp-content\/uploads\/2025\/10\/Leather-USB-Flash-Drive-768x768.jpg 768w, https:\/\/www.yousanusb.com\/wp-content\/uploads\/2025\/10\/Leather-USB-Flash-Drive-12x12.jpg 12w, https:\/\/www.yousanusb.com\/wp-content\/uploads\/2025\/10\/Leather-USB-Flash-Drive-600x600.jpg 600w, https:\/\/www.yousanusb.com\/wp-content\/uploads\/2025\/10\/Leather-USB-Flash-Drive-100x100.jpg 100w\" sizes=\"(max-width: 800px) 100vw, 800px\" \/><\/figure>\n<\/div>\n\n\n\n<div class=\"wp-block-column is-layout-flow wp-block-column-is-layout-flow\">\n<figure class=\"wp-block-image size-full\"><img loading=\"lazy\" decoding=\"async\" width=\"800\" height=\"800\" src=\"https:\/\/www.yousanusb.com\/wp-content\/uploads\/2025\/10\/leather-USB-Flash-Drive-4GB-8GB-16G-32GB-pen-drive.jpg\" alt=\"\" class=\"wp-image-19788\" srcset=\"https:\/\/www.yousanusb.com\/wp-content\/uploads\/2025\/10\/leather-USB-Flash-Drive-4GB-8GB-16G-32GB-pen-drive.jpg 800w, https:\/\/www.yousanusb.com\/wp-content\/uploads\/2025\/10\/leather-USB-Flash-Drive-4GB-8GB-16G-32GB-pen-drive-300x300.jpg 300w, https:\/\/www.yousanusb.com\/wp-content\/uploads\/2025\/10\/leather-USB-Flash-Drive-4GB-8GB-16G-32GB-pen-drive-150x150.jpg 150w, https:\/\/www.yousanusb.com\/wp-content\/uploads\/2025\/10\/leather-USB-Flash-Drive-4GB-8GB-16G-32GB-pen-drive-768x768.jpg 768w, https:\/\/www.yousanusb.com\/wp-content\/uploads\/2025\/10\/leather-USB-Flash-Drive-4GB-8GB-16G-32GB-pen-drive-12x12.jpg 12w, https:\/\/www.yousanusb.com\/wp-content\/uploads\/2025\/10\/leather-USB-Flash-Drive-4GB-8GB-16G-32GB-pen-drive-600x600.jpg 600w, https:\/\/www.yousanusb.com\/wp-content\/uploads\/2025\/10\/leather-USB-Flash-Drive-4GB-8GB-16G-32GB-pen-drive-100x100.jpg 100w\" sizes=\"(max-width: 800px) 100vw, 800px\" \/><\/figure>\n<\/div>\n\n\n\n<div class=\"wp-block-column is-layout-flow wp-block-column-is-layout-flow\">\n<figure class=\"wp-block-image size-full\"><img loading=\"lazy\" decoding=\"async\" width=\"800\" height=\"800\" src=\"https:\/\/www.yousanusb.com\/wp-content\/uploads\/2025\/10\/Shiny-Silver-Swivel-USB-Flash-Drives.jpg\" alt=\"\" class=\"wp-image-19795\" srcset=\"https:\/\/www.yousanusb.com\/wp-content\/uploads\/2025\/10\/Shiny-Silver-Swivel-USB-Flash-Drives.jpg 800w, https:\/\/www.yousanusb.com\/wp-content\/uploads\/2025\/10\/Shiny-Silver-Swivel-USB-Flash-Drives-300x300.jpg 300w, https:\/\/www.yousanusb.com\/wp-content\/uploads\/2025\/10\/Shiny-Silver-Swivel-USB-Flash-Drives-150x150.jpg 150w, https:\/\/www.yousanusb.com\/wp-content\/uploads\/2025\/10\/Shiny-Silver-Swivel-USB-Flash-Drives-768x768.jpg 768w, https:\/\/www.yousanusb.com\/wp-content\/uploads\/2025\/10\/Shiny-Silver-Swivel-USB-Flash-Drives-12x12.jpg 12w, https:\/\/www.yousanusb.com\/wp-content\/uploads\/2025\/10\/Shiny-Silver-Swivel-USB-Flash-Drives-600x600.jpg 600w, https:\/\/www.yousanusb.com\/wp-content\/uploads\/2025\/10\/Shiny-Silver-Swivel-USB-Flash-Drives-100x100.jpg 100w\" sizes=\"(max-width: 800px) 100vw, 800px\" \/><\/figure>\n<\/div>\n<\/div>\n\n\n\n<p>La marque peut \u00eatre estamp\u00e9e au recto et au verso de la surface du cuir, en utilisant des techniques telles que l'estampage \u00e0 la feuille d'or, l'estampage \u00e0 la feuille d'argent et le gaufrage. Le logo de la marque est ainsi clairement affich\u00e9, ce qui am\u00e9liore la visibilit\u00e9 de la marque.<br>Les cl\u00e9s USB peuvent \u00eatre grav\u00e9es avec les d\u00e9tails de leur capacit\u00e9 pour faciliter leur identification et leur gestion.<br>Au-del\u00e0 du cuir standard, les mat\u00e9riaux PU personnalisables sont disponibles dans les cat\u00e9gories haut de gamme, milieu de gamme et budget. Associ\u00e9s \u00e0 diverses options de couleurs, ils facilitent la cr\u00e9ation de produits sur mesure, id\u00e9aux pour les cadeaux d'entreprise et la promotion des marques.<\/p>\n\n\n\n<div class=\"wp-block-columns is-layout-flex wp-container-core-columns-is-layout-6 wp-block-columns-is-layout-flex\">\n<div class=\"wp-block-column is-vertically-aligned-center is-layout-flow wp-block-column-is-layout-flow\">\n<p>Le<strong>\u00a0design du porte-cl\u00e9s<\/strong>\u00a0est un avantage majeur du produit. Il peut \u00eatre accroch\u00e9 directement aux cl\u00e9s ou aux sacs, ce qui permet de le transporter facilement et sans contrainte. Il est facilement accessible lorsqu'il est utilis\u00e9, ce qui est un gage de commodit\u00e9 et d'efficacit\u00e9. En outre, la combinaison du cuir et du porte-cl\u00e9s en m\u00e9tal est \u00e0 la fois simple et \u00e9l\u00e9gante. Il s'agit non seulement d'un gadget pratique, mais aussi d'une d\u00e9coration attrayante, qui ajoute des d\u00e9tails exquis \u00e0 la tenue de tous les jours.<\/p>\n<\/div>\n\n\n\n<div class=\"wp-block-column is-vertically-aligned-center is-layout-flow wp-block-column-is-layout-flow\">\n<figure class=\"wp-block-image size-full\"><img loading=\"lazy\" decoding=\"async\" width=\"800\" height=\"800\" src=\"https:\/\/www.yousanusb.com\/wp-content\/uploads\/2025\/10\/customized-leather-keychain-USB-flash-drive.jpg\" alt=\"\" class=\"wp-image-19784\" srcset=\"https:\/\/www.yousanusb.com\/wp-content\/uploads\/2025\/10\/customized-leather-keychain-USB-flash-drive.jpg 800w, https:\/\/www.yousanusb.com\/wp-content\/uploads\/2025\/10\/customized-leather-keychain-USB-flash-drive-300x300.jpg 300w, https:\/\/www.yousanusb.com\/wp-content\/uploads\/2025\/10\/customized-leather-keychain-USB-flash-drive-150x150.jpg 150w, https:\/\/www.yousanusb.com\/wp-content\/uploads\/2025\/10\/customized-leather-keychain-USB-flash-drive-768x768.jpg 768w, https:\/\/www.yousanusb.com\/wp-content\/uploads\/2025\/10\/customized-leather-keychain-USB-flash-drive-12x12.jpg 12w, https:\/\/www.yousanusb.com\/wp-content\/uploads\/2025\/10\/customized-leather-keychain-USB-flash-drive-600x600.jpg 600w, https:\/\/www.yousanusb.com\/wp-content\/uploads\/2025\/10\/customized-leather-keychain-USB-flash-drive-100x100.jpg 100w\" sizes=\"(max-width: 800px) 100vw, 800px\" \/><\/figure>\n<\/div>\n<\/div>","protected":false},"excerpt":{"rendered":"<ul>\n<li>Rectangulaire en cuir<\/li>\n<li>Porte-cl\u00e9s<\/li>\n<li>Conception magn\u00e9tique<\/li>\n<li>Dissipation de la chaleur du cuir<\/li>\n<li>MOQ:100pcs<\/li>\n<\/ul>","protected":false},"featured_media":19791,"comment_status":"open","ping_status":"closed","template":"","meta":{"_seopress_robots_primary_cat":"","_seopress_titles_title":"","_seopress_titles_desc":"","_seopress_robots_index":""},"class_list":["post-19775","product","type-product","status-publish","has-post-thumbnail","hentry","product_cat-leather-usb-flash-drive"],"_links":{"self":[{"href":"https:\/\/www.yousanusb.com\/fr\/wp-json\/wp\/v2\/product\/19775"}],"collection":[{"href":"https:\/\/www.yousanusb.com\/fr\/wp-json\/wp\/v2\/product"}],"about":[{"href":"https:\/\/www.yousanusb.com\/fr\/wp-json\/wp\/v2\/types\/product"}],"replies":[{"embeddable":true,"href":"https:\/\/www.yousanusb.com\/fr\/wp-json\/wp\/v2\/comments?post=19775"}],"wp:featuredmedia":[{"embeddable":true,"href":"https:\/\/www.yousanusb.com\/fr\/wp-json\/wp\/v2\/media\/19791"}],"wp:attachment":[{"href":"https:\/\/www.yousanusb.com\/fr\/wp-json\/wp\/v2\/media?parent=19775"}],"curies":[{"name":"wp","href":"https:\/\/api.w.org\/{rel}","templated":true}]}}