{"id":20346,"date":"2025-10-11T03:29:00","date_gmt":"2025-10-11T03:29:00","guid":{"rendered":"https:\/\/www.yousanusb.com\/?post_type=product&#038;p=20346"},"modified":"2025-10-12T04:18:21","modified_gmt":"2025-10-12T04:18:21","slug":"bracelet-usb-flash-drive-with-led-light","status":"publish","type":"product","link":"https:\/\/www.yousanusb.com\/fr\/produit\/bracelet-usb-flash-drive-with-led-light\/","title":{"rendered":"Bracelet cl\u00e9 USB avec lumi\u00e8re LED"},"content":{"rendered":"<p>Bracelet + logo lumineux :<\/p>\n\n\n\n<p>Am\u00e9lior\u00e9 par rapport aux bracelets traditionnels, le nouveau bracelet USB personnalis\u00e9 est dot\u00e9 d'un logo \u00e9clair\u00e9. Fabriqu\u00e9 en silicone doux et agr\u00e9able \u00e0 la peau, il offre un port confortable sans constriction. Gardez-le au poignet pendant les s\u00e9ances d'entra\u00eenement ou les trajets domicile-travail. Vous n'aurez plus \u00e0 craindre de perdre votre cl\u00e9 USB dans un coin de sac \u00e0 dos ou sur une table de conf\u00e9rence. Lorsqu'il est ins\u00e9r\u00e9 dans un appareil, le logo situ\u00e9 \u00e0 l'avant du bracelet s'illumine automatiquement d'une douce lueur. La cl\u00e9 USB est ainsi facile \u00e0 localiser dans les environnements peu \u00e9clair\u00e9s, tout en attirant instantan\u00e9ment l'attention sur l'identit\u00e9 de votre marque, alliant ainsi praticit\u00e9 et haute visibilit\u00e9.<\/p>\n\n\n\n<div class=\"wp-block-columns is-layout-flex wp-container-core-columns-is-layout-1 wp-block-columns-is-layout-flex\">\n<div class=\"wp-block-column is-layout-flow wp-block-column-is-layout-flow\">\n<figure class=\"wp-block-image size-full\"><img fetchpriority=\"high\" decoding=\"async\" width=\"800\" height=\"800\" src=\"https:\/\/www.yousanusb.com\/wp-content\/uploads\/2025\/10\/Wrist-Strap-USB-Flash-Drive-with-LED-Logo.webp\" alt=\"\" class=\"wp-image-20353\" srcset=\"https:\/\/www.yousanusb.com\/wp-content\/uploads\/2025\/10\/Wrist-Strap-USB-Flash-Drive-with-LED-Logo.webp 800w, https:\/\/www.yousanusb.com\/wp-content\/uploads\/2025\/10\/Wrist-Strap-USB-Flash-Drive-with-LED-Logo-300x300.webp 300w, https:\/\/www.yousanusb.com\/wp-content\/uploads\/2025\/10\/Wrist-Strap-USB-Flash-Drive-with-LED-Logo-150x150.webp 150w, https:\/\/www.yousanusb.com\/wp-content\/uploads\/2025\/10\/Wrist-Strap-USB-Flash-Drive-with-LED-Logo-768x768.webp 768w, https:\/\/www.yousanusb.com\/wp-content\/uploads\/2025\/10\/Wrist-Strap-USB-Flash-Drive-with-LED-Logo-12x12.webp 12w, https:\/\/www.yousanusb.com\/wp-content\/uploads\/2025\/10\/Wrist-Strap-USB-Flash-Drive-with-LED-Logo-600x600.webp 600w, https:\/\/www.yousanusb.com\/wp-content\/uploads\/2025\/10\/Wrist-Strap-USB-Flash-Drive-with-LED-Logo-100x100.webp 100w\" sizes=\"(max-width: 800px) 100vw, 800px\" \/><\/figure>\n<\/div>\n\n\n\n<div class=\"wp-block-column is-layout-flow wp-block-column-is-layout-flow\">\n<figure class=\"wp-block-image size-full\"><img decoding=\"async\" width=\"800\" height=\"800\" src=\"https:\/\/www.yousanusb.com\/wp-content\/uploads\/2025\/10\/green-Wrist-Strap-USB-Flash-Drive-with-LED-Logo.webp\" alt=\"\" class=\"wp-image-20350\" srcset=\"https:\/\/www.yousanusb.com\/wp-content\/uploads\/2025\/10\/green-Wrist-Strap-USB-Flash-Drive-with-LED-Logo.webp 800w, https:\/\/www.yousanusb.com\/wp-content\/uploads\/2025\/10\/green-Wrist-Strap-USB-Flash-Drive-with-LED-Logo-300x300.webp 300w, https:\/\/www.yousanusb.com\/wp-content\/uploads\/2025\/10\/green-Wrist-Strap-USB-Flash-Drive-with-LED-Logo-150x150.webp 150w, https:\/\/www.yousanusb.com\/wp-content\/uploads\/2025\/10\/green-Wrist-Strap-USB-Flash-Drive-with-LED-Logo-768x768.webp 768w, https:\/\/www.yousanusb.com\/wp-content\/uploads\/2025\/10\/green-Wrist-Strap-USB-Flash-Drive-with-LED-Logo-12x12.webp 12w, https:\/\/www.yousanusb.com\/wp-content\/uploads\/2025\/10\/green-Wrist-Strap-USB-Flash-Drive-with-LED-Logo-600x600.webp 600w, https:\/\/www.yousanusb.com\/wp-content\/uploads\/2025\/10\/green-Wrist-Strap-USB-Flash-Drive-with-LED-Logo-100x100.webp 100w\" sizes=\"(max-width: 800px) 100vw, 800px\" \/><\/figure>\n<\/div>\n<\/div>\n\n\n\n<p>Stockage \u00e0 grande vitesse<\/p>\n\n\n\n<p>\u00c9quip\u00e9 d'une puce UDP haute vitesse et prenant en charge les interfaces doubles USB 3.0\/Type-C en option, il transf\u00e8re des vid\u00e9os HD et des documents volumineux en quelques secondes seulement. Parfait pour les sauvegardes de fichiers au bureau, le stockage de donn\u00e9es pour les \u00e9tudiants et l'exportation de m\u00e9dias en ext\u00e9rieur. La partie bracelet a pass\u00e9 les tests d'\u00e9tanch\u00e9it\u00e9 et de r\u00e9sistance aux chutes, de sorte que les \u00e9claboussures quotidiennes et les petits chocs ne causent pas de dommages. Le module d'\u00e9mission de lumi\u00e8re utilise une conception \u00e0 faible consommation d'\u00e9nergie, aliment\u00e9 directement lorsqu'il est ins\u00e9r\u00e9 dans un appareil. Il n'est pas n\u00e9cessaire d'utiliser des piles suppl\u00e9mentaires, ce qui permet une utilisation \u00e0 long terme sans probl\u00e8me.<\/p>\n\n\n\n<div class=\"wp-block-columns is-layout-flex wp-container-core-columns-is-layout-2 wp-block-columns-is-layout-flex\">\n<div class=\"wp-block-column is-layout-flow wp-block-column-is-layout-flow\">\n<figure class=\"wp-block-image size-full\"><img decoding=\"async\" width=\"800\" height=\"800\" src=\"https:\/\/www.yousanusb.com\/wp-content\/uploads\/2025\/10\/red-Wrist-Strap-USB-Flash-Drive-with-LED-Logo.webp\" alt=\"\" class=\"wp-image-20351\" srcset=\"https:\/\/www.yousanusb.com\/wp-content\/uploads\/2025\/10\/red-Wrist-Strap-USB-Flash-Drive-with-LED-Logo.webp 800w, https:\/\/www.yousanusb.com\/wp-content\/uploads\/2025\/10\/red-Wrist-Strap-USB-Flash-Drive-with-LED-Logo-300x300.webp 300w, https:\/\/www.yousanusb.com\/wp-content\/uploads\/2025\/10\/red-Wrist-Strap-USB-Flash-Drive-with-LED-Logo-150x150.webp 150w, https:\/\/www.yousanusb.com\/wp-content\/uploads\/2025\/10\/red-Wrist-Strap-USB-Flash-Drive-with-LED-Logo-768x768.webp 768w, https:\/\/www.yousanusb.com\/wp-content\/uploads\/2025\/10\/red-Wrist-Strap-USB-Flash-Drive-with-LED-Logo-12x12.webp 12w, https:\/\/www.yousanusb.com\/wp-content\/uploads\/2025\/10\/red-Wrist-Strap-USB-Flash-Drive-with-LED-Logo-600x600.webp 600w, https:\/\/www.yousanusb.com\/wp-content\/uploads\/2025\/10\/red-Wrist-Strap-USB-Flash-Drive-with-LED-Logo-100x100.webp 100w\" sizes=\"(max-width: 800px) 100vw, 800px\" \/><\/figure>\n<\/div>\n\n\n\n<div class=\"wp-block-column is-layout-flow wp-block-column-is-layout-flow\">\n<figure class=\"wp-block-image size-full\"><img loading=\"lazy\" decoding=\"async\" width=\"800\" height=\"800\" src=\"https:\/\/www.yousanusb.com\/wp-content\/uploads\/2025\/10\/black-Wrist-Strap-USB-Flash-Drive-with-LED-Logo.webp\" alt=\"\" class=\"wp-image-20349\" srcset=\"https:\/\/www.yousanusb.com\/wp-content\/uploads\/2025\/10\/black-Wrist-Strap-USB-Flash-Drive-with-LED-Logo.webp 800w, https:\/\/www.yousanusb.com\/wp-content\/uploads\/2025\/10\/black-Wrist-Strap-USB-Flash-Drive-with-LED-Logo-300x300.webp 300w, https:\/\/www.yousanusb.com\/wp-content\/uploads\/2025\/10\/black-Wrist-Strap-USB-Flash-Drive-with-LED-Logo-150x150.webp 150w, https:\/\/www.yousanusb.com\/wp-content\/uploads\/2025\/10\/black-Wrist-Strap-USB-Flash-Drive-with-LED-Logo-768x768.webp 768w, https:\/\/www.yousanusb.com\/wp-content\/uploads\/2025\/10\/black-Wrist-Strap-USB-Flash-Drive-with-LED-Logo-12x12.webp 12w, https:\/\/www.yousanusb.com\/wp-content\/uploads\/2025\/10\/black-Wrist-Strap-USB-Flash-Drive-with-LED-Logo-600x600.webp 600w, https:\/\/www.yousanusb.com\/wp-content\/uploads\/2025\/10\/black-Wrist-Strap-USB-Flash-Drive-with-LED-Logo-100x100.webp 100w\" sizes=\"(max-width: 800px) 100vw, 800px\" \/><\/figure>\n<\/div>\n<\/div>\n\n\n\n<p>Personnalisation flexible<\/p>\n\n\n\n<p>Personnalisez la couleur du bracelet (plusieurs options disponibles : noir, blanc, bleu, rose, etc.), la couleur de la lumi\u00e8re du logo (couleur unique \/ effet d\u00e9grad\u00e9) et la capacit\u00e9 de stockage de la cl\u00e9 USB (8 Go-256 Go) en fonction de vos besoins.<\/p>\n\n\n\n<div class=\"wp-block-columns is-layout-flex wp-container-core-columns-is-layout-3 wp-block-columns-is-layout-flex\">\n<div class=\"wp-block-column is-layout-flow wp-block-column-is-layout-flow\">\n<figure class=\"wp-block-image size-full\"><img loading=\"lazy\" decoding=\"async\" width=\"800\" height=\"800\" src=\"https:\/\/www.yousanusb.com\/wp-content\/uploads\/2025\/10\/Wearable-USB-Drive-with-LED-Light.webp\" alt=\"\" class=\"wp-image-20352\" srcset=\"https:\/\/www.yousanusb.com\/wp-content\/uploads\/2025\/10\/Wearable-USB-Drive-with-LED-Light.webp 800w, https:\/\/www.yousanusb.com\/wp-content\/uploads\/2025\/10\/Wearable-USB-Drive-with-LED-Light-300x300.webp 300w, https:\/\/www.yousanusb.com\/wp-content\/uploads\/2025\/10\/Wearable-USB-Drive-with-LED-Light-150x150.webp 150w, https:\/\/www.yousanusb.com\/wp-content\/uploads\/2025\/10\/Wearable-USB-Drive-with-LED-Light-768x768.webp 768w, https:\/\/www.yousanusb.com\/wp-content\/uploads\/2025\/10\/Wearable-USB-Drive-with-LED-Light-12x12.webp 12w, https:\/\/www.yousanusb.com\/wp-content\/uploads\/2025\/10\/Wearable-USB-Drive-with-LED-Light-600x600.webp 600w, https:\/\/www.yousanusb.com\/wp-content\/uploads\/2025\/10\/Wearable-USB-Drive-with-LED-Light-100x100.webp 100w\" sizes=\"(max-width: 800px) 100vw, 800px\" \/><\/figure>\n<\/div>\n\n\n\n<div class=\"wp-block-column is-layout-flow wp-block-column-is-layout-flow\">\n<figure class=\"wp-block-image size-full\"><img loading=\"lazy\" decoding=\"async\" width=\"800\" height=\"800\" src=\"https:\/\/www.yousanusb.com\/wp-content\/uploads\/2025\/10\/Wrist-Strap-USB-Flash-Drive-with-no-LED-Logo.webp\" alt=\"\" class=\"wp-image-20354\" srcset=\"https:\/\/www.yousanusb.com\/wp-content\/uploads\/2025\/10\/Wrist-Strap-USB-Flash-Drive-with-no-LED-Logo.webp 800w, https:\/\/www.yousanusb.com\/wp-content\/uploads\/2025\/10\/Wrist-Strap-USB-Flash-Drive-with-no-LED-Logo-300x300.webp 300w, https:\/\/www.yousanusb.com\/wp-content\/uploads\/2025\/10\/Wrist-Strap-USB-Flash-Drive-with-no-LED-Logo-150x150.webp 150w, https:\/\/www.yousanusb.com\/wp-content\/uploads\/2025\/10\/Wrist-Strap-USB-Flash-Drive-with-no-LED-Logo-768x768.webp 768w, https:\/\/www.yousanusb.com\/wp-content\/uploads\/2025\/10\/Wrist-Strap-USB-Flash-Drive-with-no-LED-Logo-12x12.webp 12w, https:\/\/www.yousanusb.com\/wp-content\/uploads\/2025\/10\/Wrist-Strap-USB-Flash-Drive-with-no-LED-Logo-600x600.webp 600w, https:\/\/www.yousanusb.com\/wp-content\/uploads\/2025\/10\/Wrist-Strap-USB-Flash-Drive-with-no-LED-Logo-100x100.webp 100w\" sizes=\"(max-width: 800px) 100vw, 800px\" \/><\/figure>\n<\/div>\n<\/div>","protected":false},"excerpt":{"rendered":"<ul>\n<li>Bracelet cl\u00e9 USB<\/li>\n<li>avec lumi\u00e8re LED<\/li>\n<li>Rouge, vert, violet, blanc, noir<\/li>\n<li>Logo et couleur personnalis\u00e9s<\/li>\n<li>USB2.0 et USB3.0<\/li>\n<\/ul>","protected":false},"featured_media":20350,"comment_status":"open","ping_status":"closed","template":"","meta":{"_seopress_robots_primary_cat":"","_seopress_titles_title":"","_seopress_titles_desc":"","_seopress_robots_index":""},"class_list":["post-20346","product","type-product","status-publish","has-post-thumbnail","hentry","product_cat-bracelet-pen-drive","product_tag-silicone-bracelet-usb"],"_links":{"self":[{"href":"https:\/\/www.yousanusb.com\/fr\/wp-json\/wp\/v2\/product\/20346"}],"collection":[{"href":"https:\/\/www.yousanusb.com\/fr\/wp-json\/wp\/v2\/product"}],"about":[{"href":"https:\/\/www.yousanusb.com\/fr\/wp-json\/wp\/v2\/types\/product"}],"replies":[{"embeddable":true,"href":"https:\/\/www.yousanusb.com\/fr\/wp-json\/wp\/v2\/comments?post=20346"}],"wp:featuredmedia":[{"embeddable":true,"href":"https:\/\/www.yousanusb.com\/fr\/wp-json\/wp\/v2\/media\/20350"}],"wp:attachment":[{"href":"https:\/\/www.yousanusb.com\/fr\/wp-json\/wp\/v2\/media?parent=20346"}],"curies":[{"name":"wp","href":"https:\/\/api.w.org\/{rel}","templated":true}]}}