{"id":20398,"date":"2025-10-11T14:04:04","date_gmt":"2025-10-11T14:04:04","guid":{"rendered":"https:\/\/www.yousanusb.com\/?post_type=product&#038;p=20398"},"modified":"2025-10-12T04:18:05","modified_gmt":"2025-10-12T04:18:05","slug":"new-silicone-wristband-usb-flash-drive","status":"publish","type":"product","link":"https:\/\/www.yousanusb.com\/fr\/produit\/new-silicone-wristband-usb-flash-drive\/","title":{"rendered":"Nouveau bracelet en silicone Cl\u00e9 USB"},"content":{"rendered":"<div class=\"wp-block-columns is-layout-flex wp-container-core-columns-is-layout-1 wp-block-columns-is-layout-flex\">\n<div class=\"wp-block-column is-vertically-aligned-center is-layout-flow wp-block-column-is-layout-flow\">\n<p>Vous pensez peut-\u00eatre que nos produits sont purement professionnels et non amusants, mais cette cl\u00e9 USB avec bracelet en silicone est sp\u00e9cialement con\u00e7ue pour la jeune g\u00e9n\u00e9ration (mais pas uniquement). Son bracelet en silicone offre un moyen unique de transporter votre cl\u00e9 USB. De plus, elle offre la plus grande surface imprimable de tous nos produits. <\/p>\n\n\n\n<p>Fabriqu\u00e9es en silicone, ces cl\u00e9s USB sont durables et pratiques. La plupart de nos cl\u00e9s USB \u00e0 bracelet disposent de deux zones imprimables : vous pouvez imprimer des slogans ou des sites web sur le bracelet lui-m\u00eame et des logos sur la boucle. <\/p>\n\n\n\n<p>N'oubliez pas que vous pouvez choisir n'importe quelle couleur pour ces cl\u00e9s USB afin qu'elles correspondent \u00e0 l'identit\u00e9 de votre marque, ce qui en fait un excellent choix pour les \u00e9coles et les centres communautaires.<\/p>\n<\/div>\n\n\n\n<div class=\"wp-block-column is-layout-flow wp-block-column-is-layout-flow\">\n<figure class=\"wp-block-image size-full\"><img fetchpriority=\"high\" decoding=\"async\" width=\"800\" height=\"800\" src=\"https:\/\/www.yousanusb.com\/wp-content\/uploads\/2025\/10\/Custom-Silicone-Wristband-USB-Flash-Drives.png\" alt=\"\" class=\"wp-image-20402\" srcset=\"https:\/\/www.yousanusb.com\/wp-content\/uploads\/2025\/10\/Custom-Silicone-Wristband-USB-Flash-Drives.png 800w, https:\/\/www.yousanusb.com\/wp-content\/uploads\/2025\/10\/Custom-Silicone-Wristband-USB-Flash-Drives-300x300.png 300w, https:\/\/www.yousanusb.com\/wp-content\/uploads\/2025\/10\/Custom-Silicone-Wristband-USB-Flash-Drives-150x150.png 150w, https:\/\/www.yousanusb.com\/wp-content\/uploads\/2025\/10\/Custom-Silicone-Wristband-USB-Flash-Drives-768x768.png 768w, https:\/\/www.yousanusb.com\/wp-content\/uploads\/2025\/10\/Custom-Silicone-Wristband-USB-Flash-Drives-12x12.png 12w, https:\/\/www.yousanusb.com\/wp-content\/uploads\/2025\/10\/Custom-Silicone-Wristband-USB-Flash-Drives-600x600.png 600w, https:\/\/www.yousanusb.com\/wp-content\/uploads\/2025\/10\/Custom-Silicone-Wristband-USB-Flash-Drives-100x100.png 100w\" sizes=\"(max-width: 800px) 100vw, 800px\" \/><\/figure>\n<\/div>\n<\/div>\n\n\n\n<h2 class=\"wp-block-heading\">Couleurs<\/h2>\n\n\n\n<p>Les bracelets en silicone peuvent \u00eatre personnalis\u00e9s dans une large gamme de couleurs pour r\u00e9pondre \u00e0 vos besoins, notamment le bleu, le rose, le gris, le blanc, et m\u00eame des teintes fluorescentes ou d\u00e9grad\u00e9es. Ces options r\u00e9pondent \u00e0 diverses pr\u00e9f\u00e9rences esth\u00e9tiques et sc\u00e9narios, comme la s\u00e9lection des couleurs de la marque pour les \u00e9v\u00e9nements d'entreprise ou le choix des teintes pr\u00e9f\u00e9r\u00e9es pour un usage personnel.Le bo\u00eetier de la cl\u00e9 USB \u00e0 bracelet est disponible dans les couleurs suivantes.<\/p>\n\n\n\n<div class=\"wp-block-columns is-layout-flex wp-container-core-columns-is-layout-2 wp-block-columns-is-layout-flex\">\n<div class=\"wp-block-column is-layout-flow wp-block-column-is-layout-flow\">\n<figure class=\"wp-block-image size-full\"><img decoding=\"async\" width=\"800\" height=\"800\" src=\"https:\/\/www.yousanusb.com\/wp-content\/uploads\/2025\/10\/USB-Wristband-and-Bracelet-Flash-Drives.png\" alt=\"\" class=\"wp-image-20407\" srcset=\"https:\/\/www.yousanusb.com\/wp-content\/uploads\/2025\/10\/USB-Wristband-and-Bracelet-Flash-Drives.png 800w, https:\/\/www.yousanusb.com\/wp-content\/uploads\/2025\/10\/USB-Wristband-and-Bracelet-Flash-Drives-300x300.png 300w, https:\/\/www.yousanusb.com\/wp-content\/uploads\/2025\/10\/USB-Wristband-and-Bracelet-Flash-Drives-150x150.png 150w, https:\/\/www.yousanusb.com\/wp-content\/uploads\/2025\/10\/USB-Wristband-and-Bracelet-Flash-Drives-768x768.png 768w, https:\/\/www.yousanusb.com\/wp-content\/uploads\/2025\/10\/USB-Wristband-and-Bracelet-Flash-Drives-12x12.png 12w, https:\/\/www.yousanusb.com\/wp-content\/uploads\/2025\/10\/USB-Wristband-and-Bracelet-Flash-Drives-600x600.png 600w, https:\/\/www.yousanusb.com\/wp-content\/uploads\/2025\/10\/USB-Wristband-and-Bracelet-Flash-Drives-100x100.png 100w\" sizes=\"(max-width: 800px) 100vw, 800px\" \/><\/figure>\n<\/div>\n\n\n\n<div class=\"wp-block-column is-layout-flow wp-block-column-is-layout-flow\">\n<figure class=\"wp-block-image size-full\"><img decoding=\"async\" width=\"800\" height=\"800\" src=\"https:\/\/www.yousanusb.com\/wp-content\/uploads\/2025\/10\/silicone-USB-flash-drive.png\" alt=\"\" class=\"wp-image-20406\" srcset=\"https:\/\/www.yousanusb.com\/wp-content\/uploads\/2025\/10\/silicone-USB-flash-drive.png 800w, https:\/\/www.yousanusb.com\/wp-content\/uploads\/2025\/10\/silicone-USB-flash-drive-300x300.png 300w, https:\/\/www.yousanusb.com\/wp-content\/uploads\/2025\/10\/silicone-USB-flash-drive-150x150.png 150w, https:\/\/www.yousanusb.com\/wp-content\/uploads\/2025\/10\/silicone-USB-flash-drive-768x768.png 768w, https:\/\/www.yousanusb.com\/wp-content\/uploads\/2025\/10\/silicone-USB-flash-drive-12x12.png 12w, https:\/\/www.yousanusb.com\/wp-content\/uploads\/2025\/10\/silicone-USB-flash-drive-600x600.png 600w, https:\/\/www.yousanusb.com\/wp-content\/uploads\/2025\/10\/silicone-USB-flash-drive-100x100.png 100w\" sizes=\"(max-width: 800px) 100vw, 800px\" \/><\/figure>\n<\/div>\n<\/div>\n\n\n\n<div class=\"wp-block-columns is-layout-flex wp-container-core-columns-is-layout-3 wp-block-columns-is-layout-flex\">\n<div class=\"wp-block-column is-layout-flow wp-block-column-is-layout-flow\">\n<figure class=\"wp-block-image size-full\"><img loading=\"lazy\" decoding=\"async\" width=\"800\" height=\"800\" src=\"https:\/\/www.yousanusb.com\/wp-content\/uploads\/2025\/10\/Wristband-USB-Flash-Drive.png\" alt=\"\" class=\"wp-image-20408\" srcset=\"https:\/\/www.yousanusb.com\/wp-content\/uploads\/2025\/10\/Wristband-USB-Flash-Drive.png 800w, https:\/\/www.yousanusb.com\/wp-content\/uploads\/2025\/10\/Wristband-USB-Flash-Drive-300x300.png 300w, https:\/\/www.yousanusb.com\/wp-content\/uploads\/2025\/10\/Wristband-USB-Flash-Drive-150x150.png 150w, https:\/\/www.yousanusb.com\/wp-content\/uploads\/2025\/10\/Wristband-USB-Flash-Drive-768x768.png 768w, https:\/\/www.yousanusb.com\/wp-content\/uploads\/2025\/10\/Wristband-USB-Flash-Drive-12x12.png 12w, https:\/\/www.yousanusb.com\/wp-content\/uploads\/2025\/10\/Wristband-USB-Flash-Drive-600x600.png 600w, https:\/\/www.yousanusb.com\/wp-content\/uploads\/2025\/10\/Wristband-USB-Flash-Drive-100x100.png 100w\" sizes=\"(max-width: 800px) 100vw, 800px\" \/><\/figure>\n<\/div>\n\n\n\n<div class=\"wp-block-column is-layout-flow wp-block-column-is-layout-flow\">\n<figure class=\"wp-block-image size-full\"><img loading=\"lazy\" decoding=\"async\" width=\"800\" height=\"800\" src=\"https:\/\/www.yousanusb.com\/wp-content\/uploads\/2025\/10\/custom-USB-flash-drive.png\" alt=\"\" class=\"wp-image-20404\" srcset=\"https:\/\/www.yousanusb.com\/wp-content\/uploads\/2025\/10\/custom-USB-flash-drive.png 800w, https:\/\/www.yousanusb.com\/wp-content\/uploads\/2025\/10\/custom-USB-flash-drive-300x300.png 300w, https:\/\/www.yousanusb.com\/wp-content\/uploads\/2025\/10\/custom-USB-flash-drive-150x150.png 150w, https:\/\/www.yousanusb.com\/wp-content\/uploads\/2025\/10\/custom-USB-flash-drive-768x768.png 768w, https:\/\/www.yousanusb.com\/wp-content\/uploads\/2025\/10\/custom-USB-flash-drive-12x12.png 12w, https:\/\/www.yousanusb.com\/wp-content\/uploads\/2025\/10\/custom-USB-flash-drive-600x600.png 600w, https:\/\/www.yousanusb.com\/wp-content\/uploads\/2025\/10\/custom-USB-flash-drive-100x100.png 100w\" sizes=\"(max-width: 800px) 100vw, 800px\" \/><\/figure>\n<\/div>\n<\/div>\n\n\n\n<h2 class=\"wp-block-heading\">Cr\u00e9ation de logos et de motifs personnalis\u00e9s<\/h2>\n\n\n\n<p>Qu'il s'agisse de s\u00e9rigraphie monochrome (id\u00e9ale pour les logos de marque minimalistes et les slogans) ou d'impression en quadrichromie (capable de reproduire des totems complexes, des personnages de dessins anim\u00e9s, des photos personnelles et autres), nous fournissons des r\u00e9sultats pr\u00e9cis. Les entreprises peuvent utiliser ces cl\u00e9s USB comme cadeaux d'entreprise ou cadeaux publicitaires pour v\u00e9hiculer l'identit\u00e9 de leur marque. Les particuliers peuvent \u00e9galement personnaliser des designs exclusifs, transformant ainsi les cl\u00e9s USB en \"objets de collection personnels\" uniques en leur genre.<\/p>\n\n\n\n<div class=\"wp-block-columns is-layout-flex wp-container-core-columns-is-layout-4 wp-block-columns-is-layout-flex\">\n<div class=\"wp-block-column is-layout-flow wp-block-column-is-layout-flow\">\n<figure class=\"wp-block-image size-full\"><img loading=\"lazy\" decoding=\"async\" width=\"800\" height=\"800\" src=\"https:\/\/www.yousanusb.com\/wp-content\/uploads\/2025\/10\/Bracelet-USB-Disk-Pen-Drive.jpg\" alt=\"\" class=\"wp-image-20401\" srcset=\"https:\/\/www.yousanusb.com\/wp-content\/uploads\/2025\/10\/Bracelet-USB-Disk-Pen-Drive.jpg 800w, https:\/\/www.yousanusb.com\/wp-content\/uploads\/2025\/10\/Bracelet-USB-Disk-Pen-Drive-300x300.jpg 300w, https:\/\/www.yousanusb.com\/wp-content\/uploads\/2025\/10\/Bracelet-USB-Disk-Pen-Drive-150x150.jpg 150w, https:\/\/www.yousanusb.com\/wp-content\/uploads\/2025\/10\/Bracelet-USB-Disk-Pen-Drive-768x768.jpg 768w, https:\/\/www.yousanusb.com\/wp-content\/uploads\/2025\/10\/Bracelet-USB-Disk-Pen-Drive-12x12.jpg 12w, https:\/\/www.yousanusb.com\/wp-content\/uploads\/2025\/10\/Bracelet-USB-Disk-Pen-Drive-600x600.jpg 600w, https:\/\/www.yousanusb.com\/wp-content\/uploads\/2025\/10\/Bracelet-USB-Disk-Pen-Drive-100x100.jpg 100w\" sizes=\"(max-width: 800px) 100vw, 800px\" \/><\/figure>\n<\/div>\n\n\n\n<div class=\"wp-block-column is-layout-flow wp-block-column-is-layout-flow\">\n<figure class=\"wp-block-image size-full\"><img loading=\"lazy\" decoding=\"async\" width=\"800\" height=\"800\" src=\"https:\/\/www.yousanusb.com\/wp-content\/uploads\/2025\/10\/Wristbands-USB-Drive.jpg\" alt=\"\" class=\"wp-image-20409\" srcset=\"https:\/\/www.yousanusb.com\/wp-content\/uploads\/2025\/10\/Wristbands-USB-Drive.jpg 800w, https:\/\/www.yousanusb.com\/wp-content\/uploads\/2025\/10\/Wristbands-USB-Drive-300x300.jpg 300w, https:\/\/www.yousanusb.com\/wp-content\/uploads\/2025\/10\/Wristbands-USB-Drive-150x150.jpg 150w, https:\/\/www.yousanusb.com\/wp-content\/uploads\/2025\/10\/Wristbands-USB-Drive-768x768.jpg 768w, https:\/\/www.yousanusb.com\/wp-content\/uploads\/2025\/10\/Wristbands-USB-Drive-12x12.jpg 12w, https:\/\/www.yousanusb.com\/wp-content\/uploads\/2025\/10\/Wristbands-USB-Drive-600x600.jpg 600w, https:\/\/www.yousanusb.com\/wp-content\/uploads\/2025\/10\/Wristbands-USB-Drive-100x100.jpg 100w\" sizes=\"(max-width: 800px) 100vw, 800px\" \/><\/figure>\n<\/div>\n\n\n\n<div class=\"wp-block-column is-layout-flow wp-block-column-is-layout-flow\">\n<figure class=\"wp-block-image size-full\"><img loading=\"lazy\" decoding=\"async\" width=\"800\" height=\"800\" src=\"https:\/\/www.yousanusb.com\/wp-content\/uploads\/2025\/10\/Wristbands-USB-Drives.png\" alt=\"\" class=\"wp-image-20410\" srcset=\"https:\/\/www.yousanusb.com\/wp-content\/uploads\/2025\/10\/Wristbands-USB-Drives.png 800w, https:\/\/www.yousanusb.com\/wp-content\/uploads\/2025\/10\/Wristbands-USB-Drives-300x300.png 300w, https:\/\/www.yousanusb.com\/wp-content\/uploads\/2025\/10\/Wristbands-USB-Drives-150x150.png 150w, https:\/\/www.yousanusb.com\/wp-content\/uploads\/2025\/10\/Wristbands-USB-Drives-768x768.png 768w, https:\/\/www.yousanusb.com\/wp-content\/uploads\/2025\/10\/Wristbands-USB-Drives-12x12.png 12w, https:\/\/www.yousanusb.com\/wp-content\/uploads\/2025\/10\/Wristbands-USB-Drives-600x600.png 600w, https:\/\/www.yousanusb.com\/wp-content\/uploads\/2025\/10\/Wristbands-USB-Drives-100x100.png 100w\" sizes=\"(max-width: 800px) 100vw, 800px\" \/><\/figure>\n<\/div>\n<\/div>\n\n\n\n<p><\/p>","protected":false},"excerpt":{"rendered":"<ul>\n<li>Imprimer le logo du client sur l'USB<\/li>\n<li>Couleur Pantone, couleur standard<\/li>\n<li>S\u00e9rigraphie, laser, gravure, tampon<\/li>\n<li>CE, FCC et RoHS<\/li>\n<li>Pr\u00eat \u00e0 l'emploi<\/li>\n<li>MOQ:100pcs<\/li>\n<\/ul>","protected":false},"featured_media":20402,"comment_status":"open","ping_status":"closed","template":"","meta":{"_seopress_robots_primary_cat":"","_seopress_titles_title":"","_seopress_titles_desc":"","_seopress_robots_index":""},"class_list":["post-20398","product","type-product","status-publish","has-post-thumbnail","hentry","product_cat-bracelet-pen-drive","product_tag-silicone-bracelet-usb"],"_links":{"self":[{"href":"https:\/\/www.yousanusb.com\/fr\/wp-json\/wp\/v2\/product\/20398"}],"collection":[{"href":"https:\/\/www.yousanusb.com\/fr\/wp-json\/wp\/v2\/product"}],"about":[{"href":"https:\/\/www.yousanusb.com\/fr\/wp-json\/wp\/v2\/types\/product"}],"replies":[{"embeddable":true,"href":"https:\/\/www.yousanusb.com\/fr\/wp-json\/wp\/v2\/comments?post=20398"}],"wp:featuredmedia":[{"embeddable":true,"href":"https:\/\/www.yousanusb.com\/fr\/wp-json\/wp\/v2\/media\/20402"}],"wp:attachment":[{"href":"https:\/\/www.yousanusb.com\/fr\/wp-json\/wp\/v2\/media?parent=20398"}],"curies":[{"name":"wp","href":"https:\/\/api.w.org\/{rel}","templated":true}]}}