{"id":20411,"date":"2025-10-12T04:00:33","date_gmt":"2025-10-12T04:00:33","guid":{"rendered":"https:\/\/www.yousanusb.com\/?post_type=product&#038;p=20411"},"modified":"2025-10-12T04:06:54","modified_gmt":"2025-10-12T04:06:54","slug":"leather-wristband-keychain-usb-flash-drive","status":"publish","type":"product","link":"https:\/\/www.yousanusb.com\/fr\/produit\/leather-wristband-keychain-usb-flash-drive\/","title":{"rendered":"Bracelet en cuir Porte-cl\u00e9s Cl\u00e9 USB"},"content":{"rendered":"<div class=\"wp-block-columns is-layout-flex wp-container-core-columns-is-layout-1 wp-block-columns-is-layout-flex\">\n<div class=\"wp-block-column is-vertically-aligned-center is-layout-flow wp-block-column-is-layout-flow\">\n<p>La cl\u00e9 USB \u00e0 bracelet en cuir est un d\u00e9riv\u00e9 innovant des cl\u00e9s USB \u00e0 bracelet, avec un design trois-en-un combinant un bracelet en cuir PU, une boucle m\u00e9tallique rectangulaire et un porte-cl\u00e9s en m\u00e9tal. Elle offre une double fonctionnalit\u00e9, \u00e0 la fois porte-cl\u00e9s et cl\u00e9 USB.<\/p>\n\n\n\n<p>Le bracelet en cuir PU est fabriqu\u00e9 \u00e0 partir de cuir PU durable, r\u00e9sistant \u00e0 l'eau et d'une souplesse exceptionnelle, r\u00e9sistant aux craquelures m\u00eame apr\u00e8s une flexion prolong\u00e9e. Plusieurs couleurs sont disponibles, dont le noir et le blanc classiques, et des couleurs personnalis\u00e9es (telles que les couleurs de la marque de l'entreprise) sont possibles pour r\u00e9pondre \u00e0 des besoins particuliers.<\/p>\n\n\n\n<p>La boucle et le porte-cl\u00e9s en m\u00e9tal sont fabriqu\u00e9s en alliage, ce qui leur conf\u00e8re une r\u00e9sistance \u00e0 la corrosion et \u00e0 la rouille, ainsi qu'une construction robuste. La surface plane de la boucle permet de graver des logos au laser.<\/p>\n<\/div>\n\n\n\n<div class=\"wp-block-column is-vertically-aligned-center is-layout-flow wp-block-column-is-layout-flow\">\n<figure class=\"wp-block-image size-full\"><img fetchpriority=\"high\" decoding=\"async\" width=\"800\" height=\"800\" src=\"https:\/\/www.yousanusb.com\/wp-content\/uploads\/2025\/10\/Leather-USB-flash-dives.webp\" alt=\"\" class=\"wp-image-20414\" srcset=\"https:\/\/www.yousanusb.com\/wp-content\/uploads\/2025\/10\/Leather-USB-flash-dives.webp 800w, https:\/\/www.yousanusb.com\/wp-content\/uploads\/2025\/10\/Leather-USB-flash-dives-300x300.webp 300w, https:\/\/www.yousanusb.com\/wp-content\/uploads\/2025\/10\/Leather-USB-flash-dives-150x150.webp 150w, https:\/\/www.yousanusb.com\/wp-content\/uploads\/2025\/10\/Leather-USB-flash-dives-768x768.webp 768w, https:\/\/www.yousanusb.com\/wp-content\/uploads\/2025\/10\/Leather-USB-flash-dives-12x12.webp 12w, https:\/\/www.yousanusb.com\/wp-content\/uploads\/2025\/10\/Leather-USB-flash-dives-600x600.webp 600w, https:\/\/www.yousanusb.com\/wp-content\/uploads\/2025\/10\/Leather-USB-flash-dives-100x100.webp 100w\" sizes=\"(max-width: 800px) 100vw, 800px\" \/><\/figure>\n<\/div>\n<\/div>\n\n\n\n<div class=\"wp-block-columns is-layout-flex wp-container-core-columns-is-layout-2 wp-block-columns-is-layout-flex\">\n<div class=\"wp-block-column is-vertically-aligned-center is-layout-flow wp-block-column-is-layout-flow\">\n<figure class=\"wp-block-image size-full\"><img decoding=\"async\" width=\"800\" height=\"800\" src=\"https:\/\/www.yousanusb.com\/wp-content\/uploads\/2025\/10\/Leather-wristband-USB-Flash-Drive-1.webp\" alt=\"\" class=\"wp-image-20416\" srcset=\"https:\/\/www.yousanusb.com\/wp-content\/uploads\/2025\/10\/Leather-wristband-USB-Flash-Drive-1.webp 800w, https:\/\/www.yousanusb.com\/wp-content\/uploads\/2025\/10\/Leather-wristband-USB-Flash-Drive-1-300x300.webp 300w, https:\/\/www.yousanusb.com\/wp-content\/uploads\/2025\/10\/Leather-wristband-USB-Flash-Drive-1-150x150.webp 150w, https:\/\/www.yousanusb.com\/wp-content\/uploads\/2025\/10\/Leather-wristband-USB-Flash-Drive-1-768x768.webp 768w, https:\/\/www.yousanusb.com\/wp-content\/uploads\/2025\/10\/Leather-wristband-USB-Flash-Drive-1-12x12.webp 12w, https:\/\/www.yousanusb.com\/wp-content\/uploads\/2025\/10\/Leather-wristband-USB-Flash-Drive-1-600x600.webp 600w, https:\/\/www.yousanusb.com\/wp-content\/uploads\/2025\/10\/Leather-wristband-USB-Flash-Drive-1-100x100.webp 100w\" sizes=\"(max-width: 800px) 100vw, 800px\" \/><\/figure>\n<\/div>\n\n\n\n<div class=\"wp-block-column is-vertically-aligned-center is-layout-flow wp-block-column-is-layout-flow\">\n<p>Le fermoir m\u00e9tallique de la cl\u00e9 USB avec bracelet en cuir permet de r\u00e9aliser des gravures laser personnalis\u00e9es, afin de reproduire avec pr\u00e9cision les logos, les slogans ou les dessins exclusifs d'une marque.<\/p>\n\n\n\n<p>\u00c9vitez l'exposition prolong\u00e9e de l'\u00e9tui en cuir \u00e0 la lumi\u00e8re du soleil (pour \u00e9viter la d\u00e9coloration et les craquelures) ; nettoyez-le \u00e0 l'aide d'un chiffon doux.<\/p>\n\n\n\n<p>Essuyez r\u00e9guli\u00e8rement les composants m\u00e9talliques avec un chiffon sec (pour \u00e9viter la corrosion due \u00e0 la sueur et aux taches d'eau).<\/p>\n\n\n\n<p>Appuyez doucement sur l'interface lorsque vous branchez ou d\u00e9branchez la cl\u00e9 USB ; \u00e9vitez les op\u00e9rations violentes pour ne pas endommager la puce UDP.<\/p>\n<\/div>\n<\/div>\n\n\n\n<div class=\"wp-block-columns is-layout-flex wp-container-core-columns-is-layout-3 wp-block-columns-is-layout-flex\">\n<div class=\"wp-block-column is-vertically-aligned-center is-layout-flow wp-block-column-is-layout-flow\">\n<ul class=\"wp-block-list\">\n<li>Les industries haut de gamme telles que la finance, le conseil et l'immobilier, pour les cadeaux de remerciement des clients et les souvenirs des r\u00e9unions annuelles ;<\/li>\n\n\n\n<li>Cadeaux personnalis\u00e9s pour les marques automobiles, les soci\u00e9t\u00e9s de location de voitures et les entreprises de chargement ;<\/li>\n\n\n\n<li>Souvenirs pour les sommets de l'industrie et les lancements de nouveaux produits ;<\/li>\n\n\n\n<li>Les anniversaires de l'universit\u00e9 et les activit\u00e9s des clubs, avec les embl\u00e8mes personnalis\u00e9s de l'\u00e9cole \/ les logos des clubs, servant de support \u00e0 la culture du campus ;<\/li>\n\n\n\n<li>Institutions de formation pour les \u00e9tudiants ;<\/li>\n\n\n\n<li>\u00c9ditions comm\u00e9moratives personnalis\u00e9es pour les \u00e9coles.<\/li>\n<\/ul>\n\n\n\n<p>La personnalisation flexible des param\u00e8tres (capacit\u00e9, interface) et la pr\u00e9sentation textur\u00e9e des mat\u00e9riaux en font un choix populaire parmi les cl\u00e9s USB \u00e0 bracelet en cuir. Pour d'autres besoins de personnalisation, veuillez contacter des fournisseurs professionnels pour obtenir des solutions.<\/p>\n<\/div>\n\n\n\n<div class=\"wp-block-column is-layout-flow wp-block-column-is-layout-flow\">\n<figure class=\"wp-block-image size-full\"><img decoding=\"async\" width=\"800\" height=\"800\" src=\"https:\/\/www.yousanusb.com\/wp-content\/uploads\/2025\/10\/pu-usb-flash-drive.webp\" alt=\"\" class=\"wp-image-20417\" srcset=\"https:\/\/www.yousanusb.com\/wp-content\/uploads\/2025\/10\/pu-usb-flash-drive.webp 800w, https:\/\/www.yousanusb.com\/wp-content\/uploads\/2025\/10\/pu-usb-flash-drive-300x300.webp 300w, https:\/\/www.yousanusb.com\/wp-content\/uploads\/2025\/10\/pu-usb-flash-drive-150x150.webp 150w, https:\/\/www.yousanusb.com\/wp-content\/uploads\/2025\/10\/pu-usb-flash-drive-768x768.webp 768w, https:\/\/www.yousanusb.com\/wp-content\/uploads\/2025\/10\/pu-usb-flash-drive-12x12.webp 12w, https:\/\/www.yousanusb.com\/wp-content\/uploads\/2025\/10\/pu-usb-flash-drive-600x600.webp 600w, https:\/\/www.yousanusb.com\/wp-content\/uploads\/2025\/10\/pu-usb-flash-drive-100x100.webp 100w\" sizes=\"(max-width: 800px) 100vw, 800px\" \/><\/figure>\n<\/div>\n<\/div>","protected":false},"excerpt":{"rendered":"<ul>\n<li>Bracelet en cuir PU<\/li>\n<li>Fermoir m\u00e9tallique rectangulaire<\/li>\n<li>Porte-cl\u00e9s en m\u00e9tal<\/li>\n<li>Gravure laser sur le fermoir en m\u00e9tal<\/li>\n<li>MOQ:100pcs<\/li>\n<\/ul>","protected":false},"featured_media":20415,"comment_status":"open","ping_status":"closed","template":"","meta":{"_seopress_robots_primary_cat":"","_seopress_titles_title":"","_seopress_titles_desc":"","_seopress_robots_index":""},"class_list":["post-20411","product","type-product","status-publish","has-post-thumbnail","hentry","product_cat-bracelet-pen-drive","product_cat-leather-usb-flash-drive"],"_links":{"self":[{"href":"https:\/\/www.yousanusb.com\/fr\/wp-json\/wp\/v2\/product\/20411"}],"collection":[{"href":"https:\/\/www.yousanusb.com\/fr\/wp-json\/wp\/v2\/product"}],"about":[{"href":"https:\/\/www.yousanusb.com\/fr\/wp-json\/wp\/v2\/types\/product"}],"replies":[{"embeddable":true,"href":"https:\/\/www.yousanusb.com\/fr\/wp-json\/wp\/v2\/comments?post=20411"}],"wp:featuredmedia":[{"embeddable":true,"href":"https:\/\/www.yousanusb.com\/fr\/wp-json\/wp\/v2\/media\/20415"}],"wp:attachment":[{"href":"https:\/\/www.yousanusb.com\/fr\/wp-json\/wp\/v2\/media?parent=20411"}],"curies":[{"name":"wp","href":"https:\/\/api.w.org\/{rel}","templated":true}]}}