{"id":20456,"date":"2025-10-12T11:19:39","date_gmt":"2025-10-12T11:19:39","guid":{"rendered":"https:\/\/www.yousanusb.com\/?post_type=product&#038;p=20456"},"modified":"2025-10-14T05:48:26","modified_gmt":"2025-10-14T05:48:26","slug":"golden-metal-key-usb-drive","status":"publish","type":"product","link":"https:\/\/www.yousanusb.com\/fr\/produit\/golden-metal-key-usb-drive\/","title":{"rendered":"Cl\u00e9 USB en m\u00e9tal dor\u00e9"},"content":{"rendered":"<p><\/p>\n\n\n\n<div class=\"wp-block-columns is-layout-flex wp-container-core-columns-is-layout-1 wp-block-columns-is-layout-flex\">\n<div class=\"wp-block-column is-layout-flow wp-block-column-is-layout-flow\">\n<figure class=\"wp-block-image size-full\"><img fetchpriority=\"high\" decoding=\"async\" width=\"800\" height=\"800\" src=\"https:\/\/www.yousanusb.com\/wp-content\/uploads\/2025\/10\/HeavyDutyKey-USB-flash-Drive.webp\" alt=\"Lecteur flash USB \u00e0 cl\u00e9 ultra-robuste\" class=\"wp-image-20459\" srcset=\"https:\/\/www.yousanusb.com\/wp-content\/uploads\/2025\/10\/HeavyDutyKey-USB-flash-Drive.webp 800w, https:\/\/www.yousanusb.com\/wp-content\/uploads\/2025\/10\/HeavyDutyKey-USB-flash-Drive-300x300.webp 300w, https:\/\/www.yousanusb.com\/wp-content\/uploads\/2025\/10\/HeavyDutyKey-USB-flash-Drive-150x150.webp 150w, https:\/\/www.yousanusb.com\/wp-content\/uploads\/2025\/10\/HeavyDutyKey-USB-flash-Drive-768x768.webp 768w, https:\/\/www.yousanusb.com\/wp-content\/uploads\/2025\/10\/HeavyDutyKey-USB-flash-Drive-12x12.webp 12w, https:\/\/www.yousanusb.com\/wp-content\/uploads\/2025\/10\/HeavyDutyKey-USB-flash-Drive-600x600.webp 600w, https:\/\/www.yousanusb.com\/wp-content\/uploads\/2025\/10\/HeavyDutyKey-USB-flash-Drive-100x100.webp 100w\" sizes=\"(max-width: 800px) 100vw, 800px\" \/><\/figure>\n<\/div>\n\n\n\n<div class=\"wp-block-column is-vertically-aligned-center is-layout-flow wp-block-column-is-layout-flow\">\n<p>La cl\u00e9 USB Golden Metal Key est une cl\u00e9 USB classique en forme de cl\u00e9. Parmi les cl\u00e9s USB ultra-minces, elle pr\u00e9sente un profil l\u00e9g\u00e8rement plus \u00e9pais. Contrairement aux cl\u00e9s USB carr\u00e9es conventionnelles, elle adopte le facteur de forme standard en forme de cl\u00e9.<\/p>\n\n\n\n<p>Fabriqu\u00e9 \u00e0 partir d'une seule pi\u00e8ce d'alliage d'aluminium, il subit une galvanoplastie sous vide multicouche pour obtenir sa teinte dor\u00e9e. La texture du m\u00e9tal est lisse et brillante, ce qui lui permet de r\u00e9sister \u00e0 la d\u00e9coloration fr\u00e9quente dans le cas d'une dorure bon march\u00e9, tout en conservant une finition \u00e9clatante au fil du temps. Les bords arrondis assurent une prise en main confortable et \u00e9vitent de rayer d'autres objets lorsqu'ils sont attach\u00e9s \u00e0 un porte-cl\u00e9s.<\/p>\n<\/div>\n<\/div>\n\n\n\n<p>\u00c9quip\u00e9 d'une interface USB 3.0 \u00e0 grande vitesse, il atteint des vitesses de lecture allant jusqu'\u00e0 80 Mo\/s. Le transfert d'un document de travail de 500 Mo ne prend qu'environ 6 secondes. La capacit\u00e9 varie de 16 \u00e0 256 Go, ce qui est amplement suffisant pour stocker des photos quotidiennes, des feuilles de calcul ou des vid\u00e9os haute d\u00e9finition. Elle est compatible avec les syst\u00e8mes courants, notamment Windows, Mac et Linux, et ne n\u00e9cessite aucun pilote suppl\u00e9mentaire : il suffit de la brancher sur votre ordinateur pour l'utiliser.<\/p>\n\n\n\n<div class=\"wp-block-columns is-layout-flex wp-container-core-columns-is-layout-2 wp-block-columns-is-layout-flex\">\n<div class=\"wp-block-column is-layout-flow wp-block-column-is-layout-flow\">\n<figure class=\"wp-block-image size-full\"><img decoding=\"async\" width=\"800\" height=\"800\" src=\"https:\/\/www.yousanusb.com\/wp-content\/uploads\/2025\/10\/ThickKey-USB-Flash-drive.webp\" alt=\"Cl\u00e9 \u00e9paisse-USB-Drive flash\" class=\"wp-image-20460\" srcset=\"https:\/\/www.yousanusb.com\/wp-content\/uploads\/2025\/10\/ThickKey-USB-Flash-drive.webp 800w, https:\/\/www.yousanusb.com\/wp-content\/uploads\/2025\/10\/ThickKey-USB-Flash-drive-300x300.webp 300w, https:\/\/www.yousanusb.com\/wp-content\/uploads\/2025\/10\/ThickKey-USB-Flash-drive-150x150.webp 150w, https:\/\/www.yousanusb.com\/wp-content\/uploads\/2025\/10\/ThickKey-USB-Flash-drive-768x768.webp 768w, https:\/\/www.yousanusb.com\/wp-content\/uploads\/2025\/10\/ThickKey-USB-Flash-drive-12x12.webp 12w, https:\/\/www.yousanusb.com\/wp-content\/uploads\/2025\/10\/ThickKey-USB-Flash-drive-600x600.webp 600w, https:\/\/www.yousanusb.com\/wp-content\/uploads\/2025\/10\/ThickKey-USB-Flash-drive-100x100.webp 100w\" sizes=\"(max-width: 800px) 100vw, 800px\" \/><\/figure>\n<\/div>\n\n\n\n<div class=\"wp-block-column is-layout-flow wp-block-column-is-layout-flow\">\n<figure class=\"wp-block-image size-full\"><img decoding=\"async\" width=\"800\" height=\"800\" src=\"https:\/\/www.yousanusb.com\/wp-content\/uploads\/2025\/10\/ThickMetalKey-USB-flash-drive.webp\" alt=\"\" class=\"wp-image-20461\" srcset=\"https:\/\/www.yousanusb.com\/wp-content\/uploads\/2025\/10\/ThickMetalKey-USB-flash-drive.webp 800w, https:\/\/www.yousanusb.com\/wp-content\/uploads\/2025\/10\/ThickMetalKey-USB-flash-drive-300x300.webp 300w, https:\/\/www.yousanusb.com\/wp-content\/uploads\/2025\/10\/ThickMetalKey-USB-flash-drive-150x150.webp 150w, https:\/\/www.yousanusb.com\/wp-content\/uploads\/2025\/10\/ThickMetalKey-USB-flash-drive-768x768.webp 768w, https:\/\/www.yousanusb.com\/wp-content\/uploads\/2025\/10\/ThickMetalKey-USB-flash-drive-12x12.webp 12w, https:\/\/www.yousanusb.com\/wp-content\/uploads\/2025\/10\/ThickMetalKey-USB-flash-drive-600x600.webp 600w, https:\/\/www.yousanusb.com\/wp-content\/uploads\/2025\/10\/ThickMetalKey-USB-flash-drive-100x100.webp 100w\" sizes=\"(max-width: 800px) 100vw, 800px\" \/><\/figure>\n<\/div>\n<\/div>","protected":false},"excerpt":{"rendered":"<ul>\n<li>Couleur dor\u00e9e et argent\u00e9e<\/li>\n<li>Cl\u00e9 USB en m\u00e9tal<\/li>\n<li>Cl\u00e9 usb<\/li>\n<li>LOGO personnalis\u00e9<\/li>\n<li>MOQ:100pcs<\/li>\n<\/ul>","protected":false},"featured_media":20459,"comment_status":"open","ping_status":"closed","template":"","meta":{"_seopress_robots_primary_cat":"","_seopress_titles_title":"Gold Metal Key USB Flash Drive Manufacturer in China - custom golden key usb","_seopress_titles_desc":"The Golden Metal Key USB Drive is a classic key-shaped USB design. Among ultra-thin key USBs, it features a slightly thicker profile. Unlike conventional square USB drives, it adopts the standard key-shaped form factor.","_seopress_robots_index":""},"class_list":["post-20456","product","type-product","status-publish","has-post-thumbnail","hentry","product_cat-retractable-usb-flash-drive","product_tag-key-usb-flash-drive"],"_links":{"self":[{"href":"https:\/\/www.yousanusb.com\/fr\/wp-json\/wp\/v2\/product\/20456"}],"collection":[{"href":"https:\/\/www.yousanusb.com\/fr\/wp-json\/wp\/v2\/product"}],"about":[{"href":"https:\/\/www.yousanusb.com\/fr\/wp-json\/wp\/v2\/types\/product"}],"replies":[{"embeddable":true,"href":"https:\/\/www.yousanusb.com\/fr\/wp-json\/wp\/v2\/comments?post=20456"}],"wp:featuredmedia":[{"embeddable":true,"href":"https:\/\/www.yousanusb.com\/fr\/wp-json\/wp\/v2\/media\/20459"}],"wp:attachment":[{"href":"https:\/\/www.yousanusb.com\/fr\/wp-json\/wp\/v2\/media?parent=20456"}],"curies":[{"name":"wp","href":"https:\/\/api.w.org\/{rel}","templated":true}]}}