{"id":20462,"date":"2025-10-12T11:48:07","date_gmt":"2025-10-12T11:48:07","guid":{"rendered":"https:\/\/www.yousanusb.com\/?post_type=product&#038;p=20462"},"modified":"2025-10-14T05:48:04","modified_gmt":"2025-10-14T05:48:04","slug":"usb-3-0-retro-heart-key-metal-flash-drive","status":"publish","type":"product","link":"https:\/\/www.yousanusb.com\/fr\/produit\/usb-3-0-retro-heart-key-metal-flash-drive\/","title":{"rendered":"Cl\u00e9 USB 3.0 Retro Heart Key Metal Flash Drive"},"content":{"rendered":"<p>Les styles r\u00e9tro ont toujours \u00e9t\u00e9 appr\u00e9ci\u00e9s par les gens. Cette cl\u00e9 USB en m\u00e9tal adopte un design vintage, combinant des \u00e9l\u00e9ments en forme de c\u0153ur avec une esth\u00e9tique r\u00e9tro pour cr\u00e9er cette cl\u00e9 USB en forme de c\u0153ur. La cl\u00e9 USB r\u00e9tro pr\u00e9sente une finition bronze avec un traitement de patine vintage. Sur sa base or bronze ou argent mat, vous pouvez sentir de subtiles textures m\u00e9talliques. Elle \u00e9vite toute brillance tape-\u00e0-l'\u0153il et d\u00e9veloppe au contraire une sensation de chaleur et de douceur \u00e0 l'usage - m\u00eame un frottement prolong\u00e9 avec des pi\u00e8ces de monnaie ou des cl\u00e9s ne laissera pas facilement de rayures.<\/p>\n\n\n\n<div class=\"wp-block-columns is-layout-flex wp-container-core-columns-is-layout-1 wp-block-columns-is-layout-flex\">\n<div class=\"wp-block-column is-layout-flow wp-block-column-is-layout-flow\">\n<figure class=\"wp-block-image size-full\"><img fetchpriority=\"high\" decoding=\"async\" width=\"800\" height=\"800\" src=\"https:\/\/www.yousanusb.com\/wp-content\/uploads\/2025\/10\/bulk-key-shape-metal-usb-flash-drive.webp\" alt=\"lecteur-flash-usb en forme de cl\u00e9 en m\u00e9tal\" class=\"wp-image-20465\" srcset=\"https:\/\/www.yousanusb.com\/wp-content\/uploads\/2025\/10\/bulk-key-shape-metal-usb-flash-drive.webp 800w, https:\/\/www.yousanusb.com\/wp-content\/uploads\/2025\/10\/bulk-key-shape-metal-usb-flash-drive-300x300.webp 300w, https:\/\/www.yousanusb.com\/wp-content\/uploads\/2025\/10\/bulk-key-shape-metal-usb-flash-drive-150x150.webp 150w, https:\/\/www.yousanusb.com\/wp-content\/uploads\/2025\/10\/bulk-key-shape-metal-usb-flash-drive-768x768.webp 768w, https:\/\/www.yousanusb.com\/wp-content\/uploads\/2025\/10\/bulk-key-shape-metal-usb-flash-drive-12x12.webp 12w, https:\/\/www.yousanusb.com\/wp-content\/uploads\/2025\/10\/bulk-key-shape-metal-usb-flash-drive-600x600.webp 600w, https:\/\/www.yousanusb.com\/wp-content\/uploads\/2025\/10\/bulk-key-shape-metal-usb-flash-drive-100x100.webp 100w\" sizes=\"(max-width: 800px) 100vw, 800px\" \/><\/figure>\n<\/div>\n\n\n\n<div class=\"wp-block-column is-layout-flow wp-block-column-is-layout-flow\">\n<figure class=\"wp-block-image size-full\"><img decoding=\"async\" width=\"800\" height=\"800\" src=\"https:\/\/www.yousanusb.com\/wp-content\/uploads\/2025\/10\/key-shape-metal-usb-flash-drive.webp\" alt=\"\" class=\"wp-image-20467\" srcset=\"https:\/\/www.yousanusb.com\/wp-content\/uploads\/2025\/10\/key-shape-metal-usb-flash-drive.webp 800w, https:\/\/www.yousanusb.com\/wp-content\/uploads\/2025\/10\/key-shape-metal-usb-flash-drive-300x300.webp 300w, https:\/\/www.yousanusb.com\/wp-content\/uploads\/2025\/10\/key-shape-metal-usb-flash-drive-150x150.webp 150w, https:\/\/www.yousanusb.com\/wp-content\/uploads\/2025\/10\/key-shape-metal-usb-flash-drive-768x768.webp 768w, https:\/\/www.yousanusb.com\/wp-content\/uploads\/2025\/10\/key-shape-metal-usb-flash-drive-12x12.webp 12w, https:\/\/www.yousanusb.com\/wp-content\/uploads\/2025\/10\/key-shape-metal-usb-flash-drive-600x600.webp 600w, https:\/\/www.yousanusb.com\/wp-content\/uploads\/2025\/10\/key-shape-metal-usb-flash-drive-100x100.webp 100w\" sizes=\"(max-width: 800px) 100vw, 800px\" \/><\/figure>\n<\/div>\n<\/div>\n\n\n\n<p>Fabriqu\u00e9 en une seule pi\u00e8ce, le contour en forme de c\u0153ur est doucement arrondi plut\u00f4t qu'anguleux, ressemblant \u00e0 un accessoire vintage doucement patin\u00e9 par le temps. L'interface est dot\u00e9e d'une garniture m\u00e9tallique assortie qui permet de l'ins\u00e9rer et de le retirer en douceur, sans aucune oscillation. Un petit trou pour porte-cl\u00e9s se trouve sous le c\u0153ur, aux dimensions id\u00e9ales pour votre porte-cl\u00e9s. Aucun cordon suppl\u00e9mentaire n'est n\u00e9cessaire - porter vos cl\u00e9s, c'est porter votre cl\u00e9 USB. Plus besoin de chercher fr\u00e9n\u00e9tiquement dans votre sac.<\/p>\n\n\n\n<div class=\"wp-block-columns is-layout-flex wp-container-core-columns-is-layout-2 wp-block-columns-is-layout-flex\">\n<div class=\"wp-block-column is-layout-flow wp-block-column-is-layout-flow\">\n<figure class=\"wp-block-image size-full\"><img decoding=\"async\" width=\"800\" height=\"800\" src=\"https:\/\/www.yousanusb.com\/wp-content\/uploads\/2025\/10\/Retro-Key-Metal-USB-Drive.webp\" alt=\"\" class=\"wp-image-20468\" srcset=\"https:\/\/www.yousanusb.com\/wp-content\/uploads\/2025\/10\/Retro-Key-Metal-USB-Drive.webp 800w, https:\/\/www.yousanusb.com\/wp-content\/uploads\/2025\/10\/Retro-Key-Metal-USB-Drive-300x300.webp 300w, https:\/\/www.yousanusb.com\/wp-content\/uploads\/2025\/10\/Retro-Key-Metal-USB-Drive-150x150.webp 150w, https:\/\/www.yousanusb.com\/wp-content\/uploads\/2025\/10\/Retro-Key-Metal-USB-Drive-768x768.webp 768w, https:\/\/www.yousanusb.com\/wp-content\/uploads\/2025\/10\/Retro-Key-Metal-USB-Drive-12x12.webp 12w, https:\/\/www.yousanusb.com\/wp-content\/uploads\/2025\/10\/Retro-Key-Metal-USB-Drive-600x600.webp 600w, https:\/\/www.yousanusb.com\/wp-content\/uploads\/2025\/10\/Retro-Key-Metal-USB-Drive-100x100.webp 100w\" sizes=\"(max-width: 800px) 100vw, 800px\" \/><\/figure>\n<\/div>\n\n\n\n<div class=\"wp-block-column is-layout-flow wp-block-column-is-layout-flow\">\n<figure class=\"wp-block-image size-full\"><img loading=\"lazy\" decoding=\"async\" width=\"800\" height=\"800\" src=\"https:\/\/www.yousanusb.com\/wp-content\/uploads\/2025\/10\/China-key-shape-metal-usb-flash-drive-supplier.webp\" alt=\"\" class=\"wp-image-20466\" srcset=\"https:\/\/www.yousanusb.com\/wp-content\/uploads\/2025\/10\/China-key-shape-metal-usb-flash-drive-supplier.webp 800w, https:\/\/www.yousanusb.com\/wp-content\/uploads\/2025\/10\/China-key-shape-metal-usb-flash-drive-supplier-300x300.webp 300w, https:\/\/www.yousanusb.com\/wp-content\/uploads\/2025\/10\/China-key-shape-metal-usb-flash-drive-supplier-150x150.webp 150w, https:\/\/www.yousanusb.com\/wp-content\/uploads\/2025\/10\/China-key-shape-metal-usb-flash-drive-supplier-768x768.webp 768w, https:\/\/www.yousanusb.com\/wp-content\/uploads\/2025\/10\/China-key-shape-metal-usb-flash-drive-supplier-12x12.webp 12w, https:\/\/www.yousanusb.com\/wp-content\/uploads\/2025\/10\/China-key-shape-metal-usb-flash-drive-supplier-600x600.webp 600w, https:\/\/www.yousanusb.com\/wp-content\/uploads\/2025\/10\/China-key-shape-metal-usb-flash-drive-supplier-100x100.webp 100w\" sizes=\"(max-width: 800px) 100vw, 800px\" \/><\/figure>\n<\/div>\n<\/div>\n\n\n\n<p><\/p>","protected":false},"excerpt":{"rendered":"<ul>\n<li>USB 3.0 Retro Heart<\/li>\n<li>Style r\u00e9tro<\/li>\n<li>\u00c9l\u00e9ments en forme de c\u0153ur<\/li>\n<li>Cl\u00e9 en m\u00e9tal<\/li>\n<li>Couleur bronze<\/li>\n<\/ul>","protected":false},"featured_media":20465,"comment_status":"open","ping_status":"closed","template":"","meta":{"_seopress_robots_primary_cat":"","_seopress_titles_title":"USB 3.0 Retro Heart Key Metal Flash Drive manufacturer -custom","_seopress_titles_desc":"Retro styles have always been beloved by people. This metal key USB drive embraces vintage design, combining heart-shaped elements with retro aesthetics to create this heart-shaped key USB drive.","_seopress_robots_index":""},"class_list":["post-20462","product","type-product","status-publish","has-post-thumbnail","hentry","product_cat-retractable-usb-flash-drive","product_tag-key-usb-flash-drive"],"_links":{"self":[{"href":"https:\/\/www.yousanusb.com\/fr\/wp-json\/wp\/v2\/product\/20462"}],"collection":[{"href":"https:\/\/www.yousanusb.com\/fr\/wp-json\/wp\/v2\/product"}],"about":[{"href":"https:\/\/www.yousanusb.com\/fr\/wp-json\/wp\/v2\/types\/product"}],"replies":[{"embeddable":true,"href":"https:\/\/www.yousanusb.com\/fr\/wp-json\/wp\/v2\/comments?post=20462"}],"wp:featuredmedia":[{"embeddable":true,"href":"https:\/\/www.yousanusb.com\/fr\/wp-json\/wp\/v2\/media\/20465"}],"wp:attachment":[{"href":"https:\/\/www.yousanusb.com\/fr\/wp-json\/wp\/v2\/media?parent=20462"}],"curies":[{"name":"wp","href":"https:\/\/api.w.org\/{rel}","templated":true}]}}