{"id":20472,"date":"2025-10-12T12:38:41","date_gmt":"2025-10-12T12:38:41","guid":{"rendered":"https:\/\/www.yousanusb.com\/?post_type=product&#038;p=20472"},"modified":"2025-10-12T12:44:25","modified_gmt":"2025-10-12T12:44:25","slug":"new-sportswristband-usb-flash-drive","status":"publish","type":"product","link":"https:\/\/www.yousanusb.com\/fr\/produit\/new-sportswristband-usb-flash-drive\/","title":{"rendered":"Nouveau bracelet sportif Cl\u00e9 USB"},"content":{"rendered":"<p>\u00c0 l'\u00e8re du num\u00e9rique, les cl\u00e9s USB sont des outils essentiels pour le transfert et le stockage des donn\u00e9es. Cependant, les cl\u00e9s USB traditionnelles ont longtemps \u00e9t\u00e9 critiqu\u00e9es pour \u00eatre \"petites et faciles \u00e0 \u00e9garer\" et \"fig\u00e9es dans un design routinier\". Aujourd'hui, l'\u00e9mergence des cl\u00e9s USB de type \"tracker de fitness\" a compl\u00e8tement boulevers\u00e9 les perceptions conventionnelles du stockage USB. Ces dispositifs innovants associent harmonieusement technologie et accessoires de mode, rendant la portabilit\u00e9 des donn\u00e9es plus \u00e9l\u00e9gante que jamais.<\/p>\n\n\n\n<div class=\"wp-block-columns is-layout-flex wp-container-core-columns-is-layout-1 wp-block-columns-is-layout-flex\">\n<div class=\"wp-block-column is-layout-flow wp-block-column-is-layout-flow\">\n<figure class=\"wp-block-image size-full\"><img fetchpriority=\"high\" decoding=\"async\" width=\"800\" height=\"800\" src=\"https:\/\/www.yousanusb.com\/wp-content\/uploads\/2025\/10\/wristband-usb-flash-drive.jpg\" alt=\"\" class=\"wp-image-20482\" srcset=\"https:\/\/www.yousanusb.com\/wp-content\/uploads\/2025\/10\/wristband-usb-flash-drive.jpg 800w, https:\/\/www.yousanusb.com\/wp-content\/uploads\/2025\/10\/wristband-usb-flash-drive-300x300.jpg 300w, https:\/\/www.yousanusb.com\/wp-content\/uploads\/2025\/10\/wristband-usb-flash-drive-150x150.jpg 150w, https:\/\/www.yousanusb.com\/wp-content\/uploads\/2025\/10\/wristband-usb-flash-drive-768x768.jpg 768w, https:\/\/www.yousanusb.com\/wp-content\/uploads\/2025\/10\/wristband-usb-flash-drive-12x12.jpg 12w, https:\/\/www.yousanusb.com\/wp-content\/uploads\/2025\/10\/wristband-usb-flash-drive-600x600.jpg 600w, https:\/\/www.yousanusb.com\/wp-content\/uploads\/2025\/10\/wristband-usb-flash-drive-100x100.jpg 100w\" sizes=\"(max-width: 800px) 100vw, 800px\" \/><\/figure>\n<\/div>\n\n\n\n<div class=\"wp-block-column is-vertically-aligned-center is-layout-flow wp-block-column-is-layout-flow\">\n<p>La cl\u00e9 USB avec bracelet de sport pr\u00e9sente un design int\u00e9gr\u00e9 combinant un bracelet en silicone et le corps de la cl\u00e9 USB. Le mat\u00e9riau souple en silicone s'adapte confortablement au poignet, offrant un confort agr\u00e9able pour la peau, semblable \u00e0 celui d'un tracker de fitness. Le mat\u00e9riau en silicone offre des propri\u00e9t\u00e9s de r\u00e9sistance \u00e0 l'eau et aux chocs, prot\u00e9geant efficacement la puce de stockage interne contre les \u00e9claboussures ou les chutes accidentelles lors d'une utilisation quotidienne. <\/p>\n\n\n\n<p>En outre, la conception ferm\u00e9e du bracelet minimise le frottement direct entre l'interface et les surfaces externes, ce qui prolonge la dur\u00e9e de vie de la cl\u00e9 USB et garantit un stockage de donn\u00e9es plus fiable.<\/p>\n<\/div>\n<\/div>\n\n\n\n<div class=\"wp-block-columns is-layout-flex wp-container-core-columns-is-layout-3 wp-block-columns-is-layout-flex\">\n<div class=\"wp-block-column is-vertically-aligned-center is-layout-flow wp-block-column-is-layout-flow\">\n<div class=\"wp-block-columns is-layout-flex wp-container-core-columns-is-layout-2 wp-block-columns-is-layout-flex\">\n<div class=\"wp-block-column is-vertically-aligned-center is-layout-flow wp-block-column-is-layout-flow\">\n<p>Disponible dans des capacit\u00e9s allant de 4 \u00e0 128 Go, il offre une capacit\u00e9 de stockage suffisante pour que les \u00e9tudiants puissent sauvegarder leurs documents de cours et leurs travaux, tandis que les professionnels peuvent transf\u00e9rer sans effort des dessins haute d\u00e9finition et des fichiers vid\u00e9o, et sauvegarder des photos et de la musique mobiles.<\/p>\n\n\n\n<p>Lecture\/\u00e9criture \u00e0 grande vitesse : Dot\u00e9 d'une interface compatible USB 2.0\/3.0, il garantit des vitesses de lecture\/\u00e9criture stables et efficaces. Le transfert de fichiers volumineux ne n\u00e9cessite plus de longues attentes, ce qui am\u00e9liore consid\u00e9rablement la productivit\u00e9 pour le travail quotidien et l'\u00e9tude.<\/p>\n<\/div>\n\n\n\n<div class=\"wp-block-column is-vertically-aligned-center is-layout-flow wp-block-column-is-layout-flow\">\n<figure class=\"wp-block-image size-full\"><img decoding=\"async\" width=\"800\" height=\"800\" src=\"https:\/\/www.yousanusb.com\/wp-content\/uploads\/2025\/10\/Wristband-USB-Drive-PVC-bracelet-style-USB-flash-drive.webp\" alt=\"\" class=\"wp-image-20479\" srcset=\"https:\/\/www.yousanusb.com\/wp-content\/uploads\/2025\/10\/Wristband-USB-Drive-PVC-bracelet-style-USB-flash-drive.webp 800w, https:\/\/www.yousanusb.com\/wp-content\/uploads\/2025\/10\/Wristband-USB-Drive-PVC-bracelet-style-USB-flash-drive-300x300.webp 300w, https:\/\/www.yousanusb.com\/wp-content\/uploads\/2025\/10\/Wristband-USB-Drive-PVC-bracelet-style-USB-flash-drive-150x150.webp 150w, https:\/\/www.yousanusb.com\/wp-content\/uploads\/2025\/10\/Wristband-USB-Drive-PVC-bracelet-style-USB-flash-drive-768x768.webp 768w, https:\/\/www.yousanusb.com\/wp-content\/uploads\/2025\/10\/Wristband-USB-Drive-PVC-bracelet-style-USB-flash-drive-12x12.webp 12w, https:\/\/www.yousanusb.com\/wp-content\/uploads\/2025\/10\/Wristband-USB-Drive-PVC-bracelet-style-USB-flash-drive-600x600.webp 600w, https:\/\/www.yousanusb.com\/wp-content\/uploads\/2025\/10\/Wristband-USB-Drive-PVC-bracelet-style-USB-flash-drive-100x100.webp 100w\" sizes=\"(max-width: 800px) 100vw, 800px\" \/><\/figure>\n<\/div>\n<\/div>\n<\/div>\n<\/div>\n\n\n\n<p>Deux combinaisons de couleurs classiques - bleu et noir, rouge et noir - offrent des contrastes vibrants qui plaisent aux jeunes sensibilis\u00e9s \u00e0 la mode, tout en conservant un aspect professionnel pour le monde des affaires. De conception ing\u00e9nieuse, la cl\u00e9 USB s'int\u00e8gre parfaitement au bracelet : une l\u00e9g\u00e8re pression fait appara\u00eetre le port USB pour l'utiliser, et la cl\u00e9 se range dans le bracelet lorsqu'elle n'est pas utilis\u00e9e.<\/p>\n\n\n\n<div class=\"wp-block-columns is-layout-flex wp-container-core-columns-is-layout-4 wp-block-columns-is-layout-flex\">\n<div class=\"wp-block-column is-layout-flow wp-block-column-is-layout-flow\">\n<figure class=\"wp-block-image size-full\"><img decoding=\"async\" width=\"800\" height=\"800\" src=\"https:\/\/www.yousanusb.com\/wp-content\/uploads\/2025\/10\/Custom-Usb-Slap-Wrap-Wristbands.webp\" alt=\"\" class=\"wp-image-20476\" srcset=\"https:\/\/www.yousanusb.com\/wp-content\/uploads\/2025\/10\/Custom-Usb-Slap-Wrap-Wristbands.webp 800w, https:\/\/www.yousanusb.com\/wp-content\/uploads\/2025\/10\/Custom-Usb-Slap-Wrap-Wristbands-300x300.webp 300w, https:\/\/www.yousanusb.com\/wp-content\/uploads\/2025\/10\/Custom-Usb-Slap-Wrap-Wristbands-150x150.webp 150w, https:\/\/www.yousanusb.com\/wp-content\/uploads\/2025\/10\/Custom-Usb-Slap-Wrap-Wristbands-768x768.webp 768w, https:\/\/www.yousanusb.com\/wp-content\/uploads\/2025\/10\/Custom-Usb-Slap-Wrap-Wristbands-12x12.webp 12w, https:\/\/www.yousanusb.com\/wp-content\/uploads\/2025\/10\/Custom-Usb-Slap-Wrap-Wristbands-600x600.webp 600w, https:\/\/www.yousanusb.com\/wp-content\/uploads\/2025\/10\/Custom-Usb-Slap-Wrap-Wristbands-100x100.webp 100w\" sizes=\"(max-width: 800px) 100vw, 800px\" \/><\/figure>\n<\/div>\n\n\n\n<div class=\"wp-block-column is-layout-flow wp-block-column-is-layout-flow\">\n<figure class=\"wp-block-image size-full\"><img loading=\"lazy\" decoding=\"async\" width=\"800\" height=\"800\" src=\"https:\/\/www.yousanusb.com\/wp-content\/uploads\/2025\/10\/Silicone-USB-Flash-Drive-Wristband-Bracelet.webp\" alt=\"\" class=\"wp-image-20477\" srcset=\"https:\/\/www.yousanusb.com\/wp-content\/uploads\/2025\/10\/Silicone-USB-Flash-Drive-Wristband-Bracelet.webp 800w, https:\/\/www.yousanusb.com\/wp-content\/uploads\/2025\/10\/Silicone-USB-Flash-Drive-Wristband-Bracelet-300x300.webp 300w, https:\/\/www.yousanusb.com\/wp-content\/uploads\/2025\/10\/Silicone-USB-Flash-Drive-Wristband-Bracelet-150x150.webp 150w, https:\/\/www.yousanusb.com\/wp-content\/uploads\/2025\/10\/Silicone-USB-Flash-Drive-Wristband-Bracelet-768x768.webp 768w, https:\/\/www.yousanusb.com\/wp-content\/uploads\/2025\/10\/Silicone-USB-Flash-Drive-Wristband-Bracelet-12x12.webp 12w, https:\/\/www.yousanusb.com\/wp-content\/uploads\/2025\/10\/Silicone-USB-Flash-Drive-Wristband-Bracelet-600x600.webp 600w, https:\/\/www.yousanusb.com\/wp-content\/uploads\/2025\/10\/Silicone-USB-Flash-Drive-Wristband-Bracelet-100x100.webp 100w\" sizes=\"(max-width: 800px) 100vw, 800px\" \/><\/figure>\n<\/div>\n<\/div>\n\n\n\n<div class=\"wp-block-columns is-layout-flex wp-container-core-columns-is-layout-5 wp-block-columns-is-layout-flex\">\n<div class=\"wp-block-column is-layout-flow wp-block-column-is-layout-flow\">\n<figure class=\"wp-block-image size-full\"><img loading=\"lazy\" decoding=\"async\" width=\"880\" height=\"800\" src=\"https:\/\/www.yousanusb.com\/wp-content\/uploads\/2025\/10\/custom-usb-flash-drive.jpg\" alt=\"\" class=\"wp-image-20475\" srcset=\"https:\/\/www.yousanusb.com\/wp-content\/uploads\/2025\/10\/custom-usb-flash-drive.jpg 880w, https:\/\/www.yousanusb.com\/wp-content\/uploads\/2025\/10\/custom-usb-flash-drive-300x273.jpg 300w, https:\/\/www.yousanusb.com\/wp-content\/uploads\/2025\/10\/custom-usb-flash-drive-768x698.jpg 768w, https:\/\/www.yousanusb.com\/wp-content\/uploads\/2025\/10\/custom-usb-flash-drive-13x12.jpg 13w, https:\/\/www.yousanusb.com\/wp-content\/uploads\/2025\/10\/custom-usb-flash-drive-600x545.jpg 600w\" sizes=\"(max-width: 880px) 100vw, 880px\" \/><\/figure>\n<\/div>\n\n\n\n<div class=\"wp-block-column is-vertically-aligned-center is-layout-flow wp-block-column-is-layout-flow\">\n<p>La valeur des cl\u00e9s USB \u00e0 bracelet r\u00e9side dans la polyvalence de leurs applications :<\/p>\n\n\n\n<p>Utilisation quotidienne : Portez-la \u00e0 votre poignet pour y acc\u00e9der instantan\u00e9ment pendant les trajets quotidiens, les cours ou les voyages d'affaires : plus besoin de fouiller dans les sacs pour trouver votre cl\u00e9. Le bracelet en silicone l\u00e9ger la rend beaucoup moins encombrante que les cl\u00e9s USB traditionnelles.<\/p>\n\n\n\n<p>Cadeaux d'affaires : Les entreprises peuvent personnaliser le logo de leur marque sur le corps de la cl\u00e9 USB et l'utiliser comme cadeau d'entreprise ou comme prix pour un \u00e9v\u00e9nement. Compar\u00e9e aux cadeaux ordinaires, elle est \u00e0 la fois pratique et am\u00e9liore la visibilit\u00e9 de la marque gr\u00e2ce au \"wearable branding\".<\/p>\n\n\n\n<p>Nous sommes une usine et non une soci\u00e9t\u00e9 commerciale, ce qui nous permet de proposer des prix tr\u00e8s comp\u00e9titifs.<\/p>\n<\/div>\n<\/div>","protected":false},"excerpt":{"rendered":"<ul>\n<li>Bracelet 2 en 1<\/li>\n<li>Convient \u00e0 tous les smartphones\/tablettes et produits num\u00e9riques<\/li>\n<li>Pour la recharge USB, le transfert de donn\u00e9es et les cadeaux promotionnels<\/li>\n<li>Support OEM, livraison rapide et haute qualit\u00e9<\/li>\n<li>MOQ:100pcs<\/li>\n<\/ul>","protected":false},"featured_media":20476,"comment_status":"open","ping_status":"closed","template":"","meta":{"_seopress_robots_primary_cat":"","_seopress_titles_title":"","_seopress_titles_desc":"","_seopress_robots_index":""},"class_list":["post-20472","product","type-product","status-publish","has-post-thumbnail","hentry","product_cat-bracelet-pen-drive"],"_links":{"self":[{"href":"https:\/\/www.yousanusb.com\/fr\/wp-json\/wp\/v2\/product\/20472"}],"collection":[{"href":"https:\/\/www.yousanusb.com\/fr\/wp-json\/wp\/v2\/product"}],"about":[{"href":"https:\/\/www.yousanusb.com\/fr\/wp-json\/wp\/v2\/types\/product"}],"replies":[{"embeddable":true,"href":"https:\/\/www.yousanusb.com\/fr\/wp-json\/wp\/v2\/comments?post=20472"}],"wp:featuredmedia":[{"embeddable":true,"href":"https:\/\/www.yousanusb.com\/fr\/wp-json\/wp\/v2\/media\/20476"}],"wp:attachment":[{"href":"https:\/\/www.yousanusb.com\/fr\/wp-json\/wp\/v2\/media?parent=20472"}],"curies":[{"name":"wp","href":"https:\/\/api.w.org\/{rel}","templated":true}]}}