{"id":20483,"date":"2025-10-12T13:29:53","date_gmt":"2025-10-12T13:29:53","guid":{"rendered":"https:\/\/www.yousanusb.com\/?post_type=product&#038;p=20483"},"modified":"2025-10-12T13:45:18","modified_gmt":"2025-10-12T13:45:18","slug":"pvc-bracelet-style-usb-flash-drive","status":"publish","type":"product","link":"https:\/\/www.yousanusb.com\/fr\/produit\/pvc-bracelet-style-usb-flash-drive\/","title":{"rendered":"Cl\u00e9 USB en forme de bracelet en PVC"},"content":{"rendered":"<p>\u00c0 une \u00e9poque o\u00f9 les dispositifs de stockage et les accessoires de mode continuent de converger, les cl\u00e9s USB avec bracelet en PVC sont devenues un article promotionnel privil\u00e9gi\u00e9 pour les entreprises gr\u00e2ce \u00e0 leur design unique et \u00e0 leur prix abordable.<\/p>\n\n\n\n<p>Fabriqu\u00e9e en PVC, cette cl\u00e9 USB est r\u00e9put\u00e9e pour sa \"durabilit\u00e9 flexible\". D'une part, elle \u00e9pouse sans effort les contours du poignet, offrant une sensation de libert\u00e9 totale pendant le port et garantissant le confort m\u00eame en cas d'utilisation prolong\u00e9e. D'autre part, il pr\u00e9sente des propri\u00e9t\u00e9s exceptionnelles d'\u00e9tanch\u00e9it\u00e9 et de r\u00e9sistance aux chocs. En cas de d\u00e9versement accidentel, de chocs mineurs ou de flexions fr\u00e9quentes, il prot\u00e8ge efficacement la puce de stockage interne, prolongeant sa dur\u00e9e de vie et l'adaptant \u00e0 divers sc\u00e9narios.<\/p>\n\n\n\n<div class=\"wp-block-columns is-layout-flex wp-container-core-columns-is-layout-1 wp-block-columns-is-layout-flex\">\n<div class=\"wp-block-column is-layout-flow wp-block-column-is-layout-flow\">\n<figure class=\"wp-block-image size-full\"><img fetchpriority=\"high\" decoding=\"async\" width=\"800\" height=\"800\" src=\"https:\/\/www.yousanusb.com\/wp-content\/uploads\/2025\/10\/Wristband-USB-Drive.png\" alt=\"\" class=\"wp-image-20492\" srcset=\"https:\/\/www.yousanusb.com\/wp-content\/uploads\/2025\/10\/Wristband-USB-Drive.png 800w, https:\/\/www.yousanusb.com\/wp-content\/uploads\/2025\/10\/Wristband-USB-Drive-300x300.png 300w, https:\/\/www.yousanusb.com\/wp-content\/uploads\/2025\/10\/Wristband-USB-Drive-150x150.png 150w, https:\/\/www.yousanusb.com\/wp-content\/uploads\/2025\/10\/Wristband-USB-Drive-768x768.png 768w, https:\/\/www.yousanusb.com\/wp-content\/uploads\/2025\/10\/Wristband-USB-Drive-12x12.png 12w, https:\/\/www.yousanusb.com\/wp-content\/uploads\/2025\/10\/Wristband-USB-Drive-600x600.png 600w, https:\/\/www.yousanusb.com\/wp-content\/uploads\/2025\/10\/Wristband-USB-Drive-100x100.png 100w\" sizes=\"(max-width: 800px) 100vw, 800px\" \/><\/figure>\n<\/div>\n\n\n\n<div class=\"wp-block-column is-layout-flow wp-block-column-is-layout-flow\">\n<figure class=\"wp-block-image size-full\"><img decoding=\"async\" width=\"800\" height=\"800\" src=\"https:\/\/www.yousanusb.com\/wp-content\/uploads\/2025\/10\/Custom-Promotional-USB-flash-drive.png\" alt=\"\" class=\"wp-image-20486\" srcset=\"https:\/\/www.yousanusb.com\/wp-content\/uploads\/2025\/10\/Custom-Promotional-USB-flash-drive.png 800w, https:\/\/www.yousanusb.com\/wp-content\/uploads\/2025\/10\/Custom-Promotional-USB-flash-drive-300x300.png 300w, https:\/\/www.yousanusb.com\/wp-content\/uploads\/2025\/10\/Custom-Promotional-USB-flash-drive-150x150.png 150w, https:\/\/www.yousanusb.com\/wp-content\/uploads\/2025\/10\/Custom-Promotional-USB-flash-drive-768x768.png 768w, https:\/\/www.yousanusb.com\/wp-content\/uploads\/2025\/10\/Custom-Promotional-USB-flash-drive-12x12.png 12w, https:\/\/www.yousanusb.com\/wp-content\/uploads\/2025\/10\/Custom-Promotional-USB-flash-drive-600x600.png 600w, https:\/\/www.yousanusb.com\/wp-content\/uploads\/2025\/10\/Custom-Promotional-USB-flash-drive-100x100.png 100w\" sizes=\"(max-width: 800px) 100vw, 800px\" \/><\/figure>\n<\/div>\n<\/div>\n\n\n\n<p>Elle pr\u00e9sente un design int\u00e9gr\u00e9 qui combine de mani\u00e8re transparente une cl\u00e9 USB et un bracelet : lorsque vous avez besoin de stocker ou de transf\u00e9rer des donn\u00e9es, il vous suffit d'ouvrir la housse de protection du bracelet pour faire appara\u00eetre le port USB. Lorsqu'elle n'est pas utilis\u00e9e, il suffit de refermer le couvercle de protection pour qu'elle se transforme en un \u00e9l\u00e9gant bracelet. Port\u00e9 au poignet, il offre une portabilit\u00e9 pratique (r\u00e9solvant compl\u00e8tement le probl\u00e8me courant de la perte des cl\u00e9s USB traditionnelles) tout en se doublant d'un accessoire de mode pour compl\u00e9ter vos tenues, vous offrant essentiellement \"une cl\u00e9 USB et un bracelet \u00e9l\u00e9gant pour le prix d'un\".<br><\/p>\n\n\n\n<div class=\"wp-block-columns is-layout-flex wp-container-core-columns-is-layout-2 wp-block-columns-is-layout-flex\">\n<div class=\"wp-block-column is-layout-flow wp-block-column-is-layout-flow\">\n<figure class=\"wp-block-image size-full\"><img decoding=\"async\" width=\"800\" height=\"800\" src=\"https:\/\/www.yousanusb.com\/wp-content\/uploads\/2025\/10\/PVC-bracelet-style-USB-flash-drive.png\" alt=\"\" class=\"wp-image-20489\" srcset=\"https:\/\/www.yousanusb.com\/wp-content\/uploads\/2025\/10\/PVC-bracelet-style-USB-flash-drive.png 800w, https:\/\/www.yousanusb.com\/wp-content\/uploads\/2025\/10\/PVC-bracelet-style-USB-flash-drive-300x300.png 300w, https:\/\/www.yousanusb.com\/wp-content\/uploads\/2025\/10\/PVC-bracelet-style-USB-flash-drive-150x150.png 150w, https:\/\/www.yousanusb.com\/wp-content\/uploads\/2025\/10\/PVC-bracelet-style-USB-flash-drive-768x768.png 768w, https:\/\/www.yousanusb.com\/wp-content\/uploads\/2025\/10\/PVC-bracelet-style-USB-flash-drive-12x12.png 12w, https:\/\/www.yousanusb.com\/wp-content\/uploads\/2025\/10\/PVC-bracelet-style-USB-flash-drive-600x600.png 600w, https:\/\/www.yousanusb.com\/wp-content\/uploads\/2025\/10\/PVC-bracelet-style-USB-flash-drive-100x100.png 100w\" sizes=\"(max-width: 800px) 100vw, 800px\" \/><\/figure>\n<\/div>\n\n\n\n<div class=\"wp-block-column is-layout-flow wp-block-column-is-layout-flow\">\n<figure class=\"wp-block-image size-full\"><img loading=\"lazy\" decoding=\"async\" width=\"800\" height=\"800\" src=\"https:\/\/www.yousanusb.com\/wp-content\/uploads\/2025\/10\/PVC-Wristband-USB-Drive.png\" alt=\"\" class=\"wp-image-20490\" srcset=\"https:\/\/www.yousanusb.com\/wp-content\/uploads\/2025\/10\/PVC-Wristband-USB-Drive.png 800w, https:\/\/www.yousanusb.com\/wp-content\/uploads\/2025\/10\/PVC-Wristband-USB-Drive-300x300.png 300w, https:\/\/www.yousanusb.com\/wp-content\/uploads\/2025\/10\/PVC-Wristband-USB-Drive-150x150.png 150w, https:\/\/www.yousanusb.com\/wp-content\/uploads\/2025\/10\/PVC-Wristband-USB-Drive-768x768.png 768w, https:\/\/www.yousanusb.com\/wp-content\/uploads\/2025\/10\/PVC-Wristband-USB-Drive-12x12.png 12w, https:\/\/www.yousanusb.com\/wp-content\/uploads\/2025\/10\/PVC-Wristband-USB-Drive-600x600.png 600w, https:\/\/www.yousanusb.com\/wp-content\/uploads\/2025\/10\/PVC-Wristband-USB-Drive-100x100.png 100w\" sizes=\"(max-width: 800px) 100vw, 800px\" \/><\/figure>\n<\/div>\n<\/div>\n\n\n\n<p>Il est disponible en plusieurs couleurs : noir, rouge, bleu, vert, jaune vif, blanc, etc. Des services d'impression de logos personnalis\u00e9s sont \u00e9galement disponibles : Pour les entreprises, l'impression du logo de la marque sur les cl\u00e9s USB \u00e0 bracelet en tant que cadeaux promotionnels ou cadeaux d'entreprise offre une valeur pratique tout en augmentant la visibilit\u00e9 de la marque, les transformant ainsi en \"ambassadeurs mobiles de la marque\". Pour les particuliers, la personnalisation de logos ou de designs uniques permet de cr\u00e9er des outils de stockage uniques, rendant chaque transfert de donn\u00e9es nettement plus personnel.<br><\/p>\n\n\n\n<div class=\"wp-block-columns is-layout-flex wp-container-core-columns-is-layout-3 wp-block-columns-is-layout-flex\">\n<div class=\"wp-block-column is-layout-flow wp-block-column-is-layout-flow\">\n<figure class=\"wp-block-image size-full\"><img loading=\"lazy\" decoding=\"async\" width=\"800\" height=\"800\" src=\"https:\/\/www.yousanusb.com\/wp-content\/uploads\/2025\/10\/Wristband-USB-Flash-Drive-1.png\" alt=\"\" class=\"wp-image-20493\" srcset=\"https:\/\/www.yousanusb.com\/wp-content\/uploads\/2025\/10\/Wristband-USB-Flash-Drive-1.png 800w, https:\/\/www.yousanusb.com\/wp-content\/uploads\/2025\/10\/Wristband-USB-Flash-Drive-1-300x300.png 300w, https:\/\/www.yousanusb.com\/wp-content\/uploads\/2025\/10\/Wristband-USB-Flash-Drive-1-150x150.png 150w, https:\/\/www.yousanusb.com\/wp-content\/uploads\/2025\/10\/Wristband-USB-Flash-Drive-1-768x768.png 768w, https:\/\/www.yousanusb.com\/wp-content\/uploads\/2025\/10\/Wristband-USB-Flash-Drive-1-12x12.png 12w, https:\/\/www.yousanusb.com\/wp-content\/uploads\/2025\/10\/Wristband-USB-Flash-Drive-1-600x600.png 600w, https:\/\/www.yousanusb.com\/wp-content\/uploads\/2025\/10\/Wristband-USB-Flash-Drive-1-100x100.png 100w\" sizes=\"(max-width: 800px) 100vw, 800px\" \/><\/figure>\n<\/div>\n\n\n\n<div class=\"wp-block-column is-layout-flow wp-block-column-is-layout-flow\">\n<figure class=\"wp-block-image size-full\"><img loading=\"lazy\" decoding=\"async\" width=\"800\" height=\"800\" src=\"https:\/\/www.yousanusb.com\/wp-content\/uploads\/2025\/10\/Promotional-Wristband-USB-Drive.png\" alt=\"\" class=\"wp-image-20488\" srcset=\"https:\/\/www.yousanusb.com\/wp-content\/uploads\/2025\/10\/Promotional-Wristband-USB-Drive.png 800w, https:\/\/www.yousanusb.com\/wp-content\/uploads\/2025\/10\/Promotional-Wristband-USB-Drive-300x300.png 300w, https:\/\/www.yousanusb.com\/wp-content\/uploads\/2025\/10\/Promotional-Wristband-USB-Drive-150x150.png 150w, https:\/\/www.yousanusb.com\/wp-content\/uploads\/2025\/10\/Promotional-Wristband-USB-Drive-768x768.png 768w, https:\/\/www.yousanusb.com\/wp-content\/uploads\/2025\/10\/Promotional-Wristband-USB-Drive-12x12.png 12w, https:\/\/www.yousanusb.com\/wp-content\/uploads\/2025\/10\/Promotional-Wristband-USB-Drive-600x600.png 600w, https:\/\/www.yousanusb.com\/wp-content\/uploads\/2025\/10\/Promotional-Wristband-USB-Drive-100x100.png 100w\" sizes=\"(max-width: 800px) 100vw, 800px\" \/><\/figure>\n<\/div>\n<\/div>\n\n\n\n<p>Cette cl\u00e9 USB de style bracelet est dot\u00e9e d'une interface USB standard, compatible avec la plupart des ordinateurs et des appareils embarqu\u00e9s du march\u00e9, ce qui garantit un transfert de donn\u00e9es stable et efficace. Qu'il s'agisse de stocker des photos haute d\u00e9finition, des documents volumineux ou de transf\u00e9rer des fichiers vid\u00e9o, elle accomplit les t\u00e2ches rapidement, offrant un stockage et un transfert de donn\u00e9es fiables.<\/p>\n\n\n\n<div class=\"wp-block-columns is-layout-flex wp-container-core-columns-is-layout-4 wp-block-columns-is-layout-flex\">\n<div class=\"wp-block-column is-layout-flow wp-block-column-is-layout-flow\">\n<figure class=\"wp-block-image size-full\"><img loading=\"lazy\" decoding=\"async\" width=\"800\" height=\"800\" src=\"https:\/\/www.yousanusb.com\/wp-content\/uploads\/2025\/10\/usb-wristband-flash-drives.png\" alt=\"\" class=\"wp-image-20491\" srcset=\"https:\/\/www.yousanusb.com\/wp-content\/uploads\/2025\/10\/usb-wristband-flash-drives.png 800w, https:\/\/www.yousanusb.com\/wp-content\/uploads\/2025\/10\/usb-wristband-flash-drives-300x300.png 300w, https:\/\/www.yousanusb.com\/wp-content\/uploads\/2025\/10\/usb-wristband-flash-drives-150x150.png 150w, https:\/\/www.yousanusb.com\/wp-content\/uploads\/2025\/10\/usb-wristband-flash-drives-768x768.png 768w, https:\/\/www.yousanusb.com\/wp-content\/uploads\/2025\/10\/usb-wristband-flash-drives-12x12.png 12w, https:\/\/www.yousanusb.com\/wp-content\/uploads\/2025\/10\/usb-wristband-flash-drives-600x600.png 600w, https:\/\/www.yousanusb.com\/wp-content\/uploads\/2025\/10\/usb-wristband-flash-drives-100x100.png 100w\" sizes=\"(max-width: 800px) 100vw, 800px\" \/><\/figure>\n<\/div>\n\n\n\n<div class=\"wp-block-column is-layout-flow wp-block-column-is-layout-flow\">\n<figure class=\"wp-block-image size-full\"><img loading=\"lazy\" decoding=\"async\" width=\"800\" height=\"800\" src=\"https:\/\/www.yousanusb.com\/wp-content\/uploads\/2025\/10\/custom-usb-wristband-flash-drive.png\" alt=\"\" class=\"wp-image-20487\" srcset=\"https:\/\/www.yousanusb.com\/wp-content\/uploads\/2025\/10\/custom-usb-wristband-flash-drive.png 800w, https:\/\/www.yousanusb.com\/wp-content\/uploads\/2025\/10\/custom-usb-wristband-flash-drive-300x300.png 300w, https:\/\/www.yousanusb.com\/wp-content\/uploads\/2025\/10\/custom-usb-wristband-flash-drive-150x150.png 150w, https:\/\/www.yousanusb.com\/wp-content\/uploads\/2025\/10\/custom-usb-wristband-flash-drive-768x768.png 768w, https:\/\/www.yousanusb.com\/wp-content\/uploads\/2025\/10\/custom-usb-wristband-flash-drive-12x12.png 12w, https:\/\/www.yousanusb.com\/wp-content\/uploads\/2025\/10\/custom-usb-wristband-flash-drive-600x600.png 600w, https:\/\/www.yousanusb.com\/wp-content\/uploads\/2025\/10\/custom-usb-wristband-flash-drive-100x100.png 100w\" sizes=\"(max-width: 800px) 100vw, 800px\" \/><\/figure>\n<\/div>\n<\/div>\n\n\n\n<p><\/p>","protected":false},"excerpt":{"rendered":"<ul>\n<li>Mat\u00e9riau en silicone<\/li>\n<li>bracelet lecteur usb<\/li>\n<li>CE, RoHS, FCC<\/li>\n<li>6 options de couleurs<\/li>\n<li>MOQ:100pcs<\/li>\n<\/ul>","protected":false},"featured_media":20492,"comment_status":"open","ping_status":"closed","template":"","meta":{"_seopress_robots_primary_cat":"","_seopress_titles_title":"","_seopress_titles_desc":"","_seopress_robots_index":""},"class_list":["post-20483","product","type-product","status-publish","has-post-thumbnail","hentry","product_cat-bracelet-pen-drive"],"_links":{"self":[{"href":"https:\/\/www.yousanusb.com\/fr\/wp-json\/wp\/v2\/product\/20483"}],"collection":[{"href":"https:\/\/www.yousanusb.com\/fr\/wp-json\/wp\/v2\/product"}],"about":[{"href":"https:\/\/www.yousanusb.com\/fr\/wp-json\/wp\/v2\/types\/product"}],"replies":[{"embeddable":true,"href":"https:\/\/www.yousanusb.com\/fr\/wp-json\/wp\/v2\/comments?post=20483"}],"wp:featuredmedia":[{"embeddable":true,"href":"https:\/\/www.yousanusb.com\/fr\/wp-json\/wp\/v2\/media\/20492"}],"wp:attachment":[{"href":"https:\/\/www.yousanusb.com\/fr\/wp-json\/wp\/v2\/media?parent=20483"}],"curies":[{"name":"wp","href":"https:\/\/api.w.org\/{rel}","templated":true}]}}