{"id":20494,"date":"2025-10-12T13:37:15","date_gmt":"2025-10-12T13:37:15","guid":{"rendered":"https:\/\/www.yousanusb.com\/?post_type=product&#038;p=20494"},"modified":"2025-10-15T12:22:02","modified_gmt":"2025-10-15T12:22:02","slug":"eco-friendly-key-shaped-usb-flash-drive","status":"publish","type":"product","link":"https:\/\/www.yousanusb.com\/fr\/produit\/eco-friendly-key-shaped-usb-flash-drive\/","title":{"rendered":"cl\u00e9 usb \u00e9cologique en forme de cl\u00e9"},"content":{"rendered":"<p>Cette cl\u00e9 USB en forme de cl\u00e9 se d\u00e9cline en plusieurs styles, qui diff\u00e8rent principalement par la forme de leur porte-cl\u00e9s. Fabriqu\u00e9 \u00e0 partir de fibres de paille de bl\u00e9 recycl\u00e9es et m\u00e9lang\u00e9es \u00e0 une technologie biod\u00e9gradable, le bo\u00eetier de la cl\u00e9 USB est dot\u00e9 d'un double port pour une utilisation quotidienne. L'\"\u00e9cocompatibilit\u00e9\" n'est donc plus un slogan d'\u00e9tag\u00e8re, mais un accessoire pratique que vous pouvez accrocher \u00e0 votre trousseau de cl\u00e9s et auquel vous pouvez acc\u00e9der \u00e0 tout moment.<\/p>\n\n\n\n<div class=\"wp-block-columns is-layout-flex wp-container-core-columns-is-layout-1 wp-block-columns-is-layout-flex\">\n<div class=\"wp-block-column is-layout-flow wp-block-column-is-layout-flow\">\n<figure class=\"wp-block-image size-full\"><img fetchpriority=\"high\" decoding=\"async\" width=\"800\" height=\"800\" src=\"https:\/\/www.yousanusb.com\/wp-content\/uploads\/2025\/10\/eco-friendly-key-usb-flash-drive.webp\" alt=\"\" class=\"wp-image-20499\" srcset=\"https:\/\/www.yousanusb.com\/wp-content\/uploads\/2025\/10\/eco-friendly-key-usb-flash-drive.webp 800w, https:\/\/www.yousanusb.com\/wp-content\/uploads\/2025\/10\/eco-friendly-key-usb-flash-drive-300x300.webp 300w, https:\/\/www.yousanusb.com\/wp-content\/uploads\/2025\/10\/eco-friendly-key-usb-flash-drive-150x150.webp 150w, https:\/\/www.yousanusb.com\/wp-content\/uploads\/2025\/10\/eco-friendly-key-usb-flash-drive-768x768.webp 768w, https:\/\/www.yousanusb.com\/wp-content\/uploads\/2025\/10\/eco-friendly-key-usb-flash-drive-12x12.webp 12w, https:\/\/www.yousanusb.com\/wp-content\/uploads\/2025\/10\/eco-friendly-key-usb-flash-drive-600x600.webp 600w, https:\/\/www.yousanusb.com\/wp-content\/uploads\/2025\/10\/eco-friendly-key-usb-flash-drive-100x100.webp 100w\" sizes=\"(max-width: 800px) 100vw, 800px\" \/><\/figure>\n<\/div>\n\n\n\n<div class=\"wp-block-column is-vertically-aligned-center is-layout-flow wp-block-column-is-layout-flow\">\n<p>L'ensemble du bo\u00eetier est compos\u00e9 de 80% de fibres de paille de bl\u00e9 et de 20% de r\u00e9sine biod\u00e9gradable. Il n'est ni glissant comme le plastique, ni froid et dur comme le m\u00e9tal, mais pr\u00e9sente la texture mate unique et d\u00e9licate des fibres de paille. En passant le bout de vos doigts dessus, vous pouvez sentir les subtils motifs de la paille. <\/p>\n\n\n\n<p><\/p>\n<\/div>\n<\/div>\n\n\n\n<p>Approchez-le de votre nez et vous pourrez peut-\u00eatre percevoir un l\u00e9ger et subtil parfum de paille de bl\u00e9, comme si vous teniez dans votre main la chaleur d'un champ d'automne. Le corps en forme de cl\u00e9 est fin et l\u00e9ger, d'une \u00e9paisseur de 3 mm seulement, et se glisse facilement dans une poche ou un porte-carte sans ajouter d'encombrement, ce qui le rend facile \u00e0 transporter au quotidien.<\/p>\n\n\n\n<div class=\"wp-block-columns is-layout-flex wp-container-core-columns-is-layout-2 wp-block-columns-is-layout-flex\">\n<div class=\"wp-block-column is-layout-flow wp-block-column-is-layout-flow\">\n<figure class=\"wp-block-image size-full\"><img decoding=\"async\" width=\"800\" height=\"800\" src=\"https:\/\/www.yousanusb.com\/wp-content\/uploads\/2025\/10\/O1CN01XkNCyf27yDoN1jhQl_2212807527865-0-cib.jpg_.webp\" alt=\"\" class=\"wp-image-20500\" srcset=\"https:\/\/www.yousanusb.com\/wp-content\/uploads\/2025\/10\/O1CN01XkNCyf27yDoN1jhQl_2212807527865-0-cib.jpg_.webp 800w, https:\/\/www.yousanusb.com\/wp-content\/uploads\/2025\/10\/O1CN01XkNCyf27yDoN1jhQl_2212807527865-0-cib.jpg_-300x300.webp 300w, https:\/\/www.yousanusb.com\/wp-content\/uploads\/2025\/10\/O1CN01XkNCyf27yDoN1jhQl_2212807527865-0-cib.jpg_-150x150.webp 150w, https:\/\/www.yousanusb.com\/wp-content\/uploads\/2025\/10\/O1CN01XkNCyf27yDoN1jhQl_2212807527865-0-cib.jpg_-768x768.webp 768w, https:\/\/www.yousanusb.com\/wp-content\/uploads\/2025\/10\/O1CN01XkNCyf27yDoN1jhQl_2212807527865-0-cib.jpg_-12x12.webp 12w, https:\/\/www.yousanusb.com\/wp-content\/uploads\/2025\/10\/O1CN01XkNCyf27yDoN1jhQl_2212807527865-0-cib.jpg_-600x600.webp 600w, https:\/\/www.yousanusb.com\/wp-content\/uploads\/2025\/10\/O1CN01XkNCyf27yDoN1jhQl_2212807527865-0-cib.jpg_-100x100.webp 100w\" sizes=\"(max-width: 800px) 100vw, 800px\" \/><\/figure>\n<\/div>\n\n\n\n<div class=\"wp-block-column is-layout-flow wp-block-column-is-layout-flow\">\n<figure class=\"wp-block-image size-full\"><img decoding=\"async\" width=\"1000\" height=\"1000\" src=\"https:\/\/www.yousanusb.com\/wp-content\/uploads\/2025\/10\/eco-friendly-key-shaped-usb-flash-drive.webp\" alt=\"\" class=\"wp-image-20498\" srcset=\"https:\/\/www.yousanusb.com\/wp-content\/uploads\/2025\/10\/eco-friendly-key-shaped-usb-flash-drive.webp 1000w, https:\/\/www.yousanusb.com\/wp-content\/uploads\/2025\/10\/eco-friendly-key-shaped-usb-flash-drive-300x300.webp 300w, https:\/\/www.yousanusb.com\/wp-content\/uploads\/2025\/10\/eco-friendly-key-shaped-usb-flash-drive-150x150.webp 150w, https:\/\/www.yousanusb.com\/wp-content\/uploads\/2025\/10\/eco-friendly-key-shaped-usb-flash-drive-768x768.webp 768w, https:\/\/www.yousanusb.com\/wp-content\/uploads\/2025\/10\/eco-friendly-key-shaped-usb-flash-drive-12x12.webp 12w, https:\/\/www.yousanusb.com\/wp-content\/uploads\/2025\/10\/eco-friendly-key-shaped-usb-flash-drive-600x600.webp 600w, https:\/\/www.yousanusb.com\/wp-content\/uploads\/2025\/10\/eco-friendly-key-shaped-usb-flash-drive-100x100.webp 100w\" sizes=\"(max-width: 1000px) 100vw, 1000px\" \/><\/figure>\n<\/div>\n<\/div>\n\n\n\n<p>L'une des extr\u00e9mit\u00e9s est dot\u00e9e d'un trou circulaire qui s'adapte parfaitement aux porte-cl\u00e9s m\u00e9talliques standard, ce qui vous permet de l'attacher \u00e0 vos cl\u00e9s de maison ou de voiture. Plus besoin de se rappeler d'apporter la cl\u00e9 USB s\u00e9par\u00e9ment, elle est l\u00e0 quand vous prenez vos cl\u00e9s. Le trou plat \u00e0 l'autre extr\u00e9mit\u00e9 s'adapte aux lani\u00e8res fines ou aux boucles en silicone, ce qui vous permet de l'attacher au c\u00f4t\u00e9 de votre sac ou \u00e0 votre \u00e9tui \u00e0 crayons. Plus besoin de fouiller dans votre sac pour trouver votre cl\u00e9 USB.<\/p>\n\n\n\n<div class=\"wp-block-columns is-layout-flex wp-container-core-columns-is-layout-3 wp-block-columns-is-layout-flex\">\n<div class=\"wp-block-column is-layout-flow wp-block-column-is-layout-flow\">\n<figure class=\"wp-block-image size-full\"><img loading=\"lazy\" decoding=\"async\" width=\"800\" height=\"800\" src=\"https:\/\/www.yousanusb.com\/wp-content\/uploads\/2025\/10\/Round-Key-Shaped-USB-Drive-pendrive.webp\" alt=\"\" class=\"wp-image-20501\" srcset=\"https:\/\/www.yousanusb.com\/wp-content\/uploads\/2025\/10\/Round-Key-Shaped-USB-Drive-pendrive.webp 800w, https:\/\/www.yousanusb.com\/wp-content\/uploads\/2025\/10\/Round-Key-Shaped-USB-Drive-pendrive-300x300.webp 300w, https:\/\/www.yousanusb.com\/wp-content\/uploads\/2025\/10\/Round-Key-Shaped-USB-Drive-pendrive-150x150.webp 150w, https:\/\/www.yousanusb.com\/wp-content\/uploads\/2025\/10\/Round-Key-Shaped-USB-Drive-pendrive-768x768.webp 768w, https:\/\/www.yousanusb.com\/wp-content\/uploads\/2025\/10\/Round-Key-Shaped-USB-Drive-pendrive-12x12.webp 12w, https:\/\/www.yousanusb.com\/wp-content\/uploads\/2025\/10\/Round-Key-Shaped-USB-Drive-pendrive-600x600.webp 600w, https:\/\/www.yousanusb.com\/wp-content\/uploads\/2025\/10\/Round-Key-Shaped-USB-Drive-pendrive-100x100.webp 100w\" sizes=\"(max-width: 800px) 100vw, 800px\" \/><\/figure>\n<\/div>\n\n\n\n<div class=\"wp-block-column is-layout-flow wp-block-column-is-layout-flow\">\n<figure class=\"wp-block-image size-full\"><img loading=\"lazy\" decoding=\"async\" width=\"800\" height=\"800\" src=\"https:\/\/www.yousanusb.com\/wp-content\/uploads\/2025\/10\/Biodegradable-Key-Shaped-USB-Drive.webp\" alt=\"\" class=\"wp-image-20497\" srcset=\"https:\/\/www.yousanusb.com\/wp-content\/uploads\/2025\/10\/Biodegradable-Key-Shaped-USB-Drive.webp 800w, https:\/\/www.yousanusb.com\/wp-content\/uploads\/2025\/10\/Biodegradable-Key-Shaped-USB-Drive-300x300.webp 300w, https:\/\/www.yousanusb.com\/wp-content\/uploads\/2025\/10\/Biodegradable-Key-Shaped-USB-Drive-150x150.webp 150w, https:\/\/www.yousanusb.com\/wp-content\/uploads\/2025\/10\/Biodegradable-Key-Shaped-USB-Drive-768x768.webp 768w, https:\/\/www.yousanusb.com\/wp-content\/uploads\/2025\/10\/Biodegradable-Key-Shaped-USB-Drive-12x12.webp 12w, https:\/\/www.yousanusb.com\/wp-content\/uploads\/2025\/10\/Biodegradable-Key-Shaped-USB-Drive-600x600.webp 600w, https:\/\/www.yousanusb.com\/wp-content\/uploads\/2025\/10\/Biodegradable-Key-Shaped-USB-Drive-100x100.webp 100w\" sizes=\"(max-width: 800px) 100vw, 800px\" \/><\/figure>\n<\/div>\n<\/div>\n\n\n\n<p><\/p>","protected":false},"excerpt":{"rendered":"<ul>\n<li>mat\u00e9riau respectueux de l'environnement<\/li>\n<li>cl\u00e9 usb en forme de cl\u00e9<\/li>\n<li>porte-cl\u00e9s rond<\/li>\n<li>logo personnalis\u00e9<\/li>\n<li>\u00a0coque biod\u00e9gradable<\/li>\n<\/ul>","protected":false},"featured_media":20501,"comment_status":"open","ping_status":"closed","template":"","meta":{"_seopress_robots_primary_cat":"","_seopress_titles_title":"eco-friendly key shaped usb flash drive manufacturer","_seopress_titles_desc":"","_seopress_robots_index":""},"class_list":["post-20494","product","type-product","status-publish","has-post-thumbnail","hentry","product_cat-biodegradable-usb-flash-disk","product_cat-retractable-usb-flash-drive","product_tag-biodegradable-key-usb-drive"],"_links":{"self":[{"href":"https:\/\/www.yousanusb.com\/fr\/wp-json\/wp\/v2\/product\/20494"}],"collection":[{"href":"https:\/\/www.yousanusb.com\/fr\/wp-json\/wp\/v2\/product"}],"about":[{"href":"https:\/\/www.yousanusb.com\/fr\/wp-json\/wp\/v2\/types\/product"}],"replies":[{"embeddable":true,"href":"https:\/\/www.yousanusb.com\/fr\/wp-json\/wp\/v2\/comments?post=20494"}],"wp:featuredmedia":[{"embeddable":true,"href":"https:\/\/www.yousanusb.com\/fr\/wp-json\/wp\/v2\/media\/20501"}],"wp:attachment":[{"href":"https:\/\/www.yousanusb.com\/fr\/wp-json\/wp\/v2\/media?parent=20494"}],"curies":[{"name":"wp","href":"https:\/\/api.w.org\/{rel}","templated":true}]}}