{"id":20504,"date":"2025-10-12T15:33:09","date_gmt":"2025-10-12T15:33:09","guid":{"rendered":"https:\/\/www.yousanusb.com\/?post_type=product&#038;p=20504"},"modified":"2025-10-12T15:34:44","modified_gmt":"2025-10-12T15:34:44","slug":"usb-c-wristband-cable-usb-flash-drive","status":"publish","type":"product","link":"https:\/\/www.yousanusb.com\/fr\/produit\/usb-c-wristband-cable-usb-flash-drive\/","title":{"rendered":"C\u00e2ble pour bracelet USB-C Cl\u00e9 USB"},"content":{"rendered":"<p>\u00c0 une \u00e9poque o\u00f9 les accessoires num\u00e9riques sont souvent qualifi\u00e9s de \"pratiques mais ennuyeux\", un produit brise ing\u00e9nieusement les fronti\u00e8res. Il int\u00e8gre de mani\u00e8re transparente les fonctions essentielles d'un c\u00e2ble de donn\u00e9es USB-C et d'un lecteur de carte Micro SD au design \u00e9l\u00e9gant d'un bracelet : c'est la cl\u00e9 USB-C Wristband Cable.<\/p>\n\n\n\n<div class=\"wp-block-columns is-layout-flex wp-container-core-columns-is-layout-1 wp-block-columns-is-layout-flex\">\n<div class=\"wp-block-column is-layout-flow wp-block-column-is-layout-flow\">\n<figure class=\"wp-block-image size-full\"><img fetchpriority=\"high\" decoding=\"async\" width=\"800\" height=\"800\" src=\"https:\/\/www.yousanusb.com\/wp-content\/uploads\/2025\/10\/usb-c-charging-cable-bracelet.png\" alt=\"\" class=\"wp-image-20510\" srcset=\"https:\/\/www.yousanusb.com\/wp-content\/uploads\/2025\/10\/usb-c-charging-cable-bracelet.png 800w, https:\/\/www.yousanusb.com\/wp-content\/uploads\/2025\/10\/usb-c-charging-cable-bracelet-300x300.png 300w, https:\/\/www.yousanusb.com\/wp-content\/uploads\/2025\/10\/usb-c-charging-cable-bracelet-150x150.png 150w, https:\/\/www.yousanusb.com\/wp-content\/uploads\/2025\/10\/usb-c-charging-cable-bracelet-768x768.png 768w, https:\/\/www.yousanusb.com\/wp-content\/uploads\/2025\/10\/usb-c-charging-cable-bracelet-12x12.png 12w, https:\/\/www.yousanusb.com\/wp-content\/uploads\/2025\/10\/usb-c-charging-cable-bracelet-600x600.png 600w, https:\/\/www.yousanusb.com\/wp-content\/uploads\/2025\/10\/usb-c-charging-cable-bracelet-100x100.png 100w\" sizes=\"(max-width: 800px) 100vw, 800px\" \/><\/figure>\n<\/div>\n\n\n\n<div class=\"wp-block-column is-layout-flow wp-block-column-is-layout-flow\">\n<figure class=\"wp-block-image size-full\"><img decoding=\"async\" width=\"800\" height=\"800\" src=\"https:\/\/www.yousanusb.com\/wp-content\/uploads\/2025\/10\/charging-bracelet-type-c.png\" alt=\"\" class=\"wp-image-20508\" srcset=\"https:\/\/www.yousanusb.com\/wp-content\/uploads\/2025\/10\/charging-bracelet-type-c.png 800w, https:\/\/www.yousanusb.com\/wp-content\/uploads\/2025\/10\/charging-bracelet-type-c-300x300.png 300w, https:\/\/www.yousanusb.com\/wp-content\/uploads\/2025\/10\/charging-bracelet-type-c-150x150.png 150w, https:\/\/www.yousanusb.com\/wp-content\/uploads\/2025\/10\/charging-bracelet-type-c-768x768.png 768w, https:\/\/www.yousanusb.com\/wp-content\/uploads\/2025\/10\/charging-bracelet-type-c-12x12.png 12w, https:\/\/www.yousanusb.com\/wp-content\/uploads\/2025\/10\/charging-bracelet-type-c-600x600.png 600w, https:\/\/www.yousanusb.com\/wp-content\/uploads\/2025\/10\/charging-bracelet-type-c-100x100.png 100w\" sizes=\"(max-width: 800px) 100vw, 800px\" \/><\/figure>\n<\/div>\n<\/div>\n\n\n\n<div class=\"wp-block-columns is-layout-flex wp-container-core-columns-is-layout-2 wp-block-columns-is-layout-flex\">\n<div class=\"wp-block-column is-layout-flow wp-block-column-is-layout-flow\">\n<figure class=\"wp-block-image size-full\"><img decoding=\"async\" width=\"800\" height=\"800\" src=\"https:\/\/www.yousanusb.com\/wp-content\/uploads\/2025\/10\/USB-Type-C-Cable.png\" alt=\"\" class=\"wp-image-20511\" srcset=\"https:\/\/www.yousanusb.com\/wp-content\/uploads\/2025\/10\/USB-Type-C-Cable.png 800w, https:\/\/www.yousanusb.com\/wp-content\/uploads\/2025\/10\/USB-Type-C-Cable-300x300.png 300w, https:\/\/www.yousanusb.com\/wp-content\/uploads\/2025\/10\/USB-Type-C-Cable-150x150.png 150w, https:\/\/www.yousanusb.com\/wp-content\/uploads\/2025\/10\/USB-Type-C-Cable-768x768.png 768w, https:\/\/www.yousanusb.com\/wp-content\/uploads\/2025\/10\/USB-Type-C-Cable-12x12.png 12w, https:\/\/www.yousanusb.com\/wp-content\/uploads\/2025\/10\/USB-Type-C-Cable-600x600.png 600w, https:\/\/www.yousanusb.com\/wp-content\/uploads\/2025\/10\/USB-Type-C-Cable-100x100.png 100w\" sizes=\"(max-width: 800px) 100vw, 800px\" \/><\/figure>\n<\/div>\n\n\n\n<div class=\"wp-block-column is-layout-flow wp-block-column-is-layout-flow\">\n<figure class=\"wp-block-image size-full\"><img loading=\"lazy\" decoding=\"async\" width=\"800\" height=\"800\" src=\"https:\/\/www.yousanusb.com\/wp-content\/uploads\/2025\/10\/USB-C-cable-bracelet.png\" alt=\"\" class=\"wp-image-20509\" srcset=\"https:\/\/www.yousanusb.com\/wp-content\/uploads\/2025\/10\/USB-C-cable-bracelet.png 800w, https:\/\/www.yousanusb.com\/wp-content\/uploads\/2025\/10\/USB-C-cable-bracelet-300x300.png 300w, https:\/\/www.yousanusb.com\/wp-content\/uploads\/2025\/10\/USB-C-cable-bracelet-150x150.png 150w, https:\/\/www.yousanusb.com\/wp-content\/uploads\/2025\/10\/USB-C-cable-bracelet-768x768.png 768w, https:\/\/www.yousanusb.com\/wp-content\/uploads\/2025\/10\/USB-C-cable-bracelet-12x12.png 12w, https:\/\/www.yousanusb.com\/wp-content\/uploads\/2025\/10\/USB-C-cable-bracelet-600x600.png 600w, https:\/\/www.yousanusb.com\/wp-content\/uploads\/2025\/10\/USB-C-cable-bracelet-100x100.png 100w\" sizes=\"(max-width: 800px) 100vw, 800px\" \/><\/figure>\n<\/div>\n<\/div>\n\n\n\n<p>Cette cl\u00e9 USB est dot\u00e9e d'un cordon tiss\u00e9 qui allie la douceur et le toucher du tissu \u00e0 une durabilit\u00e9 accrue obtenue gr\u00e2ce \u00e0 des techniques de tissage de pr\u00e9cision. Lorsqu'elle est port\u00e9e au quotidien, elle constitue un accessoire \u00e9l\u00e9gant pour le poignet. Le connecteur m\u00e9tallique compl\u00e8te l'anneau d\u00e9coratif, cr\u00e9ant une esth\u00e9tique minimaliste mais sophistiqu\u00e9e.<br><\/p>\n\n\n\n<div class=\"wp-block-columns is-layout-flex wp-container-core-columns-is-layout-3 wp-block-columns-is-layout-flex\">\n<div class=\"wp-block-column is-layout-flow wp-block-column-is-layout-flow\">\n<figure class=\"wp-block-image size-full\"><img loading=\"lazy\" decoding=\"async\" width=\"800\" height=\"800\" src=\"https:\/\/www.yousanusb.com\/wp-content\/uploads\/2025\/10\/bracelet-usb-cable.jpg\" alt=\"\" class=\"wp-image-20507\" srcset=\"https:\/\/www.yousanusb.com\/wp-content\/uploads\/2025\/10\/bracelet-usb-cable.jpg 800w, https:\/\/www.yousanusb.com\/wp-content\/uploads\/2025\/10\/bracelet-usb-cable-300x300.jpg 300w, https:\/\/www.yousanusb.com\/wp-content\/uploads\/2025\/10\/bracelet-usb-cable-150x150.jpg 150w, https:\/\/www.yousanusb.com\/wp-content\/uploads\/2025\/10\/bracelet-usb-cable-768x768.jpg 768w, https:\/\/www.yousanusb.com\/wp-content\/uploads\/2025\/10\/bracelet-usb-cable-12x12.jpg 12w, https:\/\/www.yousanusb.com\/wp-content\/uploads\/2025\/10\/bracelet-usb-cable-600x600.jpg 600w, https:\/\/www.yousanusb.com\/wp-content\/uploads\/2025\/10\/bracelet-usb-cable-100x100.jpg 100w\" sizes=\"(max-width: 800px) 100vw, 800px\" \/><\/figure>\n<\/div>\n\n\n\n<div class=\"wp-block-column is-vertically-aligned-center is-layout-flow wp-block-column-is-layout-flow\">\n<p>Il combine le \"transfert\/chargement de donn\u00e9es USB-C\" et la \"lecture de cartes Micro SD\" en un seul appareil, ce qui r\u00e9pond pr\u00e9cis\u00e9ment aux probl\u00e8mes num\u00e9riques modernes. L'une des extr\u00e9mit\u00e9s est \u00e9quip\u00e9e d'un port USB-C qui se connecte en toute transparence aux t\u00e9l\u00e9phones, tablettes, ordinateurs portables et autres, et qui g\u00e8re efficacement toutes les op\u00e9rations, du chargement d'urgence des t\u00e9l\u00e9phones aux transferts rapides de fichiers de travail. L'autre extr\u00e9mit\u00e9 est \u00e9quip\u00e9e d'un emplacement pour carte Micro SD : Pour les utilisateurs confront\u00e9s \u00e0 un manque de stockage sur leur t\u00e9l\u00e9phone, il n'est pas n\u00e9cessaire de s'appuyer sur un ordinateur. Il suffit d'utiliser le c\u00e2ble de donn\u00e9es du bracelet pour acc\u00e9der directement aux photos, vid\u00e9os et documents stock\u00e9s sur la carte, ce qui permet d'augmenter instantan\u00e9ment la capacit\u00e9 de stockage de votre appareil. Lorsque vous prenez des photos en d\u00e9placement, vous pouvez \u00e9galement transf\u00e9rer rapidement des s\u00e9quences de la carte m\u00e9moire de votre appareil photo vers votre t\u00e9l\u00e9phone, ce qui vous permet de partager vos cr\u00e9ations en temps voulu. Vous \u00e9liminez ainsi \u00e0 la fois l'angoisse du stockage et les probl\u00e8mes de transfert.<\/p>\n<\/div>\n<\/div>","protected":false},"excerpt":{"rendered":"<ul>\n<li>Cl\u00e9 USB-C<\/li>\n<li>bande tress\u00e9e de haute qualit\u00e9<\/li>\n<li>Conception gratuite,\u00c9chantillons gratuits<\/li>\n<li>Technologie de charge rapide<\/li>\n<li>MOQ:100pcs<\/li>\n<\/ul>","protected":false},"featured_media":20510,"comment_status":"open","ping_status":"closed","template":"","meta":{"_seopress_robots_primary_cat":"","_seopress_titles_title":"","_seopress_titles_desc":"","_seopress_robots_index":""},"class_list":["post-20504","product","type-product","status-publish","has-post-thumbnail","hentry","product_cat-bracelet-pen-drive"],"_links":{"self":[{"href":"https:\/\/www.yousanusb.com\/fr\/wp-json\/wp\/v2\/product\/20504"}],"collection":[{"href":"https:\/\/www.yousanusb.com\/fr\/wp-json\/wp\/v2\/product"}],"about":[{"href":"https:\/\/www.yousanusb.com\/fr\/wp-json\/wp\/v2\/types\/product"}],"replies":[{"embeddable":true,"href":"https:\/\/www.yousanusb.com\/fr\/wp-json\/wp\/v2\/comments?post=20504"}],"wp:featuredmedia":[{"embeddable":true,"href":"https:\/\/www.yousanusb.com\/fr\/wp-json\/wp\/v2\/media\/20510"}],"wp:attachment":[{"href":"https:\/\/www.yousanusb.com\/fr\/wp-json\/wp\/v2\/media?parent=20504"}],"curies":[{"name":"wp","href":"https:\/\/api.w.org\/{rel}","templated":true}]}}