{"id":20632,"date":"2025-10-13T06:19:36","date_gmt":"2025-10-13T06:19:36","guid":{"rendered":"https:\/\/www.yousanusb.com\/?post_type=product&#038;p=20632"},"modified":"2025-11-13T13:01:23","modified_gmt":"2025-11-13T13:01:23","slug":"the-smallest-usb-flash-drive","status":"publish","type":"product","link":"https:\/\/www.yousanusb.com\/fr\/produit\/the-smallest-usb-flash-drive\/","title":{"rendered":"la plus petite cl\u00e9 usb"},"content":{"rendered":"<div class=\"wp-block-columns is-layout-flex wp-container-core-columns-is-layout-1 wp-block-columns-is-layout-flex\">\n<div class=\"wp-block-column is-layout-flow wp-block-column-is-layout-flow\">\n<figure class=\"wp-block-image size-full\"><img fetchpriority=\"high\" decoding=\"async\" width=\"1024\" height=\"1024\" src=\"https:\/\/www.yousanusb.com\/wp-content\/uploads\/2025\/10\/the-smallest-usb-flash-drive.jpg\" alt=\"le plus petit lecteur flash-usb\" class=\"wp-image-20637\" srcset=\"https:\/\/www.yousanusb.com\/wp-content\/uploads\/2025\/10\/the-smallest-usb-flash-drive.jpg 1024w, https:\/\/www.yousanusb.com\/wp-content\/uploads\/2025\/10\/the-smallest-usb-flash-drive-300x300.jpg 300w, https:\/\/www.yousanusb.com\/wp-content\/uploads\/2025\/10\/the-smallest-usb-flash-drive-150x150.jpg 150w, https:\/\/www.yousanusb.com\/wp-content\/uploads\/2025\/10\/the-smallest-usb-flash-drive-768x768.jpg 768w, https:\/\/www.yousanusb.com\/wp-content\/uploads\/2025\/10\/the-smallest-usb-flash-drive-12x12.jpg 12w, https:\/\/www.yousanusb.com\/wp-content\/uploads\/2025\/10\/the-smallest-usb-flash-drive-600x600.jpg 600w, https:\/\/www.yousanusb.com\/wp-content\/uploads\/2025\/10\/the-smallest-usb-flash-drive-100x100.jpg 100w\" sizes=\"(max-width: 1024px) 100vw, 1024px\" \/><\/figure>\n<\/div>\n\n\n\n<div class=\"wp-block-column is-vertically-aligned-center is-layout-flow wp-block-column-is-layout-flow\">\n<p>Cette cl\u00e9 USB noire, \u00e9galement connue sous le nom de \"Mosquito USB\", pr\u00e9tend \u00eatre la plus petite cl\u00e9 USB-C au monde avec seulement 10,6\u00d720\u00d713,5 mm - \u00e0 peu pr\u00e8s la taille de deux pi\u00e8ces de 1 yuan empil\u00e9es - et ne p\u00e8se que 2,8 grammes. Son bo\u00eetier en plastique est g\u00e9n\u00e9ralement de couleur noire.<\/p>\n<\/div>\n<\/div>\n\n\n\n<p>Ce disque miniature est dot\u00e9 d'une coque int\u00e9gr\u00e9e en m\u00e9tal moul\u00e9 sous pression avec une finition sabl\u00e9e mate qui r\u00e9siste aux empreintes digitales et aux rayures. Son m\u00e9canisme coulissant sans capuchon (similaire \u00e0 celui de la Kioxia U365) \u00e9limine le probl\u00e8me de la perte des capuchons. Certains mod\u00e8les int\u00e8grent un trou cach\u00e9 pour porte-cl\u00e9s (comme la cl\u00e9 USB Vector Bid), ce qui permet de l'attacher \u00e0 un porte-cl\u00e9s avec un encombrement minime, \u00e9liminant ainsi la frustration de \"l'emporter mais de l'oublier\".<\/p>\n\n\n\n<div class=\"wp-block-columns is-layout-flex wp-container-core-columns-is-layout-2 wp-block-columns-is-layout-flex\">\n<div class=\"wp-block-column is-layout-flow wp-block-column-is-layout-flow\">\n<figure class=\"wp-block-image size-full\"><img decoding=\"async\" width=\"800\" height=\"800\" src=\"https:\/\/www.yousanusb.com\/wp-content\/uploads\/2025\/10\/the-black-smallest-usb-flash-drive.jpg\" alt=\"le plus petit lecteur flash-usb noir\" class=\"wp-image-20636\" srcset=\"https:\/\/www.yousanusb.com\/wp-content\/uploads\/2025\/10\/the-black-smallest-usb-flash-drive.jpg 800w, https:\/\/www.yousanusb.com\/wp-content\/uploads\/2025\/10\/the-black-smallest-usb-flash-drive-300x300.jpg 300w, https:\/\/www.yousanusb.com\/wp-content\/uploads\/2025\/10\/the-black-smallest-usb-flash-drive-150x150.jpg 150w, https:\/\/www.yousanusb.com\/wp-content\/uploads\/2025\/10\/the-black-smallest-usb-flash-drive-768x768.jpg 768w, https:\/\/www.yousanusb.com\/wp-content\/uploads\/2025\/10\/the-black-smallest-usb-flash-drive-12x12.jpg 12w, https:\/\/www.yousanusb.com\/wp-content\/uploads\/2025\/10\/the-black-smallest-usb-flash-drive-600x600.jpg 600w, https:\/\/www.yousanusb.com\/wp-content\/uploads\/2025\/10\/the-black-smallest-usb-flash-drive-100x100.jpg 100w\" sizes=\"(max-width: 800px) 100vw, 800px\" \/><\/figure>\n<\/div>\n\n\n\n<div class=\"wp-block-column is-layout-flow wp-block-column-is-layout-flow\">\n<figure class=\"wp-block-image size-full\"><img decoding=\"async\" width=\"800\" height=\"800\" src=\"https:\/\/www.yousanusb.com\/wp-content\/uploads\/2025\/10\/mini-usb-flash-drive.jpg\" alt=\"lecteur flash mini-usb\" class=\"wp-image-20635\" srcset=\"https:\/\/www.yousanusb.com\/wp-content\/uploads\/2025\/10\/mini-usb-flash-drive.jpg 800w, https:\/\/www.yousanusb.com\/wp-content\/uploads\/2025\/10\/mini-usb-flash-drive-300x300.jpg 300w, https:\/\/www.yousanusb.com\/wp-content\/uploads\/2025\/10\/mini-usb-flash-drive-150x150.jpg 150w, https:\/\/www.yousanusb.com\/wp-content\/uploads\/2025\/10\/mini-usb-flash-drive-768x768.jpg 768w, https:\/\/www.yousanusb.com\/wp-content\/uploads\/2025\/10\/mini-usb-flash-drive-12x12.jpg 12w, https:\/\/www.yousanusb.com\/wp-content\/uploads\/2025\/10\/mini-usb-flash-drive-600x600.jpg 600w, https:\/\/www.yousanusb.com\/wp-content\/uploads\/2025\/10\/mini-usb-flash-drive-100x100.jpg 100w\" sizes=\"(max-width: 800px) 100vw, 800px\" \/><\/figure>\n<\/div>\n<\/div>\n\n\n\n<p>Les capacit\u00e9s vont de 1 Go \u00e0 512 Go : - Les mod\u00e8les compacts de 1 \u00e0 8 Go sont id\u00e9aux pour stocker des documents de candidature ou des fichiers audio de voiture. - Les mod\u00e8les haute capacit\u00e9 de 128 \u00e0 512 Go peuvent contenir des milliers de photos RAW ou des dizaines d'heures de vid\u00e9o HD.<\/p>","protected":false},"excerpt":{"rendered":"<ul>\n<li>style mini<\/li>\n<li>la plus petite cl\u00e9 usb<\/li>\n<li>noir et rouge<\/li>\n<li>logo cutom<\/li>\n<li>pour voiture musci usb drive<\/li>\n<\/ul>","protected":false},"featured_media":20637,"comment_status":"open","ping_status":"closed","template":"","meta":{"_seopress_robots_primary_cat":"none","_seopress_titles_title":"the smallest usb flash drive manufacturer in China- custom mini usb","_seopress_titles_desc":"This black USB drive, also known as the \u201cMosquito USB,\u201d claims to be the world's smallest USB-C flash drive at just 10.6\u00d720\u00d713.5 mm\u2014roughly the size of two stacked 1-yuan coins\u2014and weighs only 2.8 grams. Its plastic casing typically comes in black.","_seopress_robots_index":""},"class_list":["post-20632","product","type-product","status-publish","has-post-thumbnail","hentry","product_cat-mini-usb-flash-drive"],"_links":{"self":[{"href":"https:\/\/www.yousanusb.com\/fr\/wp-json\/wp\/v2\/product\/20632"}],"collection":[{"href":"https:\/\/www.yousanusb.com\/fr\/wp-json\/wp\/v2\/product"}],"about":[{"href":"https:\/\/www.yousanusb.com\/fr\/wp-json\/wp\/v2\/types\/product"}],"replies":[{"embeddable":true,"href":"https:\/\/www.yousanusb.com\/fr\/wp-json\/wp\/v2\/comments?post=20632"}],"wp:featuredmedia":[{"embeddable":true,"href":"https:\/\/www.yousanusb.com\/fr\/wp-json\/wp\/v2\/media\/20637"}],"wp:attachment":[{"href":"https:\/\/www.yousanusb.com\/fr\/wp-json\/wp\/v2\/media?parent=20632"}],"curies":[{"name":"wp","href":"https:\/\/api.w.org\/{rel}","templated":true}]}}