{"id":20638,"date":"2025-10-13T10:07:00","date_gmt":"2025-10-13T10:07:00","guid":{"rendered":"https:\/\/www.yousanusb.com\/?post_type=product&#038;p=20638"},"modified":"2025-10-13T11:00:25","modified_gmt":"2025-10-13T11:00:25","slug":"silicone-wristband-usb-flah-drive","status":"publish","type":"product","link":"https:\/\/www.yousanusb.com\/fr\/produit\/silicone-wristband-usb-flah-drive\/","title":{"rendered":"Bracelet en silicone lecteur flash usb"},"content":{"rendered":"<p>Cette cl\u00e9 USB \u00e0 bracelet en silicone rompt avec le m\u00e9tal froid ou le plastique ordinaire des cl\u00e9s USB traditionnelles. Elle int\u00e8gre astucieusement la puce de stockage dans un bracelet en silicone souple. D'un prix abordable et d'une qualit\u00e9 sup\u00e9rieure, c'est un cadeau promotionnel id\u00e9al pour les entreprises qui souhaitent le pr\u00e9senter \u00e0 leurs clients.<br><\/p>\n\n\n\n<div class=\"wp-block-columns is-layout-flex wp-container-core-columns-is-layout-1 wp-block-columns-is-layout-flex\">\n<div class=\"wp-block-column is-layout-flow wp-block-column-is-layout-flow\">\n<figure class=\"wp-block-image size-full\"><img fetchpriority=\"high\" decoding=\"async\" width=\"800\" height=\"800\" src=\"https:\/\/www.yousanusb.com\/wp-content\/uploads\/2025\/10\/Silicone-Wristband-USB-Flash-Drive.png\" alt=\"\" class=\"wp-image-20645\" srcset=\"https:\/\/www.yousanusb.com\/wp-content\/uploads\/2025\/10\/Silicone-Wristband-USB-Flash-Drive.png 800w, https:\/\/www.yousanusb.com\/wp-content\/uploads\/2025\/10\/Silicone-Wristband-USB-Flash-Drive-300x300.png 300w, https:\/\/www.yousanusb.com\/wp-content\/uploads\/2025\/10\/Silicone-Wristband-USB-Flash-Drive-150x150.png 150w, https:\/\/www.yousanusb.com\/wp-content\/uploads\/2025\/10\/Silicone-Wristband-USB-Flash-Drive-768x768.png 768w, https:\/\/www.yousanusb.com\/wp-content\/uploads\/2025\/10\/Silicone-Wristband-USB-Flash-Drive-12x12.png 12w, https:\/\/www.yousanusb.com\/wp-content\/uploads\/2025\/10\/Silicone-Wristband-USB-Flash-Drive-600x600.png 600w, https:\/\/www.yousanusb.com\/wp-content\/uploads\/2025\/10\/Silicone-Wristband-USB-Flash-Drive-100x100.png 100w\" sizes=\"(max-width: 800px) 100vw, 800px\" \/><\/figure>\n<\/div>\n\n\n\n<div class=\"wp-block-column is-layout-flow wp-block-column-is-layout-flow\">\n<p>La cl\u00e9 USB \u00e0 bracelet en silicone rompt avec les designs en m\u00e9tal froid ou en plastique simple des cl\u00e9s USB traditionnelles. Elle int\u00e8gre astucieusement la puce de stockage dans un bracelet en silicone souple, dont l'aspect g\u00e9n\u00e9ral rappelle celui d'un tracker de fitness minimaliste :<br>Disponible dans une large gamme de couleurs, chacune avec une saturation parfaitement \u00e9quilibr\u00e9e. Le mat\u00e9riau en silicone pr\u00e9sente une finition naturellement \"mate et douce au toucher\" qui pr\u00e9serve les teintes \u00e9clatantes sans donner l'impression d'\u00eatre bon march\u00e9 ;<\/p>\n\n\n\n<p>Le bracelet est en silicone \u00e9lastique, \u00e9tanche, r\u00e9sistant aux rayures et \u00e0 la flexion. Il s'ajuste parfaitement sans \u00eatre serr\u00e9, ce qui rend la cl\u00e9 USB pratiquement \"invisible\" au quotidien, sans encombrement. En cas de besoin, il suffit de tirer doucement sur le bracelet pour faire appara\u00eetre le port USB et obtenir un fonctionnement fluide et satisfaisant.<\/p>\n<\/div>\n<\/div>\n\n\n\n<div class=\"wp-block-columns is-layout-flex wp-container-core-columns-is-layout-2 wp-block-columns-is-layout-flex\">\n<div class=\"wp-block-column is-vertically-aligned-center is-layout-flow wp-block-column-is-layout-flow\">\n<p>Ce design \"portable\" transforme compl\u00e8tement la cl\u00e9 USB d'un simple outil en un accessoire \u00e9l\u00e9gant qui sert \u00e9galement de stockage.<\/p>\n\n\n\n<p>Cette cl\u00e9 USB \u00e0 bracelet en silicone est dot\u00e9e de puces de m\u00e9moire flash \u00e0 grande vitesse et offre plusieurs options de capacit\u00e9 allant de 8 Go \u00e0 128 Go. Qu'il s'agisse de stocker des documents de travail, des pr\u00e9sentations en classe, des photos haute d\u00e9finition ou de courtes vid\u00e9os, elle peut tout accueillir en un seul clic. Son interface USB est compatible avec les appareils courants (ordinateurs, imprimantes et m\u00eame certains t\u00e9l\u00e9viseurs intelligents), ce qui lui permet de fonctionner en mode plug-and-play. Gr\u00e2ce \u00e0 des vitesses de transfert stables, il traite rapidement les fichiers volumineux, tout en alliant style et substance.<\/p>\n<\/div>\n\n\n\n<div class=\"wp-block-column is-vertically-aligned-center is-layout-flow wp-block-column-is-layout-flow\">\n<figure class=\"wp-block-image size-full is-resized\"><img decoding=\"async\" width=\"800\" height=\"800\" src=\"https:\/\/www.yousanusb.com\/wp-content\/uploads\/2025\/10\/china-silicone-wristband-usb-flash-drive-factory.png\" alt=\"\" class=\"wp-image-20643\" style=\"width:441px;height:auto\" srcset=\"https:\/\/www.yousanusb.com\/wp-content\/uploads\/2025\/10\/china-silicone-wristband-usb-flash-drive-factory.png 800w, https:\/\/www.yousanusb.com\/wp-content\/uploads\/2025\/10\/china-silicone-wristband-usb-flash-drive-factory-300x300.png 300w, https:\/\/www.yousanusb.com\/wp-content\/uploads\/2025\/10\/china-silicone-wristband-usb-flash-drive-factory-150x150.png 150w, https:\/\/www.yousanusb.com\/wp-content\/uploads\/2025\/10\/china-silicone-wristband-usb-flash-drive-factory-768x768.png 768w, https:\/\/www.yousanusb.com\/wp-content\/uploads\/2025\/10\/china-silicone-wristband-usb-flash-drive-factory-12x12.png 12w, https:\/\/www.yousanusb.com\/wp-content\/uploads\/2025\/10\/china-silicone-wristband-usb-flash-drive-factory-600x600.png 600w, https:\/\/www.yousanusb.com\/wp-content\/uploads\/2025\/10\/china-silicone-wristband-usb-flash-drive-factory-100x100.png 100w\" sizes=\"(max-width: 800px) 100vw, 800px\" \/><\/figure>\n<\/div>\n<\/div>\n\n\n\n<h2 class=\"wp-block-heading\">Deux types de connecteurs distincts<\/h2>\n\n\n\n<p>Cette cl\u00e9 USB est dot\u00e9e de deux types de connecteurs distincts : ovale et rectangulaire. Veuillez envoyer un message \u00e0 notre service client\u00e8le pour sp\u00e9cifier le style que vous pr\u00e9f\u00e9rez.<br><\/p>\n\n\n\n<div class=\"wp-block-columns is-layout-flex wp-container-core-columns-is-layout-3 wp-block-columns-is-layout-flex\">\n<div class=\"wp-block-column is-layout-flow wp-block-column-is-layout-flow\"><div class=\"wp-block-image\">\n<figure class=\"aligncenter size-full\"><img decoding=\"async\" width=\"800\" height=\"800\" src=\"https:\/\/www.yousanusb.com\/wp-content\/uploads\/2025\/10\/bulk-silicone-wristband-usb-flash-drive.png\" alt=\"\" class=\"wp-image-20641\" srcset=\"https:\/\/www.yousanusb.com\/wp-content\/uploads\/2025\/10\/bulk-silicone-wristband-usb-flash-drive.png 800w, https:\/\/www.yousanusb.com\/wp-content\/uploads\/2025\/10\/bulk-silicone-wristband-usb-flash-drive-300x300.png 300w, https:\/\/www.yousanusb.com\/wp-content\/uploads\/2025\/10\/bulk-silicone-wristband-usb-flash-drive-150x150.png 150w, https:\/\/www.yousanusb.com\/wp-content\/uploads\/2025\/10\/bulk-silicone-wristband-usb-flash-drive-768x768.png 768w, https:\/\/www.yousanusb.com\/wp-content\/uploads\/2025\/10\/bulk-silicone-wristband-usb-flash-drive-12x12.png 12w, https:\/\/www.yousanusb.com\/wp-content\/uploads\/2025\/10\/bulk-silicone-wristband-usb-flash-drive-600x600.png 600w, https:\/\/www.yousanusb.com\/wp-content\/uploads\/2025\/10\/bulk-silicone-wristband-usb-flash-drive-100x100.png 100w\" sizes=\"(max-width: 800px) 100vw, 800px\" \/><figcaption class=\"wp-element-caption\">Bracelet silicone rectangulaire cl\u00e9 usb<\/figcaption><\/figure><\/div><\/div>\n\n\n\n<div class=\"wp-block-column is-layout-flow wp-block-column-is-layout-flow\"><div class=\"wp-block-image\">\n<figure class=\"aligncenter size-full\"><img loading=\"lazy\" decoding=\"async\" width=\"800\" height=\"800\" src=\"https:\/\/www.yousanusb.com\/wp-content\/uploads\/2025\/10\/china-silicone-wristband-usb-flash-drive.png\" alt=\"\" class=\"wp-image-20644\" srcset=\"https:\/\/www.yousanusb.com\/wp-content\/uploads\/2025\/10\/china-silicone-wristband-usb-flash-drive.png 800w, https:\/\/www.yousanusb.com\/wp-content\/uploads\/2025\/10\/china-silicone-wristband-usb-flash-drive-300x300.png 300w, https:\/\/www.yousanusb.com\/wp-content\/uploads\/2025\/10\/china-silicone-wristband-usb-flash-drive-150x150.png 150w, https:\/\/www.yousanusb.com\/wp-content\/uploads\/2025\/10\/china-silicone-wristband-usb-flash-drive-768x768.png 768w, https:\/\/www.yousanusb.com\/wp-content\/uploads\/2025\/10\/china-silicone-wristband-usb-flash-drive-12x12.png 12w, https:\/\/www.yousanusb.com\/wp-content\/uploads\/2025\/10\/china-silicone-wristband-usb-flash-drive-600x600.png 600w, https:\/\/www.yousanusb.com\/wp-content\/uploads\/2025\/10\/china-silicone-wristband-usb-flash-drive-100x100.png 100w\" sizes=\"(max-width: 800px) 100vw, 800px\" \/><figcaption class=\"wp-element-caption\">Bracelet ovale en silicone pour cl\u00e9 usb<\/figcaption><\/figure><\/div><\/div>\n<\/div>","protected":false},"excerpt":{"rendered":"<ul>\n<li>Mat\u00e9riaux en silicone<\/li>\n<li>Cl\u00e9 USB en forme de bracelet<\/li>\n<li>Bracelet fin<\/li>\n<li>Logo personnalis\u00e9<\/li>\n<li>MOQ:100pcs<\/li>\n<\/ul>","protected":false},"featured_media":20641,"comment_status":"open","ping_status":"closed","template":"","meta":{"_seopress_robots_primary_cat":"","_seopress_titles_title":"","_seopress_titles_desc":"","_seopress_robots_index":""},"class_list":["post-20638","product","type-product","status-publish","has-post-thumbnail","hentry","product_cat-bracelet-pen-drive"],"_links":{"self":[{"href":"https:\/\/www.yousanusb.com\/fr\/wp-json\/wp\/v2\/product\/20638"}],"collection":[{"href":"https:\/\/www.yousanusb.com\/fr\/wp-json\/wp\/v2\/product"}],"about":[{"href":"https:\/\/www.yousanusb.com\/fr\/wp-json\/wp\/v2\/types\/product"}],"replies":[{"embeddable":true,"href":"https:\/\/www.yousanusb.com\/fr\/wp-json\/wp\/v2\/comments?post=20638"}],"wp:featuredmedia":[{"embeddable":true,"href":"https:\/\/www.yousanusb.com\/fr\/wp-json\/wp\/v2\/media\/20641"}],"wp:attachment":[{"href":"https:\/\/www.yousanusb.com\/fr\/wp-json\/wp\/v2\/media?parent=20638"}],"curies":[{"name":"wp","href":"https:\/\/api.w.org\/{rel}","templated":true}]}}