{"id":20646,"date":"2025-10-13T10:58:13","date_gmt":"2025-10-13T10:58:13","guid":{"rendered":"https:\/\/www.yousanusb.com\/?post_type=product&#038;p=20646"},"modified":"2025-10-13T10:59:49","modified_gmt":"2025-10-13T10:59:49","slug":"ladys-silicone-wristband-usb-flash-drive","status":"publish","type":"product","link":"https:\/\/www.yousanusb.com\/fr\/produit\/ladys-silicone-wristband-usb-flash-drive\/","title":{"rendered":"bracelet en silicone pour femme cl\u00e9 usb"},"content":{"rendered":"<div class=\"wp-block-columns is-layout-flex wp-container-core-columns-is-layout-1 wp-block-columns-is-layout-flex\">\n<div class=\"wp-block-column is-layout-flow wp-block-column-is-layout-flow\">\n<figure class=\"wp-block-image size-full\"><img fetchpriority=\"high\" decoding=\"async\" width=\"800\" height=\"800\" src=\"https:\/\/www.yousanusb.com\/wp-content\/uploads\/2025\/10\/silicone-wristband-usb-flash-drive-1.png\" alt=\"\" class=\"wp-image-20650\" srcset=\"https:\/\/www.yousanusb.com\/wp-content\/uploads\/2025\/10\/silicone-wristband-usb-flash-drive-1.png 800w, https:\/\/www.yousanusb.com\/wp-content\/uploads\/2025\/10\/silicone-wristband-usb-flash-drive-1-300x300.png 300w, https:\/\/www.yousanusb.com\/wp-content\/uploads\/2025\/10\/silicone-wristband-usb-flash-drive-1-150x150.png 150w, https:\/\/www.yousanusb.com\/wp-content\/uploads\/2025\/10\/silicone-wristband-usb-flash-drive-1-768x768.png 768w, https:\/\/www.yousanusb.com\/wp-content\/uploads\/2025\/10\/silicone-wristband-usb-flash-drive-1-12x12.png 12w, https:\/\/www.yousanusb.com\/wp-content\/uploads\/2025\/10\/silicone-wristband-usb-flash-drive-1-600x600.png 600w, https:\/\/www.yousanusb.com\/wp-content\/uploads\/2025\/10\/silicone-wristband-usb-flash-drive-1-100x100.png 100w\" sizes=\"(max-width: 800px) 100vw, 800px\" \/><\/figure>\n<\/div>\n\n\n\n<div class=\"wp-block-column is-vertically-aligned-center is-layout-flow wp-block-column-is-layout-flow\">\n<p>Cette cl\u00e9 USB \u00e0 bracelet en silicone a \u00e9t\u00e9 con\u00e7ue sp\u00e9cialement pour les femmes, alliant fonctionnalit\u00e9 num\u00e9rique et style \u00e0 la pointe de la mode. Fabriqu\u00e9 en silicone doux et respectueux de la peau, le bracelet s'ajuste parfaitement comme un bracelet d\u00e9licat, offrant un port confortable et sans restriction. Il r\u00e9sout le probl\u00e8me courant de la perte des cl\u00e9s USB tout en \u00e9tant un accessoire \u00e9l\u00e9gant qui compl\u00e8te vos tenues. Portez-la au poignet pour vous rendre au travail ou dans les transports en commun, afin d'y avoir acc\u00e8s \u00e0 tout moment. Lorsque vous faites du shopping, il sert de pi\u00e8ce d\u00e9corative, ajoutant une touche de sophistication ludique \u00e0 votre look et mettant en valeur votre \u00e9l\u00e9gance raffin\u00e9e.<\/p>\n<\/div>\n<\/div>\n\n\n\n<p>Le design imprim\u00e9 sur le port USB est tout aussi ing\u00e9nieux, avec des couleurs vives et des motifs distinctifs - qu'ils soient orn\u00e9s de symboles personnalis\u00e9s ou infus\u00e9s d'\u00e9l\u00e9ments cr\u00e9atifs - transformant instantan\u00e9ment l'appareil num\u00e9rique autrefois monotone en une pi\u00e8ce d'apparat, tout comme un accessoire compact et personnalis\u00e9. Parall\u00e8lement, sa fonction de stockage reste stable et fiable, prot\u00e9geant de mani\u00e8re s\u00fbre et pratique tous les types de donn\u00e9es. Ce m\u00e9lange harmonieux d'\u00e9l\u00e9gance et d'efficacit\u00e9 de stockage en fait un choix judicieux pour la vie num\u00e9rique des femmes - une fusion parfaite d'esth\u00e9tique et de praticit\u00e9.<\/p>\n\n\n\n<div class=\"wp-block-columns is-layout-flex wp-container-core-columns-is-layout-2 wp-block-columns-is-layout-flex\">\n<div class=\"wp-block-column is-layout-flow wp-block-column-is-layout-flow\">\n<figure class=\"wp-block-image size-full\"><img decoding=\"async\" width=\"800\" height=\"800\" src=\"https:\/\/www.yousanusb.com\/wp-content\/uploads\/2025\/10\/custom-silicone-wristband-usb-drive.png\" alt=\"\" class=\"wp-image-20649\" srcset=\"https:\/\/www.yousanusb.com\/wp-content\/uploads\/2025\/10\/custom-silicone-wristband-usb-drive.png 800w, https:\/\/www.yousanusb.com\/wp-content\/uploads\/2025\/10\/custom-silicone-wristband-usb-drive-300x300.png 300w, https:\/\/www.yousanusb.com\/wp-content\/uploads\/2025\/10\/custom-silicone-wristband-usb-drive-150x150.png 150w, https:\/\/www.yousanusb.com\/wp-content\/uploads\/2025\/10\/custom-silicone-wristband-usb-drive-768x768.png 768w, https:\/\/www.yousanusb.com\/wp-content\/uploads\/2025\/10\/custom-silicone-wristband-usb-drive-12x12.png 12w, https:\/\/www.yousanusb.com\/wp-content\/uploads\/2025\/10\/custom-silicone-wristband-usb-drive-600x600.png 600w, https:\/\/www.yousanusb.com\/wp-content\/uploads\/2025\/10\/custom-silicone-wristband-usb-drive-100x100.png 100w\" sizes=\"(max-width: 800px) 100vw, 800px\" \/><\/figure>\n<\/div>\n\n\n\n<div class=\"wp-block-column is-layout-flow wp-block-column-is-layout-flow\">\n<figure class=\"wp-block-image size-full\"><img decoding=\"async\" width=\"800\" height=\"800\" src=\"https:\/\/www.yousanusb.com\/wp-content\/uploads\/2025\/10\/wristband-usb-drive-1.png\" alt=\"\" class=\"wp-image-20651\" srcset=\"https:\/\/www.yousanusb.com\/wp-content\/uploads\/2025\/10\/wristband-usb-drive-1.png 800w, https:\/\/www.yousanusb.com\/wp-content\/uploads\/2025\/10\/wristband-usb-drive-1-300x300.png 300w, https:\/\/www.yousanusb.com\/wp-content\/uploads\/2025\/10\/wristband-usb-drive-1-150x150.png 150w, https:\/\/www.yousanusb.com\/wp-content\/uploads\/2025\/10\/wristband-usb-drive-1-768x768.png 768w, https:\/\/www.yousanusb.com\/wp-content\/uploads\/2025\/10\/wristband-usb-drive-1-12x12.png 12w, https:\/\/www.yousanusb.com\/wp-content\/uploads\/2025\/10\/wristband-usb-drive-1-600x600.png 600w, https:\/\/www.yousanusb.com\/wp-content\/uploads\/2025\/10\/wristband-usb-drive-1-100x100.png 100w\" sizes=\"(max-width: 800px) 100vw, 800px\" \/><\/figure>\n<\/div>\n<\/div>","protected":false},"excerpt":{"rendered":"<ul>\n<li>Femmes usb<\/li>\n<li>Bracelet en silicone<\/li>\n<li>Logo personnalis\u00e9<\/li>\n<li>OEM<\/li>\n<li>MOQ:100pcs<\/li>\n<\/ul>","protected":false},"featured_media":20650,"comment_status":"open","ping_status":"closed","template":"","meta":{"_seopress_robots_primary_cat":"","_seopress_titles_title":"","_seopress_titles_desc":"","_seopress_robots_index":""},"class_list":["post-20646","product","type-product","status-publish","has-post-thumbnail","hentry","product_cat-bracelet-pen-drive"],"_links":{"self":[{"href":"https:\/\/www.yousanusb.com\/fr\/wp-json\/wp\/v2\/product\/20646"}],"collection":[{"href":"https:\/\/www.yousanusb.com\/fr\/wp-json\/wp\/v2\/product"}],"about":[{"href":"https:\/\/www.yousanusb.com\/fr\/wp-json\/wp\/v2\/types\/product"}],"replies":[{"embeddable":true,"href":"https:\/\/www.yousanusb.com\/fr\/wp-json\/wp\/v2\/comments?post=20646"}],"wp:featuredmedia":[{"embeddable":true,"href":"https:\/\/www.yousanusb.com\/fr\/wp-json\/wp\/v2\/media\/20650"}],"wp:attachment":[{"href":"https:\/\/www.yousanusb.com\/fr\/wp-json\/wp\/v2\/media?parent=20646"}],"curies":[{"name":"wp","href":"https:\/\/api.w.org\/{rel}","templated":true}]}}