{"id":20734,"date":"2025-10-14T07:54:52","date_gmt":"2025-10-14T07:54:52","guid":{"rendered":"https:\/\/www.yousanusb.com\/?post_type=product&#038;p=20734"},"modified":"2025-10-16T01:09:01","modified_gmt":"2025-10-16T01:09:01","slug":"car-key-pvc-usb-flash-drive","status":"publish","type":"product","link":"https:\/\/www.yousanusb.com\/fr\/produit\/car-key-pvc-usb-flash-drive\/","title":{"rendered":"Cl\u00e9 USB plastique personnalis\u00e9e pour cl\u00e9 de voiture"},"content":{"rendered":"<p>Cette cl\u00e9 USB plastique en forme de cl\u00e9 de voiture combine ing\u00e9nieusement le stockage num\u00e9rique avec la culture automobile et la promotion de la marque gr\u00e2ce \u00e0 son design r\u00e9aliste de cl\u00e9 de voiture, ce qui en fait un objet cr\u00e9atif tr\u00e8s recherch\u00e9 sur le march\u00e9.<\/p>\n\n\n\n<div class=\"wp-block-columns is-layout-flex wp-container-core-columns-is-layout-1 wp-block-columns-is-layout-flex\">\n<div class=\"wp-block-column is-vertically-aligned-center is-layout-flow wp-block-column-is-layout-flow\">\n<figure class=\"wp-block-image size-full\"><img fetchpriority=\"high\" decoding=\"async\" width=\"800\" height=\"800\" src=\"https:\/\/www.yousanusb.com\/wp-content\/uploads\/2025\/10\/lkss-car-key-usb-flash-drive.jpg\" alt=\"\" class=\"wp-image-20748\" srcset=\"https:\/\/www.yousanusb.com\/wp-content\/uploads\/2025\/10\/lkss-car-key-usb-flash-drive.jpg 800w, https:\/\/www.yousanusb.com\/wp-content\/uploads\/2025\/10\/lkss-car-key-usb-flash-drive-300x300.jpg 300w, https:\/\/www.yousanusb.com\/wp-content\/uploads\/2025\/10\/lkss-car-key-usb-flash-drive-150x150.jpg 150w, https:\/\/www.yousanusb.com\/wp-content\/uploads\/2025\/10\/lkss-car-key-usb-flash-drive-768x768.jpg 768w, https:\/\/www.yousanusb.com\/wp-content\/uploads\/2025\/10\/lkss-car-key-usb-flash-drive-12x12.jpg 12w, https:\/\/www.yousanusb.com\/wp-content\/uploads\/2025\/10\/lkss-car-key-usb-flash-drive-600x600.jpg 600w, https:\/\/www.yousanusb.com\/wp-content\/uploads\/2025\/10\/lkss-car-key-usb-flash-drive-100x100.jpg 100w\" sizes=\"(max-width: 800px) 100vw, 800px\" \/><\/figure>\n<\/div>\n\n\n\n<div class=\"wp-block-column is-vertically-aligned-center is-layout-flow wp-block-column-is-layout-flow\">\n<p>D'un point de vue mat\u00e9riel, il est fabriqu\u00e9 en plastique. Le plastique offre par nature une flexibilit\u00e9 et une durabilit\u00e9 exceptionnelles, amortissant efficacement les impacts des chocs et des pressions subis lors du transport quotidien, afin d'assurer une protection compl\u00e8te de la puce de stockage interne. Sa nature mall\u00e9able permet \u00e9galement de reproduire avec une grande pr\u00e9cision les contours, les courbes et la texture d'une v\u00e9ritable cl\u00e9 de voiture. La construction l\u00e9g\u00e8re en PVC assure une portabilit\u00e9 sans effort, se glissant facilement dans les poches ou les porte-cl\u00e9s sans ajouter d'encombrement.<\/p>\n\n\n\n<p>Il int\u00e8gre une puce de stockage stable et \u00e0 grande vitesse prenant en charge les protocoles de transfert USB 2.0 ou USB 3.0 (s\u00e9lectionnable en fonction des besoins). Qu'il s'agisse de documents de bureau, de vid\u00e9os haute d\u00e9finition ou de musique embarqu\u00e9e, il permet un stockage et une r\u00e9cup\u00e9ration rapides, r\u00e9pondant ainsi aux diverses demandes d'utilisation pour le travail de bureau quotidien, le divertissement embarqu\u00e9, etc. En outre, le produit est soumis \u00e0 des tests de qualit\u00e9 rigoureux afin de garantir un stockage de donn\u00e9es s\u00fbr et stable.<br><\/p>\n<\/div>\n<\/div>\n\n\n\n<p>La personnalisation est le point fort de cette cl\u00e9 USB. Des logos embl\u00e9matiques de constructeurs automobiles renomm\u00e9s comme Audi, Mercedes-Benz et BMW aux \u00e9l\u00e9ments de marque de l'entreprise, chaque d\u00e9tail est rendu avec pr\u00e9cision par des techniques d'impression ou de moulage par injection. La saturation des couleurs et la pr\u00e9cision des contours du logo correspondent parfaitement au design original, ce qui permet de satisfaire le d\u00e9sir des passionn\u00e9s d'automobile de se procurer des articles exclusifs tout en offrant aux entreprises un support de marque exceptionnel. Lorsque les clients utilisent la cl\u00e9 USB de marque pour manipuler des fichiers, l'image de marque est expos\u00e9e de mani\u00e8re continue et subtile, ce qui amplifie l'impact promotionnel.<\/p>\n\n\n\n<div class=\"wp-block-columns is-layout-flex wp-container-core-columns-is-layout-4 wp-block-columns-is-layout-flex\">\n<div class=\"wp-block-column is-layout-flow wp-block-column-is-layout-flow\">\n<div class=\"wp-block-columns is-layout-flex wp-container-core-columns-is-layout-2 wp-block-columns-is-layout-flex\">\n<div class=\"wp-block-column is-layout-flow wp-block-column-is-layout-flow\"><div class=\"wp-block-image\">\n<figure class=\"aligncenter size-full\"><img decoding=\"async\" width=\"800\" height=\"800\" src=\"https:\/\/www.yousanusb.com\/wp-content\/uploads\/2025\/10\/audi-car-key-usb-flash-drive.jpg\" alt=\"\" class=\"wp-image-20743\" srcset=\"https:\/\/www.yousanusb.com\/wp-content\/uploads\/2025\/10\/audi-car-key-usb-flash-drive.jpg 800w, https:\/\/www.yousanusb.com\/wp-content\/uploads\/2025\/10\/audi-car-key-usb-flash-drive-300x300.jpg 300w, https:\/\/www.yousanusb.com\/wp-content\/uploads\/2025\/10\/audi-car-key-usb-flash-drive-150x150.jpg 150w, https:\/\/www.yousanusb.com\/wp-content\/uploads\/2025\/10\/audi-car-key-usb-flash-drive-768x768.jpg 768w, https:\/\/www.yousanusb.com\/wp-content\/uploads\/2025\/10\/audi-car-key-usb-flash-drive-12x12.jpg 12w, https:\/\/www.yousanusb.com\/wp-content\/uploads\/2025\/10\/audi-car-key-usb-flash-drive-600x600.jpg 600w, https:\/\/www.yousanusb.com\/wp-content\/uploads\/2025\/10\/audi-car-key-usb-flash-drive-100x100.jpg 100w\" sizes=\"(max-width: 800px) 100vw, 800px\" \/><figcaption class=\"wp-element-caption\">Cl\u00e9 de voiture Audi usb drive<\/figcaption><\/figure><\/div><\/div>\n\n\n\n<div class=\"wp-block-column is-layout-flow wp-block-column-is-layout-flow\"><div class=\"wp-block-image\">\n<figure class=\"aligncenter size-full\"><img decoding=\"async\" width=\"800\" height=\"800\" src=\"https:\/\/www.yousanusb.com\/wp-content\/uploads\/2025\/10\/benz-car-key-usb-flash-drive.jpg\" alt=\"\" class=\"wp-image-20744\" srcset=\"https:\/\/www.yousanusb.com\/wp-content\/uploads\/2025\/10\/benz-car-key-usb-flash-drive.jpg 800w, https:\/\/www.yousanusb.com\/wp-content\/uploads\/2025\/10\/benz-car-key-usb-flash-drive-300x300.jpg 300w, https:\/\/www.yousanusb.com\/wp-content\/uploads\/2025\/10\/benz-car-key-usb-flash-drive-150x150.jpg 150w, https:\/\/www.yousanusb.com\/wp-content\/uploads\/2025\/10\/benz-car-key-usb-flash-drive-768x768.jpg 768w, https:\/\/www.yousanusb.com\/wp-content\/uploads\/2025\/10\/benz-car-key-usb-flash-drive-12x12.jpg 12w, https:\/\/www.yousanusb.com\/wp-content\/uploads\/2025\/10\/benz-car-key-usb-flash-drive-600x600.jpg 600w, https:\/\/www.yousanusb.com\/wp-content\/uploads\/2025\/10\/benz-car-key-usb-flash-drive-100x100.jpg 100w\" sizes=\"(max-width: 800px) 100vw, 800px\" \/><figcaption class=\"wp-element-caption\">Cl\u00e9 de voiture Benz lecteur usb<\/figcaption><\/figure><\/div><\/div>\n<\/div>\n<\/div>\n\n\n\n<div class=\"wp-block-column is-layout-flow wp-block-column-is-layout-flow\">\n<div class=\"wp-block-columns is-layout-flex wp-container-core-columns-is-layout-3 wp-block-columns-is-layout-flex\">\n<div class=\"wp-block-column is-layout-flow wp-block-column-is-layout-flow\"><div class=\"wp-block-image\">\n<figure class=\"aligncenter size-full\"><img loading=\"lazy\" decoding=\"async\" width=\"800\" height=\"800\" src=\"https:\/\/www.yousanusb.com\/wp-content\/uploads\/2025\/10\/bmw-car-key-usb-flash-drive.jpg\" alt=\"\" class=\"wp-image-20745\" srcset=\"https:\/\/www.yousanusb.com\/wp-content\/uploads\/2025\/10\/bmw-car-key-usb-flash-drive.jpg 800w, https:\/\/www.yousanusb.com\/wp-content\/uploads\/2025\/10\/bmw-car-key-usb-flash-drive-300x300.jpg 300w, https:\/\/www.yousanusb.com\/wp-content\/uploads\/2025\/10\/bmw-car-key-usb-flash-drive-150x150.jpg 150w, https:\/\/www.yousanusb.com\/wp-content\/uploads\/2025\/10\/bmw-car-key-usb-flash-drive-768x768.jpg 768w, https:\/\/www.yousanusb.com\/wp-content\/uploads\/2025\/10\/bmw-car-key-usb-flash-drive-12x12.jpg 12w, https:\/\/www.yousanusb.com\/wp-content\/uploads\/2025\/10\/bmw-car-key-usb-flash-drive-600x600.jpg 600w, https:\/\/www.yousanusb.com\/wp-content\/uploads\/2025\/10\/bmw-car-key-usb-flash-drive-100x100.jpg 100w\" sizes=\"(max-width: 800px) 100vw, 800px\" \/><figcaption class=\"wp-element-caption\">Cl\u00e9 de voiture BMW lecteur usb<\/figcaption><\/figure><\/div><\/div>\n\n\n\n<div class=\"wp-block-column is-layout-flow wp-block-column-is-layout-flow\"><div class=\"wp-block-image\">\n<figure class=\"aligncenter size-full\"><img loading=\"lazy\" decoding=\"async\" width=\"800\" height=\"800\" src=\"https:\/\/www.yousanusb.com\/wp-content\/uploads\/2025\/10\/bsj-car-key-usb-flash-drive.jpg\" alt=\"\" class=\"wp-image-20746\" srcset=\"https:\/\/www.yousanusb.com\/wp-content\/uploads\/2025\/10\/bsj-car-key-usb-flash-drive.jpg 800w, https:\/\/www.yousanusb.com\/wp-content\/uploads\/2025\/10\/bsj-car-key-usb-flash-drive-300x300.jpg 300w, https:\/\/www.yousanusb.com\/wp-content\/uploads\/2025\/10\/bsj-car-key-usb-flash-drive-150x150.jpg 150w, https:\/\/www.yousanusb.com\/wp-content\/uploads\/2025\/10\/bsj-car-key-usb-flash-drive-768x768.jpg 768w, https:\/\/www.yousanusb.com\/wp-content\/uploads\/2025\/10\/bsj-car-key-usb-flash-drive-12x12.jpg 12w, https:\/\/www.yousanusb.com\/wp-content\/uploads\/2025\/10\/bsj-car-key-usb-flash-drive-600x600.jpg 600w, https:\/\/www.yousanusb.com\/wp-content\/uploads\/2025\/10\/bsj-car-key-usb-flash-drive-100x100.jpg 100w\" sizes=\"(max-width: 800px) 100vw, 800px\" \/><figcaption class=\"wp-element-caption\">Cl\u00e9 de voiture Porsche lecteur usb<\/figcaption><\/figure><\/div><\/div>\n<\/div>\n<\/div>\n<\/div>\n\n\n\n<div class=\"wp-block-columns is-layout-flex wp-container-core-columns-is-layout-7 wp-block-columns-is-layout-flex\">\n<div class=\"wp-block-column is-layout-flow wp-block-column-is-layout-flow\">\n<div class=\"wp-block-columns is-layout-flex wp-container-core-columns-is-layout-5 wp-block-columns-is-layout-flex\">\n<div class=\"wp-block-column is-layout-flow wp-block-column-is-layout-flow\"><div class=\"wp-block-image\">\n<figure class=\"aligncenter size-full\"><img loading=\"lazy\" decoding=\"async\" width=\"800\" height=\"800\" src=\"https:\/\/www.yousanusb.com\/wp-content\/uploads\/2025\/10\/volvo-car-key-usb-flash-drive.jpg\" alt=\"\" class=\"wp-image-20751\" srcset=\"https:\/\/www.yousanusb.com\/wp-content\/uploads\/2025\/10\/volvo-car-key-usb-flash-drive.jpg 800w, https:\/\/www.yousanusb.com\/wp-content\/uploads\/2025\/10\/volvo-car-key-usb-flash-drive-300x300.jpg 300w, https:\/\/www.yousanusb.com\/wp-content\/uploads\/2025\/10\/volvo-car-key-usb-flash-drive-150x150.jpg 150w, https:\/\/www.yousanusb.com\/wp-content\/uploads\/2025\/10\/volvo-car-key-usb-flash-drive-768x768.jpg 768w, https:\/\/www.yousanusb.com\/wp-content\/uploads\/2025\/10\/volvo-car-key-usb-flash-drive-12x12.jpg 12w, https:\/\/www.yousanusb.com\/wp-content\/uploads\/2025\/10\/volvo-car-key-usb-flash-drive-600x600.jpg 600w, https:\/\/www.yousanusb.com\/wp-content\/uploads\/2025\/10\/volvo-car-key-usb-flash-drive-100x100.jpg 100w\" sizes=\"(max-width: 800px) 100vw, 800px\" \/><figcaption class=\"wp-element-caption\">Cl\u00e9 USB pour voiture Volvo<\/figcaption><\/figure><\/div><\/div>\n\n\n\n<div class=\"wp-block-column is-layout-flow wp-block-column-is-layout-flow\"><div class=\"wp-block-image\">\n<figure class=\"aligncenter size-full\"><img loading=\"lazy\" decoding=\"async\" width=\"800\" height=\"800\" src=\"https:\/\/www.yousanusb.com\/wp-content\/uploads\/2025\/10\/toyta-car-key-usb-flash-drive.jpg\" alt=\"\" class=\"wp-image-20750\" srcset=\"https:\/\/www.yousanusb.com\/wp-content\/uploads\/2025\/10\/toyta-car-key-usb-flash-drive.jpg 800w, https:\/\/www.yousanusb.com\/wp-content\/uploads\/2025\/10\/toyta-car-key-usb-flash-drive-300x300.jpg 300w, https:\/\/www.yousanusb.com\/wp-content\/uploads\/2025\/10\/toyta-car-key-usb-flash-drive-150x150.jpg 150w, https:\/\/www.yousanusb.com\/wp-content\/uploads\/2025\/10\/toyta-car-key-usb-flash-drive-768x768.jpg 768w, https:\/\/www.yousanusb.com\/wp-content\/uploads\/2025\/10\/toyta-car-key-usb-flash-drive-12x12.jpg 12w, https:\/\/www.yousanusb.com\/wp-content\/uploads\/2025\/10\/toyta-car-key-usb-flash-drive-600x600.jpg 600w, https:\/\/www.yousanusb.com\/wp-content\/uploads\/2025\/10\/toyta-car-key-usb-flash-drive-100x100.jpg 100w\" sizes=\"(max-width: 800px) 100vw, 800px\" \/><figcaption class=\"wp-element-caption\">Cl\u00e9 de voiture Toyota lecteur usb<\/figcaption><\/figure><\/div><\/div>\n<\/div>\n<\/div>\n\n\n\n<div class=\"wp-block-column is-layout-flow wp-block-column-is-layout-flow\">\n<div class=\"wp-block-columns is-layout-flex wp-container-core-columns-is-layout-6 wp-block-columns-is-layout-flex\">\n<div class=\"wp-block-column is-layout-flow wp-block-column-is-layout-flow\"><div class=\"wp-block-image\">\n<figure class=\"aligncenter size-full\"><img loading=\"lazy\" decoding=\"async\" width=\"800\" height=\"800\" src=\"https:\/\/www.yousanusb.com\/wp-content\/uploads\/2025\/10\/mzd-car-key-usb-flash-drive.jpg\" alt=\"\" class=\"wp-image-20749\" srcset=\"https:\/\/www.yousanusb.com\/wp-content\/uploads\/2025\/10\/mzd-car-key-usb-flash-drive.jpg 800w, https:\/\/www.yousanusb.com\/wp-content\/uploads\/2025\/10\/mzd-car-key-usb-flash-drive-300x300.jpg 300w, https:\/\/www.yousanusb.com\/wp-content\/uploads\/2025\/10\/mzd-car-key-usb-flash-drive-150x150.jpg 150w, https:\/\/www.yousanusb.com\/wp-content\/uploads\/2025\/10\/mzd-car-key-usb-flash-drive-768x768.jpg 768w, https:\/\/www.yousanusb.com\/wp-content\/uploads\/2025\/10\/mzd-car-key-usb-flash-drive-12x12.jpg 12w, https:\/\/www.yousanusb.com\/wp-content\/uploads\/2025\/10\/mzd-car-key-usb-flash-drive-600x600.jpg 600w, https:\/\/www.yousanusb.com\/wp-content\/uploads\/2025\/10\/mzd-car-key-usb-flash-drive-100x100.jpg 100w\" sizes=\"(max-width: 800px) 100vw, 800px\" \/><figcaption class=\"wp-element-caption\">Cl\u00e9 de voiture Mazda lecteur usb<\/figcaption><\/figure><\/div><\/div>\n\n\n\n<div class=\"wp-block-column is-layout-flow wp-block-column-is-layout-flow\"><div class=\"wp-block-image\">\n<figure class=\"aligncenter size-full\"><img loading=\"lazy\" decoding=\"async\" width=\"800\" height=\"800\" src=\"https:\/\/www.yousanusb.com\/wp-content\/uploads\/2025\/10\/ford-car-key-usb-drive.jpg\" alt=\"\" class=\"wp-image-20747\" srcset=\"https:\/\/www.yousanusb.com\/wp-content\/uploads\/2025\/10\/ford-car-key-usb-drive.jpg 800w, https:\/\/www.yousanusb.com\/wp-content\/uploads\/2025\/10\/ford-car-key-usb-drive-300x300.jpg 300w, https:\/\/www.yousanusb.com\/wp-content\/uploads\/2025\/10\/ford-car-key-usb-drive-150x150.jpg 150w, https:\/\/www.yousanusb.com\/wp-content\/uploads\/2025\/10\/ford-car-key-usb-drive-768x768.jpg 768w, https:\/\/www.yousanusb.com\/wp-content\/uploads\/2025\/10\/ford-car-key-usb-drive-12x12.jpg 12w, https:\/\/www.yousanusb.com\/wp-content\/uploads\/2025\/10\/ford-car-key-usb-drive-600x600.jpg 600w, https:\/\/www.yousanusb.com\/wp-content\/uploads\/2025\/10\/ford-car-key-usb-drive-100x100.jpg 100w\" sizes=\"(max-width: 800px) 100vw, 800px\" \/><figcaption class=\"wp-element-caption\">Cl\u00e9 de voiture Ford lecteur usb<\/figcaption><\/figure><\/div><\/div>\n<\/div>\n<\/div>\n<\/div>","protected":false},"excerpt":{"rendered":"<ul>\n<li>Cl\u00e9 de voiture simul\u00e9e 1:1<\/li>\n<li>Logos de voiture personnalis\u00e9s de diff\u00e9rentes marques<\/li>\n<li>USB 2.0\/USB 3.0<\/li>\n<li>Conception libre, \u00e9chantillons libres<\/li>\n<li>MOQ:100pcs<\/li>\n<\/ul>","protected":false},"featured_media":20743,"comment_status":"open","ping_status":"closed","template":"","meta":{"_seopress_robots_primary_cat":"","_seopress_titles_title":"","_seopress_titles_desc":"","_seopress_robots_index":""},"class_list":["post-20734","product","type-product","status-publish","has-post-thumbnail","hentry","product_cat-retractable-usb-flash-drive","product_tag-car-key-flash-drive"],"_links":{"self":[{"href":"https:\/\/www.yousanusb.com\/fr\/wp-json\/wp\/v2\/product\/20734"}],"collection":[{"href":"https:\/\/www.yousanusb.com\/fr\/wp-json\/wp\/v2\/product"}],"about":[{"href":"https:\/\/www.yousanusb.com\/fr\/wp-json\/wp\/v2\/types\/product"}],"replies":[{"embeddable":true,"href":"https:\/\/www.yousanusb.com\/fr\/wp-json\/wp\/v2\/comments?post=20734"}],"wp:featuredmedia":[{"embeddable":true,"href":"https:\/\/www.yousanusb.com\/fr\/wp-json\/wp\/v2\/media\/20743"}],"wp:attachment":[{"href":"https:\/\/www.yousanusb.com\/fr\/wp-json\/wp\/v2\/media?parent=20734"}],"curies":[{"name":"wp","href":"https:\/\/api.w.org\/{rel}","templated":true}]}}