{"id":20823,"date":"2025-10-14T23:58:53","date_gmt":"2025-10-14T23:58:53","guid":{"rendered":"https:\/\/www.yousanusb.com\/?post_type=product&#038;p=20823"},"modified":"2025-10-16T01:08:26","modified_gmt":"2025-10-16T01:08:26","slug":"porsche-car-key-shaped-usb-drive","status":"publish","type":"product","link":"https:\/\/www.yousanusb.com\/fr\/produit\/porsche-car-key-shaped-usb-drive\/","title":{"rendered":"Cl\u00e9 USB en forme de cl\u00e9 de voiture Porsche"},"content":{"rendered":"<div class=\"wp-block-columns is-layout-flex wp-container-core-columns-is-layout-1 wp-block-columns-is-layout-flex\">\n<div class=\"wp-block-column is-layout-flow wp-block-column-is-layout-flow\">\n<figure class=\"wp-block-image size-full\"><img fetchpriority=\"high\" decoding=\"async\" width=\"800\" height=\"800\" src=\"https:\/\/www.yousanusb.com\/wp-content\/uploads\/2025\/10\/Porsche-Car-Key-Shaped-USB-Drive.jpg\" alt=\"\" class=\"wp-image-20827\" srcset=\"https:\/\/www.yousanusb.com\/wp-content\/uploads\/2025\/10\/Porsche-Car-Key-Shaped-USB-Drive.jpg 800w, https:\/\/www.yousanusb.com\/wp-content\/uploads\/2025\/10\/Porsche-Car-Key-Shaped-USB-Drive-300x300.jpg 300w, https:\/\/www.yousanusb.com\/wp-content\/uploads\/2025\/10\/Porsche-Car-Key-Shaped-USB-Drive-150x150.jpg 150w, https:\/\/www.yousanusb.com\/wp-content\/uploads\/2025\/10\/Porsche-Car-Key-Shaped-USB-Drive-768x768.jpg 768w, https:\/\/www.yousanusb.com\/wp-content\/uploads\/2025\/10\/Porsche-Car-Key-Shaped-USB-Drive-12x12.jpg 12w, https:\/\/www.yousanusb.com\/wp-content\/uploads\/2025\/10\/Porsche-Car-Key-Shaped-USB-Drive-600x600.jpg 600w, https:\/\/www.yousanusb.com\/wp-content\/uploads\/2025\/10\/Porsche-Car-Key-Shaped-USB-Drive-100x100.jpg 100w\" sizes=\"(max-width: 800px) 100vw, 800px\" \/><\/figure>\n<\/div>\n\n\n\n<div class=\"wp-block-column is-vertically-aligned-center is-layout-flow wp-block-column-is-layout-flow\">\n<p>Cette cl\u00e9 USB en forme de cl\u00e9 de voiture Porsche utilise un moulage par injection de haute pr\u00e9cision pour reproduire fid\u00e8lement \u00e0 l'\u00e9chelle 1:1 le profil triangulaire \u00e9l\u00e9gant, les bords \u00e0 finition m\u00e9tallique et les textures complexes de la cl\u00e9 intelligente de Porsche. Le bo\u00eetier utilise un plastique technique ABS r\u00e9sistant aux intemp\u00e9ries, offrant une r\u00e9sistance aux chocs et une grande durabilit\u00e9. La conception du trou de serrure reproduit fid\u00e8lement la fonctionnalit\u00e9 d'attache de la cl\u00e9 authentique, ce qui permet de la ranger \u00e0 c\u00f4t\u00e9 de votre cl\u00e9 Porsche via un porte-cl\u00e9s pour un acc\u00e8s pratique en d\u00e9placement.<\/p>\n<\/div>\n<\/div>\n\n\n\n<div class=\"wp-block-columns is-layout-flex wp-container-core-columns-is-layout-2 wp-block-columns-is-layout-flex\">\n<div class=\"wp-block-column is-vertically-aligned-center is-layout-flow wp-block-column-is-layout-flow\">\n<p>Le logo du bouclier Porsche utilise l'impression couleur UV combin\u00e9e \u00e0 un processus de laminage mat multicouche. Tout d'abord, la technologie d'impression UV reproduit avec pr\u00e9cision le d\u00e9grad\u00e9 de trois couleurs (rouge, noir et or) de l'embl\u00e8me de la marque. Ensuite, un film mat durable est appliqu\u00e9 pour pr\u00e9server la texture complexe du logo tout en r\u00e9sistant aux frottements quotidiens et \u00e0 la corrosion par la sueur. Des tests de vieillissement acc\u00e9l\u00e9r\u00e9 confirment que l'embl\u00e8me reste clair et intact apr\u00e8s une utilisation prolong\u00e9e, r\u00e9pondant ainsi aux normes industrielles de durabilit\u00e9 visuelle des produits de marque.<\/p>\n<\/div>\n\n\n\n<div class=\"wp-block-column is-vertically-aligned-center is-layout-flow wp-block-column-is-layout-flow\">\n<figure class=\"wp-block-image size-full\"><img decoding=\"async\" width=\"800\" height=\"800\" src=\"https:\/\/www.yousanusb.com\/wp-content\/uploads\/2025\/10\/prosche-car-key-usb-flash-drive.jpg\" alt=\"\" class=\"wp-image-20828\" srcset=\"https:\/\/www.yousanusb.com\/wp-content\/uploads\/2025\/10\/prosche-car-key-usb-flash-drive.jpg 800w, https:\/\/www.yousanusb.com\/wp-content\/uploads\/2025\/10\/prosche-car-key-usb-flash-drive-300x300.jpg 300w, https:\/\/www.yousanusb.com\/wp-content\/uploads\/2025\/10\/prosche-car-key-usb-flash-drive-150x150.jpg 150w, https:\/\/www.yousanusb.com\/wp-content\/uploads\/2025\/10\/prosche-car-key-usb-flash-drive-768x768.jpg 768w, https:\/\/www.yousanusb.com\/wp-content\/uploads\/2025\/10\/prosche-car-key-usb-flash-drive-12x12.jpg 12w, https:\/\/www.yousanusb.com\/wp-content\/uploads\/2025\/10\/prosche-car-key-usb-flash-drive-600x600.jpg 600w, https:\/\/www.yousanusb.com\/wp-content\/uploads\/2025\/10\/prosche-car-key-usb-flash-drive-100x100.jpg 100w\" sizes=\"(max-width: 800px) 100vw, 800px\" \/><\/figure>\n<\/div>\n<\/div>\n\n\n\n<div class=\"wp-block-columns is-layout-flex wp-container-core-columns-is-layout-3 wp-block-columns-is-layout-flex\">\n<div class=\"wp-block-column is-layout-flow wp-block-column-is-layout-flow\">\n<figure class=\"wp-block-image size-full\"><img decoding=\"async\" width=\"800\" height=\"800\" src=\"https:\/\/www.yousanusb.com\/wp-content\/uploads\/2025\/10\/car-key-usb-drives.jpg\" alt=\"\" class=\"wp-image-20826\" srcset=\"https:\/\/www.yousanusb.com\/wp-content\/uploads\/2025\/10\/car-key-usb-drives.jpg 800w, https:\/\/www.yousanusb.com\/wp-content\/uploads\/2025\/10\/car-key-usb-drives-300x300.jpg 300w, https:\/\/www.yousanusb.com\/wp-content\/uploads\/2025\/10\/car-key-usb-drives-150x150.jpg 150w, https:\/\/www.yousanusb.com\/wp-content\/uploads\/2025\/10\/car-key-usb-drives-768x768.jpg 768w, https:\/\/www.yousanusb.com\/wp-content\/uploads\/2025\/10\/car-key-usb-drives-12x12.jpg 12w, https:\/\/www.yousanusb.com\/wp-content\/uploads\/2025\/10\/car-key-usb-drives-600x600.jpg 600w, https:\/\/www.yousanusb.com\/wp-content\/uploads\/2025\/10\/car-key-usb-drives-100x100.jpg 100w\" sizes=\"(max-width: 800px) 100vw, 800px\" \/><\/figure>\n<\/div>\n\n\n\n<div class=\"wp-block-column is-vertically-aligned-center is-layout-flow wp-block-column-is-layout-flow\">\n<p>La puce de m\u00e9moire flash int\u00e9gr\u00e9e \u00e0 grande vitesse prend en charge le protocole de transfert USB 3.0 (r\u00e9trocompatible avec l'USB 2.0). Les vitesses de lecture soutenues test\u00e9es d\u00e9passent 100 Mo\/s et les vitesses d'\u00e9criture soutenues d\u00e9passent 80 Mo\/s, g\u00e9rant efficacement le stockage et le transfert de donn\u00e9es de grande capacit\u00e9 telles que les vid\u00e9os embarqu\u00e9es 4K et les fichiers sources de conception technique. En outre, le produit a pass\u00e9 avec succ\u00e8s des tests de fiabilit\u00e9 multi-sc\u00e9narios rigoureux : la stabilit\u00e9 du stockage des donn\u00e9es reste constante \u00e0 des temp\u00e9ratures allant de -20\u00b0C \u00e0 60\u00b0C. Apr\u00e8s avoir subi 5 000 cycles d'insertion\/retrait et des tests de vibrations simul\u00e9es dans un v\u00e9hicule, l'interface USB conserve des performances \u00e9lectriques et une int\u00e9grit\u00e9 des donn\u00e9es \u00e0 la pointe de l'industrie, r\u00e9pondant ainsi pleinement \u00e0 la double demande des utilisateurs professionnels en mati\u00e8re de \"s\u00e9curit\u00e9 des donn\u00e9es + transmission efficace\".<\/p>\n<\/div>\n<\/div>","protected":false},"excerpt":{"rendered":"<ul>\n<li>Con\u00e7u dans le style de la cl\u00e9 Porsche<\/li>\n<li>Fabriqu\u00e9 en m\u00e9tal et en plastique<\/li>\n<li>Certification CE\uff0cRoHS<\/li>\n<li>Bo\u00eete cadeau\/poly\/color<\/li>\n<li>USB2.0\/1.1<\/li>\n<li>MOQ:100pcs<\/li>\n<\/ul>","protected":false},"featured_media":20829,"comment_status":"open","ping_status":"closed","template":"","meta":{"_seopress_robots_primary_cat":"","_seopress_titles_title":"","_seopress_titles_desc":"","_seopress_robots_index":""},"class_list":["post-20823","product","type-product","status-publish","has-post-thumbnail","hentry","product_cat-retractable-usb-flash-drive","product_tag-car-key-flash-drive"],"_links":{"self":[{"href":"https:\/\/www.yousanusb.com\/fr\/wp-json\/wp\/v2\/product\/20823"}],"collection":[{"href":"https:\/\/www.yousanusb.com\/fr\/wp-json\/wp\/v2\/product"}],"about":[{"href":"https:\/\/www.yousanusb.com\/fr\/wp-json\/wp\/v2\/types\/product"}],"replies":[{"embeddable":true,"href":"https:\/\/www.yousanusb.com\/fr\/wp-json\/wp\/v2\/comments?post=20823"}],"wp:featuredmedia":[{"embeddable":true,"href":"https:\/\/www.yousanusb.com\/fr\/wp-json\/wp\/v2\/media\/20829"}],"wp:attachment":[{"href":"https:\/\/www.yousanusb.com\/fr\/wp-json\/wp\/v2\/media?parent=20823"}],"curies":[{"name":"wp","href":"https:\/\/api.w.org\/{rel}","templated":true}]}}