{"id":20865,"date":"2025-10-15T08:28:48","date_gmt":"2025-10-15T08:28:48","guid":{"rendered":"https:\/\/www.yousanusb.com\/?post_type=product&#038;p=20865"},"modified":"2025-10-16T01:05:55","modified_gmt":"2025-10-16T01:05:55","slug":"spanner-head-metal-usb-flash-drive","status":"publish","type":"product","link":"https:\/\/www.yousanusb.com\/fr\/produit\/spanner-head-metal-usb-flash-drive\/","title":{"rendered":"Cl\u00e9 USB en m\u00e9tal avec t\u00eate de cl\u00e9"},"content":{"rendered":"<p>Cette cl\u00e9 USB \u00e0 t\u00eate de cl\u00e9 pr\u00e9sente un motif de fleurs de prunier sur la poign\u00e9e et est enti\u00e8rement fabriqu\u00e9e en m\u00e9tal, ce qui lui conf\u00e8re une grande durabilit\u00e9 et une sensation de qualit\u00e9 sup\u00e9rieure. En tant que p\u00e9riph\u00e9rique de stockage fiable, elle permet de conserver en toute s\u00e9curit\u00e9 des documents, des photos, des vid\u00e9os et d'autres donn\u00e9es, qu'il s'agisse de transf\u00e9rer et de sauvegarder des fichiers de travail importants ou de pr\u00e9server des souvenirs personnels pr\u00e9cieux. Il s'av\u00e8re \u00eatre un \"compagnon de donn\u00e9es\" fiable pour les environnements professionnels et acad\u00e9miques.<\/p>\n\n\n\n<div class=\"wp-block-columns is-layout-flex wp-container-core-columns-is-layout-1 wp-block-columns-is-layout-flex\">\n<div class=\"wp-block-column is-layout-flow wp-block-column-is-layout-flow\">\n<figure class=\"wp-block-image size-full\"><img fetchpriority=\"high\" decoding=\"async\" width=\"800\" height=\"800\" src=\"https:\/\/www.yousanusb.com\/wp-content\/uploads\/2025\/10\/Plum-Blossom-Key-shaped-USB-Flash-Drive.jpg\" alt=\"\" class=\"wp-image-20872\" srcset=\"https:\/\/www.yousanusb.com\/wp-content\/uploads\/2025\/10\/Plum-Blossom-Key-shaped-USB-Flash-Drive.jpg 800w, https:\/\/www.yousanusb.com\/wp-content\/uploads\/2025\/10\/Plum-Blossom-Key-shaped-USB-Flash-Drive-300x300.jpg 300w, https:\/\/www.yousanusb.com\/wp-content\/uploads\/2025\/10\/Plum-Blossom-Key-shaped-USB-Flash-Drive-150x150.jpg 150w, https:\/\/www.yousanusb.com\/wp-content\/uploads\/2025\/10\/Plum-Blossom-Key-shaped-USB-Flash-Drive-768x768.jpg 768w, https:\/\/www.yousanusb.com\/wp-content\/uploads\/2025\/10\/Plum-Blossom-Key-shaped-USB-Flash-Drive-12x12.jpg 12w, https:\/\/www.yousanusb.com\/wp-content\/uploads\/2025\/10\/Plum-Blossom-Key-shaped-USB-Flash-Drive-600x600.jpg 600w, https:\/\/www.yousanusb.com\/wp-content\/uploads\/2025\/10\/Plum-Blossom-Key-shaped-USB-Flash-Drive-100x100.jpg 100w\" sizes=\"(max-width: 800px) 100vw, 800px\" \/><\/figure>\n<\/div>\n\n\n\n<div class=\"wp-block-column is-layout-flow wp-block-column-is-layout-flow\">\n<figure class=\"wp-block-image size-full\"><img decoding=\"async\" width=\"800\" height=\"800\" src=\"https:\/\/www.yousanusb.com\/wp-content\/uploads\/2025\/10\/metal-key-usb-drive-1.jpg\" alt=\"\" class=\"wp-image-20870\" srcset=\"https:\/\/www.yousanusb.com\/wp-content\/uploads\/2025\/10\/metal-key-usb-drive-1.jpg 800w, https:\/\/www.yousanusb.com\/wp-content\/uploads\/2025\/10\/metal-key-usb-drive-1-300x300.jpg 300w, https:\/\/www.yousanusb.com\/wp-content\/uploads\/2025\/10\/metal-key-usb-drive-1-150x150.jpg 150w, https:\/\/www.yousanusb.com\/wp-content\/uploads\/2025\/10\/metal-key-usb-drive-1-768x768.jpg 768w, https:\/\/www.yousanusb.com\/wp-content\/uploads\/2025\/10\/metal-key-usb-drive-1-12x12.jpg 12w, https:\/\/www.yousanusb.com\/wp-content\/uploads\/2025\/10\/metal-key-usb-drive-1-600x600.jpg 600w, https:\/\/www.yousanusb.com\/wp-content\/uploads\/2025\/10\/metal-key-usb-drive-1-100x100.jpg 100w\" sizes=\"(max-width: 800px) 100vw, 800px\" \/><\/figure>\n<\/div>\n<\/div>\n\n\n\n<div class=\"wp-block-columns is-layout-flex wp-container-core-columns-is-layout-2 wp-block-columns-is-layout-flex\">\n<div class=\"wp-block-column is-vertically-aligned-center is-layout-flow wp-block-column-is-layout-flow\">\n<figure class=\"wp-block-image size-full\"><img decoding=\"async\" width=\"800\" height=\"800\" src=\"https:\/\/www.yousanusb.com\/wp-content\/uploads\/2025\/10\/plum-blossom-key-usb-drive.jpg\" alt=\"\" class=\"wp-image-20871\" srcset=\"https:\/\/www.yousanusb.com\/wp-content\/uploads\/2025\/10\/plum-blossom-key-usb-drive.jpg 800w, https:\/\/www.yousanusb.com\/wp-content\/uploads\/2025\/10\/plum-blossom-key-usb-drive-300x300.jpg 300w, https:\/\/www.yousanusb.com\/wp-content\/uploads\/2025\/10\/plum-blossom-key-usb-drive-150x150.jpg 150w, https:\/\/www.yousanusb.com\/wp-content\/uploads\/2025\/10\/plum-blossom-key-usb-drive-768x768.jpg 768w, https:\/\/www.yousanusb.com\/wp-content\/uploads\/2025\/10\/plum-blossom-key-usb-drive-12x12.jpg 12w, https:\/\/www.yousanusb.com\/wp-content\/uploads\/2025\/10\/plum-blossom-key-usb-drive-600x600.jpg 600w, https:\/\/www.yousanusb.com\/wp-content\/uploads\/2025\/10\/plum-blossom-key-usb-drive-100x100.jpg 100w\" sizes=\"(max-width: 800px) 100vw, 800px\" \/><\/figure>\n<\/div>\n\n\n\n<div class=\"wp-block-column is-vertically-aligned-center is-layout-flow wp-block-column-is-layout-flow\">\n<p>Cette cl\u00e9 USB est un outil puissant de promotion de la marque. L'affichage personnalis\u00e9 de son logo permet \u00e0 l'image de la marque d'impr\u00e9gner divers sc\u00e9narios - y compris le bureau, la vie quotidienne et les interactions sociales - gr\u00e2ce \u00e0 une utilisation fr\u00e9quente. Choix privil\u00e9gi\u00e9 pour les cadeaux d'affaires et les cadeaux \u00e9v\u00e9nementiels, elle am\u00e9liore subtilement la visibilit\u00e9 et la m\u00e9morisation de la marque au cours de l'utilisation quotidienne, devenant ainsi un lien \u00e9motionnel entre la marque et ses utilisateurs.<\/p>\n\n\n\n<p>La cl\u00e9 USB utilise g\u00e9n\u00e9ralement la technologie de la gravure au laser pour la personnalisation du LOGO, qui se caract\u00e9rise par des couleurs vives et une bonne durabilit\u00e9.<\/p>\n<\/div>\n<\/div>","protected":false},"excerpt":{"rendered":"<ul>\n<li>Gravure au laser<\/li>\n<li>Multi-couleur<\/li>\n<li>support Hot plug &amp; play<\/li>\n<li>Facile \u00e0 consulter et \u00e0 lire \u00e0 grande vitesse.<\/li>\n<li>MOQ:100pcs<\/li>\n<\/ul>","protected":false},"featured_media":20872,"comment_status":"open","ping_status":"closed","template":"","meta":{"_seopress_robots_primary_cat":"","_seopress_titles_title":"","_seopress_titles_desc":"","_seopress_robots_index":""},"class_list":["post-20865","product","type-product","status-publish","has-post-thumbnail","hentry","product_cat-retractable-usb-flash-drive","product_tag-key-usb-flash-drive"],"_links":{"self":[{"href":"https:\/\/www.yousanusb.com\/fr\/wp-json\/wp\/v2\/product\/20865"}],"collection":[{"href":"https:\/\/www.yousanusb.com\/fr\/wp-json\/wp\/v2\/product"}],"about":[{"href":"https:\/\/www.yousanusb.com\/fr\/wp-json\/wp\/v2\/types\/product"}],"replies":[{"embeddable":true,"href":"https:\/\/www.yousanusb.com\/fr\/wp-json\/wp\/v2\/comments?post=20865"}],"wp:featuredmedia":[{"embeddable":true,"href":"https:\/\/www.yousanusb.com\/fr\/wp-json\/wp\/v2\/media\/20872"}],"wp:attachment":[{"href":"https:\/\/www.yousanusb.com\/fr\/wp-json\/wp\/v2\/media?parent=20865"}],"curies":[{"name":"wp","href":"https:\/\/api.w.org\/{rel}","templated":true}]}}