{"id":20873,"date":"2025-10-15T23:40:45","date_gmt":"2025-10-15T23:40:45","guid":{"rendered":"https:\/\/www.yousanusb.com\/?post_type=product&#038;p=20873"},"modified":"2025-10-16T01:05:47","modified_gmt":"2025-10-16T01:05:47","slug":"petal-shaped-key-usb-flash-drive","status":"publish","type":"product","link":"https:\/\/www.yousanusb.com\/fr\/produit\/petal-shaped-key-usb-flash-drive\/","title":{"rendered":"cl\u00e9 USB en forme de p\u00e9tale"},"content":{"rendered":"<div class=\"wp-block-columns is-layout-flex wp-container-core-columns-is-layout-1 wp-block-columns-is-layout-flex\">\n<div class=\"wp-block-column is-vertically-aligned-center is-layout-flow wp-block-column-is-layout-flow\">\n<figure class=\"wp-block-image size-full\"><img fetchpriority=\"high\" decoding=\"async\" width=\"800\" height=\"800\" src=\"https:\/\/www.yousanusb.com\/wp-content\/uploads\/2025\/10\/key-usb-flash-drive.jpg\" alt=\"\" class=\"wp-image-20877\" srcset=\"https:\/\/www.yousanusb.com\/wp-content\/uploads\/2025\/10\/key-usb-flash-drive.jpg 800w, https:\/\/www.yousanusb.com\/wp-content\/uploads\/2025\/10\/key-usb-flash-drive-300x300.jpg 300w, https:\/\/www.yousanusb.com\/wp-content\/uploads\/2025\/10\/key-usb-flash-drive-150x150.jpg 150w, https:\/\/www.yousanusb.com\/wp-content\/uploads\/2025\/10\/key-usb-flash-drive-768x768.jpg 768w, https:\/\/www.yousanusb.com\/wp-content\/uploads\/2025\/10\/key-usb-flash-drive-12x12.jpg 12w, https:\/\/www.yousanusb.com\/wp-content\/uploads\/2025\/10\/key-usb-flash-drive-600x600.jpg 600w, https:\/\/www.yousanusb.com\/wp-content\/uploads\/2025\/10\/key-usb-flash-drive-100x100.jpg 100w\" sizes=\"(max-width: 800px) 100vw, 800px\" \/><\/figure>\n<\/div>\n\n\n\n<div class=\"wp-block-column is-vertically-aligned-center is-layout-flow wp-block-column-is-layout-flow\">\n<p>La cl\u00e9 USB en forme de p\u00e9tale rompt avec la forme rigide des cl\u00e9s USB traditionnelles, alliant ing\u00e9nieusement la beaut\u00e9 d\u00e9licate des p\u00e9tales au design pratique d'une cl\u00e9. Enti\u00e8rement fabriqu\u00e9e en m\u00e9tal, sa surface argent\u00e9e brille d'un \u00e9clat raffin\u00e9, exsudant la sophistication tout en r\u00e9sistant \u00e0 l'usure quotidienne pour conserver son aspect haut de gamme au fil du temps.<\/p>\n\n\n\n<p>L'une des extr\u00e9mit\u00e9s de la cl\u00e9 USB est dot\u00e9e d'un port USB standard, pr\u00e9cis\u00e9ment compatible avec divers appareils afin de garantir un transfert de donn\u00e9es fluide. L'autre extr\u00e9mit\u00e9 pr\u00e9sente un design en forme d'anneau ressemblant \u00e0 des p\u00e9tales en fleurs, avec des lignes \u00e9l\u00e9gantes et rythm\u00e9es qui permettent de l'attacher facilement \u00e0 un porte-cl\u00e9s ou \u00e0 un sac, la transformant ainsi en un accessoire \u00e9l\u00e9gant pour une utilisation nomade.<\/p>\n\n\n\n<p>En tant que support de donn\u00e9es, il stocke de mani\u00e8re fiable des documents, des photos haute d\u00e9finition, des vid\u00e9os et d'autres fichiers. Au travail, il constitue un compagnon fiable pour le transfert de propositions de projets et la sauvegarde de documents importants. Dans la vie de tous les jours, il pr\u00e9serve en toute s\u00e9curit\u00e9 les souvenirs pr\u00e9cieux tels que les vlogs de voyage et les photos de famille, en garantissant un stockage de donn\u00e9es s\u00fbr et efficace.<\/p>\n<\/div>\n<\/div>\n\n\n\n<p>Cette cl\u00e9 USB offre des techniques de personnalisation de logo souples et vari\u00e9es pour r\u00e9pondre aux exigences visuelles des diff\u00e9rentes marques :<br>Gravure au laser : Id\u00e9ale pour les polices de caract\u00e8res complexes ou les graphiques minimalistes ;<br>S\u00e9rigraphie : Convient pour les logos de marque avec des motifs multicolores ;<br>Placage \u00e9lectrolytique avec remplissage de couleur : Le logo est d'abord grav\u00e9 dans les creux de la surface m\u00e9tallique, puis rempli de couches \u00e9lectrolytiques color\u00e9es. Ce proc\u00e9d\u00e9 combine l'\u00e9clat m\u00e9tallique froid avec l'expression chaleureuse de la couleur, ce qui donne un aspect tr\u00e8s sophistiqu\u00e9.<br><\/p>\n\n\n\n<div class=\"wp-block-columns is-layout-flex wp-container-core-columns-is-layout-2 wp-block-columns-is-layout-flex\">\n<div class=\"wp-block-column is-layout-flow wp-block-column-is-layout-flow\">\n<figure class=\"wp-block-image size-full\"><img decoding=\"async\" width=\"800\" height=\"800\" src=\"https:\/\/www.yousanusb.com\/wp-content\/uploads\/2025\/10\/metal-key-usb-drive-2.jpg\" alt=\"\" class=\"wp-image-20878\" srcset=\"https:\/\/www.yousanusb.com\/wp-content\/uploads\/2025\/10\/metal-key-usb-drive-2.jpg 800w, https:\/\/www.yousanusb.com\/wp-content\/uploads\/2025\/10\/metal-key-usb-drive-2-300x300.jpg 300w, https:\/\/www.yousanusb.com\/wp-content\/uploads\/2025\/10\/metal-key-usb-drive-2-150x150.jpg 150w, https:\/\/www.yousanusb.com\/wp-content\/uploads\/2025\/10\/metal-key-usb-drive-2-768x768.jpg 768w, https:\/\/www.yousanusb.com\/wp-content\/uploads\/2025\/10\/metal-key-usb-drive-2-12x12.jpg 12w, https:\/\/www.yousanusb.com\/wp-content\/uploads\/2025\/10\/metal-key-usb-drive-2-600x600.jpg 600w, https:\/\/www.yousanusb.com\/wp-content\/uploads\/2025\/10\/metal-key-usb-drive-2-100x100.jpg 100w\" sizes=\"(max-width: 800px) 100vw, 800px\" \/><\/figure>\n<\/div>\n\n\n\n<div class=\"wp-block-column is-layout-flow wp-block-column-is-layout-flow\">\n<figure class=\"wp-block-image size-full\"><img decoding=\"async\" width=\"800\" height=\"800\" src=\"https:\/\/www.yousanusb.com\/wp-content\/uploads\/2025\/10\/key-usb-drive.jpg\" alt=\"\" class=\"wp-image-20876\" srcset=\"https:\/\/www.yousanusb.com\/wp-content\/uploads\/2025\/10\/key-usb-drive.jpg 800w, https:\/\/www.yousanusb.com\/wp-content\/uploads\/2025\/10\/key-usb-drive-300x300.jpg 300w, https:\/\/www.yousanusb.com\/wp-content\/uploads\/2025\/10\/key-usb-drive-150x150.jpg 150w, https:\/\/www.yousanusb.com\/wp-content\/uploads\/2025\/10\/key-usb-drive-768x768.jpg 768w, https:\/\/www.yousanusb.com\/wp-content\/uploads\/2025\/10\/key-usb-drive-12x12.jpg 12w, https:\/\/www.yousanusb.com\/wp-content\/uploads\/2025\/10\/key-usb-drive-600x600.jpg 600w, https:\/\/www.yousanusb.com\/wp-content\/uploads\/2025\/10\/key-usb-drive-100x100.jpg 100w\" sizes=\"(max-width: 800px) 100vw, 800px\" \/><\/figure>\n<\/div>\n<\/div>","protected":false},"excerpt":{"rendered":"<ul>\n<li>Mat\u00e9riau m\u00e9tallique<\/li>\n<li>Cl\u00e9 de la fleur<\/li>\n<li>Protection de l'interface<\/li>\n<li>Veille ultra longue<\/li>\n<li>MOQ\uff1a100pcs<\/li>\n<\/ul>","protected":false},"featured_media":20878,"comment_status":"open","ping_status":"closed","template":"","meta":{"_seopress_robots_primary_cat":"","_seopress_titles_title":"","_seopress_titles_desc":"","_seopress_robots_index":""},"class_list":["post-20873","product","type-product","status-publish","has-post-thumbnail","hentry","product_cat-retractable-usb-flash-drive","product_tag-key-usb-flash-drive"],"_links":{"self":[{"href":"https:\/\/www.yousanusb.com\/fr\/wp-json\/wp\/v2\/product\/20873"}],"collection":[{"href":"https:\/\/www.yousanusb.com\/fr\/wp-json\/wp\/v2\/product"}],"about":[{"href":"https:\/\/www.yousanusb.com\/fr\/wp-json\/wp\/v2\/types\/product"}],"replies":[{"embeddable":true,"href":"https:\/\/www.yousanusb.com\/fr\/wp-json\/wp\/v2\/comments?post=20873"}],"wp:featuredmedia":[{"embeddable":true,"href":"https:\/\/www.yousanusb.com\/fr\/wp-json\/wp\/v2\/media\/20878"}],"wp:attachment":[{"href":"https:\/\/www.yousanusb.com\/fr\/wp-json\/wp\/v2\/media?parent=20873"}],"curies":[{"name":"wp","href":"https:\/\/api.w.org\/{rel}","templated":true}]}}