{"id":20910,"date":"2025-10-16T00:13:26","date_gmt":"2025-10-16T00:13:26","guid":{"rendered":"https:\/\/www.yousanusb.com\/?post_type=product&#038;p=20910"},"modified":"2025-10-16T01:05:39","modified_gmt":"2025-10-16T01:05:39","slug":"electroplated-square-key-usb-flash-drive-with-triangular-hole","status":"publish","type":"product","link":"https:\/\/www.yousanusb.com\/fr\/produit\/electroplated-square-key-usb-flash-drive-with-triangular-hole\/","title":{"rendered":"Cl\u00e9 USB carr\u00e9e galvanis\u00e9e avec trou triangulaire"},"content":{"rendered":"<p>Cette cl\u00e9 USB carr\u00e9e galvanis\u00e9e se distingue par son savoir-faire en mati\u00e8re de galvanisation. Son \u00e9clat m\u00e9tallique et sa surface raffin\u00e9e conf\u00e8rent au produit un aspect haut de gamme tout en offrant une r\u00e9sistance \u00e0 l'usure et une protection contre la corrosion exceptionnelles. M\u00eame en cas d'utilisation fr\u00e9quente et prolong\u00e9e, la surface reste aussi brillante qu'\u00e0 l'\u00e9tat neuf, \u00e9liminant compl\u00e8tement les probl\u00e8mes d'usure et de d\u00e9coloration propres aux cl\u00e9s USB en plastique ordinaires.<\/p>\n\n\n\n<div class=\"wp-block-columns is-layout-flex wp-container-core-columns-is-layout-1 wp-block-columns-is-layout-flex\">\n<div class=\"wp-block-column is-vertically-aligned-center is-layout-flow wp-block-column-is-layout-flow\">\n<p>Inspir\u00e9e d'un mod\u00e8le de cl\u00e9, sa silhouette g\u00e9n\u00e9rale pr\u00e9sente des lignes carr\u00e9es nettes et pr\u00e9cises. Le trou triangulaire situ\u00e9 sur le dessus permet de l'attacher facilement \u00e0 un trousseau de cl\u00e9s, ce qui lui permet de voyager avec les cl\u00e9s de la maison et de la voiture. Cette conception permet d'\u00e9conomiser de l'espace en \u00e9liminant la n\u00e9cessit\u00e9 d'un stockage s\u00e9par\u00e9 de la cl\u00e9 USB, tout en pr\u00e9venant fondamentalement le risque d'\u00e9garement d\u00fb \u00e0 un stockage n\u00e9gligent. Elle concr\u00e9tise v\u00e9ritablement le concept du \"toujours \u00e0 port\u00e9e de main, pr\u00eat \u00e0 l'emploi en cas de besoin\".<\/p>\n\n\n\n<p>Il prend en charge plusieurs capacit\u00e9s de stockage, notamment 8 Go, 16 Go, 32 Go et m\u00eame 64 Go, offrant ainsi des options flexibles pour r\u00e9pondre \u00e0 vos besoins, qu'il s'agisse de transf\u00e9rer temporairement de petits fichiers ou de stocker des documents volumineux, des photos haute d\u00e9finition et des vid\u00e9os.<\/p>\n<\/div>\n\n\n\n<div class=\"wp-block-column is-layout-flow wp-block-column-is-layout-flow\">\n<figure class=\"wp-block-image size-full\"><img fetchpriority=\"high\" decoding=\"async\" width=\"800\" height=\"800\" src=\"https:\/\/www.yousanusb.com\/wp-content\/uploads\/2025\/10\/metal-usb-flash-drive-1.jpg\" alt=\"\" class=\"wp-image-20915\" srcset=\"https:\/\/www.yousanusb.com\/wp-content\/uploads\/2025\/10\/metal-usb-flash-drive-1.jpg 800w, https:\/\/www.yousanusb.com\/wp-content\/uploads\/2025\/10\/metal-usb-flash-drive-1-300x300.jpg 300w, https:\/\/www.yousanusb.com\/wp-content\/uploads\/2025\/10\/metal-usb-flash-drive-1-150x150.jpg 150w, https:\/\/www.yousanusb.com\/wp-content\/uploads\/2025\/10\/metal-usb-flash-drive-1-768x768.jpg 768w, https:\/\/www.yousanusb.com\/wp-content\/uploads\/2025\/10\/metal-usb-flash-drive-1-12x12.jpg 12w, https:\/\/www.yousanusb.com\/wp-content\/uploads\/2025\/10\/metal-usb-flash-drive-1-600x600.jpg 600w, https:\/\/www.yousanusb.com\/wp-content\/uploads\/2025\/10\/metal-usb-flash-drive-1-100x100.jpg 100w\" sizes=\"(max-width: 800px) 100vw, 800px\" \/><\/figure>\n<\/div>\n<\/div>\n\n\n\n<div class=\"wp-block-columns is-layout-flex wp-container-core-columns-is-layout-2 wp-block-columns-is-layout-flex\">\n<div class=\"wp-block-column is-layout-flow wp-block-column-is-layout-flow\">\n<figure class=\"wp-block-image size-full\"><img decoding=\"async\" width=\"800\" height=\"800\" src=\"https:\/\/www.yousanusb.com\/wp-content\/uploads\/2025\/10\/Electroplated-Square-Key-USB-Flash-Drive.jpg\" alt=\"\" class=\"wp-image-20914\" srcset=\"https:\/\/www.yousanusb.com\/wp-content\/uploads\/2025\/10\/Electroplated-Square-Key-USB-Flash-Drive.jpg 800w, https:\/\/www.yousanusb.com\/wp-content\/uploads\/2025\/10\/Electroplated-Square-Key-USB-Flash-Drive-300x300.jpg 300w, https:\/\/www.yousanusb.com\/wp-content\/uploads\/2025\/10\/Electroplated-Square-Key-USB-Flash-Drive-150x150.jpg 150w, https:\/\/www.yousanusb.com\/wp-content\/uploads\/2025\/10\/Electroplated-Square-Key-USB-Flash-Drive-768x768.jpg 768w, https:\/\/www.yousanusb.com\/wp-content\/uploads\/2025\/10\/Electroplated-Square-Key-USB-Flash-Drive-12x12.jpg 12w, https:\/\/www.yousanusb.com\/wp-content\/uploads\/2025\/10\/Electroplated-Square-Key-USB-Flash-Drive-600x600.jpg 600w, https:\/\/www.yousanusb.com\/wp-content\/uploads\/2025\/10\/Electroplated-Square-Key-USB-Flash-Drive-100x100.jpg 100w\" sizes=\"(max-width: 800px) 100vw, 800px\" \/><\/figure>\n<\/div>\n\n\n\n<div class=\"wp-block-column is-vertically-aligned-center is-layout-flow wp-block-column-is-layout-flow\">\n<p>En termes de connectivit\u00e9, il est dot\u00e9 d'un port USB standard offrant une large compatibilit\u00e9 avec les appareils - non seulement les ordinateurs et les portables, mais aussi les t\u00e9l\u00e9viseurs intelligents, les syst\u00e8mes audio et autres appareils dot\u00e9s d'une connexion USB se connectent sans effort. Cela permet de s'affranchir des limites des appareils et de transf\u00e9rer des donn\u00e9es \"\u00e0 tout moment, n'importe o\u00f9, en se connectant instantan\u00e9ment\".<\/p>\n\n\n\n<p>Au c\u0153ur du transfert et du stockage des donn\u00e9es, il offre des vitesses de lecture et d'\u00e9criture stables et efficaces : il r\u00e9duit consid\u00e9rablement les temps d'attente lors du transfert de rapports de travail ou de documents de cours, et accomplit efficacement des t\u00e2ches telles que la sauvegarde d'images de voyage ou de collections musicales pr\u00e9cieuses. Plus important encore, ses puces de stockage sont soumises \u00e0 des tests rigoureux afin de garantir efficacement la s\u00e9curit\u00e9 et l'int\u00e9grit\u00e9 des donn\u00e9es, ce qui r\u00e9duit consid\u00e9rablement le risque de corruption ou de perte de fichiers, pour une plus grande tranquillit\u00e9 d'esprit lors du stockage d'informations critiques.<\/p>\n<\/div>\n<\/div>\n\n\n\n<div class=\"wp-block-columns is-layout-flex wp-container-core-columns-is-layout-3 wp-block-columns-is-layout-flex\">\n<div class=\"wp-block-column is-vertically-aligned-center is-layout-flow wp-block-column-is-layout-flow\">\n<p>La surface est compatible avec des techniques de personnalisation telles que la gravure au laser et l'impression en couleur. En imprimant le logo de votre entreprise ou un slogan exclusif, elle constitue un cadeau d'affaires attentionn\u00e9 tout en tirant parti de l'utilisation fr\u00e9quente de la cl\u00e9 USB pour une exposition durable de la marque, devenant ainsi une carte de visite mobile.<\/p>\n<\/div>\n\n\n\n<div class=\"wp-block-column is-layout-flow wp-block-column-is-layout-flow\">\n<figure class=\"wp-block-image size-full\"><img decoding=\"async\" width=\"800\" height=\"800\" src=\"https:\/\/www.yousanusb.com\/wp-content\/uploads\/2025\/10\/Electroplated-Square-Key-USB-Flash-Drive-with-triangular-hole.jpg\" alt=\"\" class=\"wp-image-20913\" srcset=\"https:\/\/www.yousanusb.com\/wp-content\/uploads\/2025\/10\/Electroplated-Square-Key-USB-Flash-Drive-with-triangular-hole.jpg 800w, https:\/\/www.yousanusb.com\/wp-content\/uploads\/2025\/10\/Electroplated-Square-Key-USB-Flash-Drive-with-triangular-hole-300x300.jpg 300w, https:\/\/www.yousanusb.com\/wp-content\/uploads\/2025\/10\/Electroplated-Square-Key-USB-Flash-Drive-with-triangular-hole-150x150.jpg 150w, https:\/\/www.yousanusb.com\/wp-content\/uploads\/2025\/10\/Electroplated-Square-Key-USB-Flash-Drive-with-triangular-hole-768x768.jpg 768w, https:\/\/www.yousanusb.com\/wp-content\/uploads\/2025\/10\/Electroplated-Square-Key-USB-Flash-Drive-with-triangular-hole-12x12.jpg 12w, https:\/\/www.yousanusb.com\/wp-content\/uploads\/2025\/10\/Electroplated-Square-Key-USB-Flash-Drive-with-triangular-hole-600x600.jpg 600w, https:\/\/www.yousanusb.com\/wp-content\/uploads\/2025\/10\/Electroplated-Square-Key-USB-Flash-Drive-with-triangular-hole-100x100.jpg 100w\" sizes=\"(max-width: 800px) 100vw, 800px\" \/><\/figure>\n<\/div>\n<\/div>","protected":false},"excerpt":{"rendered":"<ul>\n<li>Artisanat de la galvanoplastie<\/li>\n<li>Mat\u00e9riaux m\u00e9talliques<\/li>\n<li>Logo personnalis\u00e9<\/li>\n<li>Conception ultra-mince<\/li>\n<li>MOQ\uff1a100PCS<\/li>\n<\/ul>","protected":false},"featured_media":20915,"comment_status":"open","ping_status":"closed","template":"","meta":{"_seopress_robots_primary_cat":"","_seopress_titles_title":"","_seopress_titles_desc":"","_seopress_robots_index":""},"class_list":["post-20910","product","type-product","status-publish","has-post-thumbnail","hentry","product_cat-retractable-usb-flash-drive","product_tag-key-usb-flash-drive"],"_links":{"self":[{"href":"https:\/\/www.yousanusb.com\/fr\/wp-json\/wp\/v2\/product\/20910"}],"collection":[{"href":"https:\/\/www.yousanusb.com\/fr\/wp-json\/wp\/v2\/product"}],"about":[{"href":"https:\/\/www.yousanusb.com\/fr\/wp-json\/wp\/v2\/types\/product"}],"replies":[{"embeddable":true,"href":"https:\/\/www.yousanusb.com\/fr\/wp-json\/wp\/v2\/comments?post=20910"}],"wp:featuredmedia":[{"embeddable":true,"href":"https:\/\/www.yousanusb.com\/fr\/wp-json\/wp\/v2\/media\/20915"}],"wp:attachment":[{"href":"https:\/\/www.yousanusb.com\/fr\/wp-json\/wp\/v2\/media?parent=20910"}],"curies":[{"name":"wp","href":"https:\/\/api.w.org\/{rel}","templated":true}]}}