{"id":20942,"date":"2025-10-16T04:59:55","date_gmt":"2025-10-16T04:59:55","guid":{"rendered":"https:\/\/www.yousanusb.com\/?post_type=product&#038;p=20942"},"modified":"2025-11-10T09:58:53","modified_gmt":"2025-11-10T09:58:53","slug":"piano-keyboard-shaped-usb-flash-drive","status":"publish","type":"product","link":"https:\/\/www.yousanusb.com\/fr\/produit\/piano-keyboard-shaped-usb-flash-drive\/","title":{"rendered":"Cl\u00e9 USB en forme de clavier de piano"},"content":{"rendered":"<div class=\"wp-block-columns is-layout-flex wp-container-core-columns-is-layout-1 wp-block-columns-is-layout-flex\">\n<div class=\"wp-block-column is-vertically-aligned-center is-layout-flow wp-block-column-is-layout-flow\">\n<p>Lorsque le stockage pratique rencontre des \u00e9l\u00e9ments musicaux romantiques, cette cl\u00e9 USB en PVC soft-touch avec touches de piano s'impose comme le repr\u00e9sentant \"artistique\" des produits num\u00e9riques. S'inspirant des touches de piano classiques, elle allie harmonieusement la fluidit\u00e9 de la musique \u00e0 la commodit\u00e9 de la technologie, offrant ainsi une exp\u00e9rience de stockage qui allie l'esth\u00e9tique \u00e0 la fonctionnalit\u00e9.<\/p>\n\n\n\n<p>Fabriqu\u00e9e en caoutchouc PVC souple et durable, la cl\u00e9 USB offre une prise en main confortable et une excellente r\u00e9sistance aux chutes et aux rayures. Le sch\u00e9ma de couleurs noir et blanc des touches recr\u00e9e fid\u00e8lement l'esth\u00e9tique classique d'un piano. Une cha\u00eene en m\u00e9tal est reli\u00e9e au corps de la cl\u00e9, ce qui permet de l'attacher \u00e0 un porte-cl\u00e9s ou \u00e0 un sac \u00e0 dos pour en faire un accessoire \u00e9l\u00e9gant.<\/p>\n<\/div>\n\n\n\n<div class=\"wp-block-column is-layout-flow wp-block-column-is-layout-flow\">\n<figure class=\"wp-block-image size-full\"><img fetchpriority=\"high\" decoding=\"async\" width=\"800\" height=\"800\" src=\"https:\/\/www.yousanusb.com\/wp-content\/uploads\/2025\/10\/Piano-Keyboard-shaped-PVC-Soft-Rubber-USB-Flash-Drive.jpg\" alt=\"\" class=\"wp-image-20949\" srcset=\"https:\/\/www.yousanusb.com\/wp-content\/uploads\/2025\/10\/Piano-Keyboard-shaped-PVC-Soft-Rubber-USB-Flash-Drive.jpg 800w, https:\/\/www.yousanusb.com\/wp-content\/uploads\/2025\/10\/Piano-Keyboard-shaped-PVC-Soft-Rubber-USB-Flash-Drive-300x300.jpg 300w, https:\/\/www.yousanusb.com\/wp-content\/uploads\/2025\/10\/Piano-Keyboard-shaped-PVC-Soft-Rubber-USB-Flash-Drive-150x150.jpg 150w, https:\/\/www.yousanusb.com\/wp-content\/uploads\/2025\/10\/Piano-Keyboard-shaped-PVC-Soft-Rubber-USB-Flash-Drive-768x768.jpg 768w, https:\/\/www.yousanusb.com\/wp-content\/uploads\/2025\/10\/Piano-Keyboard-shaped-PVC-Soft-Rubber-USB-Flash-Drive-12x12.jpg 12w, https:\/\/www.yousanusb.com\/wp-content\/uploads\/2025\/10\/Piano-Keyboard-shaped-PVC-Soft-Rubber-USB-Flash-Drive-600x600.jpg 600w, https:\/\/www.yousanusb.com\/wp-content\/uploads\/2025\/10\/Piano-Keyboard-shaped-PVC-Soft-Rubber-USB-Flash-Drive-100x100.jpg 100w\" sizes=\"(max-width: 800px) 100vw, 800px\" \/><\/figure>\n<\/div>\n<\/div>\n\n\n\n<div class=\"wp-block-columns is-layout-flex wp-container-core-columns-is-layout-2 wp-block-columns-is-layout-flex\">\n<div class=\"wp-block-column is-layout-flow wp-block-column-is-layout-flow\">\n<figure class=\"wp-block-image size-full\"><img decoding=\"async\" width=\"800\" height=\"800\" src=\"https:\/\/www.yousanusb.com\/wp-content\/uploads\/2025\/10\/custom-piano-usb-flash-drive.jpg\" alt=\"\" class=\"wp-image-20948\" srcset=\"https:\/\/www.yousanusb.com\/wp-content\/uploads\/2025\/10\/custom-piano-usb-flash-drive.jpg 800w, https:\/\/www.yousanusb.com\/wp-content\/uploads\/2025\/10\/custom-piano-usb-flash-drive-300x300.jpg 300w, https:\/\/www.yousanusb.com\/wp-content\/uploads\/2025\/10\/custom-piano-usb-flash-drive-150x150.jpg 150w, https:\/\/www.yousanusb.com\/wp-content\/uploads\/2025\/10\/custom-piano-usb-flash-drive-768x768.jpg 768w, https:\/\/www.yousanusb.com\/wp-content\/uploads\/2025\/10\/custom-piano-usb-flash-drive-12x12.jpg 12w, https:\/\/www.yousanusb.com\/wp-content\/uploads\/2025\/10\/custom-piano-usb-flash-drive-600x600.jpg 600w, https:\/\/www.yousanusb.com\/wp-content\/uploads\/2025\/10\/custom-piano-usb-flash-drive-100x100.jpg 100w\" sizes=\"(max-width: 800px) 100vw, 800px\" \/><\/figure>\n<\/div>\n\n\n\n<div class=\"wp-block-column is-vertically-aligned-center is-layout-flow wp-block-column-is-layout-flow\">\n<p>Pour les passionn\u00e9s de musique, c'est un accessoire parfait pour exprimer son individualit\u00e9 ; pour les entreprises, c'est un cadeau culturel id\u00e9al ou un souvenir d'entreprise. Que ce soit pour les acad\u00e9mies de musique, les institutions artistiques ou les marques \u00e0 la recherche d'une ambiance artistique, le design piano distinctif de cette cl\u00e9 USB offre une valeur pratique tout en laissant aux clients ou aux partenaires une impression durable de flair artistique.<br><\/p>\n<\/div>\n<\/div>\n\n\n\n<p>Cette cl\u00e9 USB en forme de clavier de piano n'a pas seulement une apparence exquise, elle offre \u00e9galement une grande capacit\u00e9 de stockage (64 Go, 128 Go), ce qui peut r\u00e9pondre \u00e0 tous vos besoins.<\/p>\n\n\n\n<div class=\"wp-block-columns is-layout-flex wp-container-core-columns-is-layout-3 wp-block-columns-is-layout-flex\">\n<div class=\"wp-block-column is-layout-flow wp-block-column-is-layout-flow\"><div class=\"wp-block-image\">\n<figure class=\"aligncenter size-full\"><img decoding=\"async\" width=\"800\" height=\"800\" src=\"https:\/\/www.yousanusb.com\/wp-content\/uploads\/2025\/10\/Creative-Piano-Keyboard-PVC-Silicone-USB.jpg\" alt=\"\" class=\"wp-image-20947\" srcset=\"https:\/\/www.yousanusb.com\/wp-content\/uploads\/2025\/10\/Creative-Piano-Keyboard-PVC-Silicone-USB.jpg 800w, https:\/\/www.yousanusb.com\/wp-content\/uploads\/2025\/10\/Creative-Piano-Keyboard-PVC-Silicone-USB-300x300.jpg 300w, https:\/\/www.yousanusb.com\/wp-content\/uploads\/2025\/10\/Creative-Piano-Keyboard-PVC-Silicone-USB-150x150.jpg 150w, https:\/\/www.yousanusb.com\/wp-content\/uploads\/2025\/10\/Creative-Piano-Keyboard-PVC-Silicone-USB-768x768.jpg 768w, https:\/\/www.yousanusb.com\/wp-content\/uploads\/2025\/10\/Creative-Piano-Keyboard-PVC-Silicone-USB-12x12.jpg 12w, https:\/\/www.yousanusb.com\/wp-content\/uploads\/2025\/10\/Creative-Piano-Keyboard-PVC-Silicone-USB-600x600.jpg 600w, https:\/\/www.yousanusb.com\/wp-content\/uploads\/2025\/10\/Creative-Piano-Keyboard-PVC-Silicone-USB-100x100.jpg 100w\" sizes=\"(max-width: 800px) 100vw, 800px\" \/><figcaption class=\"wp-element-caption\">cl\u00e9 USB pour piano \u00e0 queue<\/figcaption><\/figure><\/div><\/div>\n\n\n\n<div class=\"wp-block-column is-layout-flow wp-block-column-is-layout-flow\"><div class=\"wp-block-image\">\n<figure class=\"aligncenter size-full\"><img loading=\"lazy\" decoding=\"async\" width=\"800\" height=\"800\" src=\"https:\/\/www.yousanusb.com\/wp-content\/uploads\/2025\/10\/piano-shape-usb-drives.jpg\" alt=\"\" class=\"wp-image-20950\" srcset=\"https:\/\/www.yousanusb.com\/wp-content\/uploads\/2025\/10\/piano-shape-usb-drives.jpg 800w, https:\/\/www.yousanusb.com\/wp-content\/uploads\/2025\/10\/piano-shape-usb-drives-300x300.jpg 300w, https:\/\/www.yousanusb.com\/wp-content\/uploads\/2025\/10\/piano-shape-usb-drives-150x150.jpg 150w, https:\/\/www.yousanusb.com\/wp-content\/uploads\/2025\/10\/piano-shape-usb-drives-768x768.jpg 768w, https:\/\/www.yousanusb.com\/wp-content\/uploads\/2025\/10\/piano-shape-usb-drives-12x12.jpg 12w, https:\/\/www.yousanusb.com\/wp-content\/uploads\/2025\/10\/piano-shape-usb-drives-600x600.jpg 600w, https:\/\/www.yousanusb.com\/wp-content\/uploads\/2025\/10\/piano-shape-usb-drives-100x100.jpg 100w\" sizes=\"(max-width: 800px) 100vw, 800px\" \/><figcaption class=\"wp-element-caption\">piano \u00e0 queue usb memory stick<\/figcaption><\/figure><\/div><\/div>\n<\/div>\n\n\n\n<div class=\"wp-block-columns is-layout-flex wp-container-core-columns-is-layout-4 wp-block-columns-is-layout-flex\">\n<div class=\"wp-block-column is-layout-flow wp-block-column-is-layout-flow\"><div class=\"wp-block-image\">\n<figure class=\"aligncenter size-full\"><img loading=\"lazy\" decoding=\"async\" width=\"800\" height=\"800\" src=\"https:\/\/www.yousanusb.com\/wp-content\/uploads\/2025\/10\/Cartoon-Piano-Key-Flash-Drive.jpg\" alt=\"\" class=\"wp-image-20946\" srcset=\"https:\/\/www.yousanusb.com\/wp-content\/uploads\/2025\/10\/Cartoon-Piano-Key-Flash-Drive.jpg 800w, https:\/\/www.yousanusb.com\/wp-content\/uploads\/2025\/10\/Cartoon-Piano-Key-Flash-Drive-300x300.jpg 300w, https:\/\/www.yousanusb.com\/wp-content\/uploads\/2025\/10\/Cartoon-Piano-Key-Flash-Drive-150x150.jpg 150w, https:\/\/www.yousanusb.com\/wp-content\/uploads\/2025\/10\/Cartoon-Piano-Key-Flash-Drive-768x768.jpg 768w, https:\/\/www.yousanusb.com\/wp-content\/uploads\/2025\/10\/Cartoon-Piano-Key-Flash-Drive-12x12.jpg 12w, https:\/\/www.yousanusb.com\/wp-content\/uploads\/2025\/10\/Cartoon-Piano-Key-Flash-Drive-600x600.jpg 600w, https:\/\/www.yousanusb.com\/wp-content\/uploads\/2025\/10\/Cartoon-Piano-Key-Flash-Drive-100x100.jpg 100w\" sizes=\"(max-width: 800px) 100vw, 800px\" \/><figcaption class=\"wp-element-caption\">clavier de piano cl\u00e9 usb<\/figcaption><\/figure><\/div><\/div>\n\n\n\n<div class=\"wp-block-column is-layout-flow wp-block-column-is-layout-flow\"><div class=\"wp-block-image\">\n<figure class=\"aligncenter size-full\"><img loading=\"lazy\" decoding=\"async\" width=\"800\" height=\"800\" src=\"https:\/\/www.yousanusb.com\/wp-content\/uploads\/2025\/10\/Cartoon-Memory-Stick-Usb.jpg\" alt=\"\" class=\"wp-image-20945\" srcset=\"https:\/\/www.yousanusb.com\/wp-content\/uploads\/2025\/10\/Cartoon-Memory-Stick-Usb.jpg 800w, https:\/\/www.yousanusb.com\/wp-content\/uploads\/2025\/10\/Cartoon-Memory-Stick-Usb-300x300.jpg 300w, https:\/\/www.yousanusb.com\/wp-content\/uploads\/2025\/10\/Cartoon-Memory-Stick-Usb-150x150.jpg 150w, https:\/\/www.yousanusb.com\/wp-content\/uploads\/2025\/10\/Cartoon-Memory-Stick-Usb-768x768.jpg 768w, https:\/\/www.yousanusb.com\/wp-content\/uploads\/2025\/10\/Cartoon-Memory-Stick-Usb-12x12.jpg 12w, https:\/\/www.yousanusb.com\/wp-content\/uploads\/2025\/10\/Cartoon-Memory-Stick-Usb-600x600.jpg 600w, https:\/\/www.yousanusb.com\/wp-content\/uploads\/2025\/10\/Cartoon-Memory-Stick-Usb-100x100.jpg 100w\" sizes=\"(max-width: 800px) 100vw, 800px\" \/><figcaption class=\"wp-element-caption\">clavier de piano usb stick<\/figcaption><\/figure><\/div><\/div>\n<\/div>","protected":false},"excerpt":{"rendered":"<ul>\n<li>Petit et l\u00e9ger<\/li>\n<li>\u00c9tanch\u00e9it\u00e9 et r\u00e9sistance aux chocs<\/li>\n<li>Pr\u00eat \u00e0 l'emploi<\/li>\n<li>Gamme de compatibilit\u00e9 : t\u00e9l\u00e9phones portables, ordinateurs de voiture, haut-parleurs et autres appareils USB<\/li>\n<li>MOQ:100pcs<\/li>\n<\/ul>","protected":false},"featured_media":20949,"comment_status":"open","ping_status":"closed","template":"","meta":{"_seopress_robots_primary_cat":"","_seopress_titles_title":"","_seopress_titles_desc":"","_seopress_robots_index":""},"class_list":["post-20942","product","type-product","status-publish","has-post-thumbnail","hentry","product_cat-custom-usb-drive"],"_links":{"self":[{"href":"https:\/\/www.yousanusb.com\/fr\/wp-json\/wp\/v2\/product\/20942"}],"collection":[{"href":"https:\/\/www.yousanusb.com\/fr\/wp-json\/wp\/v2\/product"}],"about":[{"href":"https:\/\/www.yousanusb.com\/fr\/wp-json\/wp\/v2\/types\/product"}],"replies":[{"embeddable":true,"href":"https:\/\/www.yousanusb.com\/fr\/wp-json\/wp\/v2\/comments?post=20942"}],"wp:featuredmedia":[{"embeddable":true,"href":"https:\/\/www.yousanusb.com\/fr\/wp-json\/wp\/v2\/media\/20949"}],"wp:attachment":[{"href":"https:\/\/www.yousanusb.com\/fr\/wp-json\/wp\/v2\/media?parent=20942"}],"curies":[{"name":"wp","href":"https:\/\/api.w.org\/{rel}","templated":true}]}}