{"id":21033,"date":"2025-10-16T10:16:41","date_gmt":"2025-10-16T10:16:41","guid":{"rendered":"https:\/\/www.yousanusb.com\/?post_type=product&#038;p=21033"},"modified":"2025-11-10T09:59:11","modified_gmt":"2025-11-10T09:59:11","slug":"cat-paw-shaped-usb-flash-drive","status":"publish","type":"product","link":"https:\/\/www.yousanusb.com\/fr\/produit\/cat-paw-shaped-usb-flash-drive\/","title":{"rendered":"Cl\u00e9 USB en forme de patte de chat"},"content":{"rendered":"<p>Custom Cat paw Shaped USB Flash Drives, crafted for those who adore cats and appreciate whimsical designs.These USB drives feature a charming 3D cat paw design, making them perfect for veterinary clinics, pet stores, and any promotion aimed at pet lovers.<\/p>\n\n\n\n<p>Dot\u00e9e d'une puce de qualit\u00e9 A+, cette cl\u00e9 USB garantit un stockage et un transfert de donn\u00e9es fiables et rapides. Plug and Work, pas besoin de logiciel, la cl\u00e9 USB est compatible avec Windows 11\/10\/8\/7\/Vista\/XP\/2000\/98\/ME\/NT Linux, Mac OS, et Chrome, compatible avec USB 2.0 et moins.<\/p>\n\n\n\n<div class=\"wp-block-columns is-layout-flex wp-container-core-columns-is-layout-1 wp-block-columns-is-layout-flex\">\n<div class=\"wp-block-column is-layout-flow wp-block-column-is-layout-flow\"><div class=\"wp-block-image\">\n<figure class=\"aligncenter size-full\"><img fetchpriority=\"high\" decoding=\"async\" width=\"800\" height=\"800\" src=\"https:\/\/www.yousanusb.com\/wp-content\/uploads\/2025\/10\/soft-PVC-rubber-usb-drive.jpg\" alt=\"\" class=\"wp-image-21046\" srcset=\"https:\/\/www.yousanusb.com\/wp-content\/uploads\/2025\/10\/soft-PVC-rubber-usb-drive.jpg 800w, https:\/\/www.yousanusb.com\/wp-content\/uploads\/2025\/10\/soft-PVC-rubber-usb-drive-300x300.jpg 300w, https:\/\/www.yousanusb.com\/wp-content\/uploads\/2025\/10\/soft-PVC-rubber-usb-drive-150x150.jpg 150w, https:\/\/www.yousanusb.com\/wp-content\/uploads\/2025\/10\/soft-PVC-rubber-usb-drive-768x768.jpg 768w, https:\/\/www.yousanusb.com\/wp-content\/uploads\/2025\/10\/soft-PVC-rubber-usb-drive-12x12.jpg 12w, https:\/\/www.yousanusb.com\/wp-content\/uploads\/2025\/10\/soft-PVC-rubber-usb-drive-600x600.jpg 600w, https:\/\/www.yousanusb.com\/wp-content\/uploads\/2025\/10\/soft-PVC-rubber-usb-drive-100x100.jpg 100w\" sizes=\"(max-width: 800px) 100vw, 800px\" \/><figcaption class=\"wp-element-caption\">usb 2.0 interface<\/figcaption><\/figure><\/div><\/div>\n\n\n\n<div class=\"wp-block-column is-layout-flow wp-block-column-is-layout-flow\"><div class=\"wp-block-image\">\n<figure class=\"aligncenter size-full\"><img decoding=\"async\" width=\"800\" height=\"800\" src=\"https:\/\/www.yousanusb.com\/wp-content\/uploads\/2025\/10\/cartoon-cat-paw-shaped-usb-drive.jpg\" alt=\"\" class=\"wp-image-21038\" srcset=\"https:\/\/www.yousanusb.com\/wp-content\/uploads\/2025\/10\/cartoon-cat-paw-shaped-usb-drive.jpg 800w, https:\/\/www.yousanusb.com\/wp-content\/uploads\/2025\/10\/cartoon-cat-paw-shaped-usb-drive-300x300.jpg 300w, https:\/\/www.yousanusb.com\/wp-content\/uploads\/2025\/10\/cartoon-cat-paw-shaped-usb-drive-150x150.jpg 150w, https:\/\/www.yousanusb.com\/wp-content\/uploads\/2025\/10\/cartoon-cat-paw-shaped-usb-drive-768x768.jpg 768w, https:\/\/www.yousanusb.com\/wp-content\/uploads\/2025\/10\/cartoon-cat-paw-shaped-usb-drive-12x12.jpg 12w, https:\/\/www.yousanusb.com\/wp-content\/uploads\/2025\/10\/cartoon-cat-paw-shaped-usb-drive-600x600.jpg 600w, https:\/\/www.yousanusb.com\/wp-content\/uploads\/2025\/10\/cartoon-cat-paw-shaped-usb-drive-100x100.jpg 100w\" sizes=\"(max-width: 800px) 100vw, 800px\" \/><figcaption class=\"wp-element-caption\">long*wide: 49.5mm*23.5<\/figcaption><\/figure><\/div><\/div>\n\n\n\n<div class=\"wp-block-column is-layout-flow wp-block-column-is-layout-flow\"><div class=\"wp-block-image\">\n<figure class=\"aligncenter size-full\"><img decoding=\"async\" width=\"800\" height=\"800\" src=\"https:\/\/www.yousanusb.com\/wp-content\/uploads\/2025\/10\/cartoon-cat-paw-shaped-usb-flash-drive.jpg\" alt=\"\" class=\"wp-image-21039\" srcset=\"https:\/\/www.yousanusb.com\/wp-content\/uploads\/2025\/10\/cartoon-cat-paw-shaped-usb-flash-drive.jpg 800w, https:\/\/www.yousanusb.com\/wp-content\/uploads\/2025\/10\/cartoon-cat-paw-shaped-usb-flash-drive-300x300.jpg 300w, https:\/\/www.yousanusb.com\/wp-content\/uploads\/2025\/10\/cartoon-cat-paw-shaped-usb-flash-drive-150x150.jpg 150w, https:\/\/www.yousanusb.com\/wp-content\/uploads\/2025\/10\/cartoon-cat-paw-shaped-usb-flash-drive-768x768.jpg 768w, https:\/\/www.yousanusb.com\/wp-content\/uploads\/2025\/10\/cartoon-cat-paw-shaped-usb-flash-drive-12x12.jpg 12w, https:\/\/www.yousanusb.com\/wp-content\/uploads\/2025\/10\/cartoon-cat-paw-shaped-usb-flash-drive-600x600.jpg 600w, https:\/\/www.yousanusb.com\/wp-content\/uploads\/2025\/10\/cartoon-cat-paw-shaped-usb-flash-drive-100x100.jpg 100w\" sizes=\"(max-width: 800px) 100vw, 800px\" \/><figcaption class=\"wp-element-caption\">plug and play<\/figcaption><\/figure><\/div><\/div>\n<\/div>\n\n\n\n<p>Here are cat paw &#8211; shaped USB flash drives in different colors for selection.Suitable for backup and transfer data such as files, movies, music, photos, soft, documents, etc.<\/p>\n\n\n\n<div class=\"wp-block-columns is-layout-flex wp-container-core-columns-is-layout-2 wp-block-columns-is-layout-flex\">\n<div class=\"wp-block-column is-layout-flow wp-block-column-is-layout-flow\"><div class=\"wp-block-image\">\n<figure class=\"aligncenter size-full\"><img loading=\"lazy\" decoding=\"async\" width=\"800\" height=\"800\" src=\"https:\/\/www.yousanusb.com\/wp-content\/uploads\/2025\/10\/red-Cat-Paw-Shaped-USB-Flash-Drive.jpg\" alt=\"\" class=\"wp-image-21045\" srcset=\"https:\/\/www.yousanusb.com\/wp-content\/uploads\/2025\/10\/red-Cat-Paw-Shaped-USB-Flash-Drive.jpg 800w, https:\/\/www.yousanusb.com\/wp-content\/uploads\/2025\/10\/red-Cat-Paw-Shaped-USB-Flash-Drive-300x300.jpg 300w, https:\/\/www.yousanusb.com\/wp-content\/uploads\/2025\/10\/red-Cat-Paw-Shaped-USB-Flash-Drive-150x150.jpg 150w, https:\/\/www.yousanusb.com\/wp-content\/uploads\/2025\/10\/red-Cat-Paw-Shaped-USB-Flash-Drive-768x768.jpg 768w, https:\/\/www.yousanusb.com\/wp-content\/uploads\/2025\/10\/red-Cat-Paw-Shaped-USB-Flash-Drive-12x12.jpg 12w, https:\/\/www.yousanusb.com\/wp-content\/uploads\/2025\/10\/red-Cat-Paw-Shaped-USB-Flash-Drive-600x600.jpg 600w, https:\/\/www.yousanusb.com\/wp-content\/uploads\/2025\/10\/red-Cat-Paw-Shaped-USB-Flash-Drive-100x100.jpg 100w\" sizes=\"(max-width: 800px) 100vw, 800px\" \/><figcaption class=\"wp-element-caption\">red cat paw usb drive<\/figcaption><\/figure><\/div><\/div>\n\n\n\n<div class=\"wp-block-column is-layout-flow wp-block-column-is-layout-flow\"><div class=\"wp-block-image\">\n<figure class=\"aligncenter size-full\"><img loading=\"lazy\" decoding=\"async\" width=\"800\" height=\"800\" src=\"https:\/\/www.yousanusb.com\/wp-content\/uploads\/2025\/10\/light-pink-cat-paw-usb-flash-drive.jpg\" alt=\"\" class=\"wp-image-21044\" srcset=\"https:\/\/www.yousanusb.com\/wp-content\/uploads\/2025\/10\/light-pink-cat-paw-usb-flash-drive.jpg 800w, https:\/\/www.yousanusb.com\/wp-content\/uploads\/2025\/10\/light-pink-cat-paw-usb-flash-drive-300x300.jpg 300w, https:\/\/www.yousanusb.com\/wp-content\/uploads\/2025\/10\/light-pink-cat-paw-usb-flash-drive-150x150.jpg 150w, https:\/\/www.yousanusb.com\/wp-content\/uploads\/2025\/10\/light-pink-cat-paw-usb-flash-drive-768x768.jpg 768w, https:\/\/www.yousanusb.com\/wp-content\/uploads\/2025\/10\/light-pink-cat-paw-usb-flash-drive-12x12.jpg 12w, https:\/\/www.yousanusb.com\/wp-content\/uploads\/2025\/10\/light-pink-cat-paw-usb-flash-drive-600x600.jpg 600w, https:\/\/www.yousanusb.com\/wp-content\/uploads\/2025\/10\/light-pink-cat-paw-usb-flash-drive-100x100.jpg 100w\" sizes=\"(max-width: 800px) 100vw, 800px\" \/><figcaption class=\"wp-element-caption\">white cat paw usb drive<\/figcaption><\/figure><\/div><\/div>\n\n\n\n<div class=\"wp-block-column is-layout-flow wp-block-column-is-layout-flow\"><div class=\"wp-block-image\">\n<figure class=\"aligncenter size-full\"><img loading=\"lazy\" decoding=\"async\" width=\"800\" height=\"800\" src=\"https:\/\/www.yousanusb.com\/wp-content\/uploads\/2025\/10\/Deep-sea-blue-cat-paw-usb-flash-drive.jpg\" alt=\"\" class=\"wp-image-21043\" srcset=\"https:\/\/www.yousanusb.com\/wp-content\/uploads\/2025\/10\/Deep-sea-blue-cat-paw-usb-flash-drive.jpg 800w, https:\/\/www.yousanusb.com\/wp-content\/uploads\/2025\/10\/Deep-sea-blue-cat-paw-usb-flash-drive-300x300.jpg 300w, https:\/\/www.yousanusb.com\/wp-content\/uploads\/2025\/10\/Deep-sea-blue-cat-paw-usb-flash-drive-150x150.jpg 150w, https:\/\/www.yousanusb.com\/wp-content\/uploads\/2025\/10\/Deep-sea-blue-cat-paw-usb-flash-drive-768x768.jpg 768w, https:\/\/www.yousanusb.com\/wp-content\/uploads\/2025\/10\/Deep-sea-blue-cat-paw-usb-flash-drive-12x12.jpg 12w, https:\/\/www.yousanusb.com\/wp-content\/uploads\/2025\/10\/Deep-sea-blue-cat-paw-usb-flash-drive-600x600.jpg 600w, https:\/\/www.yousanusb.com\/wp-content\/uploads\/2025\/10\/Deep-sea-blue-cat-paw-usb-flash-drive-100x100.jpg 100w\" sizes=\"(max-width: 800px) 100vw, 800px\" \/><figcaption class=\"wp-element-caption\">blue cat paw usb drive<\/figcaption><\/figure><\/div><\/div>\n<\/div>\n\n\n\n<div class=\"wp-block-columns is-layout-flex wp-container-core-columns-is-layout-3 wp-block-columns-is-layout-flex\">\n<div class=\"wp-block-column is-layout-flow wp-block-column-is-layout-flow\"><div class=\"wp-block-image\">\n<figure class=\"aligncenter size-full\"><img loading=\"lazy\" decoding=\"async\" width=\"800\" height=\"800\" src=\"https:\/\/www.yousanusb.com\/wp-content\/uploads\/2025\/10\/Cat-Paw-Shaped-USB-Flash-Drive.jpg\" alt=\"\" class=\"wp-image-21040\" srcset=\"https:\/\/www.yousanusb.com\/wp-content\/uploads\/2025\/10\/Cat-Paw-Shaped-USB-Flash-Drive.jpg 800w, https:\/\/www.yousanusb.com\/wp-content\/uploads\/2025\/10\/Cat-Paw-Shaped-USB-Flash-Drive-300x300.jpg 300w, https:\/\/www.yousanusb.com\/wp-content\/uploads\/2025\/10\/Cat-Paw-Shaped-USB-Flash-Drive-150x150.jpg 150w, https:\/\/www.yousanusb.com\/wp-content\/uploads\/2025\/10\/Cat-Paw-Shaped-USB-Flash-Drive-768x768.jpg 768w, https:\/\/www.yousanusb.com\/wp-content\/uploads\/2025\/10\/Cat-Paw-Shaped-USB-Flash-Drive-12x12.jpg 12w, https:\/\/www.yousanusb.com\/wp-content\/uploads\/2025\/10\/Cat-Paw-Shaped-USB-Flash-Drive-600x600.jpg 600w, https:\/\/www.yousanusb.com\/wp-content\/uploads\/2025\/10\/Cat-Paw-Shaped-USB-Flash-Drive-100x100.jpg 100w\" sizes=\"(max-width: 800px) 100vw, 800px\" \/><figcaption class=\"wp-element-caption\">pink cat paw usb drive<\/figcaption><\/figure><\/div><\/div>\n\n\n\n<div class=\"wp-block-column is-layout-flow wp-block-column-is-layout-flow\"><div class=\"wp-block-image\">\n<figure class=\"aligncenter size-full\"><img loading=\"lazy\" decoding=\"async\" width=\"800\" height=\"800\" src=\"https:\/\/www.yousanusb.com\/wp-content\/uploads\/2025\/10\/caramel-brown-cat-paw-usb-flash-drive.jpg\" alt=\"\" class=\"wp-image-21037\" srcset=\"https:\/\/www.yousanusb.com\/wp-content\/uploads\/2025\/10\/caramel-brown-cat-paw-usb-flash-drive.jpg 800w, https:\/\/www.yousanusb.com\/wp-content\/uploads\/2025\/10\/caramel-brown-cat-paw-usb-flash-drive-300x300.jpg 300w, https:\/\/www.yousanusb.com\/wp-content\/uploads\/2025\/10\/caramel-brown-cat-paw-usb-flash-drive-150x150.jpg 150w, https:\/\/www.yousanusb.com\/wp-content\/uploads\/2025\/10\/caramel-brown-cat-paw-usb-flash-drive-768x768.jpg 768w, https:\/\/www.yousanusb.com\/wp-content\/uploads\/2025\/10\/caramel-brown-cat-paw-usb-flash-drive-12x12.jpg 12w, https:\/\/www.yousanusb.com\/wp-content\/uploads\/2025\/10\/caramel-brown-cat-paw-usb-flash-drive-600x600.jpg 600w, https:\/\/www.yousanusb.com\/wp-content\/uploads\/2025\/10\/caramel-brown-cat-paw-usb-flash-drive-100x100.jpg 100w\" sizes=\"(max-width: 800px) 100vw, 800px\" \/><figcaption class=\"wp-element-caption\">brown cat paw usb drive<\/figcaption><\/figure><\/div><\/div>\n\n\n\n<div class=\"wp-block-column is-layout-flow wp-block-column-is-layout-flow\"><div class=\"wp-block-image\">\n<figure class=\"aligncenter size-full\"><img loading=\"lazy\" decoding=\"async\" width=\"800\" height=\"800\" src=\"https:\/\/www.yousanusb.com\/wp-content\/uploads\/2025\/10\/black-can-paw-shaped-usb-flash-drive.jpg\" alt=\"\" class=\"wp-image-21036\" srcset=\"https:\/\/www.yousanusb.com\/wp-content\/uploads\/2025\/10\/black-can-paw-shaped-usb-flash-drive.jpg 800w, https:\/\/www.yousanusb.com\/wp-content\/uploads\/2025\/10\/black-can-paw-shaped-usb-flash-drive-300x300.jpg 300w, https:\/\/www.yousanusb.com\/wp-content\/uploads\/2025\/10\/black-can-paw-shaped-usb-flash-drive-150x150.jpg 150w, https:\/\/www.yousanusb.com\/wp-content\/uploads\/2025\/10\/black-can-paw-shaped-usb-flash-drive-768x768.jpg 768w, https:\/\/www.yousanusb.com\/wp-content\/uploads\/2025\/10\/black-can-paw-shaped-usb-flash-drive-12x12.jpg 12w, https:\/\/www.yousanusb.com\/wp-content\/uploads\/2025\/10\/black-can-paw-shaped-usb-flash-drive-600x600.jpg 600w, https:\/\/www.yousanusb.com\/wp-content\/uploads\/2025\/10\/black-can-paw-shaped-usb-flash-drive-100x100.jpg 100w\" sizes=\"(max-width: 800px) 100vw, 800px\" \/><figcaption class=\"wp-element-caption\">black cat paw usb drive<\/figcaption><\/figure><\/div><\/div>\n<\/div>","protected":false},"excerpt":{"rendered":"<ul>\n<li>soft material<\/li>\n<li>porte-cl\u00e9s<\/li>\n<li>Interface USB 2.0<\/li>\n<li>White\/Blue\/Pink\/Black\/Brown\/Red color<\/li>\n<li>MOQ:100pcs<\/li>\n<\/ul>","protected":false},"featured_media":21041,"comment_status":"open","ping_status":"closed","template":"","meta":{"_seopress_robots_primary_cat":"","_seopress_titles_title":"","_seopress_titles_desc":"","_seopress_robots_index":""},"class_list":["post-21033","product","type-product","status-publish","has-post-thumbnail","hentry","product_cat-custom-usb-drive"],"_links":{"self":[{"href":"https:\/\/www.yousanusb.com\/fr\/wp-json\/wp\/v2\/product\/21033"}],"collection":[{"href":"https:\/\/www.yousanusb.com\/fr\/wp-json\/wp\/v2\/product"}],"about":[{"href":"https:\/\/www.yousanusb.com\/fr\/wp-json\/wp\/v2\/types\/product"}],"replies":[{"embeddable":true,"href":"https:\/\/www.yousanusb.com\/fr\/wp-json\/wp\/v2\/comments?post=21033"}],"wp:featuredmedia":[{"embeddable":true,"href":"https:\/\/www.yousanusb.com\/fr\/wp-json\/wp\/v2\/media\/21041"}],"wp:attachment":[{"href":"https:\/\/www.yousanusb.com\/fr\/wp-json\/wp\/v2\/media?parent=21033"}],"curies":[{"name":"wp","href":"https:\/\/api.w.org\/{rel}","templated":true}]}}