{"id":21047,"date":"2025-10-17T03:31:43","date_gmt":"2025-10-17T03:31:43","guid":{"rendered":"https:\/\/www.yousanusb.com\/?post_type=product&#038;p=21047"},"modified":"2025-11-10T09:59:19","modified_gmt":"2025-11-10T09:59:19","slug":"custom-branded-fire-extinguisher-shape-usb-flash-drive","status":"publish","type":"product","link":"https:\/\/www.yousanusb.com\/fr\/produit\/custom-branded-fire-extinguisher-shape-usb-flash-drive\/","title":{"rendered":"Cl\u00e9 USB en forme d'extincteur personnalis\u00e9e"},"content":{"rendered":"<p>Une cl\u00e9 USB unique et originale avec un design d'extincteur rouge. Cette cl\u00e9 USB en forme d'extincteur rouge ressemble \u00e0 un v\u00e9ritable extincteur. Elle est finie dans les moindres d\u00e9tails. C'est un cadeau id\u00e9al pour tous les groupes d'\u00e2ge.<\/p>\n\n\n\n<div class=\"wp-block-columns is-layout-flex wp-container-core-columns-is-layout-1 wp-block-columns-is-layout-flex\">\n<div class=\"wp-block-column is-vertically-aligned-center is-layout-flow wp-block-column-is-layout-flow\">\n<p><strong>Mod\u00e8le A<\/strong> se distingue par la pr\u00e9cision exceptionnelle de ses d\u00e9tails : la base imite le support de l'extincteur avec un caoutchouc souple noir, tandis que le dessus combine des composants gris avec le cylindre rouge pour un contraste de couleurs en couches. La g\u00e2chette noire pr\u00e9sente des contours pr\u00e9cis et le tuyau noir pend naturellement, cr\u00e9ant ainsi un extincteur miniature et authentique avec un attrait professionnel.<\/p>\n\n\n\n<p><strong>Mod\u00e8le B<\/strong> adopte un design minimaliste dont la couleur principale est le rouge. La buse se raccorde \u00e0 un tuyau noir, ce qui plaira aux utilisateurs qui pr\u00e9f\u00e8rent une esth\u00e9tique simple.<\/p>\n\n\n\n<p><strong>Mod\u00e8le C<\/strong> int\u00e8gre un embl\u00e8me distinctif : un badge circulaire sur le th\u00e8me de la lutte contre les incendies sur le c\u00f4t\u00e9 du cylindre, avec des graphiques et des textes qui renforcent son attrait th\u00e9matique. Des accents bleus ornent le gicleur, faisant de ce mod\u00e8le un excellent support pour promouvoir la culture de la s\u00e9curit\u00e9 incendie.<\/p>\n<\/div>\n\n\n\n<div class=\"wp-block-column is-vertically-aligned-center is-layout-flow wp-block-column-is-layout-flow\">\n<figure class=\"wp-block-image size-full\"><img fetchpriority=\"high\" decoding=\"async\" width=\"800\" height=\"800\" src=\"https:\/\/www.yousanusb.com\/wp-content\/uploads\/2025\/10\/Fire-Extinguisher-shaped-USB-Flash-Drives.jpg\" alt=\"\" class=\"wp-image-21052\" srcset=\"https:\/\/www.yousanusb.com\/wp-content\/uploads\/2025\/10\/Fire-Extinguisher-shaped-USB-Flash-Drives.jpg 800w, https:\/\/www.yousanusb.com\/wp-content\/uploads\/2025\/10\/Fire-Extinguisher-shaped-USB-Flash-Drives-300x300.jpg 300w, https:\/\/www.yousanusb.com\/wp-content\/uploads\/2025\/10\/Fire-Extinguisher-shaped-USB-Flash-Drives-150x150.jpg 150w, https:\/\/www.yousanusb.com\/wp-content\/uploads\/2025\/10\/Fire-Extinguisher-shaped-USB-Flash-Drives-768x768.jpg 768w, https:\/\/www.yousanusb.com\/wp-content\/uploads\/2025\/10\/Fire-Extinguisher-shaped-USB-Flash-Drives-12x12.jpg 12w, https:\/\/www.yousanusb.com\/wp-content\/uploads\/2025\/10\/Fire-Extinguisher-shaped-USB-Flash-Drives-600x600.jpg 600w, https:\/\/www.yousanusb.com\/wp-content\/uploads\/2025\/10\/Fire-Extinguisher-shaped-USB-Flash-Drives-100x100.jpg 100w\" sizes=\"(max-width: 800px) 100vw, 800px\" \/><\/figure>\n<\/div>\n<\/div>\n\n\n\n<p>Ils sont tous fabriqu\u00e9s en caoutchouc PVC souple et durable, qui \u00e9pouse parfaitement la forme du cylindre incurv\u00e9 et du m\u00e9canisme de d\u00e9clenchement de l'extincteur, tout en offrant une excellente r\u00e9sistance aux chutes et aux rayures. En cas de choc contre des cl\u00e9s ou d'autres appareils num\u00e9riques utilis\u00e9s au quotidien, il prot\u00e8ge efficacement la puce de stockage interne.<\/p>\n\n\n\n<div class=\"wp-block-columns is-layout-flex wp-container-core-columns-is-layout-2 wp-block-columns-is-layout-flex\">\n<div class=\"wp-block-column is-layout-flow wp-block-column-is-layout-flow\"><div class=\"wp-block-image\">\n<figure class=\"aligncenter size-full\"><img decoding=\"async\" width=\"800\" height=\"800\" src=\"https:\/\/www.yousanusb.com\/wp-content\/uploads\/2025\/10\/Fire-Extinguisher-Shape-USB-Memory-Drive.jpg\" alt=\"\" class=\"wp-image-21051\" srcset=\"https:\/\/www.yousanusb.com\/wp-content\/uploads\/2025\/10\/Fire-Extinguisher-Shape-USB-Memory-Drive.jpg 800w, https:\/\/www.yousanusb.com\/wp-content\/uploads\/2025\/10\/Fire-Extinguisher-Shape-USB-Memory-Drive-300x300.jpg 300w, https:\/\/www.yousanusb.com\/wp-content\/uploads\/2025\/10\/Fire-Extinguisher-Shape-USB-Memory-Drive-150x150.jpg 150w, https:\/\/www.yousanusb.com\/wp-content\/uploads\/2025\/10\/Fire-Extinguisher-Shape-USB-Memory-Drive-768x768.jpg 768w, https:\/\/www.yousanusb.com\/wp-content\/uploads\/2025\/10\/Fire-Extinguisher-Shape-USB-Memory-Drive-12x12.jpg 12w, https:\/\/www.yousanusb.com\/wp-content\/uploads\/2025\/10\/Fire-Extinguisher-Shape-USB-Memory-Drive-600x600.jpg 600w, https:\/\/www.yousanusb.com\/wp-content\/uploads\/2025\/10\/Fire-Extinguisher-Shape-USB-Memory-Drive-100x100.jpg 100w\" sizes=\"(max-width: 800px) 100vw, 800px\" \/><figcaption class=\"wp-element-caption\">Extincteur mod\u00e8le C lecteur usb<\/figcaption><\/figure><\/div><\/div>\n\n\n\n<div class=\"wp-block-column is-layout-flow wp-block-column-is-layout-flow\"><div class=\"wp-block-image\">\n<figure class=\"aligncenter size-full\"><img decoding=\"async\" width=\"800\" height=\"800\" src=\"https:\/\/www.yousanusb.com\/wp-content\/uploads\/2025\/10\/soft-pvc-rubber-usb-drive-1.jpg\" alt=\"\" class=\"wp-image-21054\" srcset=\"https:\/\/www.yousanusb.com\/wp-content\/uploads\/2025\/10\/soft-pvc-rubber-usb-drive-1.jpg 800w, https:\/\/www.yousanusb.com\/wp-content\/uploads\/2025\/10\/soft-pvc-rubber-usb-drive-1-300x300.jpg 300w, https:\/\/www.yousanusb.com\/wp-content\/uploads\/2025\/10\/soft-pvc-rubber-usb-drive-1-150x150.jpg 150w, https:\/\/www.yousanusb.com\/wp-content\/uploads\/2025\/10\/soft-pvc-rubber-usb-drive-1-768x768.jpg 768w, https:\/\/www.yousanusb.com\/wp-content\/uploads\/2025\/10\/soft-pvc-rubber-usb-drive-1-12x12.jpg 12w, https:\/\/www.yousanusb.com\/wp-content\/uploads\/2025\/10\/soft-pvc-rubber-usb-drive-1-600x600.jpg 600w, https:\/\/www.yousanusb.com\/wp-content\/uploads\/2025\/10\/soft-pvc-rubber-usb-drive-1-100x100.jpg 100w\" sizes=\"(max-width: 800px) 100vw, 800px\" \/><figcaption class=\"wp-element-caption\">Extincteur mod\u00e8le C lecteur usb<\/figcaption><\/figure><\/div><\/div>\n\n\n\n<div class=\"wp-block-column is-layout-flow wp-block-column-is-layout-flow\"><div class=\"wp-block-image\">\n<figure class=\"aligncenter size-full\"><img loading=\"lazy\" decoding=\"async\" width=\"800\" height=\"800\" src=\"https:\/\/www.yousanusb.com\/wp-content\/uploads\/2025\/10\/custom-fire-extinguisher-usb-drive.jpg\" alt=\"\" class=\"wp-image-21050\" srcset=\"https:\/\/www.yousanusb.com\/wp-content\/uploads\/2025\/10\/custom-fire-extinguisher-usb-drive.jpg 800w, https:\/\/www.yousanusb.com\/wp-content\/uploads\/2025\/10\/custom-fire-extinguisher-usb-drive-300x300.jpg 300w, https:\/\/www.yousanusb.com\/wp-content\/uploads\/2025\/10\/custom-fire-extinguisher-usb-drive-150x150.jpg 150w, https:\/\/www.yousanusb.com\/wp-content\/uploads\/2025\/10\/custom-fire-extinguisher-usb-drive-768x768.jpg 768w, https:\/\/www.yousanusb.com\/wp-content\/uploads\/2025\/10\/custom-fire-extinguisher-usb-drive-12x12.jpg 12w, https:\/\/www.yousanusb.com\/wp-content\/uploads\/2025\/10\/custom-fire-extinguisher-usb-drive-600x600.jpg 600w, https:\/\/www.yousanusb.com\/wp-content\/uploads\/2025\/10\/custom-fire-extinguisher-usb-drive-100x100.jpg 100w\" sizes=\"(max-width: 800px) 100vw, 800px\" \/><figcaption class=\"wp-element-caption\">Extincteur mod\u00e8le C lecteur usb<\/figcaption><\/figure><\/div><\/div>\n<\/div>\n\n\n\n<div class=\"wp-block-columns is-layout-flex wp-container-core-columns-is-layout-3 wp-block-columns-is-layout-flex\">\n<div class=\"wp-block-column is-layout-flow wp-block-column-is-layout-flow\"><div class=\"wp-block-image\">\n<figure class=\"aligncenter size-full\"><img loading=\"lazy\" decoding=\"async\" width=\"800\" height=\"800\" src=\"https:\/\/www.yousanusb.com\/wp-content\/uploads\/2025\/10\/High-Quality-Pvc-Fire-Extinguisher-Shape-Usb-Flash-Drive.jpg\" alt=\"\" class=\"wp-image-21053\" srcset=\"https:\/\/www.yousanusb.com\/wp-content\/uploads\/2025\/10\/High-Quality-Pvc-Fire-Extinguisher-Shape-Usb-Flash-Drive.jpg 800w, https:\/\/www.yousanusb.com\/wp-content\/uploads\/2025\/10\/High-Quality-Pvc-Fire-Extinguisher-Shape-Usb-Flash-Drive-300x300.jpg 300w, https:\/\/www.yousanusb.com\/wp-content\/uploads\/2025\/10\/High-Quality-Pvc-Fire-Extinguisher-Shape-Usb-Flash-Drive-150x150.jpg 150w, https:\/\/www.yousanusb.com\/wp-content\/uploads\/2025\/10\/High-Quality-Pvc-Fire-Extinguisher-Shape-Usb-Flash-Drive-768x768.jpg 768w, https:\/\/www.yousanusb.com\/wp-content\/uploads\/2025\/10\/High-Quality-Pvc-Fire-Extinguisher-Shape-Usb-Flash-Drive-12x12.jpg 12w, https:\/\/www.yousanusb.com\/wp-content\/uploads\/2025\/10\/High-Quality-Pvc-Fire-Extinguisher-Shape-Usb-Flash-Drive-600x600.jpg 600w, https:\/\/www.yousanusb.com\/wp-content\/uploads\/2025\/10\/High-Quality-Pvc-Fire-Extinguisher-Shape-Usb-Flash-Drive-100x100.jpg 100w\" sizes=\"(max-width: 800px) 100vw, 800px\" \/><figcaption class=\"wp-element-caption\">Extincteur mod\u00e8le B lecteur usb<\/figcaption><\/figure><\/div><\/div>\n\n\n\n<div class=\"wp-block-column is-layout-flow wp-block-column-is-layout-flow\"><div class=\"wp-block-image\">\n<figure class=\"aligncenter size-full\"><img loading=\"lazy\" decoding=\"async\" width=\"800\" height=\"800\" src=\"https:\/\/www.yousanusb.com\/wp-content\/uploads\/2025\/10\/usb-2.0-Fire-Extinguisher-shaped-USB-Flash-Drive.jpg\" alt=\"\" class=\"wp-image-21055\" srcset=\"https:\/\/www.yousanusb.com\/wp-content\/uploads\/2025\/10\/usb-2.0-Fire-Extinguisher-shaped-USB-Flash-Drive.jpg 800w, https:\/\/www.yousanusb.com\/wp-content\/uploads\/2025\/10\/usb-2.0-Fire-Extinguisher-shaped-USB-Flash-Drive-300x300.jpg 300w, https:\/\/www.yousanusb.com\/wp-content\/uploads\/2025\/10\/usb-2.0-Fire-Extinguisher-shaped-USB-Flash-Drive-150x150.jpg 150w, https:\/\/www.yousanusb.com\/wp-content\/uploads\/2025\/10\/usb-2.0-Fire-Extinguisher-shaped-USB-Flash-Drive-768x768.jpg 768w, https:\/\/www.yousanusb.com\/wp-content\/uploads\/2025\/10\/usb-2.0-Fire-Extinguisher-shaped-USB-Flash-Drive-12x12.jpg 12w, https:\/\/www.yousanusb.com\/wp-content\/uploads\/2025\/10\/usb-2.0-Fire-Extinguisher-shaped-USB-Flash-Drive-600x600.jpg 600w, https:\/\/www.yousanusb.com\/wp-content\/uploads\/2025\/10\/usb-2.0-Fire-Extinguisher-shaped-USB-Flash-Drive-100x100.jpg 100w\" sizes=\"(max-width: 800px) 100vw, 800px\" \/><figcaption class=\"wp-element-caption\">Extincteur mod\u00e8le B lecteur usb<\/figcaption><\/figure><\/div><\/div>\n\n\n\n<div class=\"wp-block-column is-layout-flow wp-block-column-is-layout-flow\"><div class=\"wp-block-image\">\n<figure class=\"aligncenter size-full\"><img loading=\"lazy\" decoding=\"async\" width=\"800\" height=\"800\" src=\"https:\/\/www.yousanusb.com\/wp-content\/uploads\/2025\/10\/Wholesale-Firefighter-Usb-flash-drive.jpg\" alt=\"\" class=\"wp-image-21056\" srcset=\"https:\/\/www.yousanusb.com\/wp-content\/uploads\/2025\/10\/Wholesale-Firefighter-Usb-flash-drive.jpg 800w, https:\/\/www.yousanusb.com\/wp-content\/uploads\/2025\/10\/Wholesale-Firefighter-Usb-flash-drive-300x300.jpg 300w, https:\/\/www.yousanusb.com\/wp-content\/uploads\/2025\/10\/Wholesale-Firefighter-Usb-flash-drive-150x150.jpg 150w, https:\/\/www.yousanusb.com\/wp-content\/uploads\/2025\/10\/Wholesale-Firefighter-Usb-flash-drive-768x768.jpg 768w, https:\/\/www.yousanusb.com\/wp-content\/uploads\/2025\/10\/Wholesale-Firefighter-Usb-flash-drive-12x12.jpg 12w, https:\/\/www.yousanusb.com\/wp-content\/uploads\/2025\/10\/Wholesale-Firefighter-Usb-flash-drive-600x600.jpg 600w, https:\/\/www.yousanusb.com\/wp-content\/uploads\/2025\/10\/Wholesale-Firefighter-Usb-flash-drive-100x100.jpg 100w\" sizes=\"(max-width: 800px) 100vw, 800px\" \/><figcaption class=\"wp-element-caption\">Extincteur mod\u00e8le A lecteur usb<\/figcaption><\/figure><\/div><\/div>\n<\/div>","protected":false},"excerpt":{"rendered":"<ul>\n<li>Cl\u00e9 USB en PVC souple personnalis\u00e9e<\/li>\n<li>Logo OEM personnalis\u00e9<\/li>\n<li>Certificat CE\/FCC\/ROHS<\/li>\n<li>Emballage personnalis\u00e9<\/li>\n<li>MOQ:100pcs<\/li>\n<\/ul>","protected":false},"featured_media":21052,"comment_status":"open","ping_status":"closed","template":"","meta":{"_seopress_robots_primary_cat":"","_seopress_titles_title":"","_seopress_titles_desc":"","_seopress_robots_index":""},"class_list":["post-21047","product","type-product","status-publish","has-post-thumbnail","hentry","product_cat-custom-usb-drive"],"_links":{"self":[{"href":"https:\/\/www.yousanusb.com\/fr\/wp-json\/wp\/v2\/product\/21047"}],"collection":[{"href":"https:\/\/www.yousanusb.com\/fr\/wp-json\/wp\/v2\/product"}],"about":[{"href":"https:\/\/www.yousanusb.com\/fr\/wp-json\/wp\/v2\/types\/product"}],"replies":[{"embeddable":true,"href":"https:\/\/www.yousanusb.com\/fr\/wp-json\/wp\/v2\/comments?post=21047"}],"wp:featuredmedia":[{"embeddable":true,"href":"https:\/\/www.yousanusb.com\/fr\/wp-json\/wp\/v2\/media\/21052"}],"wp:attachment":[{"href":"https:\/\/www.yousanusb.com\/fr\/wp-json\/wp\/v2\/media?parent=21047"}],"curies":[{"name":"wp","href":"https:\/\/api.w.org\/{rel}","templated":true}]}}