{"id":21102,"date":"2025-10-18T13:57:49","date_gmt":"2025-10-18T13:57:49","guid":{"rendered":"https:\/\/www.yousanusb.com\/?post_type=product&#038;p=21102"},"modified":"2025-11-08T14:27:04","modified_gmt":"2025-11-08T14:27:04","slug":"luxury-gold-bar-usb-flash-drive","status":"publish","type":"product","link":"https:\/\/www.yousanusb.com\/fr\/produit\/luxury-gold-bar-usb-flash-drive\/","title":{"rendered":"Cl\u00e9 USB en m\u00e9tal avec bracelet en cuir"},"content":{"rendered":"<div class=\"wp-block-columns is-layout-flex wp-container-core-columns-is-layout-1 wp-block-columns-is-layout-flex\">\n<div class=\"wp-block-column is-vertically-aligned-center is-layout-flow wp-block-column-is-layout-flow\">\n<p>Cette cl\u00e9 USB pr\u00e9sente un design int\u00e9gr\u00e9 sans capuchon pour une plus grande commodit\u00e9. <\/p>\n\n\n\n<p>Il est livr\u00e9 avec une lani\u00e8re en cuir argent\u00e9 attach\u00e9e au corps principal par une boucle m\u00e9tallique, ce qui am\u00e9liore la portabilit\u00e9 en permettant de l'accrocher \u00e0 un sac, \u00e0 des cl\u00e9s ou \u00e0 d'autres objets, tout en optimisant le transport et la prise en main de l'appareil.<\/p>\n\n\n\n<p>Le corps principal est fabriqu\u00e9 en alliage avec une surface r\u00e9sistante aux rayures et \u00e0 l'usure, ce qui minimise l'usure cosm\u00e9tique lors de l'utilisation quotidienne et prolonge la durabilit\u00e9 et la dur\u00e9e de vie du produit.<\/p>\n<\/div>\n\n\n\n<div class=\"wp-block-column is-layout-flow wp-block-column-is-layout-flow\">\n<figure class=\"wp-block-image size-full\"><img fetchpriority=\"high\" decoding=\"async\" width=\"800\" height=\"820\" src=\"https:\/\/www.yousanusb.com\/wp-content\/uploads\/2025\/10\/metal-usb-flash-drive-manufacture.jpg\" alt=\"\" class=\"wp-image-23680\" srcset=\"https:\/\/www.yousanusb.com\/wp-content\/uploads\/2025\/10\/metal-usb-flash-drive-manufacture.jpg 800w, https:\/\/www.yousanusb.com\/wp-content\/uploads\/2025\/10\/metal-usb-flash-drive-manufacture-293x300.jpg 293w, https:\/\/www.yousanusb.com\/wp-content\/uploads\/2025\/10\/metal-usb-flash-drive-manufacture-768x787.jpg 768w, https:\/\/www.yousanusb.com\/wp-content\/uploads\/2025\/10\/metal-usb-flash-drive-manufacture-12x12.jpg 12w, https:\/\/www.yousanusb.com\/wp-content\/uploads\/2025\/10\/metal-usb-flash-drive-manufacture-600x615.jpg 600w\" sizes=\"(max-width: 800px) 100vw, 800px\" \/><\/figure>\n<\/div>\n<\/div>\n\n\n\n<div class=\"wp-block-columns is-layout-flex wp-container-core-columns-is-layout-2 wp-block-columns-is-layout-flex\">\n<div class=\"wp-block-column is-layout-flow wp-block-column-is-layout-flow\"><\/div>\n\n\n\n<div class=\"wp-block-column is-layout-flow wp-block-column-is-layout-flow\"><\/div>\n<\/div>\n\n\n\n<div class=\"wp-block-columns is-layout-flex wp-container-core-columns-is-layout-3 wp-block-columns-is-layout-flex\">\n<div class=\"wp-block-column is-layout-flow wp-block-column-is-layout-flow\">\n<figure class=\"wp-block-image size-full\"><img decoding=\"async\" width=\"800\" height=\"800\" src=\"https:\/\/www.yousanusb.com\/wp-content\/uploads\/2025\/10\/custom-metal-usb-flash-drive.jpg\" alt=\"\" class=\"wp-image-23678\" srcset=\"https:\/\/www.yousanusb.com\/wp-content\/uploads\/2025\/10\/custom-metal-usb-flash-drive.jpg 800w, https:\/\/www.yousanusb.com\/wp-content\/uploads\/2025\/10\/custom-metal-usb-flash-drive-300x300.jpg 300w, https:\/\/www.yousanusb.com\/wp-content\/uploads\/2025\/10\/custom-metal-usb-flash-drive-150x150.jpg 150w, https:\/\/www.yousanusb.com\/wp-content\/uploads\/2025\/10\/custom-metal-usb-flash-drive-768x768.jpg 768w, https:\/\/www.yousanusb.com\/wp-content\/uploads\/2025\/10\/custom-metal-usb-flash-drive-12x12.jpg 12w, https:\/\/www.yousanusb.com\/wp-content\/uploads\/2025\/10\/custom-metal-usb-flash-drive-600x600.jpg 600w, https:\/\/www.yousanusb.com\/wp-content\/uploads\/2025\/10\/custom-metal-usb-flash-drive-100x100.jpg 100w\" sizes=\"(max-width: 800px) 100vw, 800px\" \/><\/figure>\n<\/div>\n\n\n\n<div class=\"wp-block-column is-vertically-aligned-center is-layout-flow wp-block-column-is-layout-flow\">\n<p>Permet l'impression de logos personnalis\u00e9s pour un marquage exclusif, adapt\u00e9 aux cadeaux d'affaires, aux marchandises de marque et \u00e0 d'autres applications.<\/p>\n\n\n\n<p>Dot\u00e9e de sp\u00e9cifications professionnelles, cette cl\u00e9 USB offre des options d'interface USB 2.0 et USB 3.0 avec des capacit\u00e9s allant de 4 Go \u00e0 128 Go pour r\u00e9pondre \u00e0 divers besoins de stockage. Mesurant 37 mm x 16 mm x 4,5 mm, elle pr\u00e9sente un design compact. Compatible avec Windows 98\/Me\/2000\/XP\/Vista\/7\/8\/10, Mac OS 9.x et Linux 2.4 ou sup\u00e9rieur, elle prend en charge la fonctionnalit\u00e9 plug-and-play pour les t\u00e2ches de stockage de base telles que les transferts de fichiers bureautiques et les sauvegardes de donn\u00e9es.<\/p>\n<\/div>\n<\/div>\n\n\n\n<p><\/p>","protected":false},"excerpt":{"rendered":"<ul>\n<li>Mat\u00e9riau d'alliage<\/li>\n<li>Plug and Play<\/li>\n<li>Forte compatibilit\u00e9<\/li>\n<li>Transmission de la foudre<\/li>\n<li>MOQ:100pcs<\/li>\n<\/ul>","protected":false},"featured_media":23677,"comment_status":"open","ping_status":"closed","template":"","meta":{"_seopress_robots_primary_cat":"none","_seopress_titles_title":"","_seopress_titles_desc":"","_seopress_robots_index":""},"class_list":["post-21102","product","type-product","status-publish","has-post-thumbnail","hentry","product_cat-metal-usb-flash-drive","product_tag-buy-metal-leather-usb-flash-drive"],"_links":{"self":[{"href":"https:\/\/www.yousanusb.com\/fr\/wp-json\/wp\/v2\/product\/21102"}],"collection":[{"href":"https:\/\/www.yousanusb.com\/fr\/wp-json\/wp\/v2\/product"}],"about":[{"href":"https:\/\/www.yousanusb.com\/fr\/wp-json\/wp\/v2\/types\/product"}],"replies":[{"embeddable":true,"href":"https:\/\/www.yousanusb.com\/fr\/wp-json\/wp\/v2\/comments?post=21102"}],"wp:featuredmedia":[{"embeddable":true,"href":"https:\/\/www.yousanusb.com\/fr\/wp-json\/wp\/v2\/media\/23677"}],"wp:attachment":[{"href":"https:\/\/www.yousanusb.com\/fr\/wp-json\/wp\/v2\/media?parent=21102"}],"curies":[{"name":"wp","href":"https:\/\/api.w.org\/{rel}","templated":true}]}}