{"id":21168,"date":"2025-10-20T07:00:06","date_gmt":"2025-10-20T07:00:06","guid":{"rendered":"https:\/\/www.yousanusb.com\/?post_type=product&#038;p=21168"},"modified":"2025-10-21T03:36:22","modified_gmt":"2025-10-21T03:36:22","slug":"transparent-plastic-pen-usb-flash-drive","status":"publish","type":"product","link":"https:\/\/www.yousanusb.com\/fr\/produit\/transparent-plastic-pen-usb-flash-drive\/","title":{"rendered":"Stylo en plastique transparent Cl\u00e9 USB"},"content":{"rendered":"<p>Ce stylo USB transparent rompt avec les conceptions traditionnelles des stylos USB. Fabriqu\u00e9 en plastique technique PC hautement transparent, son corps offre une transmission exceptionnelle de la lumi\u00e8re, ce qui permet de voir clairement la puce USB interne et les composants m\u00e9caniques. <\/p>\n\n\n\n<div class=\"wp-block-columns is-layout-flex wp-container-core-columns-is-layout-1 wp-block-columns-is-layout-flex\">\n<div class=\"wp-block-column is-layout-flow wp-block-column-is-layout-flow\">\n<figure class=\"wp-block-image size-full\"><img fetchpriority=\"high\" decoding=\"async\" width=\"800\" height=\"800\" src=\"https:\/\/www.yousanusb.com\/wp-content\/uploads\/2025\/10\/Custom-Printed-Promotional-Trans-USB-Pen.jpg\" alt=\"Stylo \u00e0 bille Trans-USB personnalis\u00e9 et imprim\u00e9\" class=\"wp-image-21183\" srcset=\"https:\/\/www.yousanusb.com\/wp-content\/uploads\/2025\/10\/Custom-Printed-Promotional-Trans-USB-Pen.jpg 800w, https:\/\/www.yousanusb.com\/wp-content\/uploads\/2025\/10\/Custom-Printed-Promotional-Trans-USB-Pen-300x300.jpg 300w, https:\/\/www.yousanusb.com\/wp-content\/uploads\/2025\/10\/Custom-Printed-Promotional-Trans-USB-Pen-150x150.jpg 150w, https:\/\/www.yousanusb.com\/wp-content\/uploads\/2025\/10\/Custom-Printed-Promotional-Trans-USB-Pen-768x768.jpg 768w, https:\/\/www.yousanusb.com\/wp-content\/uploads\/2025\/10\/Custom-Printed-Promotional-Trans-USB-Pen-12x12.jpg 12w, https:\/\/www.yousanusb.com\/wp-content\/uploads\/2025\/10\/Custom-Printed-Promotional-Trans-USB-Pen-600x600.jpg 600w, https:\/\/www.yousanusb.com\/wp-content\/uploads\/2025\/10\/Custom-Printed-Promotional-Trans-USB-Pen-100x100.jpg 100w\" sizes=\"(max-width: 800px) 100vw, 800px\" \/><\/figure>\n<\/div>\n\n\n\n<div class=\"wp-block-column is-vertically-aligned-center is-layout-flow wp-block-column-is-layout-flow\">\n<p>Associ\u00e9 \u00e0 une forme de stylo \u00e9l\u00e9gante et minimaliste et \u00e0 des \u00e9l\u00e9ments transparents, il int\u00e8gre trois fonctions essentielles - stockage de fichiers \u00e0 grande vitesse, \u00e9criture fluide et guidage clair par pointeur laser - dans un corps enti\u00e8rement transparent. <\/p>\n\n\n\n<p><\/p>\n<\/div>\n<\/div>\n\n\n\n<p>Il ne se contente pas de mettre en valeur sa structure interne complexe, exsudant \u00e0 la fois la sophistication technologique et le flair du design. Il r\u00e9pond simultan\u00e9ment \u00e0 divers besoins en mati\u00e8re de travail de bureau, d'\u00e9tude et de pr\u00e9sentation, prouvant ainsi que les outils pratiques peuvent \u00e9galement \u00eatre esth\u00e9tiques et c\u00e9r\u00e9moniels.<\/p>\n\n\n\n<div class=\"wp-block-columns is-layout-flex wp-container-core-columns-is-layout-2 wp-block-columns-is-layout-flex\">\n<div class=\"wp-block-column is-layout-flow wp-block-column-is-layout-flow\">\n<figure class=\"wp-block-image size-full\"><img decoding=\"async\" width=\"800\" height=\"800\" src=\"https:\/\/www.yousanusb.com\/wp-content\/uploads\/2025\/10\/pen-flash-usb-1.jpg\" alt=\"\" class=\"wp-image-21184\" srcset=\"https:\/\/www.yousanusb.com\/wp-content\/uploads\/2025\/10\/pen-flash-usb-1.jpg 800w, https:\/\/www.yousanusb.com\/wp-content\/uploads\/2025\/10\/pen-flash-usb-1-300x300.jpg 300w, https:\/\/www.yousanusb.com\/wp-content\/uploads\/2025\/10\/pen-flash-usb-1-150x150.jpg 150w, https:\/\/www.yousanusb.com\/wp-content\/uploads\/2025\/10\/pen-flash-usb-1-768x768.jpg 768w, https:\/\/www.yousanusb.com\/wp-content\/uploads\/2025\/10\/pen-flash-usb-1-12x12.jpg 12w, https:\/\/www.yousanusb.com\/wp-content\/uploads\/2025\/10\/pen-flash-usb-1-600x600.jpg 600w, https:\/\/www.yousanusb.com\/wp-content\/uploads\/2025\/10\/pen-flash-usb-1-100x100.jpg 100w\" sizes=\"(max-width: 800px) 100vw, 800px\" \/><\/figure>\n<\/div>\n\n\n\n<div class=\"wp-block-column is-layout-flow wp-block-column-is-layout-flow\">\n<figure class=\"wp-block-image size-full\"><img decoding=\"async\" width=\"800\" height=\"800\" src=\"https:\/\/www.yousanusb.com\/wp-content\/uploads\/2025\/10\/custome-pen-usb-flash-1.jpg\" alt=\"\" class=\"wp-image-21182\" srcset=\"https:\/\/www.yousanusb.com\/wp-content\/uploads\/2025\/10\/custome-pen-usb-flash-1.jpg 800w, https:\/\/www.yousanusb.com\/wp-content\/uploads\/2025\/10\/custome-pen-usb-flash-1-300x300.jpg 300w, https:\/\/www.yousanusb.com\/wp-content\/uploads\/2025\/10\/custome-pen-usb-flash-1-150x150.jpg 150w, https:\/\/www.yousanusb.com\/wp-content\/uploads\/2025\/10\/custome-pen-usb-flash-1-768x768.jpg 768w, https:\/\/www.yousanusb.com\/wp-content\/uploads\/2025\/10\/custome-pen-usb-flash-1-12x12.jpg 12w, https:\/\/www.yousanusb.com\/wp-content\/uploads\/2025\/10\/custome-pen-usb-flash-1-600x600.jpg 600w, https:\/\/www.yousanusb.com\/wp-content\/uploads\/2025\/10\/custome-pen-usb-flash-1-100x100.jpg 100w\" sizes=\"(max-width: 800px) 100vw, 800px\" \/><\/figure>\n<\/div>\n\n\n\n<div class=\"wp-block-column is-layout-flow wp-block-column-is-layout-flow\">\n<figure class=\"wp-block-image size-full\"><img loading=\"lazy\" decoding=\"async\" width=\"800\" height=\"800\" src=\"https:\/\/www.yousanusb.com\/wp-content\/uploads\/2025\/10\/Corporate-Gift-Pen-Ballpoint-Usb-Flash-Drive.jpg\" alt=\"\" class=\"wp-image-21181\" srcset=\"https:\/\/www.yousanusb.com\/wp-content\/uploads\/2025\/10\/Corporate-Gift-Pen-Ballpoint-Usb-Flash-Drive.jpg 800w, https:\/\/www.yousanusb.com\/wp-content\/uploads\/2025\/10\/Corporate-Gift-Pen-Ballpoint-Usb-Flash-Drive-300x300.jpg 300w, https:\/\/www.yousanusb.com\/wp-content\/uploads\/2025\/10\/Corporate-Gift-Pen-Ballpoint-Usb-Flash-Drive-150x150.jpg 150w, https:\/\/www.yousanusb.com\/wp-content\/uploads\/2025\/10\/Corporate-Gift-Pen-Ballpoint-Usb-Flash-Drive-768x768.jpg 768w, https:\/\/www.yousanusb.com\/wp-content\/uploads\/2025\/10\/Corporate-Gift-Pen-Ballpoint-Usb-Flash-Drive-12x12.jpg 12w, https:\/\/www.yousanusb.com\/wp-content\/uploads\/2025\/10\/Corporate-Gift-Pen-Ballpoint-Usb-Flash-Drive-600x600.jpg 600w, https:\/\/www.yousanusb.com\/wp-content\/uploads\/2025\/10\/Corporate-Gift-Pen-Ballpoint-Usb-Flash-Drive-100x100.jpg 100w\" sizes=\"(max-width: 800px) 100vw, 800px\" \/><\/figure>\n<\/div>\n\n\n\n<div class=\"wp-block-column is-layout-flow wp-block-column-is-layout-flow\">\n<figure class=\"wp-block-image size-full\"><img loading=\"lazy\" decoding=\"async\" width=\"800\" height=\"800\" src=\"https:\/\/www.yousanusb.com\/wp-content\/uploads\/2025\/10\/ballpoint-pen-with-usb-flash-drive-1.jpg\" alt=\"\" class=\"wp-image-21180\" srcset=\"https:\/\/www.yousanusb.com\/wp-content\/uploads\/2025\/10\/ballpoint-pen-with-usb-flash-drive-1.jpg 800w, https:\/\/www.yousanusb.com\/wp-content\/uploads\/2025\/10\/ballpoint-pen-with-usb-flash-drive-1-300x300.jpg 300w, https:\/\/www.yousanusb.com\/wp-content\/uploads\/2025\/10\/ballpoint-pen-with-usb-flash-drive-1-150x150.jpg 150w, https:\/\/www.yousanusb.com\/wp-content\/uploads\/2025\/10\/ballpoint-pen-with-usb-flash-drive-1-768x768.jpg 768w, https:\/\/www.yousanusb.com\/wp-content\/uploads\/2025\/10\/ballpoint-pen-with-usb-flash-drive-1-12x12.jpg 12w, https:\/\/www.yousanusb.com\/wp-content\/uploads\/2025\/10\/ballpoint-pen-with-usb-flash-drive-1-600x600.jpg 600w, https:\/\/www.yousanusb.com\/wp-content\/uploads\/2025\/10\/ballpoint-pen-with-usb-flash-drive-1-100x100.jpg 100w\" sizes=\"(max-width: 800px) 100vw, 800px\" \/><\/figure>\n<\/div>\n<\/div>\n\n\n\n<p>\u00c9quip\u00e9 d'un module USB \u00e0 haut d\u00e9bit, il offre des capacit\u00e9s multiples allant de 16 \u00e0 128 Go, compatibles avec les syst\u00e8mes courants tels que Windows et Mac. Les documents bureautiques, les supports de cours et les images haute d\u00e9finition peuvent \u00eatre stock\u00e9s et transf\u00e9r\u00e9s instantan\u00e9ment gr\u00e2ce \u00e0 la fonctionnalit\u00e9 \"plug-and-play\".<\/p>\n\n\n\n<div class=\"wp-block-columns is-layout-flex wp-container-core-columns-is-layout-3 wp-block-columns-is-layout-flex\">\n<div class=\"wp-block-column is-layout-flow wp-block-column-is-layout-flow\">\n<figure class=\"wp-block-image size-full\"><img loading=\"lazy\" decoding=\"async\" width=\"800\" height=\"800\" src=\"https:\/\/www.yousanusb.com\/wp-content\/uploads\/2025\/10\/pen-with-usb-flash-drive.jpg\" alt=\"\" class=\"wp-image-21186\" srcset=\"https:\/\/www.yousanusb.com\/wp-content\/uploads\/2025\/10\/pen-with-usb-flash-drive.jpg 800w, https:\/\/www.yousanusb.com\/wp-content\/uploads\/2025\/10\/pen-with-usb-flash-drive-300x300.jpg 300w, https:\/\/www.yousanusb.com\/wp-content\/uploads\/2025\/10\/pen-with-usb-flash-drive-150x150.jpg 150w, https:\/\/www.yousanusb.com\/wp-content\/uploads\/2025\/10\/pen-with-usb-flash-drive-768x768.jpg 768w, https:\/\/www.yousanusb.com\/wp-content\/uploads\/2025\/10\/pen-with-usb-flash-drive-12x12.jpg 12w, https:\/\/www.yousanusb.com\/wp-content\/uploads\/2025\/10\/pen-with-usb-flash-drive-600x600.jpg 600w, https:\/\/www.yousanusb.com\/wp-content\/uploads\/2025\/10\/pen-with-usb-flash-drive-100x100.jpg 100w\" sizes=\"(max-width: 800px) 100vw, 800px\" \/><\/figure>\n<\/div>\n\n\n\n<div class=\"wp-block-column is-layout-flow wp-block-column-is-layout-flow\">\n<figure class=\"wp-block-image size-full\"><img loading=\"lazy\" decoding=\"async\" width=\"800\" height=\"800\" src=\"https:\/\/www.yousanusb.com\/wp-content\/uploads\/2025\/10\/USB-Flash-drive-Pen-Combo.jpg\" alt=\"\" class=\"wp-image-21187\" srcset=\"https:\/\/www.yousanusb.com\/wp-content\/uploads\/2025\/10\/USB-Flash-drive-Pen-Combo.jpg 800w, https:\/\/www.yousanusb.com\/wp-content\/uploads\/2025\/10\/USB-Flash-drive-Pen-Combo-300x300.jpg 300w, https:\/\/www.yousanusb.com\/wp-content\/uploads\/2025\/10\/USB-Flash-drive-Pen-Combo-150x150.jpg 150w, https:\/\/www.yousanusb.com\/wp-content\/uploads\/2025\/10\/USB-Flash-drive-Pen-Combo-768x768.jpg 768w, https:\/\/www.yousanusb.com\/wp-content\/uploads\/2025\/10\/USB-Flash-drive-Pen-Combo-12x12.jpg 12w, https:\/\/www.yousanusb.com\/wp-content\/uploads\/2025\/10\/USB-Flash-drive-Pen-Combo-600x600.jpg 600w, https:\/\/www.yousanusb.com\/wp-content\/uploads\/2025\/10\/USB-Flash-drive-Pen-Combo-100x100.jpg 100w\" sizes=\"(max-width: 800px) 100vw, 800px\" \/><\/figure>\n<\/div>\n<\/div>\n\n\n\n<p>Le corps du stylo contient une recharge \u00e0 bille de 0,5 mm de qualit\u00e9 sup\u00e9rieure pour une \u00e9criture fluide et r\u00e9guli\u00e8re avec une encre \u00e0 s\u00e9chage rapide et r\u00e9sistante aux salissures. La prise en charge du remplacement universel des recharges permet de prendre des notes et de surligner sans effort au quotidien. Le module laser haute d\u00e9finition mont\u00e9 sur le dessus \u00e9met un faisceau net d'une simple pression, id\u00e9al pour entourer les points cl\u00e9s lors des pr\u00e9sentations commerciales ou pour attirer l'attention dans les salles de classe. Il maintient une mise au point pr\u00e9cise m\u00eame dans les grands espaces, ce qui vous permet de dominer la pi\u00e8ce sans quitter votre si\u00e8ge.<\/p>","protected":false},"excerpt":{"rendered":"<ul>\n<li>Transparent<\/li>\n<li>Mati\u00e8re plastique<\/li>\n<li>Stylo Cl\u00e9 USB<\/li>\n<li>1GB-256GB<\/li>\n<li>Logo personnalis\u00e9<\/li>\n<\/ul>","protected":false},"featured_media":21183,"comment_status":"open","ping_status":"closed","template":"","meta":{"_seopress_robots_primary_cat":"","_seopress_titles_title":"Transparent Plastic Pen USB Flash Drive","_seopress_titles_desc":"","_seopress_robots_index":""},"class_list":["post-21168","product","type-product","status-publish","has-post-thumbnail","hentry","product_cat-usb-drive-pens","product_tag-usb-drive-with-ballpoint-pen"],"_links":{"self":[{"href":"https:\/\/www.yousanusb.com\/fr\/wp-json\/wp\/v2\/product\/21168"}],"collection":[{"href":"https:\/\/www.yousanusb.com\/fr\/wp-json\/wp\/v2\/product"}],"about":[{"href":"https:\/\/www.yousanusb.com\/fr\/wp-json\/wp\/v2\/types\/product"}],"replies":[{"embeddable":true,"href":"https:\/\/www.yousanusb.com\/fr\/wp-json\/wp\/v2\/comments?post=21168"}],"wp:featuredmedia":[{"embeddable":true,"href":"https:\/\/www.yousanusb.com\/fr\/wp-json\/wp\/v2\/media\/21183"}],"wp:attachment":[{"href":"https:\/\/www.yousanusb.com\/fr\/wp-json\/wp\/v2\/media?parent=21168"}],"curies":[{"name":"wp","href":"https:\/\/api.w.org\/{rel}","templated":true}]}}