{"id":21188,"date":"2025-10-20T07:16:50","date_gmt":"2025-10-20T07:16:50","guid":{"rendered":"https:\/\/www.yousanusb.com\/?post_type=product&#038;p=21188"},"modified":"2025-12-07T13:40:20","modified_gmt":"2025-12-07T13:40:20","slug":"cabbage-usb-flash-drive","status":"publish","type":"product","link":"https:\/\/www.yousanusb.com\/fr\/produit\/cabbage-usb-flash-drive\/","title":{"rendered":"Cl\u00e9 USB en forme de chou"},"content":{"rendered":"<div class=\"wp-block-columns is-layout-flex wp-container-core-columns-is-layout-1 wp-block-columns-is-layout-flex\">\n<div class=\"wp-block-column is-layout-flow wp-block-column-is-layout-flow\">\n<figure class=\"wp-block-image size-full\"><img fetchpriority=\"high\" decoding=\"async\" width=\"800\" height=\"800\" src=\"https:\/\/www.yousanusb.com\/wp-content\/uploads\/2025\/10\/Cabbage-Shaped-USB-Flash-Drive.jpg\" alt=\"\" class=\"wp-image-21191\" srcset=\"https:\/\/www.yousanusb.com\/wp-content\/uploads\/2025\/10\/Cabbage-Shaped-USB-Flash-Drive.jpg 800w, https:\/\/www.yousanusb.com\/wp-content\/uploads\/2025\/10\/Cabbage-Shaped-USB-Flash-Drive-300x300.jpg 300w, https:\/\/www.yousanusb.com\/wp-content\/uploads\/2025\/10\/Cabbage-Shaped-USB-Flash-Drive-150x150.jpg 150w, https:\/\/www.yousanusb.com\/wp-content\/uploads\/2025\/10\/Cabbage-Shaped-USB-Flash-Drive-768x768.jpg 768w, https:\/\/www.yousanusb.com\/wp-content\/uploads\/2025\/10\/Cabbage-Shaped-USB-Flash-Drive-12x12.jpg 12w, https:\/\/www.yousanusb.com\/wp-content\/uploads\/2025\/10\/Cabbage-Shaped-USB-Flash-Drive-600x600.jpg 600w, https:\/\/www.yousanusb.com\/wp-content\/uploads\/2025\/10\/Cabbage-Shaped-USB-Flash-Drive-100x100.jpg 100w\" sizes=\"(max-width: 800px) 100vw, 800px\" \/><\/figure>\n<\/div>\n\n\n\n<div class=\"wp-block-column is-vertically-aligned-center is-layout-flow wp-block-column-is-layout-flow\">\n<p>Cette cl\u00e9 USB en forme de chou est inspir\u00e9e d'un chou chinois frais et fabriqu\u00e9e en caoutchouc souple PVC. Elle a l'air si r\u00e9elle qu'on pourrait presque en prendre une bouch\u00e9e. Elle allie parfaitement le stockage num\u00e9rique \u00e0 la tendance rustique-chic.<\/p>\n\n\n\n<p>Ses applications polyvalentes sont infinies : <\/p>\n\n\n\n<ul class=\"wp-block-list\">\n<li>Au bureau, utilisez-le pour ranger les rapports et les propositions. Cet adorable \"chou\" ajoute une touche d'humour aux t\u00e2ches banales. <\/li>\n\n\n\n<li>Les \u00e9tudiants peuvent y stocker des supports de cours et des devoirs. Sa forme distinctive le rend imm\u00e9diatement reconnaissable parmi une pile de cl\u00e9s USB, ce qui permet d'\u00e9viter les confusions. <\/li>\n\n\n\n<li>En tant que cadeau cr\u00e9atif, il convient parfaitement aux \u00e9v\u00e9nements agricoles, aux boutiques \u00e0 th\u00e8me rustique ou comme cadeau pour des amis individualistes et amoureux de la nature. <br>Il conf\u00e8re au stockage des donn\u00e9es un charme champ\u00eatre rafra\u00eechissant, \u00e0 la fois pratique et ing\u00e9nieux.<\/li>\n<\/ul>\n<\/div>\n<\/div>\n\n\n\n<p>Cette cl\u00e9 USB en forme de chou se d\u00e9cline en quatre mod\u00e8les distincts, chacun capturant m\u00e9ticuleusement la texture fra\u00eeche et les d\u00e9tails naturels d'un chou, vous offrant ainsi un large \u00e9ventail de choix.<\/p>\n\n\n\n<div class=\"wp-block-columns is-layout-flex wp-container-core-columns-is-layout-4 wp-block-columns-is-layout-flex\">\n<div class=\"wp-block-column is-layout-flow wp-block-column-is-layout-flow\">\n<div class=\"wp-block-columns is-layout-flex wp-container-core-columns-is-layout-2 wp-block-columns-is-layout-flex\">\n<div class=\"wp-block-column is-layout-flow wp-block-column-is-layout-flow\">\n<figure class=\"wp-block-image size-full\"><img decoding=\"async\" width=\"800\" height=\"800\" src=\"https:\/\/www.yousanusb.com\/wp-content\/uploads\/2025\/10\/custom-cabbage-usb-flash-drive.jpg\" alt=\"\" class=\"wp-image-21194\" srcset=\"https:\/\/www.yousanusb.com\/wp-content\/uploads\/2025\/10\/custom-cabbage-usb-flash-drive.jpg 800w, https:\/\/www.yousanusb.com\/wp-content\/uploads\/2025\/10\/custom-cabbage-usb-flash-drive-300x300.jpg 300w, https:\/\/www.yousanusb.com\/wp-content\/uploads\/2025\/10\/custom-cabbage-usb-flash-drive-150x150.jpg 150w, https:\/\/www.yousanusb.com\/wp-content\/uploads\/2025\/10\/custom-cabbage-usb-flash-drive-768x768.jpg 768w, https:\/\/www.yousanusb.com\/wp-content\/uploads\/2025\/10\/custom-cabbage-usb-flash-drive-12x12.jpg 12w, https:\/\/www.yousanusb.com\/wp-content\/uploads\/2025\/10\/custom-cabbage-usb-flash-drive-600x600.jpg 600w, https:\/\/www.yousanusb.com\/wp-content\/uploads\/2025\/10\/custom-cabbage-usb-flash-drive-100x100.jpg 100w\" sizes=\"(max-width: 800px) 100vw, 800px\" \/><\/figure>\n<\/div>\n\n\n\n<div class=\"wp-block-column is-layout-flow wp-block-column-is-layout-flow\">\n<figure class=\"wp-block-image size-full\"><img decoding=\"async\" width=\"800\" height=\"800\" src=\"https:\/\/www.yousanusb.com\/wp-content\/uploads\/2025\/10\/cabbage-usb-flash-drive-factory.jpg\" alt=\"\" class=\"wp-image-21192\" srcset=\"https:\/\/www.yousanusb.com\/wp-content\/uploads\/2025\/10\/cabbage-usb-flash-drive-factory.jpg 800w, https:\/\/www.yousanusb.com\/wp-content\/uploads\/2025\/10\/cabbage-usb-flash-drive-factory-300x300.jpg 300w, https:\/\/www.yousanusb.com\/wp-content\/uploads\/2025\/10\/cabbage-usb-flash-drive-factory-150x150.jpg 150w, https:\/\/www.yousanusb.com\/wp-content\/uploads\/2025\/10\/cabbage-usb-flash-drive-factory-768x768.jpg 768w, https:\/\/www.yousanusb.com\/wp-content\/uploads\/2025\/10\/cabbage-usb-flash-drive-factory-12x12.jpg 12w, https:\/\/www.yousanusb.com\/wp-content\/uploads\/2025\/10\/cabbage-usb-flash-drive-factory-600x600.jpg 600w, https:\/\/www.yousanusb.com\/wp-content\/uploads\/2025\/10\/cabbage-usb-flash-drive-factory-100x100.jpg 100w\" sizes=\"(max-width: 800px) 100vw, 800px\" \/><\/figure>\n<\/div>\n<\/div>\n<\/div>\n\n\n\n<div class=\"wp-block-column is-layout-flow wp-block-column-is-layout-flow\">\n<div class=\"wp-block-columns is-layout-flex wp-container-core-columns-is-layout-3 wp-block-columns-is-layout-flex\">\n<div class=\"wp-block-column is-layout-flow wp-block-column-is-layout-flow\">\n<figure class=\"wp-block-image size-full\"><img loading=\"lazy\" decoding=\"async\" width=\"800\" height=\"800\" src=\"https:\/\/www.yousanusb.com\/wp-content\/uploads\/2025\/10\/china-cabbage-usb-drive.jpg\" alt=\"\" class=\"wp-image-21193\" srcset=\"https:\/\/www.yousanusb.com\/wp-content\/uploads\/2025\/10\/china-cabbage-usb-drive.jpg 800w, https:\/\/www.yousanusb.com\/wp-content\/uploads\/2025\/10\/china-cabbage-usb-drive-300x300.jpg 300w, https:\/\/www.yousanusb.com\/wp-content\/uploads\/2025\/10\/china-cabbage-usb-drive-150x150.jpg 150w, https:\/\/www.yousanusb.com\/wp-content\/uploads\/2025\/10\/china-cabbage-usb-drive-768x768.jpg 768w, https:\/\/www.yousanusb.com\/wp-content\/uploads\/2025\/10\/china-cabbage-usb-drive-12x12.jpg 12w, https:\/\/www.yousanusb.com\/wp-content\/uploads\/2025\/10\/china-cabbage-usb-drive-600x600.jpg 600w, https:\/\/www.yousanusb.com\/wp-content\/uploads\/2025\/10\/china-cabbage-usb-drive-100x100.jpg 100w\" sizes=\"(max-width: 800px) 100vw, 800px\" \/><\/figure>\n<\/div>\n\n\n\n<div class=\"wp-block-column is-layout-flow wp-block-column-is-layout-flow\">\n<figure class=\"wp-block-image size-full\"><img loading=\"lazy\" decoding=\"async\" width=\"800\" height=\"800\" src=\"https:\/\/www.yousanusb.com\/wp-content\/uploads\/2025\/10\/USB-cabbage-flash-drive.jpg\" alt=\"\" class=\"wp-image-21195\" srcset=\"https:\/\/www.yousanusb.com\/wp-content\/uploads\/2025\/10\/USB-cabbage-flash-drive.jpg 800w, https:\/\/www.yousanusb.com\/wp-content\/uploads\/2025\/10\/USB-cabbage-flash-drive-300x300.jpg 300w, https:\/\/www.yousanusb.com\/wp-content\/uploads\/2025\/10\/USB-cabbage-flash-drive-150x150.jpg 150w, https:\/\/www.yousanusb.com\/wp-content\/uploads\/2025\/10\/USB-cabbage-flash-drive-768x768.jpg 768w, https:\/\/www.yousanusb.com\/wp-content\/uploads\/2025\/10\/USB-cabbage-flash-drive-12x12.jpg 12w, https:\/\/www.yousanusb.com\/wp-content\/uploads\/2025\/10\/USB-cabbage-flash-drive-600x600.jpg 600w, https:\/\/www.yousanusb.com\/wp-content\/uploads\/2025\/10\/USB-cabbage-flash-drive-100x100.jpg 100w\" sizes=\"(max-width: 800px) 100vw, 800px\" \/><\/figure>\n<\/div>\n<\/div>\n<\/div>\n<\/div>","protected":false},"excerpt":{"rendered":"<ul>\n<li>USB 2.0<\/li>\n<li>Portable et facile \u00e0 utiliser<\/li>\n<li>Pr\u00eat \u00e0 l'emploi<\/li>\n<li>Prise en charge de Window 2000\/XP\/Vista, MAC OS et Linux<\/li>\n<li>MOQ:100pcs<\/li>\n<\/ul>","protected":false},"featured_media":21191,"comment_status":"open","ping_status":"closed","template":"","meta":{"_seopress_robots_primary_cat":"","_seopress_titles_title":"","_seopress_titles_desc":"","_seopress_robots_index":""},"class_list":["post-21188","product","type-product","status-publish","has-post-thumbnail","hentry","product_cat-custom-usb-drive","product_tag-vegetables-usb-flash-drive"],"_links":{"self":[{"href":"https:\/\/www.yousanusb.com\/fr\/wp-json\/wp\/v2\/product\/21188"}],"collection":[{"href":"https:\/\/www.yousanusb.com\/fr\/wp-json\/wp\/v2\/product"}],"about":[{"href":"https:\/\/www.yousanusb.com\/fr\/wp-json\/wp\/v2\/types\/product"}],"replies":[{"embeddable":true,"href":"https:\/\/www.yousanusb.com\/fr\/wp-json\/wp\/v2\/comments?post=21188"}],"wp:featuredmedia":[{"embeddable":true,"href":"https:\/\/www.yousanusb.com\/fr\/wp-json\/wp\/v2\/media\/21191"}],"wp:attachment":[{"href":"https:\/\/www.yousanusb.com\/fr\/wp-json\/wp\/v2\/media?parent=21188"}],"curies":[{"name":"wp","href":"https:\/\/api.w.org\/{rel}","templated":true}]}}