{"id":21259,"date":"2025-10-21T02:25:52","date_gmt":"2025-10-21T02:25:52","guid":{"rendered":"https:\/\/www.yousanusb.com\/?post_type=product&#038;p=21259"},"modified":"2025-10-21T02:40:37","modified_gmt":"2025-10-21T02:40:37","slug":"4-in-1-laser-stylus-usb-flash-drive","status":"publish","type":"product","link":"https:\/\/www.yousanusb.com\/fr\/produit\/4-in-1-laser-stylus-usb-flash-drive\/","title":{"rendered":"Cl\u00e9 USB \u00e0 stylet laser 4-en-1"},"content":{"rendered":"<p>Le stylo USB tactile laser 4-en-1 est une version am\u00e9lior\u00e9e du stylo USB laser, dot\u00e9 de quatre fonctions principales : tactile + pointeur laser + cl\u00e9 USB + stylo. Il ajoute la fonctionnalit\u00e9 du stylo tactile aux capacit\u00e9s du stylo USB laser.<\/p>\n\n\n\n<div class=\"wp-block-columns is-layout-flex wp-container-core-columns-is-layout-1 wp-block-columns-is-layout-flex\">\n<div class=\"wp-block-column is-layout-flow wp-block-column-is-layout-flow\">\n<figure class=\"wp-block-image size-full\"><img fetchpriority=\"high\" decoding=\"async\" width=\"800\" height=\"800\" src=\"https:\/\/www.yousanusb.com\/wp-content\/uploads\/2025\/10\/4-in-1-laser-touch-pen-USB-drive.webp\" alt=\"\" class=\"wp-image-21262\" srcset=\"https:\/\/www.yousanusb.com\/wp-content\/uploads\/2025\/10\/4-in-1-laser-touch-pen-USB-drive.webp 800w, https:\/\/www.yousanusb.com\/wp-content\/uploads\/2025\/10\/4-in-1-laser-touch-pen-USB-drive-300x300.webp 300w, https:\/\/www.yousanusb.com\/wp-content\/uploads\/2025\/10\/4-in-1-laser-touch-pen-USB-drive-150x150.webp 150w, https:\/\/www.yousanusb.com\/wp-content\/uploads\/2025\/10\/4-in-1-laser-touch-pen-USB-drive-768x768.webp 768w, https:\/\/www.yousanusb.com\/wp-content\/uploads\/2025\/10\/4-in-1-laser-touch-pen-USB-drive-12x12.webp 12w, https:\/\/www.yousanusb.com\/wp-content\/uploads\/2025\/10\/4-in-1-laser-touch-pen-USB-drive-600x600.webp 600w, https:\/\/www.yousanusb.com\/wp-content\/uploads\/2025\/10\/4-in-1-laser-touch-pen-USB-drive-100x100.webp 100w\" sizes=\"(max-width: 800px) 100vw, 800px\" \/><\/figure>\n<\/div>\n\n\n\n<div class=\"wp-block-column is-vertically-aligned-center is-layout-flow wp-block-column-is-layout-flow\">\n<p><strong>Stylo tactile :<\/strong> Le capuchon du stylo int\u00e8gre un stylo tactile compatible avec les smartphones, les tablettes et les ordinateurs. Son but premier est de remplacer ou de compl\u00e9ter les gestes des doigts, en permettant une utilisation plus pr\u00e9cise et plus pratique des appareils mobiles gr\u00e2ce \u00e0 l'interaction avec les \u00e9crans tactiles (principalement capacitifs, occasionnellement \u00e9lectromagn\u00e9tiques).<\/p>\n<\/div>\n<\/div>\n\n\n\n<p><\/p>\n\n\n\n<div class=\"wp-block-columns is-layout-flex wp-container-core-columns-is-layout-2 wp-block-columns-is-layout-flex\">\n<div class=\"wp-block-column is-layout-flow wp-block-column-is-layout-flow\">\n<figure class=\"wp-block-image size-full\"><img decoding=\"async\" width=\"800\" height=\"800\" src=\"https:\/\/www.yousanusb.com\/wp-content\/uploads\/2025\/10\/otg-pendrive-with-stylus-pen.webp\" alt=\"\" class=\"wp-image-21265\" srcset=\"https:\/\/www.yousanusb.com\/wp-content\/uploads\/2025\/10\/otg-pendrive-with-stylus-pen.webp 800w, https:\/\/www.yousanusb.com\/wp-content\/uploads\/2025\/10\/otg-pendrive-with-stylus-pen-300x300.webp 300w, https:\/\/www.yousanusb.com\/wp-content\/uploads\/2025\/10\/otg-pendrive-with-stylus-pen-150x150.webp 150w, https:\/\/www.yousanusb.com\/wp-content\/uploads\/2025\/10\/otg-pendrive-with-stylus-pen-768x768.webp 768w, https:\/\/www.yousanusb.com\/wp-content\/uploads\/2025\/10\/otg-pendrive-with-stylus-pen-12x12.webp 12w, https:\/\/www.yousanusb.com\/wp-content\/uploads\/2025\/10\/otg-pendrive-with-stylus-pen-600x600.webp 600w, https:\/\/www.yousanusb.com\/wp-content\/uploads\/2025\/10\/otg-pendrive-with-stylus-pen-100x100.webp 100w\" sizes=\"(max-width: 800px) 100vw, 800px\" \/><\/figure>\n<\/div>\n\n\n\n<div class=\"wp-block-column is-vertically-aligned-center is-layout-flow wp-block-column-is-layout-flow\">\n<p><strong>Cl\u00e9 USB : <\/strong>Comprend une puce USB int\u00e9gr\u00e9e pour le stockage des donn\u00e9es, fonctionnant comme une cl\u00e9 USB portable.<\/p>\n\n\n\n<p><strong>Pointeur laser : <\/strong>Emet un faisceau laser visible pour un pointage pr\u00e9cis, largement utilis\u00e9 dans les pr\u00e9sentations, l'enseignement et les sc\u00e9narios d'observation. Les mod\u00e8les plus puissants peuvent offrir des applications fonctionnelles sp\u00e9cialis\u00e9es.<\/p>\n<\/div>\n<\/div>\n\n\n\n<p><strong>Stylo Signature : <\/strong>Con\u00e7u pour l'\u00e9criture quotidienne, cet outil d'\u00e9criture portable est optimis\u00e9 pour la signature et la prise de notes. Son m\u00e9canisme \u00e0 bille garantit un d\u00e9bit d'encre r\u00e9gulier, ce qui permet d'\u00e9crire avec pr\u00e9cision sur le papier, les documents et les surfaces similaires.<\/p>\n\n\n\n<div class=\"wp-block-columns is-layout-flex wp-container-core-columns-is-layout-3 wp-block-columns-is-layout-flex\">\n<div class=\"wp-block-column is-layout-flow wp-block-column-is-layout-flow\">\n<figure class=\"wp-block-image size-full\"><img decoding=\"async\" width=\"800\" height=\"800\" src=\"https:\/\/www.yousanusb.com\/wp-content\/uploads\/2025\/10\/6-in-1-Multifunctional-Capacitive-Pen-with-Floodlight-And-Laser-Light-Blue.webp\" alt=\"\" class=\"wp-image-21263\" srcset=\"https:\/\/www.yousanusb.com\/wp-content\/uploads\/2025\/10\/6-in-1-Multifunctional-Capacitive-Pen-with-Floodlight-And-Laser-Light-Blue.webp 800w, https:\/\/www.yousanusb.com\/wp-content\/uploads\/2025\/10\/6-in-1-Multifunctional-Capacitive-Pen-with-Floodlight-And-Laser-Light-Blue-300x300.webp 300w, https:\/\/www.yousanusb.com\/wp-content\/uploads\/2025\/10\/6-in-1-Multifunctional-Capacitive-Pen-with-Floodlight-And-Laser-Light-Blue-150x150.webp 150w, https:\/\/www.yousanusb.com\/wp-content\/uploads\/2025\/10\/6-in-1-Multifunctional-Capacitive-Pen-with-Floodlight-And-Laser-Light-Blue-768x768.webp 768w, https:\/\/www.yousanusb.com\/wp-content\/uploads\/2025\/10\/6-in-1-Multifunctional-Capacitive-Pen-with-Floodlight-And-Laser-Light-Blue-12x12.webp 12w, https:\/\/www.yousanusb.com\/wp-content\/uploads\/2025\/10\/6-in-1-Multifunctional-Capacitive-Pen-with-Floodlight-And-Laser-Light-Blue-600x600.webp 600w, https:\/\/www.yousanusb.com\/wp-content\/uploads\/2025\/10\/6-in-1-Multifunctional-Capacitive-Pen-with-Floodlight-And-Laser-Light-Blue-100x100.webp 100w\" sizes=\"(max-width: 800px) 100vw, 800px\" \/><\/figure>\n<\/div>\n\n\n\n<div class=\"wp-block-column is-layout-flow wp-block-column-is-layout-flow\">\n<figure class=\"wp-block-image size-full\"><img loading=\"lazy\" decoding=\"async\" width=\"800\" height=\"800\" src=\"https:\/\/www.yousanusb.com\/wp-content\/uploads\/2025\/10\/PPT-page-turning-pen-USB-drive.webp\" alt=\"\" class=\"wp-image-21266\" srcset=\"https:\/\/www.yousanusb.com\/wp-content\/uploads\/2025\/10\/PPT-page-turning-pen-USB-drive.webp 800w, https:\/\/www.yousanusb.com\/wp-content\/uploads\/2025\/10\/PPT-page-turning-pen-USB-drive-300x300.webp 300w, https:\/\/www.yousanusb.com\/wp-content\/uploads\/2025\/10\/PPT-page-turning-pen-USB-drive-150x150.webp 150w, https:\/\/www.yousanusb.com\/wp-content\/uploads\/2025\/10\/PPT-page-turning-pen-USB-drive-768x768.webp 768w, https:\/\/www.yousanusb.com\/wp-content\/uploads\/2025\/10\/PPT-page-turning-pen-USB-drive-12x12.webp 12w, https:\/\/www.yousanusb.com\/wp-content\/uploads\/2025\/10\/PPT-page-turning-pen-USB-drive-600x600.webp 600w, https:\/\/www.yousanusb.com\/wp-content\/uploads\/2025\/10\/PPT-page-turning-pen-USB-drive-100x100.webp 100w\" sizes=\"(max-width: 800px) 100vw, 800px\" \/><\/figure>\n<\/div>\n<\/div>","protected":false},"excerpt":{"rendered":"<ul>\n<li>Le lecteur USB 4 en 1<\/li>\n<li>Stylo tactile<\/li>\n<li>Pointeur laser<\/li>\n<li>Stylo Signature<\/li>\n<li>Style de stylo et LOGO personnalis\u00e9<\/li>\n<\/ul>","protected":false},"featured_media":21262,"comment_status":"open","ping_status":"closed","template":"","meta":{"_seopress_robots_primary_cat":"","_seopress_titles_title":"4-in-1 Laser Stylus USB Flash Drive","_seopress_titles_desc":"The 4-in-1 Laser Touch USB Pen is an upgraded version of the laser USB pen, featuring four core functions: touch + laser pointer + USB drive + pen. It adds touch pen functionality to the capabilities of the laser USB pen.","_seopress_robots_index":""},"class_list":["post-21259","product","type-product","status-publish","has-post-thumbnail","hentry","product_cat-usb-drive-pens","product_tag-stylus-touch-screen-pen-shape-usb-flash-drive"],"_links":{"self":[{"href":"https:\/\/www.yousanusb.com\/fr\/wp-json\/wp\/v2\/product\/21259"}],"collection":[{"href":"https:\/\/www.yousanusb.com\/fr\/wp-json\/wp\/v2\/product"}],"about":[{"href":"https:\/\/www.yousanusb.com\/fr\/wp-json\/wp\/v2\/types\/product"}],"replies":[{"embeddable":true,"href":"https:\/\/www.yousanusb.com\/fr\/wp-json\/wp\/v2\/comments?post=21259"}],"wp:featuredmedia":[{"embeddable":true,"href":"https:\/\/www.yousanusb.com\/fr\/wp-json\/wp\/v2\/media\/21262"}],"wp:attachment":[{"href":"https:\/\/www.yousanusb.com\/fr\/wp-json\/wp\/v2\/media?parent=21259"}],"curies":[{"name":"wp","href":"https:\/\/api.w.org\/{rel}","templated":true}]}}