{"id":21267,"date":"2025-10-21T02:37:12","date_gmt":"2025-10-21T02:37:12","guid":{"rendered":"https:\/\/www.yousanusb.com\/?post_type=product&#038;p=21267"},"modified":"2025-10-21T02:40:31","modified_gmt":"2025-10-21T02:40:31","slug":"crystal-touch-usb-flash-drive-pen","status":"publish","type":"product","link":"https:\/\/www.yousanusb.com\/fr\/produit\/crystal-touch-usb-flash-drive-pen\/","title":{"rendered":"Stylo cl\u00e9 USB Crystal Touch"},"content":{"rendered":"<p>Le stylo USB Crystal Touch est un accessoire num\u00e9rique multifonctionnel int\u00e9grant la fonctionnalit\u00e9 d'un stylet, un stockage USB et un design d\u00e9coratif en cristal. Il est principalement utilis\u00e9 pour l'utilisation d'un \u00e9cran tactile et le stockage de donn\u00e9es :<\/p>\n\n\n\n<p><\/p>\n\n\n\n<div class=\"wp-block-columns is-layout-flex wp-container-core-columns-is-layout-1 wp-block-columns-is-layout-flex\">\n<div class=\"wp-block-column is-layout-flow wp-block-column-is-layout-flow\">\n<figure class=\"wp-block-image size-full\"><img fetchpriority=\"high\" decoding=\"async\" width=\"800\" height=\"800\" src=\"https:\/\/www.yousanusb.com\/wp-content\/uploads\/2025\/10\/3-in-1-Stylish-Crystal-Ballpoint-Pen-USB-Flash-Drive-Touch-Screen-Stylus.webp\" alt=\"\" class=\"wp-image-21270\" srcset=\"https:\/\/www.yousanusb.com\/wp-content\/uploads\/2025\/10\/3-in-1-Stylish-Crystal-Ballpoint-Pen-USB-Flash-Drive-Touch-Screen-Stylus.webp 800w, https:\/\/www.yousanusb.com\/wp-content\/uploads\/2025\/10\/3-in-1-Stylish-Crystal-Ballpoint-Pen-USB-Flash-Drive-Touch-Screen-Stylus-300x300.webp 300w, https:\/\/www.yousanusb.com\/wp-content\/uploads\/2025\/10\/3-in-1-Stylish-Crystal-Ballpoint-Pen-USB-Flash-Drive-Touch-Screen-Stylus-150x150.webp 150w, https:\/\/www.yousanusb.com\/wp-content\/uploads\/2025\/10\/3-in-1-Stylish-Crystal-Ballpoint-Pen-USB-Flash-Drive-Touch-Screen-Stylus-768x768.webp 768w, https:\/\/www.yousanusb.com\/wp-content\/uploads\/2025\/10\/3-in-1-Stylish-Crystal-Ballpoint-Pen-USB-Flash-Drive-Touch-Screen-Stylus-12x12.webp 12w, https:\/\/www.yousanusb.com\/wp-content\/uploads\/2025\/10\/3-in-1-Stylish-Crystal-Ballpoint-Pen-USB-Flash-Drive-Touch-Screen-Stylus-600x600.webp 600w, https:\/\/www.yousanusb.com\/wp-content\/uploads\/2025\/10\/3-in-1-Stylish-Crystal-Ballpoint-Pen-USB-Flash-Drive-Touch-Screen-Stylus-100x100.webp 100w\" sizes=\"(max-width: 800px) 100vw, 800px\" \/><\/figure>\n<\/div>\n\n\n\n<div class=\"wp-block-column is-vertically-aligned-center is-layout-flow wp-block-column-is-layout-flow\">\n<p>Stylet : G\u00e9n\u00e9ralement \u00e9quip\u00e9 d'une pointe de stylet capacitif (en silicone ou en m\u00e9tal), permettant un fonctionnement pr\u00e9cis sur les appareils \u00e0 \u00e9cran capacitif tels que les smartphones, les tablettes et les tablettes graphiques, rempla\u00e7ant les doigts pour \u00e9crire, dessiner ou cliquer. <\/p>\n\n\n\n<p>Certains mod\u00e8les haut de gamme prennent en charge la sensibilit\u00e9 \u00e0 la pression, ce qui permet de varier l'\u00e9paisseur du trait pour am\u00e9liorer l'expression cr\u00e9ative.<\/p>\n<\/div>\n<\/div>\n\n\n\n<p>Cl\u00e9 USB : Le module de m\u00e9moire flash USB int\u00e9gr\u00e9 offre des capacit\u00e9s allant de 4 Go \u00e0 256 Go. Il prend en charge la fonctionnalit\u00e9 \"plug-and-play\" et est compatible avec les principaux syst\u00e8mes d'exploitation, notamment Windows, Mac et Linux. Certains produits utilisent des interfaces USB 3.0, permettant d'atteindre des vitesses de transfert sup\u00e9rieures \u00e0 80 Mo\/s.<\/p>\n\n\n\n<div class=\"wp-block-columns is-layout-flex wp-container-core-columns-is-layout-2 wp-block-columns-is-layout-flex\">\n<div class=\"wp-block-column is-layout-flow wp-block-column-is-layout-flow\">\n<figure class=\"wp-block-image size-full\"><img decoding=\"async\" width=\"800\" height=\"800\" src=\"https:\/\/www.yousanusb.com\/wp-content\/uploads\/2025\/10\/Multi-Function-Pen-Shape-USB-Flash-Drive-with-Ballpoint-Pen-and-Touch-Point.webp\" alt=\"\" class=\"wp-image-21274\" srcset=\"https:\/\/www.yousanusb.com\/wp-content\/uploads\/2025\/10\/Multi-Function-Pen-Shape-USB-Flash-Drive-with-Ballpoint-Pen-and-Touch-Point.webp 800w, https:\/\/www.yousanusb.com\/wp-content\/uploads\/2025\/10\/Multi-Function-Pen-Shape-USB-Flash-Drive-with-Ballpoint-Pen-and-Touch-Point-300x300.webp 300w, https:\/\/www.yousanusb.com\/wp-content\/uploads\/2025\/10\/Multi-Function-Pen-Shape-USB-Flash-Drive-with-Ballpoint-Pen-and-Touch-Point-150x150.webp 150w, https:\/\/www.yousanusb.com\/wp-content\/uploads\/2025\/10\/Multi-Function-Pen-Shape-USB-Flash-Drive-with-Ballpoint-Pen-and-Touch-Point-768x768.webp 768w, https:\/\/www.yousanusb.com\/wp-content\/uploads\/2025\/10\/Multi-Function-Pen-Shape-USB-Flash-Drive-with-Ballpoint-Pen-and-Touch-Point-12x12.webp 12w, https:\/\/www.yousanusb.com\/wp-content\/uploads\/2025\/10\/Multi-Function-Pen-Shape-USB-Flash-Drive-with-Ballpoint-Pen-and-Touch-Point-600x600.webp 600w, https:\/\/www.yousanusb.com\/wp-content\/uploads\/2025\/10\/Multi-Function-Pen-Shape-USB-Flash-Drive-with-Ballpoint-Pen-and-Touch-Point-100x100.webp 100w\" sizes=\"(max-width: 800px) 100vw, 800px\" \/><\/figure>\n<\/div>\n\n\n\n<div class=\"wp-block-column is-layout-flow wp-block-column-is-layout-flow\">\n<figure class=\"wp-block-image size-full\"><img decoding=\"async\" width=\"800\" height=\"800\" src=\"https:\/\/www.yousanusb.com\/wp-content\/uploads\/2025\/10\/Multifunction-Crystal-Ballpoint-Pen-Drive.webp\" alt=\"\" class=\"wp-image-21273\" srcset=\"https:\/\/www.yousanusb.com\/wp-content\/uploads\/2025\/10\/Multifunction-Crystal-Ballpoint-Pen-Drive.webp 800w, https:\/\/www.yousanusb.com\/wp-content\/uploads\/2025\/10\/Multifunction-Crystal-Ballpoint-Pen-Drive-300x300.webp 300w, https:\/\/www.yousanusb.com\/wp-content\/uploads\/2025\/10\/Multifunction-Crystal-Ballpoint-Pen-Drive-150x150.webp 150w, https:\/\/www.yousanusb.com\/wp-content\/uploads\/2025\/10\/Multifunction-Crystal-Ballpoint-Pen-Drive-768x768.webp 768w, https:\/\/www.yousanusb.com\/wp-content\/uploads\/2025\/10\/Multifunction-Crystal-Ballpoint-Pen-Drive-12x12.webp 12w, https:\/\/www.yousanusb.com\/wp-content\/uploads\/2025\/10\/Multifunction-Crystal-Ballpoint-Pen-Drive-600x600.webp 600w, https:\/\/www.yousanusb.com\/wp-content\/uploads\/2025\/10\/Multifunction-Crystal-Ballpoint-Pen-Drive-100x100.webp 100w\" sizes=\"(max-width: 800px) 100vw, 800px\" \/><\/figure>\n<\/div>\n<\/div>\n\n\n\n<p>Cristal : les stylos \u00e0 \u00e9l\u00e9ments de cristal int\u00e8grent g\u00e9n\u00e9ralement des d\u00e9corations en cristal ou semblables \u00e0 du cristal. Les parties translucides du corps sont remplies de particules de cristal et associ\u00e9es \u00e0 une base m\u00e9tallique, alliant ainsi la mode \u00e0 la fonctionnalit\u00e9. Accents de cristal : Certains produits sont dot\u00e9s de capuchons ou d'agrafes orn\u00e9s de cristaux, ce qui renforce l'attrait visuel. Ils sont id\u00e9aux pour les cadeaux d'affaires ou la personnalisation.<\/p>\n\n\n\n<div class=\"wp-block-columns is-layout-flex wp-container-core-columns-is-layout-3 wp-block-columns-is-layout-flex\">\n<div class=\"wp-block-column is-layout-flow wp-block-column-is-layout-flow\">\n<figure class=\"wp-block-image size-full\"><img loading=\"lazy\" decoding=\"async\" width=\"800\" height=\"800\" src=\"https:\/\/www.yousanusb.com\/wp-content\/uploads\/2025\/10\/Crystal-Pen-Stylus-With-Pendrive.webp\" alt=\"\" class=\"wp-image-21271\" srcset=\"https:\/\/www.yousanusb.com\/wp-content\/uploads\/2025\/10\/Crystal-Pen-Stylus-With-Pendrive.webp 800w, https:\/\/www.yousanusb.com\/wp-content\/uploads\/2025\/10\/Crystal-Pen-Stylus-With-Pendrive-300x300.webp 300w, https:\/\/www.yousanusb.com\/wp-content\/uploads\/2025\/10\/Crystal-Pen-Stylus-With-Pendrive-150x150.webp 150w, https:\/\/www.yousanusb.com\/wp-content\/uploads\/2025\/10\/Crystal-Pen-Stylus-With-Pendrive-768x768.webp 768w, https:\/\/www.yousanusb.com\/wp-content\/uploads\/2025\/10\/Crystal-Pen-Stylus-With-Pendrive-12x12.webp 12w, https:\/\/www.yousanusb.com\/wp-content\/uploads\/2025\/10\/Crystal-Pen-Stylus-With-Pendrive-600x600.webp 600w, https:\/\/www.yousanusb.com\/wp-content\/uploads\/2025\/10\/Crystal-Pen-Stylus-With-Pendrive-100x100.webp 100w\" sizes=\"(max-width: 800px) 100vw, 800px\" \/><\/figure>\n<\/div>\n\n\n\n<div class=\"wp-block-column is-layout-flow wp-block-column-is-layout-flow\">\n<figure class=\"wp-block-image size-full is-resized\"><img loading=\"lazy\" decoding=\"async\" width=\"800\" height=\"800\" src=\"https:\/\/www.yousanusb.com\/wp-content\/uploads\/2025\/10\/ProductsForYou-3-in-1-Crystal-USB-Pen-with-Stylus.webp\" alt=\"\" class=\"wp-image-21275\" style=\"width:558px;height:auto\" srcset=\"https:\/\/www.yousanusb.com\/wp-content\/uploads\/2025\/10\/ProductsForYou-3-in-1-Crystal-USB-Pen-with-Stylus.webp 800w, https:\/\/www.yousanusb.com\/wp-content\/uploads\/2025\/10\/ProductsForYou-3-in-1-Crystal-USB-Pen-with-Stylus-300x300.webp 300w, https:\/\/www.yousanusb.com\/wp-content\/uploads\/2025\/10\/ProductsForYou-3-in-1-Crystal-USB-Pen-with-Stylus-150x150.webp 150w, https:\/\/www.yousanusb.com\/wp-content\/uploads\/2025\/10\/ProductsForYou-3-in-1-Crystal-USB-Pen-with-Stylus-768x768.webp 768w, https:\/\/www.yousanusb.com\/wp-content\/uploads\/2025\/10\/ProductsForYou-3-in-1-Crystal-USB-Pen-with-Stylus-12x12.webp 12w, https:\/\/www.yousanusb.com\/wp-content\/uploads\/2025\/10\/ProductsForYou-3-in-1-Crystal-USB-Pen-with-Stylus-600x600.webp 600w, https:\/\/www.yousanusb.com\/wp-content\/uploads\/2025\/10\/ProductsForYou-3-in-1-Crystal-USB-Pen-with-Stylus-100x100.webp 100w\" sizes=\"(max-width: 800px) 100vw, 800px\" \/><\/figure>\n<\/div>\n<\/div>\n\n\n\n<p><\/p>","protected":false},"excerpt":{"rendered":"<ul>\n<li>Design en cristal<\/li>\n<li>Stylo tactile<\/li>\n<li>Cl\u00e9 USB Stylo<\/li>\n<li>Plusieurs couleurs<\/li>\n<li>Logo personnalis\u00e9<\/li>\n<\/ul>","protected":false},"featured_media":21272,"comment_status":"open","ping_status":"closed","template":"","meta":{"_seopress_robots_primary_cat":"","_seopress_titles_title":"Crystal Touch USB Flash Drive Pen","_seopress_titles_desc":"Crystal Touch USB Pen is a multifunctional digital accessory integrating stylus functionality, USB storage, and crystal decorative design, primarily used for touchscreen operation and data storage:","_seopress_robots_index":""},"class_list":["post-21267","product","type-product","status-publish","has-post-thumbnail","hentry","product_cat-usb-drive-pens","product_tag-stylus-touch-screen-pen-shape-usb-flash-drive"],"_links":{"self":[{"href":"https:\/\/www.yousanusb.com\/fr\/wp-json\/wp\/v2\/product\/21267"}],"collection":[{"href":"https:\/\/www.yousanusb.com\/fr\/wp-json\/wp\/v2\/product"}],"about":[{"href":"https:\/\/www.yousanusb.com\/fr\/wp-json\/wp\/v2\/types\/product"}],"replies":[{"embeddable":true,"href":"https:\/\/www.yousanusb.com\/fr\/wp-json\/wp\/v2\/comments?post=21267"}],"wp:featuredmedia":[{"embeddable":true,"href":"https:\/\/www.yousanusb.com\/fr\/wp-json\/wp\/v2\/media\/21272"}],"wp:attachment":[{"href":"https:\/\/www.yousanusb.com\/fr\/wp-json\/wp\/v2\/media?parent=21267"}],"curies":[{"name":"wp","href":"https:\/\/api.w.org\/{rel}","templated":true}]}}