{"id":21342,"date":"2025-10-21T05:15:07","date_gmt":"2025-10-21T05:15:07","guid":{"rendered":"https:\/\/www.yousanusb.com\/?post_type=product&#038;p=21342"},"modified":"2025-10-21T05:18:23","modified_gmt":"2025-10-21T05:18:23","slug":"2-in-1-crystal-usb-flash-drive-pen","status":"publish","type":"product","link":"https:\/\/www.yousanusb.com\/fr\/produit\/2-in-1-crystal-usb-flash-drive-pen\/","title":{"rendered":"Stylo cl\u00e9 USB 2-en-1 en cristal"},"content":{"rendered":"<p>Le stylo USB 2-en-1 Crystal est une cl\u00e9 USB haut de gamme qui combine les fonctions d'\u00e9criture et de stockage USB. Fabriqu\u00e9 en cristal (ou dans un mat\u00e9riau similaire au cristal \u00e0 haute transparence) pour le corps du stylo, il allie l'aspect pratique \u00e0 l'esth\u00e9tique d\u00e9corative et digne d'un cadeau :<\/p>\n\n\n\n<div class=\"wp-block-columns is-layout-flex wp-container-core-columns-is-layout-1 wp-block-columns-is-layout-flex\">\n<div class=\"wp-block-column is-layout-flow wp-block-column-is-layout-flow\">\n<figure class=\"wp-block-image size-large\"><img fetchpriority=\"high\" decoding=\"async\" width=\"745\" height=\"1024\" src=\"https:\/\/www.yousanusb.com\/wp-content\/uploads\/2025\/10\/Custom-Crystal-Rhinestone-Pen-USB-Flash-Drives-1-745x1024.webp\" alt=\"\" class=\"wp-image-21348\" srcset=\"https:\/\/www.yousanusb.com\/wp-content\/uploads\/2025\/10\/Custom-Crystal-Rhinestone-Pen-USB-Flash-Drives-1-745x1024.webp 745w, https:\/\/www.yousanusb.com\/wp-content\/uploads\/2025\/10\/Custom-Crystal-Rhinestone-Pen-USB-Flash-Drives-1-218x300.webp 218w, https:\/\/www.yousanusb.com\/wp-content\/uploads\/2025\/10\/Custom-Crystal-Rhinestone-Pen-USB-Flash-Drives-1-768x1056.webp 768w, https:\/\/www.yousanusb.com\/wp-content\/uploads\/2025\/10\/Custom-Crystal-Rhinestone-Pen-USB-Flash-Drives-1-9x12.webp 9w, https:\/\/www.yousanusb.com\/wp-content\/uploads\/2025\/10\/Custom-Crystal-Rhinestone-Pen-USB-Flash-Drives-1-600x825.webp 600w, https:\/\/www.yousanusb.com\/wp-content\/uploads\/2025\/10\/Custom-Crystal-Rhinestone-Pen-USB-Flash-Drives-1.webp 800w\" sizes=\"(max-width: 745px) 100vw, 745px\" \/><\/figure>\n<\/div>\n\n\n\n<div class=\"wp-block-column is-vertically-aligned-center is-layout-flow wp-block-column-is-layout-flow\">\n<p>Le corps du cristal est taill\u00e9 et poli avec pr\u00e9cision. Certains mod\u00e8les int\u00e8grent des accents m\u00e9talliques (par exemple, des clips ou des capuchons plaqu\u00e9s or\/argent), cr\u00e9ant ainsi une combinaison de qualit\u00e9 sup\u00e9rieure \"clart\u00e9 du cristal + texture m\u00e9tallique\". <\/p>\n\n\n\n<p>Certains produits comportent des logos ou des motifs int\u00e9gr\u00e9s dans le cristal pour une meilleure reconnaissance.<\/p>\n<\/div>\n<\/div>\n\n\n\n<p><\/p>\n\n\n\n<p>1. Fonction d'\u00e9criture : \u00c9criture quotidienne pratique<\/p>\n\n\n\n<p>Le corps du stylo contient une recharge de stylo \u00e0 bille ou de stylo gel (g\u00e9n\u00e9ralement r\u00e9tractable ou \u00e0 rotation), compatible avec les cartouches de remplacement standard (par exemple, encre noire de 0,5 mm). Il permet une \u00e9criture fluide pour les t\u00e2ches bureautiques de base telles que la signature de documents ou la prise de notes, sans qu'il soit n\u00e9cessaire de transporter un autre instrument d'\u00e9criture.<\/p>\n\n\n\n<div class=\"wp-block-columns is-layout-flex wp-container-core-columns-is-layout-2 wp-block-columns-is-layout-flex\">\n<div class=\"wp-block-column is-layout-flow wp-block-column-is-layout-flow\">\n<figure class=\"wp-block-image size-full\"><img decoding=\"async\" width=\"800\" height=\"800\" src=\"https:\/\/www.yousanusb.com\/wp-content\/uploads\/2025\/10\/Diamond-Rhinestone-Ballpoint-Pen-USB-Flash-Drive.webp\" alt=\"\" class=\"wp-image-21349\" srcset=\"https:\/\/www.yousanusb.com\/wp-content\/uploads\/2025\/10\/Diamond-Rhinestone-Ballpoint-Pen-USB-Flash-Drive.webp 800w, https:\/\/www.yousanusb.com\/wp-content\/uploads\/2025\/10\/Diamond-Rhinestone-Ballpoint-Pen-USB-Flash-Drive-300x300.webp 300w, https:\/\/www.yousanusb.com\/wp-content\/uploads\/2025\/10\/Diamond-Rhinestone-Ballpoint-Pen-USB-Flash-Drive-150x150.webp 150w, https:\/\/www.yousanusb.com\/wp-content\/uploads\/2025\/10\/Diamond-Rhinestone-Ballpoint-Pen-USB-Flash-Drive-768x768.webp 768w, https:\/\/www.yousanusb.com\/wp-content\/uploads\/2025\/10\/Diamond-Rhinestone-Ballpoint-Pen-USB-Flash-Drive-12x12.webp 12w, https:\/\/www.yousanusb.com\/wp-content\/uploads\/2025\/10\/Diamond-Rhinestone-Ballpoint-Pen-USB-Flash-Drive-600x600.webp 600w, https:\/\/www.yousanusb.com\/wp-content\/uploads\/2025\/10\/Diamond-Rhinestone-Ballpoint-Pen-USB-Flash-Drive-100x100.webp 100w\" sizes=\"(max-width: 800px) 100vw, 800px\" \/><\/figure>\n<\/div>\n\n\n\n<div class=\"wp-block-column is-layout-flow wp-block-column-is-layout-flow\">\n<figure class=\"wp-block-image size-full\"><img decoding=\"async\" width=\"800\" height=\"800\" src=\"https:\/\/www.yousanusb.com\/wp-content\/uploads\/2025\/10\/ballpoint-pen-with-usb-flash-drive.webp\" alt=\"\" class=\"wp-image-21345\" srcset=\"https:\/\/www.yousanusb.com\/wp-content\/uploads\/2025\/10\/ballpoint-pen-with-usb-flash-drive.webp 800w, https:\/\/www.yousanusb.com\/wp-content\/uploads\/2025\/10\/ballpoint-pen-with-usb-flash-drive-300x300.webp 300w, https:\/\/www.yousanusb.com\/wp-content\/uploads\/2025\/10\/ballpoint-pen-with-usb-flash-drive-150x150.webp 150w, https:\/\/www.yousanusb.com\/wp-content\/uploads\/2025\/10\/ballpoint-pen-with-usb-flash-drive-768x768.webp 768w, https:\/\/www.yousanusb.com\/wp-content\/uploads\/2025\/10\/ballpoint-pen-with-usb-flash-drive-12x12.webp 12w, https:\/\/www.yousanusb.com\/wp-content\/uploads\/2025\/10\/ballpoint-pen-with-usb-flash-drive-600x600.webp 600w, https:\/\/www.yousanusb.com\/wp-content\/uploads\/2025\/10\/ballpoint-pen-with-usb-flash-drive-100x100.webp 100w\" sizes=\"(max-width: 800px) 100vw, 800px\" \/><\/figure>\n<\/div>\n<\/div>\n\n\n\n<p>2. Fonction de stockage USB : Transfert et stockage de donn\u00e9es<\/p>\n\n\n\n<p>Il est dot\u00e9 d'un port USB cach\u00e9 (g\u00e9n\u00e9ralement USB-A\/Type-C ou double port) avec une puce de m\u00e9moire flash int\u00e9gr\u00e9e. La capacit\u00e9 de stockage est g\u00e9n\u00e9ralement comprise entre 8 et 128 Go (les mod\u00e8les personnalis\u00e9s haut de gamme peuvent atteindre 256 Go). Prend en charge le stockage de documents, d'images, de vid\u00e9os et d'autres donn\u00e9es pour le transfert entre appareils. Compatible avec les principaux syst\u00e8mes, notamment Windows, macOS et Linux, elle remplace les cl\u00e9s USB traditionnelles.<\/p>\n\n\n\n<p><\/p>","protected":false},"excerpt":{"rendered":"<ul>\n<li>lecteur usb 2 en 1<\/li>\n<li>Cl\u00e9 USB en cristal<\/li>\n<li>Style de stylo<\/li>\n<li>Plusieurs couleurs<\/li>\n<li>MOQ:100PCS<\/li>\n<\/ul>","protected":false},"featured_media":21347,"comment_status":"open","ping_status":"closed","template":"","meta":{"_seopress_robots_primary_cat":"","_seopress_titles_title":"2-in-1 Crystal USB Flash Drive Pen","_seopress_titles_desc":"The 2-in-1 Crystal USB Pen is a premium USB drive that combines writing functionality with USB storage. Crafted from crystal (or high-transparency crystal-like material) for the pen body,","_seopress_robots_index":""},"class_list":["post-21342","product","type-product","status-publish","has-post-thumbnail","hentry","product_cat-usb-drive-pens","product_tag-usb-drive-with-ballpoint-pen"],"_links":{"self":[{"href":"https:\/\/www.yousanusb.com\/fr\/wp-json\/wp\/v2\/product\/21342"}],"collection":[{"href":"https:\/\/www.yousanusb.com\/fr\/wp-json\/wp\/v2\/product"}],"about":[{"href":"https:\/\/www.yousanusb.com\/fr\/wp-json\/wp\/v2\/types\/product"}],"replies":[{"embeddable":true,"href":"https:\/\/www.yousanusb.com\/fr\/wp-json\/wp\/v2\/comments?post=21342"}],"wp:featuredmedia":[{"embeddable":true,"href":"https:\/\/www.yousanusb.com\/fr\/wp-json\/wp\/v2\/media\/21347"}],"wp:attachment":[{"href":"https:\/\/www.yousanusb.com\/fr\/wp-json\/wp\/v2\/media?parent=21342"}],"curies":[{"name":"wp","href":"https:\/\/api.w.org\/{rel}","templated":true}]}}