{"id":21352,"date":"2025-10-21T05:28:04","date_gmt":"2025-10-21T05:28:04","guid":{"rendered":"https:\/\/www.yousanusb.com\/?post_type=product&#038;p=21352"},"modified":"2025-10-21T05:28:52","modified_gmt":"2025-10-21T05:28:52","slug":"metal-usb-drive-with-pen","status":"publish","type":"product","link":"https:\/\/www.yousanusb.com\/fr\/produit\/metal-usb-drive-with-pen\/","title":{"rendered":"Cl\u00e9 USB en m\u00e9tal avec stylo"},"content":{"rendered":"<p>Le stylo USB en m\u00e9tal est une cl\u00e9 USB portable fabriqu\u00e9e en m\u00e9tal, qui int\u00e8gre de mani\u00e8re transparente des fonctions d'\u00e9criture et de stockage de donn\u00e9es. Son corps principal est usin\u00e9 avec pr\u00e9cision dans le m\u00e9tal, ce qui le distingue des mod\u00e8les en plastique ou en cristal.<\/p>\n\n\n\n<p><\/p>\n\n\n\n<div class=\"wp-block-columns is-layout-flex wp-container-core-columns-is-layout-1 wp-block-columns-is-layout-flex\">\n<div class=\"wp-block-column is-layout-flow wp-block-column-is-layout-flow\">\n<figure class=\"wp-block-image size-full\"><img fetchpriority=\"high\" decoding=\"async\" width=\"800\" height=\"800\" src=\"https:\/\/www.yousanusb.com\/wp-content\/uploads\/2025\/10\/Metal-Pen-USB-Drive-factory.webp\" alt=\"\" class=\"wp-image-21357\" srcset=\"https:\/\/www.yousanusb.com\/wp-content\/uploads\/2025\/10\/Metal-Pen-USB-Drive-factory.webp 800w, https:\/\/www.yousanusb.com\/wp-content\/uploads\/2025\/10\/Metal-Pen-USB-Drive-factory-300x300.webp 300w, https:\/\/www.yousanusb.com\/wp-content\/uploads\/2025\/10\/Metal-Pen-USB-Drive-factory-150x150.webp 150w, https:\/\/www.yousanusb.com\/wp-content\/uploads\/2025\/10\/Metal-Pen-USB-Drive-factory-768x768.webp 768w, https:\/\/www.yousanusb.com\/wp-content\/uploads\/2025\/10\/Metal-Pen-USB-Drive-factory-12x12.webp 12w, https:\/\/www.yousanusb.com\/wp-content\/uploads\/2025\/10\/Metal-Pen-USB-Drive-factory-600x600.webp 600w, https:\/\/www.yousanusb.com\/wp-content\/uploads\/2025\/10\/Metal-Pen-USB-Drive-factory-100x100.webp 100w\" sizes=\"(max-width: 800px) 100vw, 800px\" \/><\/figure>\n<\/div>\n\n\n\n<div class=\"wp-block-column is-vertically-aligned-center is-layout-flow wp-block-column-is-layout-flow\">\n<p> Ses principaux avantages r\u00e9sident dans sa durabilit\u00e9 exceptionnelle et son aspect premium et sophistiqu\u00e9, alliant une utilit\u00e9 pratique \u00e0 un attrait esth\u00e9tique adapt\u00e9 au monde des affaires. Il s'agit donc d'un choix populaire pour les bureaux et les cadeaux d'entreprise.<\/p>\n<\/div>\n<\/div>\n\n\n\n<p>Par rapport aux cl\u00e9s USB standard en plastique ou en cristal, la cl\u00e9 USB en m\u00e9tal se distingue par l'am\u00e9lioration de son mat\u00e9riau : le corps du stylo (y compris les composants cl\u00e9s tels que le corps, le capuchon et le clip) utilise le m\u00e9tal comme mat\u00e9riau principal. Cette conception conserve la commodit\u00e9 de \"transporter simultan\u00e9ment un stylo et une cl\u00e9 USB\" tout en am\u00e9liorant la durabilit\u00e9 et l'attrait professionnel du produit gr\u00e2ce \u00e0 sa texture m\u00e9tallique. Il est particuli\u00e8rement bien adapt\u00e9 aux environnements professionnels o\u00f9 le sens de la \"qualit\u00e9\" est prioritaire.\u3001<\/p>\n\n\n\n<div class=\"wp-block-columns is-layout-flex wp-container-core-columns-is-layout-2 wp-block-columns-is-layout-flex\">\n<div class=\"wp-block-column is-layout-flow wp-block-column-is-layout-flow\">\n<figure class=\"wp-block-image size-full\"><img decoding=\"async\" width=\"800\" height=\"800\" src=\"https:\/\/www.yousanusb.com\/wp-content\/uploads\/2025\/10\/Metal-Pen-USB-Drive-supplier.webp\" alt=\"\" class=\"wp-image-21358\" srcset=\"https:\/\/www.yousanusb.com\/wp-content\/uploads\/2025\/10\/Metal-Pen-USB-Drive-supplier.webp 800w, https:\/\/www.yousanusb.com\/wp-content\/uploads\/2025\/10\/Metal-Pen-USB-Drive-supplier-300x300.webp 300w, https:\/\/www.yousanusb.com\/wp-content\/uploads\/2025\/10\/Metal-Pen-USB-Drive-supplier-150x150.webp 150w, https:\/\/www.yousanusb.com\/wp-content\/uploads\/2025\/10\/Metal-Pen-USB-Drive-supplier-768x768.webp 768w, https:\/\/www.yousanusb.com\/wp-content\/uploads\/2025\/10\/Metal-Pen-USB-Drive-supplier-12x12.webp 12w, https:\/\/www.yousanusb.com\/wp-content\/uploads\/2025\/10\/Metal-Pen-USB-Drive-supplier-600x600.webp 600w, https:\/\/www.yousanusb.com\/wp-content\/uploads\/2025\/10\/Metal-Pen-USB-Drive-supplier-100x100.webp 100w\" sizes=\"(max-width: 800px) 100vw, 800px\" \/><\/figure>\n<\/div>\n\n\n\n<div class=\"wp-block-column is-layout-flow wp-block-column-is-layout-flow\">\n<figure class=\"wp-block-image size-full\"><img decoding=\"async\" width=\"800\" height=\"800\" src=\"https:\/\/www.yousanusb.com\/wp-content\/uploads\/2025\/10\/Metal-Pen-USB-Drive.webp\" alt=\"\" class=\"wp-image-21355\" srcset=\"https:\/\/www.yousanusb.com\/wp-content\/uploads\/2025\/10\/Metal-Pen-USB-Drive.webp 800w, https:\/\/www.yousanusb.com\/wp-content\/uploads\/2025\/10\/Metal-Pen-USB-Drive-300x300.webp 300w, https:\/\/www.yousanusb.com\/wp-content\/uploads\/2025\/10\/Metal-Pen-USB-Drive-150x150.webp 150w, https:\/\/www.yousanusb.com\/wp-content\/uploads\/2025\/10\/Metal-Pen-USB-Drive-768x768.webp 768w, https:\/\/www.yousanusb.com\/wp-content\/uploads\/2025\/10\/Metal-Pen-USB-Drive-12x12.webp 12w, https:\/\/www.yousanusb.com\/wp-content\/uploads\/2025\/10\/Metal-Pen-USB-Drive-600x600.webp 600w, https:\/\/www.yousanusb.com\/wp-content\/uploads\/2025\/10\/Metal-Pen-USB-Drive-100x100.webp 100w\" sizes=\"(max-width: 800px) 100vw, 800px\" \/><\/figure>\n<\/div>\n<\/div>\n\n\n\n<p><\/p>","protected":false},"excerpt":{"rendered":"<ul>\n<li>Mat\u00e9riau m\u00e9tallique<\/li>\n<li>Style de stylo<\/li>\n<li>Cl\u00e9 USB<\/li>\n<li>Plusieurs couleurs<\/li>\n<li>Possibilit\u00e9 de personnaliser le logo<\/li>\n<li>MOQ:100PCS<\/li>\n<\/ul>","protected":false},"featured_media":21357,"comment_status":"open","ping_status":"closed","template":"","meta":{"_seopress_robots_primary_cat":"","_seopress_titles_title":"Metal USB Drive With Pen Manufacturer in China","_seopress_titles_desc":"The metal USB pen is a portable USB drive crafted from metal, seamlessly integrating writing functionality with data storage capabilities. Its main body is precision-machined from metal, distinguishing it from plastic or crystal alternatives.","_seopress_robots_index":""},"class_list":["post-21352","product","type-product","status-publish","has-post-thumbnail","hentry","product_cat-usb-drive-pens","product_tag-usb-drive-with-ballpoint-pen"],"_links":{"self":[{"href":"https:\/\/www.yousanusb.com\/fr\/wp-json\/wp\/v2\/product\/21352"}],"collection":[{"href":"https:\/\/www.yousanusb.com\/fr\/wp-json\/wp\/v2\/product"}],"about":[{"href":"https:\/\/www.yousanusb.com\/fr\/wp-json\/wp\/v2\/types\/product"}],"replies":[{"embeddable":true,"href":"https:\/\/www.yousanusb.com\/fr\/wp-json\/wp\/v2\/comments?post=21352"}],"wp:featuredmedia":[{"embeddable":true,"href":"https:\/\/www.yousanusb.com\/fr\/wp-json\/wp\/v2\/media\/21357"}],"wp:attachment":[{"href":"https:\/\/www.yousanusb.com\/fr\/wp-json\/wp\/v2\/media?parent=21352"}],"curies":[{"name":"wp","href":"https:\/\/api.w.org\/{rel}","templated":true}]}}