{"id":21387,"date":"2025-10-21T08:28:42","date_gmt":"2025-10-21T08:28:42","guid":{"rendered":"https:\/\/www.yousanusb.com\/?post_type=product&#038;p=21387"},"modified":"2025-10-22T03:53:05","modified_gmt":"2025-10-22T03:53:05","slug":"chameleon-pvc-keychain","status":"publish","type":"product","link":"https:\/\/www.yousanusb.com\/fr\/produit\/chameleon-pvc-keychain\/","title":{"rendered":"Porte-cl\u00e9s cam\u00e9l\u00e9on vert personnalis\u00e9"},"content":{"rendered":"<div class=\"wp-block-columns is-layout-flex wp-container-core-columns-is-layout-1 wp-block-columns-is-layout-flex\">\n<div class=\"wp-block-column is-layout-flow wp-block-column-is-layout-flow\">\n<figure class=\"wp-block-image size-full\"><img fetchpriority=\"high\" decoding=\"async\" width=\"800\" height=\"800\" src=\"https:\/\/www.yousanusb.com\/wp-content\/uploads\/2025\/10\/cartoon-Chameleon-keychain.webp\" alt=\"Porte-cl\u00e9s Cam\u00e9l\u00e9on\" class=\"wp-image-21586\" srcset=\"https:\/\/www.yousanusb.com\/wp-content\/uploads\/2025\/10\/cartoon-Chameleon-keychain.webp 800w, https:\/\/www.yousanusb.com\/wp-content\/uploads\/2025\/10\/cartoon-Chameleon-keychain-300x300.webp 300w, https:\/\/www.yousanusb.com\/wp-content\/uploads\/2025\/10\/cartoon-Chameleon-keychain-150x150.webp 150w, https:\/\/www.yousanusb.com\/wp-content\/uploads\/2025\/10\/cartoon-Chameleon-keychain-768x768.webp 768w, https:\/\/www.yousanusb.com\/wp-content\/uploads\/2025\/10\/cartoon-Chameleon-keychain-12x12.webp 12w, https:\/\/www.yousanusb.com\/wp-content\/uploads\/2025\/10\/cartoon-Chameleon-keychain-600x600.webp 600w, https:\/\/www.yousanusb.com\/wp-content\/uploads\/2025\/10\/cartoon-Chameleon-keychain-100x100.webp 100w\" sizes=\"(max-width: 800px) 100vw, 800px\" \/><\/figure>\n<\/div>\n\n\n\n<div class=\"wp-block-column is-vertically-aligned-center is-layout-flow wp-block-column-is-layout-flow\">\n<p>Ce porte-cl\u00e9s cam\u00e9l\u00e9on a pour sujet principal un cam\u00e9l\u00e9on \u00e0 l'allure enjou\u00e9e. D'un vert \u00e9clatant, il est perch\u00e9 sur une branche brune, comme s'il observait tranquillement le monde. Ses yeux ronds et exag\u00e9r\u00e9s sont dot\u00e9s de pupilles noires et blanches qui brillent de vie. <\/p>\n\n\n\n<p>Le fard \u00e0 joues rose orne ses joues, ajoutant une touche d'innocence. Des rayures orange et des points vert clair \u00e9parpill\u00e9s cr\u00e9ent une palette de couleurs riches et vivantes sur son dos. La queue recourb\u00e9e pointe vers le haut de fa\u00e7on ludique, mettant en valeur le design r\u00e9fl\u00e9chi dans chaque d\u00e9tail.<\/p>\n<\/div>\n<\/div>\n\n\n\n<div class=\"wp-block-columns is-layout-flex wp-container-core-columns-is-layout-2 wp-block-columns-is-layout-flex\">\n<div class=\"wp-block-column is-vertically-aligned-center is-layout-flow wp-block-column-is-layout-flow\">\n<p>Le caoutchouc souple en PVC pr\u00e9sente des couleurs riches et vibrantes qui r\u00e9sistent \u00e0 la d\u00e9coloration. Le porte-cl\u00e9s est fabriqu\u00e9 en alliage de zinc de haute duret\u00e9 avec un anneau amovible qui s'ouvre et se ferme en douceur. <\/p>\n\n\n\n<p>Associ\u00e9 \u00e0 une cha\u00eene en acier inoxydable d'environ 2 mm de diam\u00e8tre, il offre la bonne \u00e9paisseur et une durabilit\u00e9 exceptionnelle pour maintenir les cl\u00e9s et autres objets en toute s\u00e9curit\u00e9. Qu'il s'agisse d'un compagnon d\u00e9di\u00e9 \u00e0 vos cl\u00e9s ou d'un accessoire personnalis\u00e9 sur votre sac, ce porte-cl\u00e9s cam\u00e9l\u00e9on attire tous les regards.<\/p>\n<\/div>\n\n\n\n<div class=\"wp-block-column is-layout-flow wp-block-column-is-layout-flow\">\n<figure class=\"wp-block-image size-full\"><img decoding=\"async\" width=\"800\" height=\"800\" src=\"https:\/\/www.yousanusb.com\/wp-content\/uploads\/2025\/10\/Chameleon.jpg\" alt=\"\" class=\"wp-image-21391\" srcset=\"https:\/\/www.yousanusb.com\/wp-content\/uploads\/2025\/10\/Chameleon.jpg 800w, https:\/\/www.yousanusb.com\/wp-content\/uploads\/2025\/10\/Chameleon-300x300.jpg 300w, https:\/\/www.yousanusb.com\/wp-content\/uploads\/2025\/10\/Chameleon-150x150.jpg 150w, https:\/\/www.yousanusb.com\/wp-content\/uploads\/2025\/10\/Chameleon-768x768.jpg 768w, https:\/\/www.yousanusb.com\/wp-content\/uploads\/2025\/10\/Chameleon-12x12.jpg 12w, https:\/\/www.yousanusb.com\/wp-content\/uploads\/2025\/10\/Chameleon-600x600.jpg 600w, https:\/\/www.yousanusb.com\/wp-content\/uploads\/2025\/10\/Chameleon-100x100.jpg 100w\" sizes=\"(max-width: 800px) 100vw, 800px\" \/><\/figure>\n<\/div>\n<\/div>\n\n\n\n<p><\/p>","protected":false},"excerpt":{"rendered":"<ul>\n<li>Porte-cl\u00e9s PVC personnalis\u00e9s de haute qualit\u00e9<\/li>\n<li>Toute taille, sur mesure<\/li>\n<li>M\u00e9thode d'impression par injection de PVC<\/li>\n<li>Emballage individuel en sac OPP<\/li>\n<li>MOQ:100pcs<\/li>\n<\/ul>","protected":false},"featured_media":21391,"comment_status":"open","ping_status":"closed","template":"","meta":{"_seopress_robots_primary_cat":"","_seopress_titles_title":"Custom Green Chameleon keychain","_seopress_titles_desc":"This chameleon keychain features a playful-looking chameleon as its main subject. Dominated by a vibrant green hue, it perches on a brown branch as if leisurely observing the world.","_seopress_robots_index":""},"class_list":["post-21387","product","type-product","status-publish","has-post-thumbnail","hentry","product_cat-3d-rubber-key-chain"],"_links":{"self":[{"href":"https:\/\/www.yousanusb.com\/fr\/wp-json\/wp\/v2\/product\/21387"}],"collection":[{"href":"https:\/\/www.yousanusb.com\/fr\/wp-json\/wp\/v2\/product"}],"about":[{"href":"https:\/\/www.yousanusb.com\/fr\/wp-json\/wp\/v2\/types\/product"}],"replies":[{"embeddable":true,"href":"https:\/\/www.yousanusb.com\/fr\/wp-json\/wp\/v2\/comments?post=21387"}],"wp:featuredmedia":[{"embeddable":true,"href":"https:\/\/www.yousanusb.com\/fr\/wp-json\/wp\/v2\/media\/21391"}],"wp:attachment":[{"href":"https:\/\/www.yousanusb.com\/fr\/wp-json\/wp\/v2\/media?parent=21387"}],"curies":[{"name":"wp","href":"https:\/\/api.w.org\/{rel}","templated":true}]}}