{"id":21552,"date":"2025-10-21T10:08:14","date_gmt":"2025-10-21T10:08:14","guid":{"rendered":"https:\/\/www.yousanusb.com\/?post_type=product&#038;p=21552"},"modified":"2025-10-22T03:54:46","modified_gmt":"2025-10-22T03:54:46","slug":"yellow-duck-pvc-keychain","status":"publish","type":"product","link":"https:\/\/www.yousanusb.com\/fr\/produit\/yellow-duck-pvc-keychain\/","title":{"rendered":"Porte-cl\u00e9s canard jaune personnalis\u00e9"},"content":{"rendered":"<p>Ce petit porte-cl\u00e9s canard jaune a un corps d'un jaune \u00e9clatant et une forme ronde et adorable. Son bec rouge orang\u00e9 et ses pattes palm\u00e9es ajoutent une touche de couleur joyeuse, tandis que ses yeux vifs semblent remplis d'innocence. Avec ses ailes l\u00e9g\u00e8rement d\u00e9ploy\u00e9es, il semble vous faire joyeusement signe.<\/p>\n\n\n\n<p>Le mat\u00e9riau en caoutchouc souple PVC est flexible et facile \u00e0 mouler, tout en \u00e9tant tr\u00e8s r\u00e9sistant \u00e0 la d\u00e9coloration. Il suffit de l'essuyer avec un chiffon humide pour le nettoyer. Le mat\u00e9riel comprend un anneau de cl\u00e9 en alliage de zinc tr\u00e8s r\u00e9sistant (avec un clip d\u00e9tachable pour une utilisation facile) et une cha\u00eene en acier inoxydable (mod\u00e9r\u00e9ment \u00e9paisse avec une excellente flexibilit\u00e9), garantissant \u00e0 la fois un stockage s\u00fbr des cl\u00e9s et une durabilit\u00e9 \u00e0 long terme.<\/p>\n\n\n\n<div class=\"wp-block-columns is-layout-flex wp-container-core-columns-is-layout-1 wp-block-columns-is-layout-flex\">\n<div class=\"wp-block-column is-layout-flow wp-block-column-is-layout-flow\">\n<figure class=\"wp-block-image size-full\"><img fetchpriority=\"high\" decoding=\"async\" width=\"800\" height=\"800\" src=\"https:\/\/www.yousanusb.com\/wp-content\/uploads\/2025\/10\/Duckling.jpg\" alt=\"\" class=\"wp-image-21556\" srcset=\"https:\/\/www.yousanusb.com\/wp-content\/uploads\/2025\/10\/Duckling.jpg 800w, https:\/\/www.yousanusb.com\/wp-content\/uploads\/2025\/10\/Duckling-300x300.jpg 300w, https:\/\/www.yousanusb.com\/wp-content\/uploads\/2025\/10\/Duckling-150x150.jpg 150w, https:\/\/www.yousanusb.com\/wp-content\/uploads\/2025\/10\/Duckling-768x768.jpg 768w, https:\/\/www.yousanusb.com\/wp-content\/uploads\/2025\/10\/Duckling-12x12.jpg 12w, https:\/\/www.yousanusb.com\/wp-content\/uploads\/2025\/10\/Duckling-600x600.jpg 600w, https:\/\/www.yousanusb.com\/wp-content\/uploads\/2025\/10\/Duckling-100x100.jpg 100w\" sizes=\"(max-width: 800px) 100vw, 800px\" \/><\/figure>\n<\/div>\n\n\n\n<div class=\"wp-block-column is-layout-flow wp-block-column-is-layout-flow\">\n<figure class=\"wp-block-image size-full\"><img decoding=\"async\" width=\"1920\" height=\"1920\" src=\"https:\/\/www.yousanusb.com\/wp-content\/uploads\/2025\/10\/duckling-keychain-1.jpg\" alt=\"\" class=\"wp-image-21587\" srcset=\"https:\/\/www.yousanusb.com\/wp-content\/uploads\/2025\/10\/duckling-keychain-1.jpg 1920w, https:\/\/www.yousanusb.com\/wp-content\/uploads\/2025\/10\/duckling-keychain-1-300x300.jpg 300w, https:\/\/www.yousanusb.com\/wp-content\/uploads\/2025\/10\/duckling-keychain-1-1024x1024.jpg 1024w, https:\/\/www.yousanusb.com\/wp-content\/uploads\/2025\/10\/duckling-keychain-1-150x150.jpg 150w, https:\/\/www.yousanusb.com\/wp-content\/uploads\/2025\/10\/duckling-keychain-1-768x768.jpg 768w, https:\/\/www.yousanusb.com\/wp-content\/uploads\/2025\/10\/duckling-keychain-1-1536x1536.jpg 1536w, https:\/\/www.yousanusb.com\/wp-content\/uploads\/2025\/10\/duckling-keychain-1-12x12.jpg 12w, https:\/\/www.yousanusb.com\/wp-content\/uploads\/2025\/10\/duckling-keychain-1-600x600.jpg 600w, https:\/\/www.yousanusb.com\/wp-content\/uploads\/2025\/10\/duckling-keychain-1-100x100.jpg 100w\" sizes=\"(max-width: 1920px) 100vw, 1920px\" \/><\/figure>\n<\/div>\n<\/div>\n\n\n\n<p><\/p>","protected":false},"excerpt":{"rendered":"<ul>\n<li>Porte-cl\u00e9s PVC personnalis\u00e9s de haute qualit\u00e9<\/li>\n<li>PVC souple caoutchout\u00e9<\/li>\n<li>Toute taille, sur mesure<\/li>\n<li>Emballage individuel en sac OPP<\/li>\n<li>MOQ:100pcs<\/li>\n<\/ul>","protected":false},"featured_media":21556,"comment_status":"open","ping_status":"closed","template":"","meta":{"_seopress_robots_primary_cat":"","_seopress_titles_title":"","_seopress_titles_desc":"","_seopress_robots_index":""},"class_list":["post-21552","product","type-product","status-publish","has-post-thumbnail","hentry","product_cat-3d-rubber-key-chain"],"_links":{"self":[{"href":"https:\/\/www.yousanusb.com\/fr\/wp-json\/wp\/v2\/product\/21552"}],"collection":[{"href":"https:\/\/www.yousanusb.com\/fr\/wp-json\/wp\/v2\/product"}],"about":[{"href":"https:\/\/www.yousanusb.com\/fr\/wp-json\/wp\/v2\/types\/product"}],"replies":[{"embeddable":true,"href":"https:\/\/www.yousanusb.com\/fr\/wp-json\/wp\/v2\/comments?post=21552"}],"wp:featuredmedia":[{"embeddable":true,"href":"https:\/\/www.yousanusb.com\/fr\/wp-json\/wp\/v2\/media\/21556"}],"wp:attachment":[{"href":"https:\/\/www.yousanusb.com\/fr\/wp-json\/wp\/v2\/media?parent=21552"}],"curies":[{"name":"wp","href":"https:\/\/api.w.org\/{rel}","templated":true}]}}