{"id":22066,"date":"2025-10-22T06:52:59","date_gmt":"2025-10-22T06:52:59","guid":{"rendered":"https:\/\/www.yousanusb.com\/?post_type=product&#038;p=22066"},"modified":"2025-10-22T12:36:26","modified_gmt":"2025-10-22T12:36:26","slug":"hedgehog-pvc-keychain","status":"publish","type":"product","link":"https:\/\/www.yousanusb.com\/fr\/produit\/hedgehog-pvc-keychain\/","title":{"rendered":"Porte-cl\u00e9s PVC h\u00e9risson"},"content":{"rendered":"<p>Ce porte-cl\u00e9s h\u00e9risson est disponible en deux mod\u00e8les : l'un repr\u00e9sente un h\u00e9risson brun avec un nez rose, des yeux ronds, des joues roses et des piquants \u00e0 la texture vibrante ; l'autre repr\u00e9sente un h\u00e9risson gris violet orn\u00e9 de baies rouge-orange entre ses \u00e9pines, sa pose adorable rayonnant d'une pure gentillesse. <\/p>\n\n\n\n<div class=\"wp-block-columns is-layout-flex wp-container-core-columns-is-layout-1 wp-block-columns-is-layout-flex\">\n<div class=\"wp-block-column is-layout-flow wp-block-column-is-layout-flow\"><div class=\"wp-block-image\">\n<figure class=\"aligncenter size-full\"><img fetchpriority=\"high\" decoding=\"async\" width=\"800\" height=\"800\" src=\"https:\/\/www.yousanusb.com\/wp-content\/uploads\/2025\/10\/Hedgehog-PVC-keychain.jpg\" alt=\"\" class=\"wp-image-22070\" srcset=\"https:\/\/www.yousanusb.com\/wp-content\/uploads\/2025\/10\/Hedgehog-PVC-keychain.jpg 800w, https:\/\/www.yousanusb.com\/wp-content\/uploads\/2025\/10\/Hedgehog-PVC-keychain-300x300.jpg 300w, https:\/\/www.yousanusb.com\/wp-content\/uploads\/2025\/10\/Hedgehog-PVC-keychain-150x150.jpg 150w, https:\/\/www.yousanusb.com\/wp-content\/uploads\/2025\/10\/Hedgehog-PVC-keychain-768x768.jpg 768w, https:\/\/www.yousanusb.com\/wp-content\/uploads\/2025\/10\/Hedgehog-PVC-keychain-12x12.jpg 12w, https:\/\/www.yousanusb.com\/wp-content\/uploads\/2025\/10\/Hedgehog-PVC-keychain-600x600.jpg 600w, https:\/\/www.yousanusb.com\/wp-content\/uploads\/2025\/10\/Hedgehog-PVC-keychain-100x100.jpg 100w\" sizes=\"(max-width: 800px) 100vw, 800px\" \/><figcaption class=\"wp-element-caption\">porte-cl\u00e9s h\u00e9risson marron avec nez rose<\/figcaption><\/figure><\/div><\/div>\n\n\n\n<div class=\"wp-block-column is-vertically-aligned-center is-layout-flow wp-block-column-is-layout-flow\">\n<p>Fabriqu\u00e9 en PVC souple de premi\u00e8re qualit\u00e9, il offre une texture lisse et une construction durable et r\u00e9sistante \u00e0 l'usure. Associ\u00e9 \u00e0 un porte-cl\u00e9s m\u00e9tallique standard et \u00e0 une cha\u00eene, il assure une s\u00e9curit\u00e9 maximale tout en maintenant vos cl\u00e9s sans effort, afin que vous puissiez les retrouver en un clin d'\u0153il \u00e0 tout moment.<\/p>\n<\/div>\n<\/div>\n\n\n\n<div class=\"wp-block-columns is-layout-flex wp-container-core-columns-is-layout-2 wp-block-columns-is-layout-flex\">\n<div class=\"wp-block-column is-vertically-aligned-center is-layout-flow wp-block-column-is-layout-flow\">\n<p>Son design distinctif le rend imm\u00e9diatement reconnaissable et sa taille polyvalente s'adapte \u00e0 toutes les occasions. Qu'il soit attach\u00e9 \u00e0 un porte-cl\u00e9s ou \u00e0 un sac \u00e0 dos, il attire imm\u00e9diatement l'attention. Son style frais et adorable ajoute une touche ludique \u00e0 vos d\u00e9placements quotidiens ou \u00e0 vos promenades en plein air. Que vous l'offriez \u00e0 un ami qui aime les jolies choses pour lui t\u00e9moigner votre affection, ou que vous le gardiez pour votre propre collection et votre plaisir, sa breloque de h\u00e9risson unique et adorable insuffle de l'amusement et de la vitalit\u00e9 \u00e0 la vie. C'est un petit accessoire tendance qui allie praticit\u00e9 et attrait visuel.<\/p>\n<\/div>\n\n\n\n<div class=\"wp-block-column is-layout-flow wp-block-column-is-layout-flow\"><div class=\"wp-block-image\">\n<figure class=\"aligncenter size-full\"><img decoding=\"async\" width=\"800\" height=\"800\" src=\"https:\/\/www.yousanusb.com\/wp-content\/uploads\/2025\/10\/hedgehog-keychain.jpg\" alt=\"\" class=\"wp-image-22069\" srcset=\"https:\/\/www.yousanusb.com\/wp-content\/uploads\/2025\/10\/hedgehog-keychain.jpg 800w, https:\/\/www.yousanusb.com\/wp-content\/uploads\/2025\/10\/hedgehog-keychain-300x300.jpg 300w, https:\/\/www.yousanusb.com\/wp-content\/uploads\/2025\/10\/hedgehog-keychain-150x150.jpg 150w, https:\/\/www.yousanusb.com\/wp-content\/uploads\/2025\/10\/hedgehog-keychain-768x768.jpg 768w, https:\/\/www.yousanusb.com\/wp-content\/uploads\/2025\/10\/hedgehog-keychain-12x12.jpg 12w, https:\/\/www.yousanusb.com\/wp-content\/uploads\/2025\/10\/hedgehog-keychain-600x600.jpg 600w, https:\/\/www.yousanusb.com\/wp-content\/uploads\/2025\/10\/hedgehog-keychain-100x100.jpg 100w\" sizes=\"(max-width: 800px) 100vw, 800px\" \/><figcaption class=\"wp-element-caption\">porte-cl\u00e9s h\u00e9risson violet-gris<\/figcaption><\/figure><\/div><\/div>\n<\/div>","protected":false},"excerpt":{"rendered":"<ul>\n<li>Porte-cl\u00e9s personnalis\u00e9 de couleur diff\u00e9rente<\/li>\n<li>Mat\u00e9riaux souples en PVC<\/li>\n<li>Conception gratuite, \u00e9chantillon gratuit<\/li>\n<li>Personnalisez votre propre th\u00e8me<\/li>\n<li>MOQ:200pcs<\/li>\n<\/ul>","protected":false},"featured_media":22070,"comment_status":"open","ping_status":"closed","template":"","meta":{"_seopress_robots_primary_cat":"","_seopress_titles_title":"","_seopress_titles_desc":"","_seopress_robots_index":""},"class_list":["post-22066","product","type-product","status-publish","has-post-thumbnail","hentry","product_cat-3d-rubber-key-chain"],"_links":{"self":[{"href":"https:\/\/www.yousanusb.com\/fr\/wp-json\/wp\/v2\/product\/22066"}],"collection":[{"href":"https:\/\/www.yousanusb.com\/fr\/wp-json\/wp\/v2\/product"}],"about":[{"href":"https:\/\/www.yousanusb.com\/fr\/wp-json\/wp\/v2\/types\/product"}],"replies":[{"embeddable":true,"href":"https:\/\/www.yousanusb.com\/fr\/wp-json\/wp\/v2\/comments?post=22066"}],"wp:featuredmedia":[{"embeddable":true,"href":"https:\/\/www.yousanusb.com\/fr\/wp-json\/wp\/v2\/media\/22070"}],"wp:attachment":[{"href":"https:\/\/www.yousanusb.com\/fr\/wp-json\/wp\/v2\/media?parent=22066"}],"curies":[{"name":"wp","href":"https:\/\/api.w.org\/{rel}","templated":true}]}}