{"id":22202,"date":"2025-10-22T08:45:34","date_gmt":"2025-10-22T08:45:34","guid":{"rendered":"https:\/\/www.yousanusb.com\/?post_type=product&#038;p=22202"},"modified":"2025-10-22T12:35:58","modified_gmt":"2025-10-22T12:35:58","slug":"cute-leopard-pvc-keychain","status":"publish","type":"product","link":"https:\/\/www.yousanusb.com\/fr\/produit\/cute-leopard-pvc-keychain\/","title":{"rendered":"Porte-cl\u00e9s l\u00e9opard en PVC"},"content":{"rendered":"<div class=\"wp-block-columns is-layout-flex wp-container-core-columns-is-layout-1 wp-block-columns-is-layout-flex\">\n<div class=\"wp-block-column is-layout-flow wp-block-column-is-layout-flow\">\n<figure class=\"wp-block-image size-full\"><img fetchpriority=\"high\" decoding=\"async\" width=\"800\" height=\"800\" src=\"https:\/\/www.yousanusb.com\/wp-content\/uploads\/2025\/10\/Leopard-PVC-keychain.jpg\" alt=\"\" class=\"wp-image-22206\" srcset=\"https:\/\/www.yousanusb.com\/wp-content\/uploads\/2025\/10\/Leopard-PVC-keychain.jpg 800w, https:\/\/www.yousanusb.com\/wp-content\/uploads\/2025\/10\/Leopard-PVC-keychain-300x300.jpg 300w, https:\/\/www.yousanusb.com\/wp-content\/uploads\/2025\/10\/Leopard-PVC-keychain-150x150.jpg 150w, https:\/\/www.yousanusb.com\/wp-content\/uploads\/2025\/10\/Leopard-PVC-keychain-768x768.jpg 768w, https:\/\/www.yousanusb.com\/wp-content\/uploads\/2025\/10\/Leopard-PVC-keychain-12x12.jpg 12w, https:\/\/www.yousanusb.com\/wp-content\/uploads\/2025\/10\/Leopard-PVC-keychain-600x600.jpg 600w, https:\/\/www.yousanusb.com\/wp-content\/uploads\/2025\/10\/Leopard-PVC-keychain-100x100.jpg 100w\" sizes=\"(max-width: 800px) 100vw, 800px\" \/><\/figure>\n<\/div>\n\n\n\n<div class=\"wp-block-column is-vertically-aligned-center is-layout-flow wp-block-column-is-layout-flow\">\n<p>Ce porte-cl\u00e9s l\u00e9opard en PVC se d\u00e9cline en deux mod\u00e8les : l'un repr\u00e9sente un gu\u00e9pard jaune-orange avec un blush rose et des moustaches noires, des taches dispos\u00e9es de mani\u00e8re ludique et une queue ray\u00e9e brun-orange - un m\u00e9lange de mignonnerie et de vivacit\u00e9. L'autre repr\u00e9sente un l\u00e9opard jaune couvert de taches noires, avec des yeux ronds aux pupilles brillantes et un nez rouge-orange : un m\u00e9lange d'innocence et de charme.<\/p>\n\n\n\n<p>Fabriqu\u00e9 en PVC souple, il pr\u00e9sente une texture lisse et une durabilit\u00e9 exceptionnelle. L'association d'un porte-cl\u00e9s en m\u00e9tal et d'une cha\u00eene garantit une solidit\u00e9 maximale et permet d'organiser vos cl\u00e9s sans effort, pour un transport pratique et \u00e9l\u00e9gant. Son design distinctif et ses dimensions parfaitement \u00e9quilibr\u00e9es en font un accessoire remarquable - qu'il s'agisse d'un porte-cl\u00e9s ou d'un accent \u00e9l\u00e9gant sur votre sac \u00e0 la mode, il ne manquera pas de faire tourner les t\u00eates.<\/p>\n<\/div>\n<\/div>\n\n\n\n<div class=\"wp-block-columns is-layout-flex wp-container-core-columns-is-layout-2 wp-block-columns-is-layout-flex\">\n<div class=\"wp-block-column is-vertically-aligned-center is-layout-flow wp-block-column-is-layout-flow\">\n<p>En tant que fabricant professionnel de porte-cl\u00e9s en caoutchouc, nous couvrons \u00e9galement une vari\u00e9t\u00e9 d'emballages commerciaux pour les porte-cl\u00e9s en PVC personnalis\u00e9s. Vous trouverez ci-dessous quelques-unes des id\u00e9es d'emballage les plus populaires pour votre r\u00e9f\u00e9rence. Des simples sacs OPP avec ou sans support papier aux bo\u00eetes aveugles personnalis\u00e9es avec blister pour les porte-cl\u00e9s en PVC ou les porte-cl\u00e9s de la s\u00e9rie Anime, nous avons ce qu'il vous faut. Les id\u00e9es d'emballage personnalis\u00e9es sont les bienvenues.<\/p>\n<\/div>\n\n\n\n<div class=\"wp-block-column is-layout-flow wp-block-column-is-layout-flow\">\n<figure class=\"wp-block-image size-full\"><img decoding=\"async\" width=\"1000\" height=\"1000\" src=\"https:\/\/www.yousanusb.com\/wp-content\/uploads\/2025\/10\/Leopard-keychain.jpg\" alt=\"\" class=\"wp-image-22205\" srcset=\"https:\/\/www.yousanusb.com\/wp-content\/uploads\/2025\/10\/Leopard-keychain.jpg 1000w, https:\/\/www.yousanusb.com\/wp-content\/uploads\/2025\/10\/Leopard-keychain-300x300.jpg 300w, https:\/\/www.yousanusb.com\/wp-content\/uploads\/2025\/10\/Leopard-keychain-150x150.jpg 150w, https:\/\/www.yousanusb.com\/wp-content\/uploads\/2025\/10\/Leopard-keychain-768x768.jpg 768w, https:\/\/www.yousanusb.com\/wp-content\/uploads\/2025\/10\/Leopard-keychain-12x12.jpg 12w, https:\/\/www.yousanusb.com\/wp-content\/uploads\/2025\/10\/Leopard-keychain-600x600.jpg 600w, https:\/\/www.yousanusb.com\/wp-content\/uploads\/2025\/10\/Leopard-keychain-100x100.jpg 100w\" sizes=\"(max-width: 1000px) 100vw, 1000px\" \/><\/figure>\n<\/div>\n<\/div>","protected":false},"excerpt":{"rendered":"<ul>\n<li>Porte-cl\u00e9s en plastique PVC doux<\/li>\n<li>Porte-cl\u00e9s en pvc de haute qualit\u00e9<\/li>\n<li>Porte-cl\u00e9s en caoutchouc de forme personnalis\u00e9e<\/li>\n<li>Cr\u00e9er des porte-cl\u00e9s personnalis\u00e9s en caoutchouc et en PVC<\/li>\n<li>MOQ:200pcs<\/li>\n<\/ul>","protected":false},"featured_media":22206,"comment_status":"open","ping_status":"closed","template":"","meta":{"_seopress_robots_primary_cat":"","_seopress_titles_title":"","_seopress_titles_desc":"","_seopress_robots_index":""},"class_list":["post-22202","product","type-product","status-publish","has-post-thumbnail","hentry","product_cat-3d-rubber-key-chain"],"_links":{"self":[{"href":"https:\/\/www.yousanusb.com\/fr\/wp-json\/wp\/v2\/product\/22202"}],"collection":[{"href":"https:\/\/www.yousanusb.com\/fr\/wp-json\/wp\/v2\/product"}],"about":[{"href":"https:\/\/www.yousanusb.com\/fr\/wp-json\/wp\/v2\/types\/product"}],"replies":[{"embeddable":true,"href":"https:\/\/www.yousanusb.com\/fr\/wp-json\/wp\/v2\/comments?post=22202"}],"wp:featuredmedia":[{"embeddable":true,"href":"https:\/\/www.yousanusb.com\/fr\/wp-json\/wp\/v2\/media\/22206"}],"wp:attachment":[{"href":"https:\/\/www.yousanusb.com\/fr\/wp-json\/wp\/v2\/media?parent=22202"}],"curies":[{"name":"wp","href":"https:\/\/api.w.org\/{rel}","templated":true}]}}