{"id":22247,"date":"2025-10-22T13:02:15","date_gmt":"2025-10-22T13:02:15","guid":{"rendered":"https:\/\/www.yousanusb.com\/?post_type=product&#038;p=22247"},"modified":"2025-11-13T14:01:05","modified_gmt":"2025-11-13T14:01:05","slug":"rugby-ball-usb-flash-drive","status":"publish","type":"product","link":"https:\/\/www.yousanusb.com\/fr\/produit\/rugby-ball-usb-flash-drive\/","title":{"rendered":"Cl\u00e9 USB ballon de rugby"},"content":{"rendered":"<p>Cette cl\u00e9 USB en forme de ballon de rugby reproduit fid\u00e8lement le contour ovale et les d\u00e9tails de couture d'un v\u00e9ritable ballon de rugby. Disponibles en rouge, rose et autres couleurs, certains mod\u00e8les sont dot\u00e9s d'un porte-cl\u00e9s en m\u00e9tal qui permet de les attacher facilement \u00e0 un sac ou \u00e0 un porte-cl\u00e9s, alliant ainsi portabilit\u00e9 et attrait d\u00e9coratif. <\/p>\n\n\n\n<div class=\"wp-block-columns is-layout-flex wp-container-core-columns-is-layout-1 wp-block-columns-is-layout-flex\">\n<div class=\"wp-block-column is-layout-flow wp-block-column-is-layout-flow\"><div class=\"wp-block-image\">\n<figure class=\"aligncenter size-full\"><img fetchpriority=\"high\" decoding=\"async\" width=\"800\" height=\"800\" src=\"https:\/\/www.yousanusb.com\/wp-content\/uploads\/2025\/10\/custom-Rugby-USB-Flash-Drive.jpg\" alt=\"\" class=\"wp-image-22251\" srcset=\"https:\/\/www.yousanusb.com\/wp-content\/uploads\/2025\/10\/custom-Rugby-USB-Flash-Drive.jpg 800w, https:\/\/www.yousanusb.com\/wp-content\/uploads\/2025\/10\/custom-Rugby-USB-Flash-Drive-300x300.jpg 300w, https:\/\/www.yousanusb.com\/wp-content\/uploads\/2025\/10\/custom-Rugby-USB-Flash-Drive-150x150.jpg 150w, https:\/\/www.yousanusb.com\/wp-content\/uploads\/2025\/10\/custom-Rugby-USB-Flash-Drive-768x768.jpg 768w, https:\/\/www.yousanusb.com\/wp-content\/uploads\/2025\/10\/custom-Rugby-USB-Flash-Drive-12x12.jpg 12w, https:\/\/www.yousanusb.com\/wp-content\/uploads\/2025\/10\/custom-Rugby-USB-Flash-Drive-600x600.jpg 600w, https:\/\/www.yousanusb.com\/wp-content\/uploads\/2025\/10\/custom-Rugby-USB-Flash-Drive-100x100.jpg 100w\" sizes=\"(max-width: 800px) 100vw, 800px\" \/><figcaption class=\"wp-element-caption\">cl\u00e9 USB avec ballon de rugby rouge<\/figcaption><\/figure><\/div><\/div>\n\n\n\n<div class=\"wp-block-column is-layout-flow wp-block-column-is-layout-flow\"><div class=\"wp-block-image\">\n<figure class=\"aligncenter size-full\"><img decoding=\"async\" width=\"800\" height=\"800\" src=\"https:\/\/www.yousanusb.com\/wp-content\/uploads\/2025\/10\/pink-Rugby-USB-Flash-Drive.jpg\" alt=\"\" class=\"wp-image-22252\" srcset=\"https:\/\/www.yousanusb.com\/wp-content\/uploads\/2025\/10\/pink-Rugby-USB-Flash-Drive.jpg 800w, https:\/\/www.yousanusb.com\/wp-content\/uploads\/2025\/10\/pink-Rugby-USB-Flash-Drive-300x300.jpg 300w, https:\/\/www.yousanusb.com\/wp-content\/uploads\/2025\/10\/pink-Rugby-USB-Flash-Drive-150x150.jpg 150w, https:\/\/www.yousanusb.com\/wp-content\/uploads\/2025\/10\/pink-Rugby-USB-Flash-Drive-768x768.jpg 768w, https:\/\/www.yousanusb.com\/wp-content\/uploads\/2025\/10\/pink-Rugby-USB-Flash-Drive-12x12.jpg 12w, https:\/\/www.yousanusb.com\/wp-content\/uploads\/2025\/10\/pink-Rugby-USB-Flash-Drive-600x600.jpg 600w, https:\/\/www.yousanusb.com\/wp-content\/uploads\/2025\/10\/pink-Rugby-USB-Flash-Drive-100x100.jpg 100w\" sizes=\"(max-width: 800px) 100vw, 800px\" \/><figcaption class=\"wp-element-caption\">Cl\u00e9 USB ballon de rugby rose<\/figcaption><\/figure><\/div><\/div>\n<\/div>\n\n\n\n<div class=\"wp-block-columns is-layout-flex wp-container-core-columns-is-layout-2 wp-block-columns-is-layout-flex\">\n<div class=\"wp-block-column is-layout-flow wp-block-column-is-layout-flow\">\n<figure class=\"wp-block-image size-full\"><img decoding=\"async\" width=\"800\" height=\"800\" src=\"https:\/\/www.yousanusb.com\/wp-content\/uploads\/2025\/10\/Rugby-USB-Flash-Drive.jpg\" alt=\"\" class=\"wp-image-22255\" srcset=\"https:\/\/www.yousanusb.com\/wp-content\/uploads\/2025\/10\/Rugby-USB-Flash-Drive.jpg 800w, https:\/\/www.yousanusb.com\/wp-content\/uploads\/2025\/10\/Rugby-USB-Flash-Drive-300x300.jpg 300w, https:\/\/www.yousanusb.com\/wp-content\/uploads\/2025\/10\/Rugby-USB-Flash-Drive-150x150.jpg 150w, https:\/\/www.yousanusb.com\/wp-content\/uploads\/2025\/10\/Rugby-USB-Flash-Drive-768x768.jpg 768w, https:\/\/www.yousanusb.com\/wp-content\/uploads\/2025\/10\/Rugby-USB-Flash-Drive-12x12.jpg 12w, https:\/\/www.yousanusb.com\/wp-content\/uploads\/2025\/10\/Rugby-USB-Flash-Drive-600x600.jpg 600w, https:\/\/www.yousanusb.com\/wp-content\/uploads\/2025\/10\/Rugby-USB-Flash-Drive-100x100.jpg 100w\" sizes=\"(max-width: 800px) 100vw, 800px\" \/><\/figure>\n<\/div>\n\n\n\n<div class=\"wp-block-column is-vertically-aligned-center is-layout-flow wp-block-column-is-layout-flow\">\n<p>Sa conception en deux parties dissimule le port USB dans le corps du ballon de football, tandis que le capuchon prot\u00e8ge efficacement l'interface et am\u00e9liore l'int\u00e9grit\u00e9 esth\u00e9tique globale.<\/p>\n\n\n\n<p>Cette cl\u00e9 USB permet de graver un logo personnalis\u00e9, gr\u00e2ce \u00e0 deux proc\u00e9d\u00e9s : la gravure au laser et l'impression UV. La gravure au laser permet d'obtenir des lignes pr\u00e9cises, int\u00e9grant parfaitement le logo \u00e0 la surface de la cl\u00e9 pour des r\u00e9sultats r\u00e9sistants \u00e0 l'usure et \u00e0 la d\u00e9coloration. L'impression UV produit des couleurs riches, reproduisant fid\u00e8lement des motifs complexes avec des d\u00e9tails pr\u00e9cis.<\/p>\n<\/div>\n<\/div>\n\n\n\n<div class=\"wp-block-columns is-layout-flex wp-container-core-columns-is-layout-3 wp-block-columns-is-layout-flex\">\n<div class=\"wp-block-column is-vertically-aligned-center is-layout-flow wp-block-column-is-layout-flow\">\n<p>Fabriqu\u00e9 en PVC souple de premi\u00e8re qualit\u00e9, il offre un toucher doux et d'excellentes propri\u00e9t\u00e9s de r\u00e9sistance aux chutes et \u00e0 la poussi\u00e8re, assurant une protection fiable de la puce de stockage lors d'une utilisation quotidienne et prolongeant la dur\u00e9e de vie de la cl\u00e9 USB.<\/p>\n\n\n\n<p>En termes de performances de stockage, il est dot\u00e9 d'une puce de stockage \u00e0 grande vitesse prenant en charge la fonctionnalit\u00e9 plug-and-play via l'interface USB et la compatibilit\u00e9 avec de nombreux syst\u00e8mes d'exploitation. Cela permet de stocker et de transf\u00e9rer efficacement divers fichiers, y compris des documents et des contenus multim\u00e9dias. La stabilit\u00e9 robuste de la puce att\u00e9nue efficacement les risques de perte de donn\u00e9es, garantissant ainsi la s\u00e9curit\u00e9 des informations.<\/p>\n\n\n\n<p>Que ce soit pour les amateurs de sport qui collectionnent des souvenirs, les professionnels qui transf\u00e8rent des documents d'entreprise ou les \u00e9tudiants qui stockent du mat\u00e9riel p\u00e9dagogique, cette cl\u00e9 USB en forme de ballon de football r\u00e9pond aux besoins de tous les utilisateurs.<\/p>\n<\/div>\n\n\n\n<div class=\"wp-block-column is-layout-flow wp-block-column-is-layout-flow\">\n<figure class=\"wp-block-image size-full\"><img loading=\"lazy\" decoding=\"async\" width=\"800\" height=\"800\" src=\"https:\/\/www.yousanusb.com\/wp-content\/uploads\/2025\/10\/red-Rugby-USB-Flash-Drive.jpg\" alt=\"\" class=\"wp-image-22254\" srcset=\"https:\/\/www.yousanusb.com\/wp-content\/uploads\/2025\/10\/red-Rugby-USB-Flash-Drive.jpg 800w, https:\/\/www.yousanusb.com\/wp-content\/uploads\/2025\/10\/red-Rugby-USB-Flash-Drive-300x300.jpg 300w, https:\/\/www.yousanusb.com\/wp-content\/uploads\/2025\/10\/red-Rugby-USB-Flash-Drive-150x150.jpg 150w, https:\/\/www.yousanusb.com\/wp-content\/uploads\/2025\/10\/red-Rugby-USB-Flash-Drive-768x768.jpg 768w, https:\/\/www.yousanusb.com\/wp-content\/uploads\/2025\/10\/red-Rugby-USB-Flash-Drive-12x12.jpg 12w, https:\/\/www.yousanusb.com\/wp-content\/uploads\/2025\/10\/red-Rugby-USB-Flash-Drive-600x600.jpg 600w, https:\/\/www.yousanusb.com\/wp-content\/uploads\/2025\/10\/red-Rugby-USB-Flash-Drive-100x100.jpg 100w\" sizes=\"(max-width: 800px) 100vw, 800px\" \/><\/figure>\n<\/div>\n<\/div>","protected":false},"excerpt":{"rendered":"<ul>\n<li>Compatible USB 2.0 Hot Plug &amp; Play<\/li>\n<li>Cl\u00e9 USB 3D personnalis\u00e9e<\/li>\n<li>Pr\u00eat \u00e0 l'emploi<\/li>\n<li>CE, RHOS, SGS Sp\u00e9cification<\/li>\n<li>MOQ:100pcs<\/li>\n<\/ul>","protected":false},"featured_media":22253,"comment_status":"open","ping_status":"closed","template":"","meta":{"_seopress_robots_primary_cat":"","_seopress_titles_title":"","_seopress_titles_desc":"","_seopress_robots_index":""},"class_list":["post-22247","product","type-product","status-publish","has-post-thumbnail","hentry","product_cat-custom-usb-drive","product_tag-ball-usb-flash-drive"],"_links":{"self":[{"href":"https:\/\/www.yousanusb.com\/fr\/wp-json\/wp\/v2\/product\/22247"}],"collection":[{"href":"https:\/\/www.yousanusb.com\/fr\/wp-json\/wp\/v2\/product"}],"about":[{"href":"https:\/\/www.yousanusb.com\/fr\/wp-json\/wp\/v2\/types\/product"}],"replies":[{"embeddable":true,"href":"https:\/\/www.yousanusb.com\/fr\/wp-json\/wp\/v2\/comments?post=22247"}],"wp:featuredmedia":[{"embeddable":true,"href":"https:\/\/www.yousanusb.com\/fr\/wp-json\/wp\/v2\/media\/22253"}],"wp:attachment":[{"href":"https:\/\/www.yousanusb.com\/fr\/wp-json\/wp\/v2\/media?parent=22247"}],"curies":[{"name":"wp","href":"https:\/\/api.w.org\/{rel}","templated":true}]}}