{"id":22350,"date":"2025-10-23T05:12:21","date_gmt":"2025-10-23T05:12:21","guid":{"rendered":"https:\/\/www.yousanusb.com\/?post_type=product&#038;p=22350"},"modified":"2025-10-24T03:29:34","modified_gmt":"2025-10-24T03:29:34","slug":"cartoon-mouse-keychain","status":"publish","type":"product","link":"https:\/\/www.yousanusb.com\/fr\/produit\/cartoon-mouse-keychain\/","title":{"rendered":"Porte-cl\u00e9s souris cartoon"},"content":{"rendered":"<p>Ces trois porte-cl\u00e9s en forme de souris de dessin anim\u00e9 ont chacun leur charme adorable, insufflant une \u00e9nergie ludique \u00e0 la vie quotidienne gr\u00e2ce \u00e0 d'adorables motifs de souris. Ils constituent de d\u00e9licieux petits cadeaux \u00e0 offrir ou \u00e0 s'offrir. Fabriqu\u00e9s en PVC souple, ils pr\u00e9sentent une finition lisse et durable et sont accompagn\u00e9s de porte-cl\u00e9s et de cha\u00eenes en m\u00e9tal de taille standard. Ils sont parfaits pour organiser les cl\u00e9s ou comme breloques de sac.<\/p>\n\n\n\n<div class=\"wp-block-columns is-layout-flex wp-container-core-columns-is-layout-1 wp-block-columns-is-layout-flex\">\n<div class=\"wp-block-column is-layout-flow wp-block-column-is-layout-flow\">\n<figure class=\"wp-block-image size-full\"><img fetchpriority=\"high\" decoding=\"async\" width=\"800\" height=\"800\" src=\"https:\/\/www.yousanusb.com\/wp-content\/uploads\/2025\/10\/Mouse-PVC-soft-keychain.jpg\" alt=\"\" class=\"wp-image-22355\" srcset=\"https:\/\/www.yousanusb.com\/wp-content\/uploads\/2025\/10\/Mouse-PVC-soft-keychain.jpg 800w, https:\/\/www.yousanusb.com\/wp-content\/uploads\/2025\/10\/Mouse-PVC-soft-keychain-300x300.jpg 300w, https:\/\/www.yousanusb.com\/wp-content\/uploads\/2025\/10\/Mouse-PVC-soft-keychain-150x150.jpg 150w, https:\/\/www.yousanusb.com\/wp-content\/uploads\/2025\/10\/Mouse-PVC-soft-keychain-768x768.jpg 768w, https:\/\/www.yousanusb.com\/wp-content\/uploads\/2025\/10\/Mouse-PVC-soft-keychain-12x12.jpg 12w, https:\/\/www.yousanusb.com\/wp-content\/uploads\/2025\/10\/Mouse-PVC-soft-keychain-600x600.jpg 600w, https:\/\/www.yousanusb.com\/wp-content\/uploads\/2025\/10\/Mouse-PVC-soft-keychain-100x100.jpg 100w\" sizes=\"(max-width: 800px) 100vw, 800px\" \/><figcaption class=\"wp-element-caption\">1) Ce porte-cl\u00e9s souris est de couleur gris fonc\u00e9, avec des oreilles roses, de grands yeux bleus violets et un large sourire. Son design vif et ludique semble pr\u00eat \u00e0 s'embarquer dans des aventures amusantes \u00e0 tout moment, ses lignes lumineuses d\u00e9bordant d'innocence enfantine.<\/figcaption><\/figure>\n<\/div>\n\n\n\n<div class=\"wp-block-column is-layout-flow wp-block-column-is-layout-flow\">\n<figure class=\"wp-block-image size-full\"><img decoding=\"async\" width=\"800\" height=\"800\" src=\"https:\/\/www.yousanusb.com\/wp-content\/uploads\/2025\/10\/mouse-PVC-keychain.jpg\" alt=\"\" class=\"wp-image-22354\" srcset=\"https:\/\/www.yousanusb.com\/wp-content\/uploads\/2025\/10\/mouse-PVC-keychain.jpg 800w, https:\/\/www.yousanusb.com\/wp-content\/uploads\/2025\/10\/mouse-PVC-keychain-300x300.jpg 300w, https:\/\/www.yousanusb.com\/wp-content\/uploads\/2025\/10\/mouse-PVC-keychain-150x150.jpg 150w, https:\/\/www.yousanusb.com\/wp-content\/uploads\/2025\/10\/mouse-PVC-keychain-768x768.jpg 768w, https:\/\/www.yousanusb.com\/wp-content\/uploads\/2025\/10\/mouse-PVC-keychain-12x12.jpg 12w, https:\/\/www.yousanusb.com\/wp-content\/uploads\/2025\/10\/mouse-PVC-keychain-600x600.jpg 600w, https:\/\/www.yousanusb.com\/wp-content\/uploads\/2025\/10\/mouse-PVC-keychain-100x100.jpg 100w\" sizes=\"(max-width: 800px) 100vw, 800px\" \/><figcaption class=\"wp-element-caption\">2. ce porte-cl\u00e9s souris repr\u00e9sente un mulot brun et ray\u00e9 aux oreilles roses l\u00e9g\u00e8rement tombantes, aux yeux doucement ferm\u00e9s et au visage l\u00e9g\u00e8rement souriant. Sa forme dodue et adorable rayonne d'une douce gentillesse.<\/figcaption><\/figure>\n<\/div>\n\n\n\n<div class=\"wp-block-column is-layout-flow wp-block-column-is-layout-flow\">\n<figure class=\"wp-block-image size-full\"><img decoding=\"async\" width=\"800\" height=\"800\" src=\"https:\/\/www.yousanusb.com\/wp-content\/uploads\/2025\/10\/mouse-keychain.jpg\" alt=\"\" class=\"wp-image-22353\" srcset=\"https:\/\/www.yousanusb.com\/wp-content\/uploads\/2025\/10\/mouse-keychain.jpg 800w, https:\/\/www.yousanusb.com\/wp-content\/uploads\/2025\/10\/mouse-keychain-300x300.jpg 300w, https:\/\/www.yousanusb.com\/wp-content\/uploads\/2025\/10\/mouse-keychain-150x150.jpg 150w, https:\/\/www.yousanusb.com\/wp-content\/uploads\/2025\/10\/mouse-keychain-768x768.jpg 768w, https:\/\/www.yousanusb.com\/wp-content\/uploads\/2025\/10\/mouse-keychain-12x12.jpg 12w, https:\/\/www.yousanusb.com\/wp-content\/uploads\/2025\/10\/mouse-keychain-600x600.jpg 600w, https:\/\/www.yousanusb.com\/wp-content\/uploads\/2025\/10\/mouse-keychain-100x100.jpg 100w\" sizes=\"(max-width: 800px) 100vw, 800px\" \/><figcaption class=\"wp-element-caption\">3. ce porte-cl\u00e9s souris repr\u00e9sente une souris gris clair aux joues et aux oreilles roses, qui tient sa nourriture dans ses pattes. Son corps rond et dodu d\u00e9gage un charme attachant, tandis que ses moustaches et sa queue noire recourb\u00e9e ajoutent un d\u00e9tail charmant \u00e0 l'ensemble.<\/figcaption><\/figure>\n<\/div>\n<\/div>","protected":false},"excerpt":{"rendered":"<ul>\n<li>Porte-cl\u00e9s personnalis\u00e9 de formes diff\u00e9rentes<\/li>\n<li>Porte-cl\u00e9s en pvc de haute qualit\u00e9<\/li>\n<li>PVC souple Mat\u00e9riaux en caoutchouc<\/li>\n<li>Cr\u00e9er des porte-cl\u00e9s personnalis\u00e9s en caoutchouc et en PVC<\/li>\n<li>MOQ:200pcs<\/li>\n<\/ul>","protected":false},"featured_media":22353,"comment_status":"open","ping_status":"closed","template":"","meta":{"_seopress_robots_primary_cat":"","_seopress_titles_title":"","_seopress_titles_desc":"","_seopress_robots_index":""},"class_list":["post-22350","product","type-product","status-publish","has-post-thumbnail","hentry","product_cat-3d-rubber-key-chain"],"_links":{"self":[{"href":"https:\/\/www.yousanusb.com\/fr\/wp-json\/wp\/v2\/product\/22350"}],"collection":[{"href":"https:\/\/www.yousanusb.com\/fr\/wp-json\/wp\/v2\/product"}],"about":[{"href":"https:\/\/www.yousanusb.com\/fr\/wp-json\/wp\/v2\/types\/product"}],"replies":[{"embeddable":true,"href":"https:\/\/www.yousanusb.com\/fr\/wp-json\/wp\/v2\/comments?post=22350"}],"wp:featuredmedia":[{"embeddable":true,"href":"https:\/\/www.yousanusb.com\/fr\/wp-json\/wp\/v2\/media\/22353"}],"wp:attachment":[{"href":"https:\/\/www.yousanusb.com\/fr\/wp-json\/wp\/v2\/media?parent=22350"}],"curies":[{"name":"wp","href":"https:\/\/api.w.org\/{rel}","templated":true}]}}