{"id":22356,"date":"2025-10-23T05:33:17","date_gmt":"2025-10-23T05:33:17","guid":{"rendered":"https:\/\/www.yousanusb.com\/?post_type=product&#038;p=22356"},"modified":"2025-10-24T03:29:46","modified_gmt":"2025-10-24T03:29:46","slug":"cute-owl-keychain","status":"publish","type":"product","link":"https:\/\/www.yousanusb.com\/fr\/produit\/cute-owl-keychain\/","title":{"rendered":"Porte-cl\u00e9s hibou"},"content":{"rendered":"<div class=\"wp-block-columns is-layout-flex wp-container-core-columns-is-layout-1 wp-block-columns-is-layout-flex\">\n<div class=\"wp-block-column is-layout-flow wp-block-column-is-layout-flow\">\n<figure class=\"wp-block-image size-full\"><img fetchpriority=\"high\" decoding=\"async\" width=\"800\" height=\"800\" src=\"https:\/\/www.yousanusb.com\/wp-content\/uploads\/2025\/10\/owl-PVC-keychain.jpg\" alt=\"\" class=\"wp-image-22360\" srcset=\"https:\/\/www.yousanusb.com\/wp-content\/uploads\/2025\/10\/owl-PVC-keychain.jpg 800w, https:\/\/www.yousanusb.com\/wp-content\/uploads\/2025\/10\/owl-PVC-keychain-300x300.jpg 300w, https:\/\/www.yousanusb.com\/wp-content\/uploads\/2025\/10\/owl-PVC-keychain-150x150.jpg 150w, https:\/\/www.yousanusb.com\/wp-content\/uploads\/2025\/10\/owl-PVC-keychain-768x768.jpg 768w, https:\/\/www.yousanusb.com\/wp-content\/uploads\/2025\/10\/owl-PVC-keychain-12x12.jpg 12w, https:\/\/www.yousanusb.com\/wp-content\/uploads\/2025\/10\/owl-PVC-keychain-600x600.jpg 600w, https:\/\/www.yousanusb.com\/wp-content\/uploads\/2025\/10\/owl-PVC-keychain-100x100.jpg 100w\" sizes=\"(max-width: 800px) 100vw, 800px\" \/><\/figure>\n<\/div>\n\n\n\n<div class=\"wp-block-column is-vertically-aligned-center is-layout-flow wp-block-column-is-layout-flow\">\n<p>Il s'agit d'une collection vibrante de hiboux, chacun en rose, bleu et violet, chacun avec son propre charme. Chaque hibou a de grands yeux ronds et adorables, et des motifs de plumes color\u00e9es ornent ses ailes, cr\u00e9ant ainsi un design vivant et ludique.<\/p>\n\n\n\n<p>Fabriqu\u00e9s en PVC souple avec une texture lisse et un solide mat\u00e9riel m\u00e9tallique, ces hiboux servent \u00e0 la fois de porte-cl\u00e9s et de breloques de sac. Leur style charmant et ludique insuffle une \u00e9nergie vive au quotidien, ce qui en fait le choix id\u00e9al pour orner les accessoires et r\u00e9pandre la gentillesse.<\/p>\n<\/div>\n<\/div>\n\n\n\n<div class=\"wp-block-columns is-layout-flex wp-container-core-columns-is-layout-2 wp-block-columns-is-layout-flex\">\n<div class=\"wp-block-column is-vertically-aligned-center is-layout-flow wp-block-column-is-layout-flow\">\n<p>Ce porte-cl\u00e9s hibou se caract\u00e9rise par ses couleurs primaires, le noir et le jaune, et sa silhouette \u00e9l\u00e9gante et arrondie. Son bec et ses griffes orange compl\u00e8tent le motif distinctif de son ventre, cr\u00e9ant une apparence mignonne et fra\u00eeche. La combinaison d'une cha\u00eene en m\u00e9tal et d'un porte-cl\u00e9s garantit \u00e0 la fois la praticit\u00e9 et la durabilit\u00e9 de l'objet.<\/p>\n\n\n\n<p>Fabriqu\u00e9 en caoutchouc PVC souple, il int\u00e8gre des composants m\u00e9talliques en alliage de zinc pour le porte-cl\u00e9s et la cha\u00eene, ce qui garantit sa robustesse et sa long\u00e9vit\u00e9. Ce porte-cl\u00e9s simple et charmant a une double fonction : tenir les cl\u00e9s ou orner les sacs, ce qui en fait un choix de premier ordre pour les papeteries et les boutiques de cadeaux.<\/p>\n<\/div>\n\n\n\n<div class=\"wp-block-column is-layout-flow wp-block-column-is-layout-flow\">\n<figure class=\"wp-block-image size-full\"><img decoding=\"async\" width=\"800\" height=\"800\" src=\"https:\/\/www.yousanusb.com\/wp-content\/uploads\/2025\/10\/Owl-keychain.jpg\" alt=\"\" class=\"wp-image-22359\" srcset=\"https:\/\/www.yousanusb.com\/wp-content\/uploads\/2025\/10\/Owl-keychain.jpg 800w, https:\/\/www.yousanusb.com\/wp-content\/uploads\/2025\/10\/Owl-keychain-300x300.jpg 300w, https:\/\/www.yousanusb.com\/wp-content\/uploads\/2025\/10\/Owl-keychain-150x150.jpg 150w, https:\/\/www.yousanusb.com\/wp-content\/uploads\/2025\/10\/Owl-keychain-768x768.jpg 768w, https:\/\/www.yousanusb.com\/wp-content\/uploads\/2025\/10\/Owl-keychain-12x12.jpg 12w, https:\/\/www.yousanusb.com\/wp-content\/uploads\/2025\/10\/Owl-keychain-600x600.jpg 600w, https:\/\/www.yousanusb.com\/wp-content\/uploads\/2025\/10\/Owl-keychain-100x100.jpg 100w\" sizes=\"(max-width: 800px) 100vw, 800px\" \/><\/figure>\n<\/div>\n<\/div>","protected":false},"excerpt":{"rendered":"<ul>\n<li>porte-cl\u00e9s hibou color\u00e9<\/li>\n<li>PVC souple Mat\u00e9riaux en caoutchouc<\/li>\n<li>Cr\u00e9er des porte-cl\u00e9s personnalis\u00e9s en caoutchouc et en PVC<\/li>\n<li>Conception libre, \u00e9chantillons libres<\/li>\n<li>MOQ:200pcs<\/li>\n<\/ul>","protected":false},"featured_media":22359,"comment_status":"open","ping_status":"closed","template":"","meta":{"_seopress_robots_primary_cat":"","_seopress_titles_title":"","_seopress_titles_desc":"","_seopress_robots_index":""},"class_list":["post-22356","product","type-product","status-publish","has-post-thumbnail","hentry","product_cat-3d-rubber-key-chain"],"_links":{"self":[{"href":"https:\/\/www.yousanusb.com\/fr\/wp-json\/wp\/v2\/product\/22356"}],"collection":[{"href":"https:\/\/www.yousanusb.com\/fr\/wp-json\/wp\/v2\/product"}],"about":[{"href":"https:\/\/www.yousanusb.com\/fr\/wp-json\/wp\/v2\/types\/product"}],"replies":[{"embeddable":true,"href":"https:\/\/www.yousanusb.com\/fr\/wp-json\/wp\/v2\/comments?post=22356"}],"wp:featuredmedia":[{"embeddable":true,"href":"https:\/\/www.yousanusb.com\/fr\/wp-json\/wp\/v2\/media\/22359"}],"wp:attachment":[{"href":"https:\/\/www.yousanusb.com\/fr\/wp-json\/wp\/v2\/media?parent=22356"}],"curies":[{"name":"wp","href":"https:\/\/api.w.org\/{rel}","templated":true}]}}