{"id":22386,"date":"2025-10-23T11:14:15","date_gmt":"2025-10-23T11:14:15","guid":{"rendered":"https:\/\/www.yousanusb.com\/?post_type=product&#038;p=22386"},"modified":"2025-11-13T14:00:41","modified_gmt":"2025-11-13T14:00:41","slug":"custom-golf-ball-usb-flash-drive","status":"publish","type":"product","link":"https:\/\/www.yousanusb.com\/fr\/produit\/custom-golf-ball-usb-flash-drive\/","title":{"rendered":"Cl\u00e9 USB personnalis\u00e9e avec balle de golf"},"content":{"rendered":"<div class=\"wp-block-columns is-layout-flex wp-container-core-columns-is-layout-1 wp-block-columns-is-layout-flex\">\n<div class=\"wp-block-column is-layout-flow wp-block-column-is-layout-flow\">\n<figure class=\"wp-block-image size-full\"><img fetchpriority=\"high\" decoding=\"async\" width=\"800\" height=\"800\" src=\"https:\/\/www.yousanusb.com\/wp-content\/uploads\/2025\/10\/custom-golf-ball-usb-flash-drive.png\" alt=\"\" class=\"wp-image-22389\" srcset=\"https:\/\/www.yousanusb.com\/wp-content\/uploads\/2025\/10\/custom-golf-ball-usb-flash-drive.png 800w, https:\/\/www.yousanusb.com\/wp-content\/uploads\/2025\/10\/custom-golf-ball-usb-flash-drive-300x300.png 300w, https:\/\/www.yousanusb.com\/wp-content\/uploads\/2025\/10\/custom-golf-ball-usb-flash-drive-150x150.png 150w, https:\/\/www.yousanusb.com\/wp-content\/uploads\/2025\/10\/custom-golf-ball-usb-flash-drive-768x768.png 768w, https:\/\/www.yousanusb.com\/wp-content\/uploads\/2025\/10\/custom-golf-ball-usb-flash-drive-12x12.png 12w, https:\/\/www.yousanusb.com\/wp-content\/uploads\/2025\/10\/custom-golf-ball-usb-flash-drive-600x600.png 600w, https:\/\/www.yousanusb.com\/wp-content\/uploads\/2025\/10\/custom-golf-ball-usb-flash-drive-100x100.png 100w\" sizes=\"(max-width: 800px) 100vw, 800px\" \/><\/figure>\n<\/div>\n\n\n\n<div class=\"wp-block-column is-vertically-aligned-center is-layout-flow wp-block-column-is-layout-flow\">\n<p>Cette cl\u00e9 USB en forme de balle de golf est un produit innovant qui associe des \u00e9l\u00e9ments sportifs \u00e0 la technologie de stockage. Elle reproduit fid\u00e8lement les caract\u00e9ristiques physiques d'une balle de golf, avec une surface finement textur\u00e9e et une recr\u00e9ation pr\u00e9cise du motif des fossettes. <\/p>\n\n\n\n<p>Gr\u00e2ce \u00e0 une technique de moulage int\u00e9gr\u00e9e, le corps de la balle se connecte de mani\u00e8re transparente au port USB. Le capuchon anti-poussi\u00e8re inclus prot\u00e8ge efficacement l'interface de la poussi\u00e8re et de l'humidit\u00e9, garantissant un fonctionnement stable \u00e0 long terme. Tout en conservant un design \u00e9l\u00e9gant, il r\u00e9pond \u00e0 des normes de durabilit\u00e9 de niveau industriel. <\/p>\n\n\n\n<p>Fabriqu\u00e9 en PVC de haute qualit\u00e9, il offre une r\u00e9sistance \u00e0 l'usure et une long\u00e9vit\u00e9 exceptionnelles.<\/p>\n<\/div>\n<\/div>\n\n\n\n<div class=\"wp-block-columns is-layout-flex wp-container-core-columns-is-layout-2 wp-block-columns-is-layout-flex\">\n<div class=\"wp-block-column is-vertically-aligned-center is-layout-flow wp-block-column-is-layout-flow\">\n<p>Elle est dot\u00e9e de puces de m\u00e9moire flash \u00e0 grande vitesse et offre plusieurs options de capacit\u00e9 allant de 8 \u00e0 64 Go, ce qui permet de r\u00e9pondre de mani\u00e8re flexible \u00e0 divers besoins de stockage de donn\u00e9es. Avec des vitesses de lecture et d'\u00e9criture stables et efficaces, elle permet de transf\u00e9rer et de stocker rapidement des documents et des fichiers multim\u00e9dias, r\u00e9pondant ainsi aux exigences des sc\u00e9narios professionnels tels que les op\u00e9rations commerciales et la sauvegarde des donn\u00e9es.<\/p>\n<\/div>\n\n\n\n<div class=\"wp-block-column is-layout-flow wp-block-column-is-layout-flow\">\n<figure class=\"wp-block-image size-full\"><img decoding=\"async\" width=\"800\" height=\"800\" src=\"https:\/\/www.yousanusb.com\/wp-content\/uploads\/2025\/10\/golf-ball-usb-flash-drive.png\" alt=\"\" class=\"wp-image-22392\" srcset=\"https:\/\/www.yousanusb.com\/wp-content\/uploads\/2025\/10\/golf-ball-usb-flash-drive.png 800w, https:\/\/www.yousanusb.com\/wp-content\/uploads\/2025\/10\/golf-ball-usb-flash-drive-300x300.png 300w, https:\/\/www.yousanusb.com\/wp-content\/uploads\/2025\/10\/golf-ball-usb-flash-drive-150x150.png 150w, https:\/\/www.yousanusb.com\/wp-content\/uploads\/2025\/10\/golf-ball-usb-flash-drive-768x768.png 768w, https:\/\/www.yousanusb.com\/wp-content\/uploads\/2025\/10\/golf-ball-usb-flash-drive-12x12.png 12w, https:\/\/www.yousanusb.com\/wp-content\/uploads\/2025\/10\/golf-ball-usb-flash-drive-600x600.png 600w, https:\/\/www.yousanusb.com\/wp-content\/uploads\/2025\/10\/golf-ball-usb-flash-drive-100x100.png 100w\" sizes=\"(max-width: 800px) 100vw, 800px\" \/><\/figure>\n<\/div>\n<\/div>\n\n\n\n<div class=\"wp-block-columns is-layout-flex wp-container-core-columns-is-layout-3 wp-block-columns-is-layout-flex\">\n<div class=\"wp-block-column is-layout-flow wp-block-column-is-layout-flow\">\n<figure class=\"wp-block-image size-full\"><img decoding=\"async\" width=\"800\" height=\"800\" src=\"https:\/\/www.yousanusb.com\/wp-content\/uploads\/2025\/10\/golf-ball-pen-drive.png\" alt=\"\" class=\"wp-image-22391\" srcset=\"https:\/\/www.yousanusb.com\/wp-content\/uploads\/2025\/10\/golf-ball-pen-drive.png 800w, https:\/\/www.yousanusb.com\/wp-content\/uploads\/2025\/10\/golf-ball-pen-drive-300x300.png 300w, https:\/\/www.yousanusb.com\/wp-content\/uploads\/2025\/10\/golf-ball-pen-drive-150x150.png 150w, https:\/\/www.yousanusb.com\/wp-content\/uploads\/2025\/10\/golf-ball-pen-drive-768x768.png 768w, https:\/\/www.yousanusb.com\/wp-content\/uploads\/2025\/10\/golf-ball-pen-drive-12x12.png 12w, https:\/\/www.yousanusb.com\/wp-content\/uploads\/2025\/10\/golf-ball-pen-drive-600x600.png 600w, https:\/\/www.yousanusb.com\/wp-content\/uploads\/2025\/10\/golf-ball-pen-drive-100x100.png 100w\" sizes=\"(max-width: 800px) 100vw, 800px\" \/><\/figure>\n<\/div>\n\n\n\n<div class=\"wp-block-column is-vertically-aligned-center is-layout-flow wp-block-column-is-layout-flow\">\n<p>Pour les clubs de golf et les organisateurs de tournois, il s'agit d'un support de marque haut de gamme. Personnalisable avec des logos exclusifs (par exemple, \"Amarilla Golf &amp; Marina\"), il renforce l'empreinte de la marque par le biais de comm\u00e9morations de tournois et de cadeaux aux membres. Dans la sph\u00e8re commerciale, il sert de cadeau pratique pour les partenaires, agissant en tant qu'ambassadeur de la marque pour obtenir une exposition durable.<\/p>\n\n\n\n<p>Il sert \u00e0 la fois d'outil de rangement et d'accessoire \u00e9l\u00e9gant qui met en valeur les int\u00e9r\u00eats personnels gr\u00e2ce \u00e0 son design th\u00e9matique. Facile \u00e0 ranger dans un sac de golf ou dans une poche, il permet de faire la transition entre le sport et le bureau.<\/p>\n<\/div>\n<\/div>","protected":false},"excerpt":{"rendered":"<ul>\n<li>Lecteurs de stylo uniques<\/li>\n<li>Impression de logos<\/li>\n<li>Disponible en plusieurs tailles de m\u00e9moire.<\/li>\n<li>Conception libre, \u00e9chantillons libres<\/li>\n<li>MOQ:100pcs<\/li>\n<\/ul>","protected":false},"featured_media":22389,"comment_status":"open","ping_status":"closed","template":"","meta":{"_seopress_robots_primary_cat":"","_seopress_titles_title":"","_seopress_titles_desc":"","_seopress_robots_index":""},"class_list":["post-22386","product","type-product","status-publish","has-post-thumbnail","hentry","product_cat-custom-usb-drive","product_tag-ball-usb-flash-drive"],"_links":{"self":[{"href":"https:\/\/www.yousanusb.com\/fr\/wp-json\/wp\/v2\/product\/22386"}],"collection":[{"href":"https:\/\/www.yousanusb.com\/fr\/wp-json\/wp\/v2\/product"}],"about":[{"href":"https:\/\/www.yousanusb.com\/fr\/wp-json\/wp\/v2\/types\/product"}],"replies":[{"embeddable":true,"href":"https:\/\/www.yousanusb.com\/fr\/wp-json\/wp\/v2\/comments?post=22386"}],"wp:featuredmedia":[{"embeddable":true,"href":"https:\/\/www.yousanusb.com\/fr\/wp-json\/wp\/v2\/media\/22389"}],"wp:attachment":[{"href":"https:\/\/www.yousanusb.com\/fr\/wp-json\/wp\/v2\/media?parent=22386"}],"curies":[{"name":"wp","href":"https:\/\/api.w.org\/{rel}","templated":true}]}}