{"id":22393,"date":"2025-10-23T12:16:14","date_gmt":"2025-10-23T12:16:14","guid":{"rendered":"https:\/\/www.yousanusb.com\/?post_type=product&#038;p=22393"},"modified":"2025-12-16T13:22:21","modified_gmt":"2025-12-16T13:22:21","slug":"hamburger-usb-flash-drive","status":"publish","type":"product","link":"https:\/\/www.yousanusb.com\/fr\/produit\/hamburger-usb-flash-drive\/","title":{"rendered":"Cl\u00e9 USB Hamburger"},"content":{"rendered":"<div class=\"wp-block-columns is-layout-flex wp-container-core-columns-is-layout-1 wp-block-columns-is-layout-flex\">\n<div class=\"wp-block-column is-vertically-aligned-center is-layout-flow wp-block-column-is-layout-flow\">\n<p>Cette cl\u00e9 USB en forme de hamburger correspond parfaitement aux pr\u00e9f\u00e9rences esth\u00e9tiques des jeunes. Elle reproduit m\u00e9ticuleusement les couches tridimensionnelles et les d\u00e9tails complexes du hamburger - du petit pain dor\u00e9 au s\u00e9same et de la laitue vert vif \u00e0 la galette de viande r\u00e9aliste - et donne l'impression d'\u00eatre si r\u00e9elle que l'on a envie d'en prendre une bouch\u00e9e. Fabriqu\u00e9 en PVC \u00e9cologique, il allie flexibilit\u00e9 et durabilit\u00e9.<\/p>\n\n\n\n<p>Gr\u00e2ce \u00e0 un processus d'injection int\u00e9gr\u00e9 dans le moule, le corps du hamburger se connecte de mani\u00e8re transparente au port USB. Certains mod\u00e8les sont m\u00eame dot\u00e9s de capuchons anti-poussi\u00e8re pour prot\u00e9ger l'interface et prolonger la dur\u00e9e de vie de l'appareil.<\/p>\n\n\n\n<p>Il peut \u00e9galement \u00eatre personnalis\u00e9 avec des logos de marque, servant de support mobile pour la diffusion de la culture de marque.<\/p>\n<\/div>\n\n\n\n<div class=\"wp-block-column is-layout-flow wp-block-column-is-layout-flow\">\n<figure class=\"wp-block-image size-full\"><img fetchpriority=\"high\" decoding=\"async\" width=\"800\" height=\"800\" src=\"https:\/\/www.yousanusb.com\/wp-content\/uploads\/2025\/10\/hamburger-usb-flash-drive.jpg\" alt=\"\" class=\"wp-image-22398\" srcset=\"https:\/\/www.yousanusb.com\/wp-content\/uploads\/2025\/10\/hamburger-usb-flash-drive.jpg 800w, https:\/\/www.yousanusb.com\/wp-content\/uploads\/2025\/10\/hamburger-usb-flash-drive-300x300.jpg 300w, https:\/\/www.yousanusb.com\/wp-content\/uploads\/2025\/10\/hamburger-usb-flash-drive-150x150.jpg 150w, https:\/\/www.yousanusb.com\/wp-content\/uploads\/2025\/10\/hamburger-usb-flash-drive-768x768.jpg 768w, https:\/\/www.yousanusb.com\/wp-content\/uploads\/2025\/10\/hamburger-usb-flash-drive-12x12.jpg 12w, https:\/\/www.yousanusb.com\/wp-content\/uploads\/2025\/10\/hamburger-usb-flash-drive-600x600.jpg 600w, https:\/\/www.yousanusb.com\/wp-content\/uploads\/2025\/10\/hamburger-usb-flash-drive-100x100.jpg 100w\" sizes=\"(max-width: 800px) 100vw, 800px\" \/><\/figure>\n<\/div>\n<\/div>\n\n\n\n<div class=\"wp-block-columns is-layout-flex wp-container-core-columns-is-layout-2 wp-block-columns-is-layout-flex\">\n<div class=\"wp-block-column is-layout-flow wp-block-column-is-layout-flow\">\n<figure class=\"wp-block-image size-full\"><img decoding=\"async\" width=\"800\" height=\"800\" src=\"https:\/\/www.yousanusb.com\/wp-content\/uploads\/2025\/10\/Hamburger-USB-Pen-Drive.jpg\" alt=\"\" class=\"wp-image-22399\" srcset=\"https:\/\/www.yousanusb.com\/wp-content\/uploads\/2025\/10\/Hamburger-USB-Pen-Drive.jpg 800w, https:\/\/www.yousanusb.com\/wp-content\/uploads\/2025\/10\/Hamburger-USB-Pen-Drive-300x300.jpg 300w, https:\/\/www.yousanusb.com\/wp-content\/uploads\/2025\/10\/Hamburger-USB-Pen-Drive-150x150.jpg 150w, https:\/\/www.yousanusb.com\/wp-content\/uploads\/2025\/10\/Hamburger-USB-Pen-Drive-768x768.jpg 768w, https:\/\/www.yousanusb.com\/wp-content\/uploads\/2025\/10\/Hamburger-USB-Pen-Drive-12x12.jpg 12w, https:\/\/www.yousanusb.com\/wp-content\/uploads\/2025\/10\/Hamburger-USB-Pen-Drive-600x600.jpg 600w, https:\/\/www.yousanusb.com\/wp-content\/uploads\/2025\/10\/Hamburger-USB-Pen-Drive-100x100.jpg 100w\" sizes=\"(max-width: 800px) 100vw, 800px\" \/><\/figure>\n<\/div>\n\n\n\n<div class=\"wp-block-column is-vertically-aligned-center is-layout-flow wp-block-column-is-layout-flow\">\n<p>En termes de performances de stockage, il est dot\u00e9 de puces de m\u00e9moire flash \u00e0 grande vitesse offrant plusieurs options de capacit\u00e9 allant de 8 Go \u00e0 128 Go, pour r\u00e9pondre aux divers besoins de stockage de donn\u00e9es tels que les documents, les images et les vid\u00e9os. L'interface USB utilise un protocole de transfert \u00e0 grande vitesse, offrant des vitesses de lecture et d'\u00e9criture stables et efficaces qui permettent le transfert et la sauvegarde rapides de fichiers volumineux. Sous son apparence cr\u00e9ative se cachent des performances de stockage de niveau professionnel.<br><\/p>\n<\/div>\n<\/div>\n\n\n\n<div class=\"wp-block-columns is-layout-flex wp-container-core-columns-is-layout-3 wp-block-columns-is-layout-flex\">\n<div class=\"wp-block-column is-vertically-aligned-center is-layout-flow wp-block-column-is-layout-flow\">\n<p>Les sc\u00e9narios suivants sont applicables :<\/p>\n\n\n\n<ul class=\"wp-block-list\">\n<li>Dans le secteur de la restauration rapide, il sert d'outil de marketing innovant pour la marque, en am\u00e9liorant la reconnaissance de la marque gr\u00e2ce \u00e0 des promotions en magasin, des avantages pour les membres et des c\u00e9l\u00e9brations d'anniversaires.<\/li>\n\n\n\n<li>Dans un contexte professionnel, il sort des sentiers battus des cadeaux num\u00e9riques conventionnels et t\u00e9moigne de la pr\u00e9venance et du dynamisme du donateur.<\/li>\n\n\n\n<li>Pour les jeunes consommateurs, son design burger se double d'un accessoire \u00e0 la mode qui se glisse facilement dans les sacs, alliant harmonieusement style personnel et organisation num\u00e9rique dans la vie quotidienne.<\/li>\n<\/ul>\n<\/div>\n\n\n\n<div class=\"wp-block-column is-layout-flow wp-block-column-is-layout-flow\">\n<figure class=\"wp-block-image size-full\"><img decoding=\"async\" width=\"800\" height=\"800\" src=\"https:\/\/www.yousanusb.com\/wp-content\/uploads\/2025\/10\/food-shaped-usb-drive.jpg\" alt=\"\" class=\"wp-image-22397\" srcset=\"https:\/\/www.yousanusb.com\/wp-content\/uploads\/2025\/10\/food-shaped-usb-drive.jpg 800w, https:\/\/www.yousanusb.com\/wp-content\/uploads\/2025\/10\/food-shaped-usb-drive-300x300.jpg 300w, https:\/\/www.yousanusb.com\/wp-content\/uploads\/2025\/10\/food-shaped-usb-drive-150x150.jpg 150w, https:\/\/www.yousanusb.com\/wp-content\/uploads\/2025\/10\/food-shaped-usb-drive-768x768.jpg 768w, https:\/\/www.yousanusb.com\/wp-content\/uploads\/2025\/10\/food-shaped-usb-drive-12x12.jpg 12w, https:\/\/www.yousanusb.com\/wp-content\/uploads\/2025\/10\/food-shaped-usb-drive-600x600.jpg 600w, https:\/\/www.yousanusb.com\/wp-content\/uploads\/2025\/10\/food-shaped-usb-drive-100x100.jpg 100w\" sizes=\"(max-width: 800px) 100vw, 800px\" \/><\/figure>\n<\/div>\n<\/div>","protected":false},"excerpt":{"rendered":"<ul>\n<li>Lecteur de stylo en PVC<\/li>\n<li>Couleur Pantone, couleur standard<\/li>\n<li>Imprimer le logo du client sur l'USB<\/li>\n<li>Certificat CE, FCC et RoHS<\/li>\n<li>Pr\u00eat \u00e0 l'emploi<\/li>\n<li>MOQ:100pcs<\/li>\n<\/ul>","protected":false},"featured_media":22396,"comment_status":"open","ping_status":"closed","template":"","meta":{"_seopress_robots_primary_cat":"","_seopress_titles_title":"","_seopress_titles_desc":"","_seopress_robots_index":""},"class_list":["post-22393","product","type-product","status-publish","has-post-thumbnail","hentry","product_cat-custom-usb-drive","product_tag-food-usb-flash-drive"],"_links":{"self":[{"href":"https:\/\/www.yousanusb.com\/fr\/wp-json\/wp\/v2\/product\/22393"}],"collection":[{"href":"https:\/\/www.yousanusb.com\/fr\/wp-json\/wp\/v2\/product"}],"about":[{"href":"https:\/\/www.yousanusb.com\/fr\/wp-json\/wp\/v2\/types\/product"}],"replies":[{"embeddable":true,"href":"https:\/\/www.yousanusb.com\/fr\/wp-json\/wp\/v2\/comments?post=22393"}],"wp:featuredmedia":[{"embeddable":true,"href":"https:\/\/www.yousanusb.com\/fr\/wp-json\/wp\/v2\/media\/22396"}],"wp:attachment":[{"href":"https:\/\/www.yousanusb.com\/fr\/wp-json\/wp\/v2\/media?parent=22393"}],"curies":[{"name":"wp","href":"https:\/\/api.w.org\/{rel}","templated":true}]}}