{"id":22433,"date":"2025-10-24T02:54:00","date_gmt":"2025-10-24T02:54:00","guid":{"rendered":"https:\/\/www.yousanusb.com\/?post_type=product&#038;p=22433"},"modified":"2025-10-24T03:31:30","modified_gmt":"2025-10-24T03:31:30","slug":"cartoon-2d-pufferfish-keychain","status":"publish","type":"product","link":"https:\/\/www.yousanusb.com\/fr\/produit\/cartoon-2d-pufferfish-keychain\/","title":{"rendered":"Porte-cl\u00e9s poisson-globe 2D"},"content":{"rendered":"<p>Ce porte-cl\u00e9s est orn\u00e9 d'un motif de poisson-globe en dessin anim\u00e9, qui allie habilement le charme gracieux de la vie marine \u00e0 une esth\u00e9tique adorable. Il est disponible en deux coloris bleus rafra\u00eechissants : un bleu royal profond associ\u00e9 \u00e0 des nageoires et un bec jaune orang\u00e9, et un bleu ciel doux avec des nageoires et un bec rouges. Sa silhouette arrondie, ses yeux adorables ferm\u00e9s, ses joues roses et les taches ludiques qui couvrent son corps rendent le personnage du poisson-globe tout \u00e0 fait charmant et visuellement captivant.<\/p>\n\n\n\n<div class=\"wp-block-columns is-layout-flex wp-container-core-columns-is-layout-1 wp-block-columns-is-layout-flex\">\n<div class=\"wp-block-column is-layout-flow wp-block-column-is-layout-flow\">\n<figure class=\"wp-block-image size-full\"><img fetchpriority=\"high\" decoding=\"async\" width=\"800\" height=\"800\" src=\"https:\/\/www.yousanusb.com\/wp-content\/uploads\/2025\/10\/Pufferfish-keychain.jpg\" alt=\"\" class=\"wp-image-22436\" srcset=\"https:\/\/www.yousanusb.com\/wp-content\/uploads\/2025\/10\/Pufferfish-keychain.jpg 800w, https:\/\/www.yousanusb.com\/wp-content\/uploads\/2025\/10\/Pufferfish-keychain-300x300.jpg 300w, https:\/\/www.yousanusb.com\/wp-content\/uploads\/2025\/10\/Pufferfish-keychain-150x150.jpg 150w, https:\/\/www.yousanusb.com\/wp-content\/uploads\/2025\/10\/Pufferfish-keychain-768x768.jpg 768w, https:\/\/www.yousanusb.com\/wp-content\/uploads\/2025\/10\/Pufferfish-keychain-12x12.jpg 12w, https:\/\/www.yousanusb.com\/wp-content\/uploads\/2025\/10\/Pufferfish-keychain-600x600.jpg 600w, https:\/\/www.yousanusb.com\/wp-content\/uploads\/2025\/10\/Pufferfish-keychain-100x100.jpg 100w\" sizes=\"(max-width: 800px) 100vw, 800px\" \/><\/figure>\n<\/div>\n\n\n\n<div class=\"wp-block-column is-layout-flow wp-block-column-is-layout-flow\">\n<figure class=\"wp-block-image size-full\"><img decoding=\"async\" width=\"800\" height=\"800\" src=\"https:\/\/www.yousanusb.com\/wp-content\/uploads\/2025\/10\/Pufferfish-PVC-keychain.jpg\" alt=\"\" class=\"wp-image-22437\" srcset=\"https:\/\/www.yousanusb.com\/wp-content\/uploads\/2025\/10\/Pufferfish-PVC-keychain.jpg 800w, https:\/\/www.yousanusb.com\/wp-content\/uploads\/2025\/10\/Pufferfish-PVC-keychain-300x300.jpg 300w, https:\/\/www.yousanusb.com\/wp-content\/uploads\/2025\/10\/Pufferfish-PVC-keychain-150x150.jpg 150w, https:\/\/www.yousanusb.com\/wp-content\/uploads\/2025\/10\/Pufferfish-PVC-keychain-768x768.jpg 768w, https:\/\/www.yousanusb.com\/wp-content\/uploads\/2025\/10\/Pufferfish-PVC-keychain-12x12.jpg 12w, https:\/\/www.yousanusb.com\/wp-content\/uploads\/2025\/10\/Pufferfish-PVC-keychain-600x600.jpg 600w, https:\/\/www.yousanusb.com\/wp-content\/uploads\/2025\/10\/Pufferfish-PVC-keychain-100x100.jpg 100w\" sizes=\"(max-width: 800px) 100vw, 800px\" \/><\/figure>\n<\/div>\n<\/div>\n\n\n\n<p>Le corps principal est fabriqu\u00e9 en PVC souple de premi\u00e8re qualit\u00e9, offrant un toucher doux tout en \u00e9tant durable et r\u00e9sistant \u00e0 l'usure. Le porte-cl\u00e9s et la cha\u00eene en m\u00e9tal sont en alliage de zinc, ce qui garantit leur solidit\u00e9 et leur fiabilit\u00e9. Il permet de ranger les cl\u00e9s en toute s\u00e9curit\u00e9 et peut \u00e9galement servir de breloque de sac, ajoutant un d\u00e9tail mignon \u00e0 votre tenue ou \u00e0 vos accessoires.<\/p>\n\n\n\n<p><\/p>","protected":false},"excerpt":{"rendered":"<ul>\n<li>Porte-cl\u00e9s poisson-globe<\/li>\n<li>mat\u00e9riau PVC souple<\/li>\n<li>Deux couleurs sont disponibles.<\/li>\n<li>conception libre, \u00e9chantillons libres<\/li>\n<li>MOQ:200pcs<\/li>\n<\/ul>","protected":false},"featured_media":22437,"comment_status":"open","ping_status":"closed","template":"","meta":{"_seopress_robots_primary_cat":"","_seopress_titles_title":"","_seopress_titles_desc":"","_seopress_robots_index":""},"class_list":["post-22433","product","type-product","status-publish","has-post-thumbnail","hentry","product_cat-3d-rubber-key-chain"],"_links":{"self":[{"href":"https:\/\/www.yousanusb.com\/fr\/wp-json\/wp\/v2\/product\/22433"}],"collection":[{"href":"https:\/\/www.yousanusb.com\/fr\/wp-json\/wp\/v2\/product"}],"about":[{"href":"https:\/\/www.yousanusb.com\/fr\/wp-json\/wp\/v2\/types\/product"}],"replies":[{"embeddable":true,"href":"https:\/\/www.yousanusb.com\/fr\/wp-json\/wp\/v2\/comments?post=22433"}],"wp:featuredmedia":[{"embeddable":true,"href":"https:\/\/www.yousanusb.com\/fr\/wp-json\/wp\/v2\/media\/22437"}],"wp:attachment":[{"href":"https:\/\/www.yousanusb.com\/fr\/wp-json\/wp\/v2\/media?parent=22433"}],"curies":[{"name":"wp","href":"https:\/\/api.w.org\/{rel}","templated":true}]}}