{"id":22450,"date":"2025-10-24T06:02:37","date_gmt":"2025-10-24T06:02:37","guid":{"rendered":"https:\/\/www.yousanusb.com\/?post_type=product&#038;p=22450"},"modified":"2025-10-24T08:37:03","modified_gmt":"2025-10-24T08:37:03","slug":"cute-2d-pvc-sheep-keychain","status":"publish","type":"product","link":"https:\/\/www.yousanusb.com\/fr\/produit\/cute-2d-pvc-sheep-keychain\/","title":{"rendered":"Porte-cl\u00e9s mouton mignon en PVC 2D"},"content":{"rendered":"<p>Si vous \u00eates sous le charme des moutons, cette s\u00e9rie de porte-cl\u00e9s en forme de mouton de bande dessin\u00e9e vous ravira \u00e0 coup s\u00fbr. Chacun des trois mod\u00e8les capture de mani\u00e8re unique l'esprit doux, enjou\u00e9 et vif des moutons, insufflant \u00e0 votre vie quotidienne une abondance d'amusement adorable.<\/p>\n\n\n\n<p>Fabriqu\u00e9s en PVC souple, ces porte-cl\u00e9s pr\u00e9sentent une texture lisse et souple, durable et r\u00e9sistante \u00e0 la d\u00e9formation. Le porte-cl\u00e9s et la cha\u00eene en m\u00e9tal solide maintiennent vos cl\u00e9s en toute s\u00e9curit\u00e9 tout en servant de breloque de sac \u00e9l\u00e9gante. Qu'il s'agisse d'organiser vos cl\u00e9s ou d'accessoiriser votre tenue, vous serez toujours entour\u00e9 d'adorables moutons \"baa-ing\".<\/p>\n\n\n\n<div class=\"wp-block-columns is-layout-flex wp-container-core-columns-is-layout-1 wp-block-columns-is-layout-flex\">\n<div class=\"wp-block-column is-layout-flow wp-block-column-is-layout-flow\">\n<figure class=\"wp-block-image size-full\"><img fetchpriority=\"high\" decoding=\"async\" width=\"800\" height=\"800\" src=\"https:\/\/www.yousanusb.com\/wp-content\/uploads\/2025\/10\/2D-PVC-Sheep-keychain.jpg\" alt=\"\" class=\"wp-image-22453\" srcset=\"https:\/\/www.yousanusb.com\/wp-content\/uploads\/2025\/10\/2D-PVC-Sheep-keychain.jpg 800w, https:\/\/www.yousanusb.com\/wp-content\/uploads\/2025\/10\/2D-PVC-Sheep-keychain-300x300.jpg 300w, https:\/\/www.yousanusb.com\/wp-content\/uploads\/2025\/10\/2D-PVC-Sheep-keychain-150x150.jpg 150w, https:\/\/www.yousanusb.com\/wp-content\/uploads\/2025\/10\/2D-PVC-Sheep-keychain-768x768.jpg 768w, https:\/\/www.yousanusb.com\/wp-content\/uploads\/2025\/10\/2D-PVC-Sheep-keychain-12x12.jpg 12w, https:\/\/www.yousanusb.com\/wp-content\/uploads\/2025\/10\/2D-PVC-Sheep-keychain-600x600.jpg 600w, https:\/\/www.yousanusb.com\/wp-content\/uploads\/2025\/10\/2D-PVC-Sheep-keychain-100x100.jpg 100w\" sizes=\"(max-width: 800px) 100vw, 800px\" \/><\/figure>\n<\/div>\n\n\n\n<div class=\"wp-block-column is-layout-flow wp-block-column-is-layout-flow\">\n<figure class=\"wp-block-image size-full\"><img decoding=\"async\" width=\"800\" height=\"800\" src=\"https:\/\/www.yousanusb.com\/wp-content\/uploads\/2025\/10\/sheep-keychain.jpg\" alt=\"\" class=\"wp-image-22454\" srcset=\"https:\/\/www.yousanusb.com\/wp-content\/uploads\/2025\/10\/sheep-keychain.jpg 800w, https:\/\/www.yousanusb.com\/wp-content\/uploads\/2025\/10\/sheep-keychain-300x300.jpg 300w, https:\/\/www.yousanusb.com\/wp-content\/uploads\/2025\/10\/sheep-keychain-150x150.jpg 150w, https:\/\/www.yousanusb.com\/wp-content\/uploads\/2025\/10\/sheep-keychain-768x768.jpg 768w, https:\/\/www.yousanusb.com\/wp-content\/uploads\/2025\/10\/sheep-keychain-12x12.jpg 12w, https:\/\/www.yousanusb.com\/wp-content\/uploads\/2025\/10\/sheep-keychain-600x600.jpg 600w, https:\/\/www.yousanusb.com\/wp-content\/uploads\/2025\/10\/sheep-keychain-100x100.jpg 100w\" sizes=\"(max-width: 800px) 100vw, 800px\" \/><\/figure>\n<\/div>\n\n\n\n<div class=\"wp-block-column is-layout-flow wp-block-column-is-layout-flow\">\n<figure class=\"wp-block-image size-full\"><img decoding=\"async\" width=\"800\" height=\"800\" src=\"https:\/\/www.yousanusb.com\/wp-content\/uploads\/2025\/10\/sheep-PVC-keychain.jpg\" alt=\"\" class=\"wp-image-22455\" srcset=\"https:\/\/www.yousanusb.com\/wp-content\/uploads\/2025\/10\/sheep-PVC-keychain.jpg 800w, https:\/\/www.yousanusb.com\/wp-content\/uploads\/2025\/10\/sheep-PVC-keychain-300x300.jpg 300w, https:\/\/www.yousanusb.com\/wp-content\/uploads\/2025\/10\/sheep-PVC-keychain-150x150.jpg 150w, https:\/\/www.yousanusb.com\/wp-content\/uploads\/2025\/10\/sheep-PVC-keychain-768x768.jpg 768w, https:\/\/www.yousanusb.com\/wp-content\/uploads\/2025\/10\/sheep-PVC-keychain-12x12.jpg 12w, https:\/\/www.yousanusb.com\/wp-content\/uploads\/2025\/10\/sheep-PVC-keychain-600x600.jpg 600w, https:\/\/www.yousanusb.com\/wp-content\/uploads\/2025\/10\/sheep-PVC-keychain-100x100.jpg 100w\" sizes=\"(max-width: 800px) 100vw, 800px\" \/><\/figure>\n<\/div>\n<\/div>\n\n\n\n<div class=\"wp-block-columns is-layout-flex wp-container-core-columns-is-layout-2 wp-block-columns-is-layout-flex\">\n<div class=\"wp-block-column is-layout-flow wp-block-column-is-layout-flow\">\n<p>1) Ce porte-cl\u00e9s B\u00e9lier pr\u00e9sente un pelage blanc boucl\u00e9 et duveteux tout \u00e0 fait adorable. Ses joues roses, le bout de sa queue et ses sabots font instantan\u00e9ment vibrer la corde sensible de toutes les filles. Son visage rond et ses yeux noirs en forme de haricot le rendent \u00e0 la fois doux et apaisant.<\/p>\n<\/div>\n\n\n\n<div class=\"wp-block-column is-layout-flow wp-block-column-is-layout-flow\">\n<p>2) Ce porte-cl\u00e9s mouton noir pr\u00e9sente un visage et des sabots d'un noir de jais, ce qui donne \u00e0 sa laine blanche duveteuse un aspect encore plus doux. Les extr\u00e9mit\u00e9s roses des oreilles r\u00e9servent une surprise subtile, tandis que les yeux noirs ronds rayonnent de douceur, capturant avec un r\u00e9alisme remarquable l'innocence pure d'un agneau dans le p\u00e2turage.<\/p>\n<\/div>\n\n\n\n<div class=\"wp-block-column is-layout-flow wp-block-column-is-layout-flow\">\n<p>3 Ce porte-cl\u00e9s en forme de ch\u00e8vre est orn\u00e9 d'une \u00e9l\u00e9gante corne rose et blanche au sommet de la t\u00eate, avec des couleurs cr\u00e8me et jaune clair fra\u00eeches et vibrantes. Elle bondit avec une \u00e9nergie vive, ses yeux grands ouverts et sa bouche l\u00e9g\u00e8rement entrouverte d\u00e9bordent d'esprit, comme si elle pouvait partir \u00e0 la d\u00e9couverte du monde \u00e0 tout moment.<\/p>\n<\/div>\n<\/div>\n\n\n\n<p><\/p>","protected":false},"excerpt":{"rendered":"<ul>\n<li>mat\u00e9riaux en PVC souple<\/li>\n<li>Porte-cl\u00e9s mouton \/ ch\u00e8vre<\/li>\n<li>Porte-cl\u00e9s en PVC 2D<\/li>\n<li>Diff\u00e9rentes formes personnalis\u00e9es<\/li>\n<li>MOQ:200pcs<\/li>\n<\/ul>","protected":false},"featured_media":22453,"comment_status":"open","ping_status":"closed","template":"","meta":{"_seopress_robots_primary_cat":"","_seopress_titles_title":"","_seopress_titles_desc":"","_seopress_robots_index":""},"class_list":["post-22450","product","type-product","status-publish","has-post-thumbnail","hentry","product_cat-3d-rubber-key-chain"],"_links":{"self":[{"href":"https:\/\/www.yousanusb.com\/fr\/wp-json\/wp\/v2\/product\/22450"}],"collection":[{"href":"https:\/\/www.yousanusb.com\/fr\/wp-json\/wp\/v2\/product"}],"about":[{"href":"https:\/\/www.yousanusb.com\/fr\/wp-json\/wp\/v2\/types\/product"}],"replies":[{"embeddable":true,"href":"https:\/\/www.yousanusb.com\/fr\/wp-json\/wp\/v2\/comments?post=22450"}],"wp:featuredmedia":[{"embeddable":true,"href":"https:\/\/www.yousanusb.com\/fr\/wp-json\/wp\/v2\/media\/22453"}],"wp:attachment":[{"href":"https:\/\/www.yousanusb.com\/fr\/wp-json\/wp\/v2\/media?parent=22450"}],"curies":[{"name":"wp","href":"https:\/\/api.w.org\/{rel}","templated":true}]}}