{"id":22468,"date":"2025-10-24T07:46:18","date_gmt":"2025-10-24T07:46:18","guid":{"rendered":"https:\/\/www.yousanusb.com\/?post_type=product&#038;p=22468"},"modified":"2025-10-24T08:36:20","modified_gmt":"2025-10-24T08:36:20","slug":"cartoon-zebra-soft-pvc-keychain","status":"publish","type":"product","link":"https:\/\/www.yousanusb.com\/fr\/produit\/cartoon-zebra-soft-pvc-keychain\/","title":{"rendered":"Porte-cl\u00e9s z\u00e8bre en PVC souple"},"content":{"rendered":"<p>Ce porte-cl\u00e9s en forme de z\u00e8bre est moul\u00e9 avec pr\u00e9cision gr\u00e2ce \u00e0 la technologie du moulage par injection. Il pr\u00e9sente une texture de surface lisse et une forte adh\u00e9rence des couleurs. Qu'il s'agisse d'un petit cadeau d'anniversaire pour les enfants ou d'une utilisation dans des boutiques cr\u00e9atives, il peut favoriser un sentiment de proximit\u00e9. Il s'agit \u00e9galement d'un petit cadeau attentionn\u00e9 \u00e0 offrir lors de rencontres quotidiennes.<\/p>\n\n\n\n<div class=\"wp-block-columns is-layout-flex wp-container-core-columns-is-layout-1 wp-block-columns-is-layout-flex\">\n<div class=\"wp-block-column is-layout-flow wp-block-column-is-layout-flow\">\n<figure class=\"wp-block-image size-full\"><img fetchpriority=\"high\" decoding=\"async\" width=\"800\" height=\"800\" src=\"https:\/\/www.yousanusb.com\/wp-content\/uploads\/2025\/10\/Zebra-PVC-keychain.jpg\" alt=\"\" class=\"wp-image-22474\" srcset=\"https:\/\/www.yousanusb.com\/wp-content\/uploads\/2025\/10\/Zebra-PVC-keychain.jpg 800w, https:\/\/www.yousanusb.com\/wp-content\/uploads\/2025\/10\/Zebra-PVC-keychain-300x300.jpg 300w, https:\/\/www.yousanusb.com\/wp-content\/uploads\/2025\/10\/Zebra-PVC-keychain-150x150.jpg 150w, https:\/\/www.yousanusb.com\/wp-content\/uploads\/2025\/10\/Zebra-PVC-keychain-768x768.jpg 768w, https:\/\/www.yousanusb.com\/wp-content\/uploads\/2025\/10\/Zebra-PVC-keychain-12x12.jpg 12w, https:\/\/www.yousanusb.com\/wp-content\/uploads\/2025\/10\/Zebra-PVC-keychain-600x600.jpg 600w, https:\/\/www.yousanusb.com\/wp-content\/uploads\/2025\/10\/Zebra-PVC-keychain-100x100.jpg 100w\" sizes=\"(max-width: 800px) 100vw, 800px\" \/><figcaption class=\"wp-element-caption\">1) Le premier porte-cl\u00e9s z\u00e9br\u00e9 pr\u00e9sente des rayures noires et blanches audacieuses, agr\u00e9ment\u00e9es de pointes d'oreilles roses. Son nez noir arbore un sourire enjou\u00e9, tandis que ses yeux sont l\u00e9g\u00e8rement pliss\u00e9s, ce qui lui conf\u00e8re une apparence mignonne et attachante. Avec sa silhouette arrondie et son attitude charmante, il rayonne de chaleur et de convivialit\u00e9.<\/figcaption><\/figure>\n<\/div>\n\n\n\n<div class=\"wp-block-column is-layout-flow wp-block-column-is-layout-flow\">\n<figure class=\"wp-block-image size-full\"><img decoding=\"async\" width=\"800\" height=\"800\" src=\"https:\/\/www.yousanusb.com\/wp-content\/uploads\/2025\/10\/Zebra-keychain.jpg\" alt=\"\" class=\"wp-image-22473\" srcset=\"https:\/\/www.yousanusb.com\/wp-content\/uploads\/2025\/10\/Zebra-keychain.jpg 800w, https:\/\/www.yousanusb.com\/wp-content\/uploads\/2025\/10\/Zebra-keychain-300x300.jpg 300w, https:\/\/www.yousanusb.com\/wp-content\/uploads\/2025\/10\/Zebra-keychain-150x150.jpg 150w, https:\/\/www.yousanusb.com\/wp-content\/uploads\/2025\/10\/Zebra-keychain-768x768.jpg 768w, https:\/\/www.yousanusb.com\/wp-content\/uploads\/2025\/10\/Zebra-keychain-12x12.jpg 12w, https:\/\/www.yousanusb.com\/wp-content\/uploads\/2025\/10\/Zebra-keychain-600x600.jpg 600w, https:\/\/www.yousanusb.com\/wp-content\/uploads\/2025\/10\/Zebra-keychain-100x100.jpg 100w\" sizes=\"(max-width: 800px) 100vw, 800px\" \/><figcaption class=\"wp-element-caption\">2 Ce porte-cl\u00e9s z\u00e9br\u00e9 pr\u00e9sente des rayures noires et blanches classiques, des oreilles roses et un nez marron en forme de sourire. Son design est simple et \u00e9l\u00e9gant, avec des d\u00e9tails faciaux attachants qui le rendent imm\u00e9diatement reconnaissable.<\/figcaption><\/figure>\n<\/div>\n<\/div>\n\n\n\n<div class=\"wp-block-columns is-layout-flex wp-container-core-columns-is-layout-2 wp-block-columns-is-layout-flex\">\n<div class=\"wp-block-column is-layout-flow wp-block-column-is-layout-flow\">\n<figure class=\"wp-block-image size-full\"><img decoding=\"async\" width=\"800\" height=\"800\" src=\"https:\/\/www.yousanusb.com\/wp-content\/uploads\/2025\/10\/zebra-cartoon-keychain.jpg\" alt=\"\" class=\"wp-image-22472\" srcset=\"https:\/\/www.yousanusb.com\/wp-content\/uploads\/2025\/10\/zebra-cartoon-keychain.jpg 800w, https:\/\/www.yousanusb.com\/wp-content\/uploads\/2025\/10\/zebra-cartoon-keychain-300x300.jpg 300w, https:\/\/www.yousanusb.com\/wp-content\/uploads\/2025\/10\/zebra-cartoon-keychain-150x150.jpg 150w, https:\/\/www.yousanusb.com\/wp-content\/uploads\/2025\/10\/zebra-cartoon-keychain-768x768.jpg 768w, https:\/\/www.yousanusb.com\/wp-content\/uploads\/2025\/10\/zebra-cartoon-keychain-12x12.jpg 12w, https:\/\/www.yousanusb.com\/wp-content\/uploads\/2025\/10\/zebra-cartoon-keychain-600x600.jpg 600w, https:\/\/www.yousanusb.com\/wp-content\/uploads\/2025\/10\/zebra-cartoon-keychain-100x100.jpg 100w\" sizes=\"(max-width: 800px) 100vw, 800px\" \/><figcaption class=\"wp-element-caption\">3) Ce porte-cl\u00e9s z\u00e9br\u00e9 pr\u00e9sente des rayures noires et blanches, avec des embouts d'oreille roses et du fard \u00e0 joues qui ajoutent une touche mignonne. Son nez gris est arrondi et ses yeux sont con\u00e7us pour para\u00eetre particuli\u00e8rement innocents. Le corps pr\u00e9sente des lignes douces et arrondies, cr\u00e9ant ainsi une silhouette tout \u00e0 fait adorable.<\/figcaption><\/figure>\n<\/div>\n\n\n\n<div class=\"wp-block-column is-layout-flow wp-block-column-is-layout-flow\">\n<figure class=\"wp-block-image size-full\"><img loading=\"lazy\" decoding=\"async\" width=\"800\" height=\"800\" src=\"https:\/\/www.yousanusb.com\/wp-content\/uploads\/2025\/10\/PVC-Zebra-keychain.jpg\" alt=\"\" class=\"wp-image-22471\" srcset=\"https:\/\/www.yousanusb.com\/wp-content\/uploads\/2025\/10\/PVC-Zebra-keychain.jpg 800w, https:\/\/www.yousanusb.com\/wp-content\/uploads\/2025\/10\/PVC-Zebra-keychain-300x300.jpg 300w, https:\/\/www.yousanusb.com\/wp-content\/uploads\/2025\/10\/PVC-Zebra-keychain-150x150.jpg 150w, https:\/\/www.yousanusb.com\/wp-content\/uploads\/2025\/10\/PVC-Zebra-keychain-768x768.jpg 768w, https:\/\/www.yousanusb.com\/wp-content\/uploads\/2025\/10\/PVC-Zebra-keychain-12x12.jpg 12w, https:\/\/www.yousanusb.com\/wp-content\/uploads\/2025\/10\/PVC-Zebra-keychain-600x600.jpg 600w, https:\/\/www.yousanusb.com\/wp-content\/uploads\/2025\/10\/PVC-Zebra-keychain-100x100.jpg 100w\" sizes=\"(max-width: 800px) 100vw, 800px\" \/><figcaption class=\"wp-element-caption\">4. ce porte-cl\u00e9s z\u00e8bre pr\u00e9sente des rayures noires et blanches distinctes, agr\u00e9ment\u00e9es d'oreilles roses et d'un nez marron au sourire enjou\u00e9. Son design vivant capture l'esprit fougueux de l'animal.<\/figcaption><\/figure>\n<\/div>\n<\/div>\n\n\n\n<p><\/p>","protected":false},"excerpt":{"rendered":"<ul>\n<li>Porte-cl\u00e9s z\u00e8bre mignon<\/li>\n<li>Porte-cl\u00e9s en PVC 2D<\/li>\n<li>une forme sur mesure<\/li>\n<li>Conception libre, \u00e9chantillons libres<\/li>\n<li>MOQ:200pcs<\/li>\n<\/ul>","protected":false},"featured_media":22474,"comment_status":"open","ping_status":"closed","template":"","meta":{"_seopress_robots_primary_cat":"","_seopress_titles_title":"","_seopress_titles_desc":"","_seopress_robots_index":""},"class_list":["post-22468","product","type-product","status-publish","has-post-thumbnail","hentry","product_cat-3d-rubber-key-chain"],"_links":{"self":[{"href":"https:\/\/www.yousanusb.com\/fr\/wp-json\/wp\/v2\/product\/22468"}],"collection":[{"href":"https:\/\/www.yousanusb.com\/fr\/wp-json\/wp\/v2\/product"}],"about":[{"href":"https:\/\/www.yousanusb.com\/fr\/wp-json\/wp\/v2\/types\/product"}],"replies":[{"embeddable":true,"href":"https:\/\/www.yousanusb.com\/fr\/wp-json\/wp\/v2\/comments?post=22468"}],"wp:featuredmedia":[{"embeddable":true,"href":"https:\/\/www.yousanusb.com\/fr\/wp-json\/wp\/v2\/media\/22474"}],"wp:attachment":[{"href":"https:\/\/www.yousanusb.com\/fr\/wp-json\/wp\/v2\/media?parent=22468"}],"curies":[{"name":"wp","href":"https:\/\/api.w.org\/{rel}","templated":true}]}}