{"id":22557,"date":"2025-10-27T03:57:06","date_gmt":"2025-10-27T03:57:06","guid":{"rendered":"https:\/\/www.yousanusb.com\/?post_type=product&#038;p=22557"},"modified":"2025-10-27T06:06:39","modified_gmt":"2025-10-27T06:06:39","slug":"rotating-epoxy-usb-flash-drive","status":"publish","type":"product","link":"https:\/\/www.yousanusb.com\/fr\/produit\/rotating-epoxy-usb-flash-drive\/","title":{"rendered":"Cl\u00e9 USB rotative en \u00e9poxy"},"content":{"rendered":"<p>Cette cl\u00e9 USB rotative en \u00e9poxy est dot\u00e9e d'un m\u00e9canisme classique d'ouverture par rotation, ce qui en fait notre mod\u00e8le le plus vendu. Cette conception emp\u00eache efficacement l'accumulation de poussi\u00e8re et l'endommagement accidentel du connecteur.<\/p>\n\n\n\n<div class=\"wp-block-columns is-layout-flex wp-container-core-columns-is-layout-1 wp-block-columns-is-layout-flex\">\n<div class=\"wp-block-column is-vertically-aligned-center is-layout-flow wp-block-column-is-layout-flow\">\n<p>Le processus de moulage de la r\u00e9sine est le principal avantage de cette cl\u00e9 USB. Utilisant une r\u00e9sine \u00e9poxy de haute puret\u00e9, la couche de gel est form\u00e9e par un \u00e9gouttage et un durcissement pr\u00e9cis. Cela garantit non seulement que les motifs et le texte restent \u00e9clatants et durables, mais aussi qu'ils sont r\u00e9sistants \u00e0 l'usure, \u00e0 l'eau et aux rayures. Lors d'une utilisation quotidienne, m\u00eame les petits chocs ou les taches d'eau n'affectent pas son apparence. Il conserve son aspect impeccable en cas d'utilisation prolong\u00e9e, ce qui garantit que le contenu personnalis\u00e9 restera \u00e9clatant pendant des ann\u00e9es.<\/p>\n<\/div>\n\n\n\n<div class=\"wp-block-column is-layout-flow wp-block-column-is-layout-flow\">\n<figure class=\"wp-block-image size-full\"><img fetchpriority=\"high\" decoding=\"async\" width=\"800\" height=\"800\" src=\"https:\/\/www.yousanusb.com\/wp-content\/uploads\/2025\/10\/customized-epoxy-usb-flash-drive.jpg\" alt=\"\" class=\"wp-image-22560\" srcset=\"https:\/\/www.yousanusb.com\/wp-content\/uploads\/2025\/10\/customized-epoxy-usb-flash-drive.jpg 800w, https:\/\/www.yousanusb.com\/wp-content\/uploads\/2025\/10\/customized-epoxy-usb-flash-drive-300x300.jpg 300w, https:\/\/www.yousanusb.com\/wp-content\/uploads\/2025\/10\/customized-epoxy-usb-flash-drive-150x150.jpg 150w, https:\/\/www.yousanusb.com\/wp-content\/uploads\/2025\/10\/customized-epoxy-usb-flash-drive-768x768.jpg 768w, https:\/\/www.yousanusb.com\/wp-content\/uploads\/2025\/10\/customized-epoxy-usb-flash-drive-12x12.jpg 12w, https:\/\/www.yousanusb.com\/wp-content\/uploads\/2025\/10\/customized-epoxy-usb-flash-drive-600x600.jpg 600w, https:\/\/www.yousanusb.com\/wp-content\/uploads\/2025\/10\/customized-epoxy-usb-flash-drive-100x100.jpg 100w\" sizes=\"(max-width: 800px) 100vw, 800px\" \/><\/figure>\n<\/div>\n<\/div>\n\n\n\n<div class=\"wp-block-columns is-layout-flex wp-container-core-columns-is-layout-2 wp-block-columns-is-layout-flex\">\n<div class=\"wp-block-column is-layout-flow wp-block-column-is-layout-flow\">\n<figure class=\"wp-block-image size-full\"><img decoding=\"async\" width=\"800\" height=\"800\" src=\"https:\/\/www.yousanusb.com\/wp-content\/uploads\/2025\/10\/usb-flash-drive-with-epoxy-logo.jpg\" alt=\"\" class=\"wp-image-22563\" srcset=\"https:\/\/www.yousanusb.com\/wp-content\/uploads\/2025\/10\/usb-flash-drive-with-epoxy-logo.jpg 800w, https:\/\/www.yousanusb.com\/wp-content\/uploads\/2025\/10\/usb-flash-drive-with-epoxy-logo-300x300.jpg 300w, https:\/\/www.yousanusb.com\/wp-content\/uploads\/2025\/10\/usb-flash-drive-with-epoxy-logo-150x150.jpg 150w, https:\/\/www.yousanusb.com\/wp-content\/uploads\/2025\/10\/usb-flash-drive-with-epoxy-logo-768x768.jpg 768w, https:\/\/www.yousanusb.com\/wp-content\/uploads\/2025\/10\/usb-flash-drive-with-epoxy-logo-12x12.jpg 12w, https:\/\/www.yousanusb.com\/wp-content\/uploads\/2025\/10\/usb-flash-drive-with-epoxy-logo-600x600.jpg 600w, https:\/\/www.yousanusb.com\/wp-content\/uploads\/2025\/10\/usb-flash-drive-with-epoxy-logo-100x100.jpg 100w\" sizes=\"(max-width: 800px) 100vw, 800px\" \/><\/figure>\n<\/div>\n\n\n\n<div class=\"wp-block-column is-vertically-aligned-center is-layout-flow wp-block-column-is-layout-flow\">\n<p>Les panneaux rev\u00eatus de r\u00e9sine offrent de nombreuses possibilit\u00e9s de personnalisation. Qu'il s'agisse de drapeaux nationaux, de logos de marque, de dessins cr\u00e9atifs ou de couleurs, le processus de moulage de la r\u00e9sine permet d'obtenir des couleurs vives et nettes avec une finition riche et textur\u00e9e.<br>Muni d'une cha\u00eene en m\u00e9tal, il peut \u00eatre facilement attach\u00e9 \u00e0 un porte-cl\u00e9s ou \u00e0 un porte-documents pour une portabilit\u00e9 maximale. Il constitue \u00e0 la fois un outil pratique et un accessoire de mode qui attire l'attention.<\/p>\n<\/div>\n<\/div>\n\n\n\n<div class=\"wp-block-columns is-layout-flex wp-container-core-columns-is-layout-3 wp-block-columns-is-layout-flex\">\n<div class=\"wp-block-column is-vertically-aligned-center is-layout-flow wp-block-column-is-layout-flow\">\n<p>La cl\u00e9 USB en \u00e9poxy est dot\u00e9e de puces de stockage de qualit\u00e9 sup\u00e9rieure et prend en charge plusieurs capacit\u00e9s allant de 8 Go \u00e0 128 Go, ce qui permet une personnalisation flexible pour r\u00e9pondre \u00e0 vos besoins.<br>Il assure un transfert de donn\u00e9es stable et efficace, compatible avec les principaux syst\u00e8mes d'exploitation tels que Windows et Mac. La fonctionnalit\u00e9 \"plug and play\" assure une gestion transparente des documents, images, vid\u00e9os et autres fichiers.<br>Les donn\u00e9es restent intactes en cas de coupure de courant, avec une endurance en \u00e9criture de dizaines de milliers de cycles, ce qui garantit un stockage fiable des donn\u00e9es. Il constitue un compagnon fiable pour les bureaux et les \u00e9tablissements d'enseignement.<\/p>\n<\/div>\n\n\n\n<div class=\"wp-block-column is-vertically-aligned-center is-layout-flow wp-block-column-is-layout-flow\">\n<figure class=\"wp-block-image size-full\"><img decoding=\"async\" width=\"800\" height=\"800\" src=\"https:\/\/www.yousanusb.com\/wp-content\/uploads\/2025\/10\/Epoxy-USB-Flash-Drive.jpg\" alt=\"\" class=\"wp-image-22561\" srcset=\"https:\/\/www.yousanusb.com\/wp-content\/uploads\/2025\/10\/Epoxy-USB-Flash-Drive.jpg 800w, https:\/\/www.yousanusb.com\/wp-content\/uploads\/2025\/10\/Epoxy-USB-Flash-Drive-300x300.jpg 300w, https:\/\/www.yousanusb.com\/wp-content\/uploads\/2025\/10\/Epoxy-USB-Flash-Drive-150x150.jpg 150w, https:\/\/www.yousanusb.com\/wp-content\/uploads\/2025\/10\/Epoxy-USB-Flash-Drive-768x768.jpg 768w, https:\/\/www.yousanusb.com\/wp-content\/uploads\/2025\/10\/Epoxy-USB-Flash-Drive-12x12.jpg 12w, https:\/\/www.yousanusb.com\/wp-content\/uploads\/2025\/10\/Epoxy-USB-Flash-Drive-600x600.jpg 600w, https:\/\/www.yousanusb.com\/wp-content\/uploads\/2025\/10\/Epoxy-USB-Flash-Drive-100x100.jpg 100w\" sizes=\"(max-width: 800px) 100vw, 800px\" \/><\/figure>\n<\/div>\n<\/div>","protected":false},"excerpt":{"rendered":"<ul>\n<li>Cl\u00e9 USB \u00e9poxy<\/li>\n<li>Design original et \u00e9l\u00e9gant<\/li>\n<li>Quantit\u00e9s plus importantes disponibles sur demande<\/li>\n<li>LOGO personnalis\u00e9<\/li>\n<li>MOQ:100pcs<\/li>\n<\/ul>","protected":false},"featured_media":22562,"comment_status":"open","ping_status":"closed","template":"","meta":{"_seopress_robots_primary_cat":"","_seopress_titles_title":"","_seopress_titles_desc":"","_seopress_robots_index":""},"class_list":["post-22557","product","type-product","status-publish","has-post-thumbnail","hentry","product_cat-usb30-flash-drive","product_cat-plastic-usb-flash-drive","product_cat-rotating-usb-flash-drive","product_tag-epoxy-usb-flash-drive"],"_links":{"self":[{"href":"https:\/\/www.yousanusb.com\/fr\/wp-json\/wp\/v2\/product\/22557"}],"collection":[{"href":"https:\/\/www.yousanusb.com\/fr\/wp-json\/wp\/v2\/product"}],"about":[{"href":"https:\/\/www.yousanusb.com\/fr\/wp-json\/wp\/v2\/types\/product"}],"replies":[{"embeddable":true,"href":"https:\/\/www.yousanusb.com\/fr\/wp-json\/wp\/v2\/comments?post=22557"}],"wp:featuredmedia":[{"embeddable":true,"href":"https:\/\/www.yousanusb.com\/fr\/wp-json\/wp\/v2\/media\/22562"}],"wp:attachment":[{"href":"https:\/\/www.yousanusb.com\/fr\/wp-json\/wp\/v2\/media?parent=22557"}],"curies":[{"name":"wp","href":"https:\/\/api.w.org\/{rel}","templated":true}]}}