{"id":22564,"date":"2025-10-27T04:21:41","date_gmt":"2025-10-27T04:21:41","guid":{"rendered":"https:\/\/www.yousanusb.com\/?post_type=product&#038;p=22564"},"modified":"2025-10-27T06:03:59","modified_gmt":"2025-10-27T06:03:59","slug":"water-drop-shaped-epoxy-usb-flash-drive","status":"publish","type":"product","link":"https:\/\/www.yousanusb.com\/fr\/produit\/water-drop-shaped-epoxy-usb-flash-drive\/","title":{"rendered":"Cl\u00e9 USB \u00e9poxy en forme de goutte d'eau"},"content":{"rendered":"<p>Il s'agit d'une cl\u00e9 USB fabriqu\u00e9e selon le proc\u00e9d\u00e9 \u00e9poxy.Qu'est-ce que le proc\u00e9d\u00e9 de coulage de r\u00e9sine ? En faisant couler et durcir avec pr\u00e9cision une r\u00e9sine \u00e9poxy de haute puret\u00e9, une couche de gel cristalline se forme \u00e0 la surface. Cela permet non seulement d'obtenir des couleurs \u00e9clatantes et des d\u00e9tails pr\u00e9cis pour les logos et les motifs personnalis\u00e9s de la marque, mais aussi des propri\u00e9t\u00e9s de r\u00e9sistance \u00e0 l'usure, \u00e0 l'eau et aux rayures. L'aspect reste comme neuf m\u00eame apr\u00e8s une utilisation prolong\u00e9e, ce qui garantit la visibilit\u00e9 durable des informations relatives \u00e0 la marque.<\/p>\n\n\n\n<div class=\"wp-block-columns is-layout-flex wp-container-core-columns-is-layout-1 wp-block-columns-is-layout-flex\">\n<div class=\"wp-block-column is-vertically-aligned-center is-layout-flow wp-block-column-is-layout-flow\">\n<figure class=\"wp-block-image size-full\"><img fetchpriority=\"high\" decoding=\"async\" width=\"800\" height=\"800\" src=\"https:\/\/www.yousanusb.com\/wp-content\/uploads\/2025\/10\/customized-epoxy-usb-flash-drive-1.jpg\" alt=\"\" class=\"wp-image-22567\" srcset=\"https:\/\/www.yousanusb.com\/wp-content\/uploads\/2025\/10\/customized-epoxy-usb-flash-drive-1.jpg 800w, https:\/\/www.yousanusb.com\/wp-content\/uploads\/2025\/10\/customized-epoxy-usb-flash-drive-1-300x300.jpg 300w, https:\/\/www.yousanusb.com\/wp-content\/uploads\/2025\/10\/customized-epoxy-usb-flash-drive-1-150x150.jpg 150w, https:\/\/www.yousanusb.com\/wp-content\/uploads\/2025\/10\/customized-epoxy-usb-flash-drive-1-768x768.jpg 768w, https:\/\/www.yousanusb.com\/wp-content\/uploads\/2025\/10\/customized-epoxy-usb-flash-drive-1-12x12.jpg 12w, https:\/\/www.yousanusb.com\/wp-content\/uploads\/2025\/10\/customized-epoxy-usb-flash-drive-1-600x600.jpg 600w, https:\/\/www.yousanusb.com\/wp-content\/uploads\/2025\/10\/customized-epoxy-usb-flash-drive-1-100x100.jpg 100w\" sizes=\"(max-width: 800px) 100vw, 800px\" \/><\/figure>\n<\/div>\n\n\n\n<div class=\"wp-block-column is-vertically-aligned-center is-layout-flow wp-block-column-is-layout-flow\">\n<p>En termes de fonctionnalit\u00e9s, la cl\u00e9 USB r\u00e9sin\u00e9e allie l'esth\u00e9tique \u00e0 la praticit\u00e9 :<\/p>\n\n\n\n<ul class=\"wp-block-list\">\n<li>Une apparence exquise : Personnalisable avec diff\u00e9rents motifs et logos, avec des couleurs vibrantes et des effets 3D pro\u00e9minents. Le m\u00e9canisme de traction arri\u00e8re offre des options de couleur comme le rouge ou le bleu pour s'adapter aux pr\u00e9f\u00e9rences personnelles. La zone vierge de la face avant peut accueillir des marques ou des logos personnalis\u00e9s, ce qui en fait une \"carte de marque\" mobile id\u00e9ale pour l'identit\u00e9 d'une entreprise ou l'expression d'un style personnel.<\/li>\n\n\n\n<li>Des performances fiables : Utilise un support de stockage \u00e9lectronique non volatile, garantissant la conservation des donn\u00e9es en cas de coupure de courant. Prise en charge de l'\u00e9change \u00e0 chaud et de la fonctionnalit\u00e9 plug-and-play, compatible avec les principaux syst\u00e8mes d'exploitation.<\/li>\n\n\n\n<li>Durabilit\u00e9 exceptionnelle : Le bo\u00eetier en r\u00e9sine r\u00e9siste aux rayures et aux chocs et prot\u00e8ge efficacement les puces internes. Con\u00e7ue pour durer, sa dur\u00e9e de vie d\u00e9passe les 100 000 cycles d'\u00e9criture.<\/li>\n<\/ul>\n<\/div>\n<\/div>\n\n\n\n<p>Prend en charge plusieurs capacit\u00e9s, de 8 Go \u00e0 128 Go, pour r\u00e9pondre \u00e0 des besoins de stockage vari\u00e9s. Dot\u00e9 de puces de stockage de qualit\u00e9 sup\u00e9rieure pour un transfert de donn\u00e9es stable et efficace. Compatible avec les principaux syst\u00e8mes d'exploitation, y compris Windows et Mac, offrant une fonctionnalit\u00e9 plug-and-play. Transf\u00e8re sans effort des documents, des images, des vid\u00e9os et d'autres types de fichiers.<\/p>\n\n\n\n<div class=\"wp-block-columns is-layout-flex wp-container-core-columns-is-layout-2 wp-block-columns-is-layout-flex\">\n<div class=\"wp-block-column is-layout-flow wp-block-column-is-layout-flow\">\n<figure class=\"wp-block-image size-full\"><img decoding=\"async\" width=\"800\" height=\"800\" src=\"https:\/\/www.yousanusb.com\/wp-content\/uploads\/2025\/10\/mini-epoxy-usb-flash-drive-suppliers.jpg\" alt=\"\" class=\"wp-image-22569\" srcset=\"https:\/\/www.yousanusb.com\/wp-content\/uploads\/2025\/10\/mini-epoxy-usb-flash-drive-suppliers.jpg 800w, https:\/\/www.yousanusb.com\/wp-content\/uploads\/2025\/10\/mini-epoxy-usb-flash-drive-suppliers-300x300.jpg 300w, https:\/\/www.yousanusb.com\/wp-content\/uploads\/2025\/10\/mini-epoxy-usb-flash-drive-suppliers-150x150.jpg 150w, https:\/\/www.yousanusb.com\/wp-content\/uploads\/2025\/10\/mini-epoxy-usb-flash-drive-suppliers-768x768.jpg 768w, https:\/\/www.yousanusb.com\/wp-content\/uploads\/2025\/10\/mini-epoxy-usb-flash-drive-suppliers-12x12.jpg 12w, https:\/\/www.yousanusb.com\/wp-content\/uploads\/2025\/10\/mini-epoxy-usb-flash-drive-suppliers-600x600.jpg 600w, https:\/\/www.yousanusb.com\/wp-content\/uploads\/2025\/10\/mini-epoxy-usb-flash-drive-suppliers-100x100.jpg 100w\" sizes=\"(max-width: 800px) 100vw, 800px\" \/><\/figure>\n<\/div>\n\n\n\n<div class=\"wp-block-column is-layout-flow wp-block-column-is-layout-flow\">\n<figure class=\"wp-block-image size-full\"><img decoding=\"async\" width=\"800\" height=\"800\" src=\"https:\/\/www.yousanusb.com\/wp-content\/uploads\/2025\/10\/epoxy-usb-flash-drive-1.jpg\" alt=\"\" class=\"wp-image-22568\" srcset=\"https:\/\/www.yousanusb.com\/wp-content\/uploads\/2025\/10\/epoxy-usb-flash-drive-1.jpg 800w, https:\/\/www.yousanusb.com\/wp-content\/uploads\/2025\/10\/epoxy-usb-flash-drive-1-300x300.jpg 300w, https:\/\/www.yousanusb.com\/wp-content\/uploads\/2025\/10\/epoxy-usb-flash-drive-1-150x150.jpg 150w, https:\/\/www.yousanusb.com\/wp-content\/uploads\/2025\/10\/epoxy-usb-flash-drive-1-768x768.jpg 768w, https:\/\/www.yousanusb.com\/wp-content\/uploads\/2025\/10\/epoxy-usb-flash-drive-1-12x12.jpg 12w, https:\/\/www.yousanusb.com\/wp-content\/uploads\/2025\/10\/epoxy-usb-flash-drive-1-600x600.jpg 600w, https:\/\/www.yousanusb.com\/wp-content\/uploads\/2025\/10\/epoxy-usb-flash-drive-1-100x100.jpg 100w\" sizes=\"(max-width: 800px) 100vw, 800px\" \/><\/figure>\n<\/div>\n<\/div>","protected":false},"excerpt":{"rendered":"<ul>\n<li>Fournisseurs de mini cl\u00e9s USB \u00e9poxy<\/li>\n<li>Cl\u00e9 USB \u00e9poxy personnalis\u00e9e<\/li>\n<li>Support multiformat<\/li>\n<li>Plug and work, compatible avec Windows 7\/8\/10\/Vista\/XP\/2000\/ME\/NT Linux et Mac OS<\/li>\n<li>MOQ:100pcs<\/li>\n<\/ul>","protected":false},"featured_media":22571,"comment_status":"open","ping_status":"closed","template":"","meta":{"_seopress_robots_primary_cat":"","_seopress_titles_title":"","_seopress_titles_desc":"","_seopress_robots_index":""},"class_list":["post-22564","product","type-product","status-publish","has-post-thumbnail","hentry","product_cat-usb30-flash-drive","product_cat-plastic-usb-flash-drive","product_cat-push-pull-usb-flash-drive","product_tag-epoxy-usb-flash-drive"],"_links":{"self":[{"href":"https:\/\/www.yousanusb.com\/fr\/wp-json\/wp\/v2\/product\/22564"}],"collection":[{"href":"https:\/\/www.yousanusb.com\/fr\/wp-json\/wp\/v2\/product"}],"about":[{"href":"https:\/\/www.yousanusb.com\/fr\/wp-json\/wp\/v2\/types\/product"}],"replies":[{"embeddable":true,"href":"https:\/\/www.yousanusb.com\/fr\/wp-json\/wp\/v2\/comments?post=22564"}],"wp:featuredmedia":[{"embeddable":true,"href":"https:\/\/www.yousanusb.com\/fr\/wp-json\/wp\/v2\/media\/22571"}],"wp:attachment":[{"href":"https:\/\/www.yousanusb.com\/fr\/wp-json\/wp\/v2\/media?parent=22564"}],"curies":[{"name":"wp","href":"https:\/\/api.w.org\/{rel}","templated":true}]}}