{"id":22578,"date":"2025-10-27T04:57:13","date_gmt":"2025-10-27T04:57:13","guid":{"rendered":"https:\/\/www.yousanusb.com\/?post_type=product&#038;p=22578"},"modified":"2025-10-27T06:41:28","modified_gmt":"2025-10-27T06:41:28","slug":"square-rotating-epoxy-usb-flash-drive","status":"publish","type":"product","link":"https:\/\/www.yousanusb.com\/fr\/produit\/square-rotating-epoxy-usb-flash-drive\/","title":{"rendered":"Cl\u00e9 USB en \u00e9poxy \u00e0 rotation carr\u00e9e"},"content":{"rendered":"<div class=\"wp-block-columns is-layout-flex wp-container-core-columns-is-layout-1 wp-block-columns-is-layout-flex\">\n<div class=\"wp-block-column is-layout-flow wp-block-column-is-layout-flow\">\n<figure class=\"wp-block-image size-full\"><img fetchpriority=\"high\" decoding=\"async\" width=\"800\" height=\"800\" src=\"https:\/\/www.yousanusb.com\/wp-content\/uploads\/2025\/10\/epoxy-usb-flash-drive-with-logo.webp\" alt=\"\" class=\"wp-image-22583\" srcset=\"https:\/\/www.yousanusb.com\/wp-content\/uploads\/2025\/10\/epoxy-usb-flash-drive-with-logo.webp 800w, https:\/\/www.yousanusb.com\/wp-content\/uploads\/2025\/10\/epoxy-usb-flash-drive-with-logo-300x300.webp 300w, https:\/\/www.yousanusb.com\/wp-content\/uploads\/2025\/10\/epoxy-usb-flash-drive-with-logo-150x150.webp 150w, https:\/\/www.yousanusb.com\/wp-content\/uploads\/2025\/10\/epoxy-usb-flash-drive-with-logo-768x768.webp 768w, https:\/\/www.yousanusb.com\/wp-content\/uploads\/2025\/10\/epoxy-usb-flash-drive-with-logo-12x12.webp 12w, https:\/\/www.yousanusb.com\/wp-content\/uploads\/2025\/10\/epoxy-usb-flash-drive-with-logo-600x600.webp 600w, https:\/\/www.yousanusb.com\/wp-content\/uploads\/2025\/10\/epoxy-usb-flash-drive-with-logo-100x100.webp 100w\" sizes=\"(max-width: 800px) 100vw, 800px\" \/><\/figure>\n<\/div>\n\n\n\n<div class=\"wp-block-column is-vertically-aligned-center is-layout-flow wp-block-column-is-layout-flow\">\n<p>Cette cl\u00e9 USB carr\u00e9e rotative en r\u00e9sine \u00e9poxy utilise une r\u00e9sine \u00e9poxy de haute puret\u00e9, qui forme une couche collo\u00efdale cristalline sur sa surface gr\u00e2ce \u00e0 un \u00e9gouttage et \u00e0 un durcissement pr\u00e9cis. Les logos de marque et les motifs de produits personnalis\u00e9s sont ainsi d'une couleur vive et d'une grande nettet\u00e9. En outre, elle pr\u00e9sente des propri\u00e9t\u00e9s de r\u00e9sistance \u00e0 l'usure, \u00e0 l'eau et aux rayures, de sorte qu'elle reste comme neuve m\u00eame apr\u00e8s une utilisation prolong\u00e9e, ce qui permet de transmettre efficacement les informations relatives \u00e0 la marque au fil du temps.<\/p>\n\n\n\n<p>Elle prend en charge plusieurs options de capacit\u00e9 allant de 8 Go \u00e0 128 Go, ce qui permet de r\u00e9pondre \u00e0 diff\u00e9rents besoins en mati\u00e8re de stockage. Cette cl\u00e9 USB est compatible avec les principaux syst\u00e8mes d'exploitation tels que Windows et Mac, et elle est pr\u00eate \u00e0 l'emploi, ce qui facilite le stockage et le transfert de tous types de fichiers.<\/p>\n<\/div>\n<\/div>\n\n\n\n<p>Ses capacit\u00e9s de personnalisation sont exceptionnelles. La zone frontale peut afficher avec pr\u00e9cision le logo de la marque et des motifs cr\u00e9atifs, r\u00e9pondant ainsi aux besoins de promotion de la marque de l'entreprise ou de personnalisation exclusive.<\/p>\n\n\n\n<div class=\"wp-block-columns is-layout-flex wp-container-core-columns-is-layout-2 wp-block-columns-is-layout-flex\">\n<div class=\"wp-block-column is-layout-flow wp-block-column-is-layout-flow\">\n<figure class=\"wp-block-image size-full\"><img decoding=\"async\" width=\"800\" height=\"800\" src=\"https:\/\/www.yousanusb.com\/wp-content\/uploads\/2025\/10\/Square-Epoxy-Rotary-USB-Flash-Drive.jpg\" alt=\"\" class=\"wp-image-22586\" srcset=\"https:\/\/www.yousanusb.com\/wp-content\/uploads\/2025\/10\/Square-Epoxy-Rotary-USB-Flash-Drive.jpg 800w, https:\/\/www.yousanusb.com\/wp-content\/uploads\/2025\/10\/Square-Epoxy-Rotary-USB-Flash-Drive-300x300.jpg 300w, https:\/\/www.yousanusb.com\/wp-content\/uploads\/2025\/10\/Square-Epoxy-Rotary-USB-Flash-Drive-150x150.jpg 150w, https:\/\/www.yousanusb.com\/wp-content\/uploads\/2025\/10\/Square-Epoxy-Rotary-USB-Flash-Drive-768x768.jpg 768w, https:\/\/www.yousanusb.com\/wp-content\/uploads\/2025\/10\/Square-Epoxy-Rotary-USB-Flash-Drive-12x12.jpg 12w, https:\/\/www.yousanusb.com\/wp-content\/uploads\/2025\/10\/Square-Epoxy-Rotary-USB-Flash-Drive-600x600.jpg 600w, https:\/\/www.yousanusb.com\/wp-content\/uploads\/2025\/10\/Square-Epoxy-Rotary-USB-Flash-Drive-100x100.jpg 100w\" sizes=\"(max-width: 800px) 100vw, 800px\" \/><\/figure>\n<\/div>\n\n\n\n<div class=\"wp-block-column is-layout-flow wp-block-column-is-layout-flow\">\n<figure class=\"wp-block-image size-full\"><img decoding=\"async\" width=\"800\" height=\"800\" src=\"https:\/\/www.yousanusb.com\/wp-content\/uploads\/2025\/10\/epoxy-usb-flash-drive-suppliers.jpg\" alt=\"\" class=\"wp-image-22585\" srcset=\"https:\/\/www.yousanusb.com\/wp-content\/uploads\/2025\/10\/epoxy-usb-flash-drive-suppliers.jpg 800w, https:\/\/www.yousanusb.com\/wp-content\/uploads\/2025\/10\/epoxy-usb-flash-drive-suppliers-300x300.jpg 300w, https:\/\/www.yousanusb.com\/wp-content\/uploads\/2025\/10\/epoxy-usb-flash-drive-suppliers-150x150.jpg 150w, https:\/\/www.yousanusb.com\/wp-content\/uploads\/2025\/10\/epoxy-usb-flash-drive-suppliers-768x768.jpg 768w, https:\/\/www.yousanusb.com\/wp-content\/uploads\/2025\/10\/epoxy-usb-flash-drive-suppliers-12x12.jpg 12w, https:\/\/www.yousanusb.com\/wp-content\/uploads\/2025\/10\/epoxy-usb-flash-drive-suppliers-600x600.jpg 600w, https:\/\/www.yousanusb.com\/wp-content\/uploads\/2025\/10\/epoxy-usb-flash-drive-suppliers-100x100.jpg 100w\" sizes=\"(max-width: 800px) 100vw, 800px\" \/><\/figure>\n<\/div>\n\n\n\n<div class=\"wp-block-column is-layout-flow wp-block-column-is-layout-flow\">\n<figure class=\"wp-block-image size-full\"><img loading=\"lazy\" decoding=\"async\" width=\"800\" height=\"800\" src=\"https:\/\/www.yousanusb.com\/wp-content\/uploads\/2025\/10\/customized-epoxy-usb-flash-drive.png\" alt=\"\" class=\"wp-image-22582\" srcset=\"https:\/\/www.yousanusb.com\/wp-content\/uploads\/2025\/10\/customized-epoxy-usb-flash-drive.png 800w, https:\/\/www.yousanusb.com\/wp-content\/uploads\/2025\/10\/customized-epoxy-usb-flash-drive-300x300.png 300w, https:\/\/www.yousanusb.com\/wp-content\/uploads\/2025\/10\/customized-epoxy-usb-flash-drive-150x150.png 150w, https:\/\/www.yousanusb.com\/wp-content\/uploads\/2025\/10\/customized-epoxy-usb-flash-drive-768x768.png 768w, https:\/\/www.yousanusb.com\/wp-content\/uploads\/2025\/10\/customized-epoxy-usb-flash-drive-12x12.png 12w, https:\/\/www.yousanusb.com\/wp-content\/uploads\/2025\/10\/customized-epoxy-usb-flash-drive-600x600.png 600w, https:\/\/www.yousanusb.com\/wp-content\/uploads\/2025\/10\/customized-epoxy-usb-flash-drive-100x100.png 100w\" sizes=\"(max-width: 800px) 100vw, 800px\" \/><\/figure>\n<\/div>\n<\/div>\n\n\n\n<div class=\"wp-block-columns is-layout-flex wp-container-core-columns-is-layout-3 wp-block-columns-is-layout-flex\">\n<div class=\"wp-block-column is-layout-flow wp-block-column-is-layout-flow\">\n<figure class=\"wp-block-image size-full\"><img loading=\"lazy\" decoding=\"async\" width=\"800\" height=\"800\" src=\"https:\/\/www.yousanusb.com\/wp-content\/uploads\/2025\/10\/customized-epoxy-usb-flash-drive-with-package.png\" alt=\"\" class=\"wp-image-22581\" srcset=\"https:\/\/www.yousanusb.com\/wp-content\/uploads\/2025\/10\/customized-epoxy-usb-flash-drive-with-package.png 800w, https:\/\/www.yousanusb.com\/wp-content\/uploads\/2025\/10\/customized-epoxy-usb-flash-drive-with-package-300x300.png 300w, https:\/\/www.yousanusb.com\/wp-content\/uploads\/2025\/10\/customized-epoxy-usb-flash-drive-with-package-150x150.png 150w, https:\/\/www.yousanusb.com\/wp-content\/uploads\/2025\/10\/customized-epoxy-usb-flash-drive-with-package-768x768.png 768w, https:\/\/www.yousanusb.com\/wp-content\/uploads\/2025\/10\/customized-epoxy-usb-flash-drive-with-package-12x12.png 12w, https:\/\/www.yousanusb.com\/wp-content\/uploads\/2025\/10\/customized-epoxy-usb-flash-drive-with-package-600x600.png 600w, https:\/\/www.yousanusb.com\/wp-content\/uploads\/2025\/10\/customized-epoxy-usb-flash-drive-with-package-100x100.png 100w\" sizes=\"(max-width: 800px) 100vw, 800px\" \/><\/figure>\n<\/div>\n\n\n\n<div class=\"wp-block-column is-vertically-aligned-center is-layout-flow wp-block-column-is-layout-flow\">\n<p>Elle propose des mat\u00e9riaux optionnels tels que des bo\u00eetes en m\u00e9tal et des bo\u00eetes en papier haut de gamme avec couverture sup\u00e9rieure et inf\u00e9rieure. La surface peut \u00eatre mate, estamp\u00e9e \u00e0 chaud ou finie aux UV, avec un design g\u00e9n\u00e9ral minimaliste et \u00e9l\u00e9gant qui compl\u00e8te le style commercial de la cl\u00e9 USB.<\/p>\n\n\n\n<p>L'int\u00e9rieur de la bo\u00eete d'emballage est \u00e9quip\u00e9 d'une fente pour carte d\u00e9di\u00e9e qui maintient la cl\u00e9 USB en toute s\u00e9curit\u00e9, amortit efficacement les chocs et pr\u00e9vient les dommages pendant le transport. En outre, il est possible de personnaliser la bo\u00eete : des logos de marque, des informations sur l'entreprise ou des slogans promotionnels peuvent \u00eatre imprim\u00e9s sur la surface de la bo\u00eete, ce qui cr\u00e9e un lien coh\u00e9rent avec la personnalisation de la cl\u00e9 USB et renforce l'image de la marque.<\/p>\n<\/div>\n<\/div>","protected":false},"excerpt":{"rendered":"<ul>\n<li>cl\u00e9 usb \u00e9poxy personnalis\u00e9e<\/li>\n<li>Support multiformat<\/li>\n<li>Gravure gratuite du LOGO<\/li>\n<li>Technologie USB 2.0<\/li>\n<li>MOQ:100pcs<\/li>\n<\/ul>","protected":false},"featured_media":22587,"comment_status":"open","ping_status":"closed","template":"","meta":{"_seopress_robots_primary_cat":"","_seopress_titles_title":"","_seopress_titles_desc":"","_seopress_robots_index":""},"class_list":["post-22578","product","type-product","status-publish","has-post-thumbnail","hentry","product_cat-plastic-usb-flash-drive","product_cat-rotating-usb-flash-drive","product_tag-epoxy-usb-flash-drive"],"_links":{"self":[{"href":"https:\/\/www.yousanusb.com\/fr\/wp-json\/wp\/v2\/product\/22578"}],"collection":[{"href":"https:\/\/www.yousanusb.com\/fr\/wp-json\/wp\/v2\/product"}],"about":[{"href":"https:\/\/www.yousanusb.com\/fr\/wp-json\/wp\/v2\/types\/product"}],"replies":[{"embeddable":true,"href":"https:\/\/www.yousanusb.com\/fr\/wp-json\/wp\/v2\/comments?post=22578"}],"wp:featuredmedia":[{"embeddable":true,"href":"https:\/\/www.yousanusb.com\/fr\/wp-json\/wp\/v2\/media\/22587"}],"wp:attachment":[{"href":"https:\/\/www.yousanusb.com\/fr\/wp-json\/wp\/v2\/media?parent=22578"}],"curies":[{"name":"wp","href":"https:\/\/api.w.org\/{rel}","templated":true}]}}